{"id":7204,"date":"2025-01-05T21:11:32","date_gmt":"2025-01-05T20:11:32","guid":{"rendered":"https:\/\/suisse-fibromyalgie.ch\/?page_id=7204"},"modified":"2025-01-05T21:16:44","modified_gmt":"2025-01-05T20:16:44","slug":"les-symptomes-de-la-fibromyalgie","status":"publish","type":"page","link":"https:\/\/suisse-fibromyalgie.ch\/de\/les-symptomes-de-la-fibromyalgie\/","title":{"rendered":"Die Symptome von Fibromyalgie"},"content":{"rendered":"<div data-elementor-type=\"wp-page\" data-elementor-id=\"7204\" class=\"elementor elementor-7204\" data-elementor-post-type=\"page\">\n\t\t\t\t\t\t<section class=\"elementor-section elementor-top-section elementor-element elementor-element-b22efe8 elementor-section-boxed elementor-section-height-default elementor-section-height-default\" data-id=\"b22efe8\" data-element_type=\"section\" data-e-type=\"section\">\n\t\t\t\t\t\t<div class=\"elementor-container elementor-column-gap-default\">\n\t\t\t\t\t<div class=\"elementor-column elementor-col-33 elementor-top-column elementor-element elementor-element-c7b3126\" data-id=\"c7b3126\" data-element_type=\"column\" data-e-type=\"column\">\n\t\t\t<div class=\"elementor-widget-wrap elementor-element-populated\">\n\t\t\t\t\t\t<div class=\"elementor-element elementor-element-4bb1093 elementor-widget elementor-widget-image\" data-id=\"4bb1093\" data-element_type=\"widget\" data-e-type=\"widget\" data-widget_type=\"image.default\">\n\t\t\t\t<div class=\"elementor-widget-container\">\n\t\t\t\t\t\t\t\t\t\t\t\t\t\t\t<img fetchpriority=\"high\" decoding=\"async\" width=\"683\" height=\"1024\" src=\"https:\/\/suisse-fibromyalgie.ch\/wp-content\/uploads\/pexels-tima-miroshnichenko-5717264-683x1024.jpg\" class=\"attachment-large size-large wp-image-7207\" alt=\"\" srcset=\"https:\/\/suisse-fibromyalgie.ch\/wp-content\/uploads\/pexels-tima-miroshnichenko-5717264-683x1024.jpg 683w, https:\/\/suisse-fibromyalgie.ch\/wp-content\/uploads\/pexels-tima-miroshnichenko-5717264-200x300.jpg 200w, https:\/\/suisse-fibromyalgie.ch\/wp-content\/uploads\/pexels-tima-miroshnichenko-5717264-768x1152.jpg 768w, https:\/\/suisse-fibromyalgie.ch\/wp-content\/uploads\/pexels-tima-miroshnichenko-5717264-1024x1536.jpg 1024w, https:\/\/suisse-fibromyalgie.ch\/wp-content\/uploads\/pexels-tima-miroshnichenko-5717264-1365x2048.jpg 1365w, https:\/\/suisse-fibromyalgie.ch\/wp-content\/uploads\/pexels-tima-miroshnichenko-5717264-8x12.jpg 8w, https:\/\/suisse-fibromyalgie.ch\/wp-content\/uploads\/pexels-tima-miroshnichenko-5717264-scaled.jpg 1707w\" sizes=\"(max-width: 683px) 100vw, 683px\" \/>\t\t\t\t\t\t\t\t\t\t\t\t\t\t\t<\/div>\n\t\t\t\t<\/div>\n\t\t\t\t\t<\/div>\n\t\t<\/div>\n\t\t\t\t<div class=\"elementor-column elementor-col-66 elementor-top-column elementor-element elementor-element-0aee92d\" data-id=\"0aee92d\" data-element_type=\"column\" data-e-type=\"column\">\n\t\t\t<div class=\"elementor-widget-wrap elementor-element-populated\">\n\t\t\t\t\t\t<div class=\"elementor-element elementor-element-ff61dbb elementor-widget elementor-widget-text-editor\" data-id=\"ff61dbb\" data-element_type=\"widget\" data-e-type=\"widget\" data-widget_type=\"text-editor.default\">\n\t\t\t\t<div class=\"elementor-widget-container\">\n\t\t\t\t\t\t\t\t\t<h1><a href=\"https:\/\/suisse-fibromyalgie.ch\/de\/les-symptomes\/\">Die Symptome<\/a><\/h1><p>Fibromyalgie ist eine chronische Erkrankung, die durch eine Konstellation unterschiedlicher und oft behindernder Symptome gekennzeichnet ist. Zu den Hauptsymptomen geh\u00f6ren :<\/p><h3>Diffuse Schmerzen :<\/h3><p>Die Patienten versp\u00fcren allgemeine Muskel- und Gelenkschmerzen, die oft als brennendes Gef\u00fchl oder Muskelkater beschrieben werden. Diese Schmerzen sind dauerhaft, schwanken in ihrer Intensit\u00e4t und k\u00f6nnen durch Stress, K\u00e4lte oder Feuchtigkeit verschlimmert werden.<\/p><h3>Chronische M\u00fcdigkeit :<\/h3><p>Ein anhaltendes Gef\u00fchl von M\u00fcdigkeit oder Ersch\u00f6pfung, selbst nach einer durchgeschlafenen Nacht, ist h\u00e4ufig. Diese M\u00fcdigkeit kann die t\u00e4glichen Aktivit\u00e4ten behindern und die Lebensqualit\u00e4t beeintr\u00e4chtigen.<\/p><h2>Schlafst\u00f6rungen :<\/h2><p>Menschen mit Fibromyalgie berichten h\u00e4ufig von einem nicht erholsamen Schlaf mit Einschlafschwierigkeiten, h\u00e4ufigem Aufwachen und dem Gef\u00fchl, nur oberfl\u00e4chlich zu schlafen.<\/p><h3>Muskelsteifheit :<\/h3><p>H\u00e4ufig wird eine Steifheit beobachtet, die besonders am Morgen oder nach Perioden der Inaktivit\u00e4t ausgepr\u00e4gt ist.<\/p><h3>Kognitive St\u00f6rungen :<\/h3><p>Es k\u00f6nnen Konzentrationsschwierigkeiten, St\u00f6rungen des Kurzzeitged\u00e4chtnisses und ein Gef\u00fchl des geistigen Nebels auftreten, die oft als \"Fibro-Nebel\" bezeichnet werden.<\/p><h3>Kopfschmerzen :<\/h3><p>Spannungskopfschmerzen oder Migr\u00e4ne sind bei Menschen mit Fibromyalgie h\u00e4ufig.<\/p><h3>Verdauungsbeschwerden :<\/h3><p>H\u00e4ufig treten Symptome wie Bauchschmerzen, Bl\u00e4hungen und abwechselnd Durchfall und Verstopfung auf, die oft mit dem Reizdarmsyndrom in Verbindung gebracht werden.<\/p><h3>Sensorische \u00dcberempfindlichkeit :<\/h3><p>Es kann eine erh\u00f6hte Empfindlichkeit gegen\u00fcber L\u00e4rm, Licht, Ger\u00fcchen oder Temperaturschwankungen vorliegen.<\/p><h3>Stimmungsschwankungen :<\/h3><p>Episoden von Angstzust\u00e4nden, Depressionen oder Stimmungsschwankungen k\u00f6nnen mit Fibromyalgie einhergehen und die Schmerzwahrnehmung und M\u00fcdigkeit versch\u00e4rfen.<\/p><h3>Syndrom der unruhigen Beine :<\/h3><p>Ein unwiderstehlicher Drang, die Beine zu bewegen, der oft von unangenehmen Empfindungen begleitet wird, kann auftreten, vor allem in Ruhe oder w\u00e4hrend der Nacht.<\/p>\t\t\t\t\t\t\t\t<\/div>\n\t\t\t\t<\/div>\n\t\t\t\t\t<\/div>\n\t\t<\/div>\n\t\t\t\t\t<\/div>\n\t\t<\/section>\n\t\t\t\t<\/div>","protected":false},"excerpt":{"rendered":"<p>Les Sympt\u00f4mes La fibromyalgie est une affection chronique caract\u00e9ris\u00e9e par une constellation de sympt\u00f4mes vari\u00e9s et souvent invalidants. Les principaux sympt\u00f4mes incluent : Douleurs diffuses : Les patients ressentent des [&hellip;]<\/p>\n","protected":false},"author":569,"featured_media":7205,"parent":0,"menu_order":0,"comment_status":"closed","ping_status":"closed","template":"","meta":{"footnotes":""},"class_list":["post-7204","page","type-page","status-publish","has-post-thumbnail","hentry"],"publishpress_future_action":{"enabled":false,"date":"2026-05-15 22:01:29","action":"change-status","newStatus":"draft","terms":[],"taxonomy":"","extraData":[]},"publishpress_future_workflow_manual_trigger":{"enabledWorkflows":[]},"_links":{"self":[{"href":"https:\/\/suisse-fibromyalgie.ch\/de\/wp-json\/wp\/v2\/pages\/7204","targetHints":{"allow":["GET"]}}],"collection":[{"href":"https:\/\/suisse-fibromyalgie.ch\/de\/wp-json\/wp\/v2\/pages"}],"about":[{"href":"https:\/\/suisse-fibromyalgie.ch\/de\/wp-json\/wp\/v2\/types\/page"}],"author":[{"embeddable":true,"href":"https:\/\/suisse-fibromyalgie.ch\/de\/wp-json\/wp\/v2\/users\/569"}],"replies":[{"embeddable":true,"href":"https:\/\/suisse-fibromyalgie.ch\/de\/wp-json\/wp\/v2\/comments?post=7204"}],"version-history":[{"count":4,"href":"https:\/\/suisse-fibromyalgie.ch\/de\/wp-json\/wp\/v2\/pages\/7204\/revisions"}],"predecessor-version":[{"id":7211,"href":"https:\/\/suisse-fibromyalgie.ch\/de\/wp-json\/wp\/v2\/pages\/7204\/revisions\/7211"}],"wp:featuredmedia":[{"embeddable":true,"href":"https:\/\/suisse-fibromyalgie.ch\/de\/wp-json\/wp\/v2\/media\/7205"}],"wp:attachment":[{"href":"https:\/\/suisse-fibromyalgie.ch\/de\/wp-json\/wp\/v2\/media?parent=7204"}],"curies":[{"name":"wp","href":"https:\/\/api.w.org\/{rel}","templated":true}]}}