{"id":7192,"date":"2025-01-05T20:55:48","date_gmt":"2025-01-05T19:55:48","guid":{"rendered":"https:\/\/suisse-fibromyalgie.ch\/?page_id=7192"},"modified":"2025-01-05T21:29:54","modified_gmt":"2025-01-05T20:29:54","slug":"symptomes-de-la-fibromyalgie","status":"publish","type":"page","link":"https:\/\/suisse-fibromyalgie.ch\/de\/symptomes-de-la-fibromyalgie\/","title":{"rendered":"Die Behandlungen der Fibromyalgie"},"content":{"rendered":"<div data-elementor-type=\"wp-page\" data-elementor-id=\"7192\" class=\"elementor elementor-7192\" data-elementor-post-type=\"page\">\n\t\t\t\t\t\t<section class=\"elementor-section elementor-top-section elementor-element elementor-element-531924d elementor-section-boxed elementor-section-height-default elementor-section-height-default\" data-id=\"531924d\" data-element_type=\"section\" data-e-type=\"section\">\n\t\t\t\t\t\t<div class=\"elementor-container elementor-column-gap-default\">\n\t\t\t\t\t<div class=\"elementor-column elementor-col-33 elementor-top-column elementor-element elementor-element-cdf7f8a\" data-id=\"cdf7f8a\" data-element_type=\"column\" data-e-type=\"column\">\n\t\t\t<div class=\"elementor-widget-wrap elementor-element-populated\">\n\t\t\t\t\t\t<div class=\"elementor-element elementor-element-d7b1098 elementor-widget elementor-widget-image\" data-id=\"d7b1098\" data-element_type=\"widget\" data-e-type=\"widget\" data-widget_type=\"image.default\">\n\t\t\t\t<div class=\"elementor-widget-container\">\n\t\t\t\t\t\t\t\t\t\t\t\t\t\t\t<img fetchpriority=\"high\" decoding=\"async\" width=\"1024\" height=\"1536\" src=\"https:\/\/suisse-fibromyalgie.ch\/wp-content\/uploads\/pexels-karolina-grabowska-4046659-1024x1536.jpg\" class=\"attachment-1536x1536 size-1536x1536 wp-image-7219\" alt=\"\" srcset=\"https:\/\/suisse-fibromyalgie.ch\/wp-content\/uploads\/pexels-karolina-grabowska-4046659-1024x1536.jpg 1024w, https:\/\/suisse-fibromyalgie.ch\/wp-content\/uploads\/pexels-karolina-grabowska-4046659-200x300.jpg 200w, https:\/\/suisse-fibromyalgie.ch\/wp-content\/uploads\/pexels-karolina-grabowska-4046659-683x1024.jpg 683w, https:\/\/suisse-fibromyalgie.ch\/wp-content\/uploads\/pexels-karolina-grabowska-4046659-768x1152.jpg 768w, https:\/\/suisse-fibromyalgie.ch\/wp-content\/uploads\/pexels-karolina-grabowska-4046659-1365x2048.jpg 1365w, https:\/\/suisse-fibromyalgie.ch\/wp-content\/uploads\/pexels-karolina-grabowska-4046659-8x12.jpg 8w, https:\/\/suisse-fibromyalgie.ch\/wp-content\/uploads\/pexels-karolina-grabowska-4046659-scaled.jpg 1707w\" sizes=\"(max-width: 1024px) 100vw, 1024px\" \/>\t\t\t\t\t\t\t\t\t\t\t\t\t\t\t<\/div>\n\t\t\t\t<\/div>\n\t\t\t\t\t<\/div>\n\t\t<\/div>\n\t\t\t\t<div class=\"elementor-column elementor-col-66 elementor-top-column elementor-element elementor-element-e5ed737\" data-id=\"e5ed737\" data-element_type=\"column\" data-e-type=\"column\">\n\t\t\t<div class=\"elementor-widget-wrap elementor-element-populated\">\n\t\t\t\t\t\t<div class=\"elementor-element elementor-element-7982056 elementor-widget elementor-widget-text-editor\" data-id=\"7982056\" data-element_type=\"widget\" data-e-type=\"widget\" data-widget_type=\"text-editor.default\">\n\t\t\t\t<div class=\"elementor-widget-container\">\n\t\t\t\t\t\t\t\t\t<p>Die Behandlung der Fibromyalgie ist komplex und multidimensional und beinhaltet eine Kombination aus Medikamenten, physikalischen Therapien, \u00c4nderungen des Lebensstils und psychologischen Strategien. Neben der herk\u00f6mmlichen medizinischen Behandlung wenden sich immer mehr Patienten alternativen und integrativen Ans\u00e4tzen zu, um ihre Symptome in den Griff zu bekommen.<\/p><h1>Schulmedizinische Behandlungen<\/h1><p>Medikament\u00f6se Behandlungen werden h\u00e4ufig eingesetzt, um die Symptome der Fibromyalgie zu lindern. Sie konzentrieren sich haupts\u00e4chlich auf die Schmerzbehandlung, die Verbesserung des Schlafs und die Verringerung von Angstzust\u00e4nden.<\/p><h2>Schmerzmedikamente :<\/h2><ul><li>Herk\u00f6mmliche Schmerzmittel: Schmerzmittel wie Paracetamol oder nichtsteroidale Antirheumatika (NSAR) k\u00f6nnen verwendet werden, obwohl ihre Wirksamkeit bei Fibromyalgie begrenzt ist, da sie nicht direkt auf die zugrunde liegenden Schmerzmechanismen abzielen.<\/li><li>Antidepressiva: Medikamente wie Duloxetin (Cymbalta) und Milnacipran (Savella) k\u00f6nnen helfen, sowohl die Schmerzen als auch die depressiven Symptome zu lindern, die h\u00e4ufig mit der Fibromyalgie einhergehen. Diese Medikamente erh\u00f6hen die Spiegel bestimmter chemischer Substanzen im Gehirn, die helfen, Schmerzen zu lindern.<\/li><li>Antikonvulsiva: Medikamente wie Gabapentin und Pregabalin (Lyrica) werden h\u00e4ufig zur Behandlung von neuropathischen Schmerzen verschrieben und sind bei Fibromyalgie-Patienten wirksam bei der Schmerzlinderung und Verbesserung der Schlafqualit\u00e4t.<\/li><li>Muskelrelaxantien: Medikamente wie Cyclobenzaprin k\u00f6nnen Muskelschmerzen lindern.<\/li><\/ul><h2>Besserer Schlaf und Stressbew\u00e4ltigung :<\/h2><p>Schlafst\u00f6rungen sind bei Menschen mit Fibromyalgie h\u00e4ufig, und Medikamente wie Benzodiazepine oder nicht-pharmakologische Therapien wie die kognitive Verhaltenstherapie (KVT) werden oft eingesetzt, um die Schlafqualit\u00e4t zu verbessern.<\/p><h2>Physikalische Therapien :<\/h2><ul><li>K\u00f6rperliche \u00dcbungen: Moderate \u00dcbungen wie Gehen, Schwimmen oder Yoga sind ein empfehlenswerter Ansatz, um die Muskelkraft und Flexibilit\u00e4t zu verbessern, was wiederum die Schmerzen verringern kann.<\/li><li>Physiotherapie: Physiotherapie kann dazu beitragen, Muskelschmerzen zu lindern und die K\u00f6rperhaltung und Beweglichkeit zu verbessern.<\/li><li>Verhaltenstherapie: Die kognitive Verhaltenstherapie (KVT) ist hilfreich bei der Bew\u00e4ltigung von Angst-, Depressions- und Stresssymptomen, indem negative Denkmuster ver\u00e4ndert werden, die den Schmerz verschlimmern k\u00f6nnen.<\/li><\/ul><p>\u00a0<\/p>\t\t\t\t\t\t\t\t<\/div>\n\t\t\t\t<\/div>\n\t\t\t\t\t<\/div>\n\t\t<\/div>\n\t\t\t\t\t<\/div>\n\t\t<\/section>\n\t\t\t\t<section class=\"elementor-section elementor-top-section elementor-element elementor-element-09e5960 elementor-section-boxed elementor-section-height-default elementor-section-height-default\" data-id=\"09e5960\" data-element_type=\"section\" data-e-type=\"section\">\n\t\t\t\t\t\t<div class=\"elementor-container elementor-column-gap-default\">\n\t\t\t\t\t<div class=\"elementor-column elementor-col-100 elementor-top-column elementor-element elementor-element-7d43e50\" data-id=\"7d43e50\" data-element_type=\"column\" data-e-type=\"column\">\n\t\t\t<div class=\"elementor-widget-wrap elementor-element-populated\">\n\t\t\t\t\t\t<div class=\"elementor-element elementor-element-912f152 elementor-widget elementor-widget-text-editor\" data-id=\"912f152\" data-element_type=\"widget\" data-e-type=\"widget\" data-widget_type=\"text-editor.default\">\n\t\t\t\t<div class=\"elementor-widget-container\">\n\t\t\t\t\t\t\t\t\t<h1>Alternative und integrative Medizin<\/h1><p>Die alternative und integrative Medizin ist zunehmend Teil der Behandlung von Fibromyalgie und erg\u00e4nzt die konventionelle Pflege. Diese Ans\u00e4tze zielen darauf ab, das allgemeine Wohlbefinden des Patienten zu verbessern, indem sie die k\u00f6rperlichen, emotionalen und spirituellen Aspekte der Krankheit ber\u00fccksichtigen.<\/p><h2>Ern\u00e4hrungsans\u00e4tze :<\/h2><ul><li>Di\u00e4t und Nahrungserg\u00e4nzung: Obwohl die wissenschaftlichen Beweise f\u00fcr die Wirksamkeit einer speziellen Di\u00e4t bei Fibromyalgie begrenzt sind, erzielen viele Menschen Verbesserungen durch eine entz\u00fcndungshemmende Di\u00e4t, die reich an Antioxidantien ist und wenig Zucker und raffinierte Kohlenhydrate enth\u00e4lt. Bestimmte Nahrungserg\u00e4nzungsmittel wie Vitamin D, Magnesium und Omega-3-Fetts\u00e4uren werden manchmal wegen ihres Potenzials zur Schmerzlinderung und Stimmungsaufhellung empfohlen.<\/li><li>Probiotika: Die Verbesserung der Darmgesundheit durch Probiotika kann sich positiv auf die Symptome auswirken, obwohl mehr Forschung erforderlich ist.<\/li><\/ul><h2>Manuelle und physische Ans\u00e4tze :<\/h2><ul><li>Akupunktur: Akupunktur, bei der d\u00fcnne Nadeln in bestimmte Punkte des K\u00f6rpers eingestochen werden, wird zur Schmerzlinderung und zur Verbesserung der Durchblutung eingesetzt. Einige Fibromyalgie-Patienten berichten \u00fcber weniger Schmerzen und ein besseres allgemeines Wohlbefinden.<\/li><li>Therapeutische Massage: Eine Massage kann helfen, die Muskelspannung zu verringern und die Durchblutung zu verbessern, was zur Schmerzlinderung und zur F\u00f6rderung der Entspannung beitr\u00e4gt.<\/li><\/ul><h2>Meditation und Entspannungspraktiken :<\/h2><ul><li>Achtsamkeitsmeditation und progressive Muskelentspannung: Diese Techniken helfen, Stress abzubauen, die Schmerztoleranz zu erh\u00f6hen und die Schlafqualit\u00e4t zu verbessern. Die Achtsamkeitsmeditation hat positive Ergebnisse bei der Verringerung der mit Fibromyalgie verbundenen depressiven und \u00e4ngstlichen Symptome gezeigt.<\/li><li>Yoga und Tai-Chi: Diese integrativen Praktiken kombinieren sanfte Bewegungen, Atem\u00fcbungen und Meditation und sollen bei der Schmerzlinderung und Verbesserung der Beweglichkeit von Vorteil sein.<\/li><\/ul><h2>Energiebehandlungen :<\/h2><ul><li>Reiki und Energiepflege: Diese Methoden beruhen auf der Vorstellung, dass der K\u00f6rper \u00fcber Lebensenergie verf\u00fcgt, die vom Behandler wieder ins Gleichgewicht gebracht werden kann. Obwohl es an wissenschaftlichen Beweisen fehlt, finden einige Patienten durch diese Ans\u00e4tze Linderung.<\/li><\/ul><h2>Hom\u00f6opathie und Phytotherapie :<\/h2><ul><li>Einige Menschen mit Fibromyalgie wenden sich hom\u00f6opathischen Behandlungen und Heilpflanzen wie Kurkuma, Ingwer und Harpagophytum (Teufelskralle) zu, denen entz\u00fcndungshemmende und schmerzlindernde Eigenschaften nachgesagt werden. Diesen Behandlungen fehlt es jedoch oft an einer soliden wissenschaftlichen Grundlage und sie sollten mit Vorsicht angewendet werden.<\/li><\/ul><h1>Integrative Medizin: Ein kombinierter Ansatz<\/h1><p>Die integrative Medizin kombiniert schulmedizinische Behandlungen mit alternativen Ans\u00e4tzen, um die Fibromyalgie ganzheitlich zu behandeln. Medizinische Fachkr\u00e4fte empfehlen h\u00e4ufig einen multidisziplin\u00e4ren Ansatz, an dem \u00c4rzte, Psychologen, Physiotherapeuten, Ern\u00e4hrungswissenschaftler, Heilpraktiker und Verhaltenstherapeuten beteiligt sind, um die verschiedenen Aspekte der Fibromyalgie zu behandeln.<\/p>\t\t\t\t\t\t\t\t<\/div>\n\t\t\t\t<\/div>\n\t\t\t\t\t<\/div>\n\t\t<\/div>\n\t\t\t\t\t<\/div>\n\t\t<\/section>\n\t\t\t\t<\/div>","protected":false},"excerpt":{"rendered":"<p>Le traitement de la fibromyalgie est complexe et multidimensionnel, impliquant une combinaison de m\u00e9dicaments, de th\u00e9rapies physiques, de changements de mode de vie et de strat\u00e9gies psychologiques. \u00c0 c\u00f4t\u00e9 des [&hellip;]<\/p>\n","protected":false},"author":569,"featured_media":7193,"parent":0,"menu_order":0,"comment_status":"closed","ping_status":"closed","template":"","meta":{"footnotes":""},"class_list":["post-7192","page","type-page","status-publish","has-post-thumbnail","hentry"],"publishpress_future_action":{"enabled":false,"date":"2026-05-15 20:36:44","action":"change-status","newStatus":"draft","terms":[],"taxonomy":"","extraData":[]},"publishpress_future_workflow_manual_trigger":{"enabledWorkflows":[]},"_links":{"self":[{"href":"https:\/\/suisse-fibromyalgie.ch\/de\/wp-json\/wp\/v2\/pages\/7192","targetHints":{"allow":["GET"]}}],"collection":[{"href":"https:\/\/suisse-fibromyalgie.ch\/de\/wp-json\/wp\/v2\/pages"}],"about":[{"href":"https:\/\/suisse-fibromyalgie.ch\/de\/wp-json\/wp\/v2\/types\/page"}],"author":[{"embeddable":true,"href":"https:\/\/suisse-fibromyalgie.ch\/de\/wp-json\/wp\/v2\/users\/569"}],"replies":[{"embeddable":true,"href":"https:\/\/suisse-fibromyalgie.ch\/de\/wp-json\/wp\/v2\/comments?post=7192"}],"version-history":[{"count":11,"href":"https:\/\/suisse-fibromyalgie.ch\/de\/wp-json\/wp\/v2\/pages\/7192\/revisions"}],"predecessor-version":[{"id":7244,"href":"https:\/\/suisse-fibromyalgie.ch\/de\/wp-json\/wp\/v2\/pages\/7192\/revisions\/7244"}],"wp:featuredmedia":[{"embeddable":true,"href":"https:\/\/suisse-fibromyalgie.ch\/de\/wp-json\/wp\/v2\/media\/7193"}],"wp:attachment":[{"href":"https:\/\/suisse-fibromyalgie.ch\/de\/wp-json\/wp\/v2\/media?parent=7192"}],"curies":[{"name":"wp","href":"https:\/\/api.w.org\/{rel}","templated":true}]}}