{"id":6576,"date":"2024-10-15T10:45:39","date_gmt":"2024-10-15T08:45:39","guid":{"rendered":"https:\/\/suisse-fibromyalgie.ch\/?page_id=6576"},"modified":"2024-10-15T10:47:31","modified_gmt":"2024-10-15T08:47:31","slug":"quelles-prestations-proposent-lasfm","status":"publish","type":"page","link":"https:\/\/suisse-fibromyalgie.ch\/de\/quelles-prestations-proposent-lasfm\/","title":{"rendered":"Welche Leistungen bietet der SVFM an"},"content":{"rendered":"<div data-elementor-type=\"wp-page\" data-elementor-id=\"6576\" class=\"elementor elementor-6576\" data-elementor-post-type=\"page\">\n\t\t\t\t\t\t<section class=\"elementor-section elementor-top-section elementor-element elementor-element-b1fc271 elementor-section-boxed elementor-section-height-default elementor-section-height-default\" data-id=\"b1fc271\" data-element_type=\"section\" data-e-type=\"section\">\n\t\t\t\t\t\t<div class=\"elementor-container elementor-column-gap-default\">\n\t\t\t\t\t<div class=\"elementor-column elementor-col-100 elementor-top-column elementor-element elementor-element-5b822c0\" data-id=\"5b822c0\" data-element_type=\"column\" data-e-type=\"column\">\n\t\t\t<div class=\"elementor-widget-wrap elementor-element-populated\">\n\t\t\t\t\t\t<div class=\"elementor-element elementor-element-043dc3d elementor-widget elementor-widget-text-editor\" data-id=\"043dc3d\" data-element_type=\"widget\" data-e-type=\"widget\" data-widget_type=\"text-editor.default\">\n\t\t\t\t<div class=\"elementor-widget-container\">\n\t\t\t\t\t\t\t\t\t<ul><li><h6>Eine telefonische Antwort vom <strong>Montag<\/strong> unter <strong>Donnerstag<\/strong> morgens unter 077 409 92 28<\/h6><\/li><li><h6>Eine Telefonbereitschaft vom <strong>Montag<\/strong> unter <strong>Donnerstag<\/strong> von 18.00 bis 21.00 Uhr unter 076 585 20 54<\/h6><\/li><li><h6>Eine E-Mail-Antwort an info@suisse-fibromyalgie.ch<\/h6><\/li><li><h6>Eine soziale Unterst\u00fctzung<\/h6><\/li><li><h6>Rechtliche Unterst\u00fctzung<\/h6><\/li><li><h6>Workshops, Kurse, Konferenzen und Ausfl\u00fcge<\/h6><\/li><li><h6>Eint\u00e4gige Seminare mit Essen<\/h6><\/li><li><h6>Aktivit\u00e4ten in der ganzen Schweiz<\/h6><\/li><li><h6>St\u00e4nde bei Veranstaltungen<\/h6><\/li><li><h6>Unterst\u00fctzung f\u00fcr Sch\u00fcler<\/h6><\/li><li><h6>Selbsthilfegruppen in der ganzen Schweiz\u00a0<\/h6><\/li><li><h6>Die j\u00e4hrliche Zeitung des SVFM \"L'envol\" in drei Sprachen \u00fcbersetzt (Deutsch, Franz\u00f6sisch und Italienisch)<\/h6><\/li><li><h6>Die viertelj\u00e4hrlich erscheinende Zeitschrift der Rheumaliga Schweiz (RLS) forumR \"<\/h6><\/li><li><h6>Die Website des SVFM \u00a0<a href=\"https:\/\/suisse-fibromyalgie.ch\/de\/\">www.suisse-fibromyalgie.ch <\/a>\u00a0regelm\u00e4\u00dfig aktualisiert<\/h6><\/li><\/ul>\t\t\t\t\t\t\t\t<\/div>\n\t\t\t\t<\/div>\n\t\t\t\t\t<\/div>\n\t\t<\/div>\n\t\t\t\t\t<\/div>\n\t\t<\/section>\n\t\t\t\t<\/div>","protected":false},"excerpt":{"rendered":"<p>Une r\u00e9ponse t\u00e9l\u00e9phonique du lundi au jeudi matin au 077 409 92 28 Une permanence t\u00e9l\u00e9phonique du lundi au jeudi de 18h00 \u00e0 21h00 au 076 585 20 54 Une [&hellip;]<\/p>\n","protected":false},"author":1,"featured_media":0,"parent":0,"menu_order":0,"comment_status":"closed","ping_status":"closed","template":"","meta":{"footnotes":""},"class_list":["post-6576","page","type-page","status-publish","hentry"],"publishpress_future_action":{"enabled":false,"date":"2026-05-23 09:54:44","action":"change-status","newStatus":"draft","terms":[],"taxonomy":"","extraData":[]},"publishpress_future_workflow_manual_trigger":{"enabledWorkflows":[]},"_links":{"self":[{"href":"https:\/\/suisse-fibromyalgie.ch\/de\/wp-json\/wp\/v2\/pages\/6576","targetHints":{"allow":["GET"]}}],"collection":[{"href":"https:\/\/suisse-fibromyalgie.ch\/de\/wp-json\/wp\/v2\/pages"}],"about":[{"href":"https:\/\/suisse-fibromyalgie.ch\/de\/wp-json\/wp\/v2\/types\/page"}],"author":[{"embeddable":true,"href":"https:\/\/suisse-fibromyalgie.ch\/de\/wp-json\/wp\/v2\/users\/1"}],"replies":[{"embeddable":true,"href":"https:\/\/suisse-fibromyalgie.ch\/de\/wp-json\/wp\/v2\/comments?post=6576"}],"version-history":[{"count":3,"href":"https:\/\/suisse-fibromyalgie.ch\/de\/wp-json\/wp\/v2\/pages\/6576\/revisions"}],"predecessor-version":[{"id":6579,"href":"https:\/\/suisse-fibromyalgie.ch\/de\/wp-json\/wp\/v2\/pages\/6576\/revisions\/6579"}],"wp:attachment":[{"href":"https:\/\/suisse-fibromyalgie.ch\/de\/wp-json\/wp\/v2\/media?parent=6576"}],"curies":[{"name":"wp","href":"https:\/\/api.w.org\/{rel}","templated":true}]}}