{"id":6444,"date":"2024-09-30T13:20:51","date_gmt":"2024-09-30T11:20:51","guid":{"rendered":"https:\/\/suisse-fibromyalgie.ch\/?page_id=6444"},"modified":"2024-09-30T14:56:44","modified_gmt":"2024-09-30T12:56:44","slug":"karima-mahmani-infirmiere-independante-specialisee-en-sante-mentale-et-sante-au-travail","status":"publish","type":"page","link":"https:\/\/suisse-fibromyalgie.ch\/de\/karima-mahmani-infirmiere-independante-specialisee-en-sante-mentale-et-sante-au-travail\/","title":{"rendered":"Mahmani Karima - Freiberufliche Krankenschwester mit Spezialisierung auf psychische Gesundheit und Gesundheit am Arbeitsplatz"},"content":{"rendered":"<div data-elementor-type=\"wp-page\" data-elementor-id=\"6444\" class=\"elementor elementor-6444\" data-elementor-post-type=\"page\">\n\t\t\t\t\t\t<section class=\"elementor-section elementor-top-section elementor-element elementor-element-5643a8c elementor-section-boxed elementor-section-height-default elementor-section-height-default\" data-id=\"5643a8c\" data-element_type=\"section\" data-e-type=\"section\">\n\t\t\t\t\t\t<div class=\"elementor-container elementor-column-gap-default\">\n\t\t\t\t\t<div class=\"elementor-column elementor-col-50 elementor-top-column elementor-element elementor-element-c953588\" data-id=\"c953588\" data-element_type=\"column\" data-e-type=\"column\">\n\t\t\t<div class=\"elementor-widget-wrap elementor-element-populated\">\n\t\t\t\t\t\t<div class=\"elementor-element elementor-element-68ab1cb elementor-widget elementor-widget-image\" data-id=\"68ab1cb\" data-element_type=\"widget\" data-e-type=\"widget\" data-widget_type=\"image.default\">\n\t\t\t\t<div class=\"elementor-widget-container\">\n\t\t\t\t\t\t\t\t\t\t\t\t\t\t\t<img fetchpriority=\"high\" decoding=\"async\" width=\"768\" height=\"773\" src=\"https:\/\/suisse-fibromyalgie.ch\/wp-content\/uploads\/Karima-Mahmani-768x773.jpg\" class=\"attachment-medium_large size-medium_large wp-image-6445\" alt=\"\" srcset=\"https:\/\/suisse-fibromyalgie.ch\/wp-content\/uploads\/Karima-Mahmani-768x773.jpg 768w, https:\/\/suisse-fibromyalgie.ch\/wp-content\/uploads\/Karima-Mahmani-298x300.jpg 298w, https:\/\/suisse-fibromyalgie.ch\/wp-content\/uploads\/Karima-Mahmani-1018x1024.jpg 1018w, https:\/\/suisse-fibromyalgie.ch\/wp-content\/uploads\/Karima-Mahmani-150x150.jpg 150w, https:\/\/suisse-fibromyalgie.ch\/wp-content\/uploads\/Karima-Mahmani-12x12.jpg 12w, https:\/\/suisse-fibromyalgie.ch\/wp-content\/uploads\/Karima-Mahmani.jpg 1360w\" sizes=\"(max-width: 768px) 100vw, 768px\" \/>\t\t\t\t\t\t\t\t\t\t\t\t\t\t\t<\/div>\n\t\t\t\t<\/div>\n\t\t\t\t\t<\/div>\n\t\t<\/div>\n\t\t\t\t<div class=\"elementor-column elementor-col-50 elementor-top-column elementor-element elementor-element-d7d3abd\" data-id=\"d7d3abd\" data-element_type=\"column\" data-e-type=\"column\">\n\t\t\t<div class=\"elementor-widget-wrap elementor-element-populated\">\n\t\t\t\t\t\t<div class=\"elementor-element elementor-element-cdd1fa2 elementor-widget elementor-widget-text-editor\" data-id=\"cdd1fa2\" data-element_type=\"widget\" data-e-type=\"widget\" data-widget_type=\"text-editor.default\">\n\t\t\t\t<div class=\"elementor-widget-container\">\n\t\t\t\t\t\t\t\t\t<div id=\"comp-l220jsmo1\" class=\"HcOXKn c9GqVL QxJLC3 comp-l220jsmo1 wixui-rich-text\" data-testid=\"richTextElement\"><div class=\"elementor-element elementor-element-bac9469 elementor-widget elementor-widget-heading\" data-id=\"bac9469\" data-element_type=\"widget\" data-widget_type=\"heading.default\"><div class=\"elementor-widget-container\"><h2 class=\"elementor-heading-title elementor-size-default\">Human Kare, gegr\u00fcndet von Frau Karima MAHMANI, leidenschaftlich und lebenslustig<\/h2><\/div><\/div><div class=\"elementor-element elementor-element-f2fa966 elementor-widget elementor-widget-text-editor\" data-id=\"f2fa966\" data-element_type=\"widget\" data-widget_type=\"text-editor.default\"><div class=\"elementor-widget-container\"><p>\u00a0<\/p><p>Sie hat einen Traum: Sie m\u00f6chte Ihnen ein entspannteres Leben erm\u00f6glichen, indem Sie von ausgebildeten, leidenschaftlichen Menschen begleitet werden, die gemeinsam f\u00fcr Sie arbeiten.<\/p><p>Sie ist seit vielen Jahren Krankenschwester in verschiedenen Abteilungen f\u00fcr Akutpflege, psychiatrische Pflege, geriatrische Langzeitpflege und psycho-geriatrische Pflege und beschlie\u00dft, sich im Bereich Gesundheit am Arbeitsplatz weiterzubilden, damit die Mitarbeiter gesund und erf\u00fcllt bei der Arbeit sein k\u00f6nnen. Sie hatte auch das Gl\u00fcck, Teams durch verschiedene F\u00fchrungsaufgaben zu begleiten.<\/p><div class=\"elementor-element elementor-element-997b0fc e-con-full e-flex e-con e-child\" data-id=\"997b0fc\" data-element_type=\"container\"><div class=\"elementor-element elementor-element-53a2a4d elementor-widget elementor-widget-text-editor\" data-id=\"53a2a4d\" data-element_type=\"widget\" data-widget_type=\"text-editor.default\"><div class=\"elementor-widget-container\"><p><em>\"Ich habe\u00a0<strong>ESPOIR<\/strong>\u00a0dass jeder in seinem Wesen verstanden und als vollwertige Person angesehen werden kann\".<\/em><\/p><\/div><\/div><\/div><div class=\"elementor-element elementor-element-47af916 e-con-full e-flex e-con e-child\" data-id=\"47af916\" data-element_type=\"container\"><div class=\"elementor-element elementor-element-f8851e9 elementor-widget elementor-widget-text-editor\" data-id=\"f8851e9\" data-element_type=\"widget\" data-widget_type=\"text-editor.default\"><div class=\"elementor-widget-container\"><p><em>\"Ich\u00a0<strong>PERSEVERE<\/strong>\u00a0in der Vorstellung, dass jeder Mensch das Recht hat, mit W\u00fcrde, Wohlwollen und Respekt begleitet zu werden\".<\/em><\/p><\/div><\/div><\/div><\/div><\/div><\/div>\t\t\t\t\t\t\t\t<\/div>\n\t\t\t\t<\/div>\n\t\t\t\t\t<\/div>\n\t\t<\/div>\n\t\t\t\t\t<\/div>\n\t\t<\/section>\n\t\t\t\t<section class=\"elementor-section elementor-top-section elementor-element elementor-element-49a8769 elementor-section-boxed elementor-section-height-default elementor-section-height-default\" data-id=\"49a8769\" data-element_type=\"section\" data-e-type=\"section\">\n\t\t\t\t\t\t<div class=\"elementor-container elementor-column-gap-default\">\n\t\t\t\t\t<div class=\"elementor-column elementor-col-100 elementor-top-column elementor-element elementor-element-b832f5d\" data-id=\"b832f5d\" data-element_type=\"column\" data-e-type=\"column\">\n\t\t\t<div class=\"elementor-widget-wrap elementor-element-populated\">\n\t\t\t\t\t\t<div class=\"elementor-element elementor-element-d7d395e elementor-widget elementor-widget-text-editor\" data-id=\"d7d395e\" data-element_type=\"widget\" data-e-type=\"widget\" data-widget_type=\"text-editor.default\">\n\t\t\t\t<div class=\"elementor-widget-container\">\n\t\t\t\t\t\t\t\t\t<p>Ziel ist es, eine qualitativ hochwertige Versorgung von Menschen mit psychischen Problemen durch eine Betreuung zu gew\u00e4hrleisten, die den Menschen als vollwertiges Wesen und nicht als Kranken betrachtet.<\/p><p>Ziel ist es, die Person sowohl in Krisensituationen als auch in der t\u00e4glichen Begleitung zu entlasten, zu unterst\u00fctzen, zu beraten und zu informieren, um ihre Kraft und Sch\u00f6nheit zu erwecken.<\/p>\t\t\t\t\t\t\t\t<\/div>\n\t\t\t\t<\/div>\n\t\t\t\t\t<\/div>\n\t\t<\/div>\n\t\t\t\t\t<\/div>\n\t\t<\/section>\n\t\t\t\t<section class=\"elementor-section elementor-top-section elementor-element elementor-element-fce1291 elementor-section-boxed elementor-section-height-default elementor-section-height-default\" data-id=\"fce1291\" data-element_type=\"section\" data-e-type=\"section\">\n\t\t\t\t\t\t<div class=\"elementor-container elementor-column-gap-default\">\n\t\t\t\t\t<div class=\"elementor-column elementor-col-50 elementor-top-column elementor-element elementor-element-3eb25a5\" data-id=\"3eb25a5\" data-element_type=\"column\" data-e-type=\"column\">\n\t\t\t<div class=\"elementor-widget-wrap elementor-element-populated\">\n\t\t\t\t\t\t<div class=\"elementor-element elementor-element-7b832d7 elementor-widget elementor-widget-text-editor\" data-id=\"7b832d7\" data-element_type=\"widget\" data-e-type=\"widget\" data-widget_type=\"text-editor.default\">\n\t\t\t\t<div class=\"elementor-widget-container\">\n\t\t\t\t\t\t\t\t\t<div id=\"bgLayers_comp-ljcvm8ir\" class=\"MW5IWV\" data-hook=\"bgLayers\" data-motion-part=\"BG_LAYER\"><div id=\"bgMedia_comp-ljcvm8ir\" class=\"VgO9Yg\" data-motion-part=\"BG_MEDIA\">www.humankare.ch<\/div><\/div>\t\t\t\t\t\t\t\t<\/div>\n\t\t\t\t<\/div>\n\t\t\t\t\t<\/div>\n\t\t<\/div>\n\t\t\t\t<div class=\"elementor-column elementor-col-50 elementor-top-column elementor-element elementor-element-dd614b0\" data-id=\"dd614b0\" data-element_type=\"column\" data-e-type=\"column\">\n\t\t\t<div class=\"elementor-widget-wrap elementor-element-populated\">\n\t\t\t\t\t\t<div class=\"elementor-element elementor-element-3570715 elementor-widget elementor-widget-text-editor\" data-id=\"3570715\" data-element_type=\"widget\" data-e-type=\"widget\" data-widget_type=\"text-editor.default\">\n\t\t\t\t<div class=\"elementor-widget-container\">\n\t\t\t\t\t\t\t\t\t<p><a href=\"https:\/\/humankare.ch\/\" target=\"_blank\" rel=\"noopener\">Weitere Informationen finden Sie unter diesem Link<\/a><\/p>\t\t\t\t\t\t\t\t<\/div>\n\t\t\t\t<\/div>\n\t\t\t\t\t<\/div>\n\t\t<\/div>\n\t\t\t\t\t<\/div>\n\t\t<\/section>\n\t\t\t\t<\/div>","protected":false},"excerpt":{"rendered":"<p>Human Kare, fond\u00e9e par Madame Karima MAHMANI passionn\u00e9e et pleine de vie \u00a0 Elle a un r\u00eave, celui de vous permettre de vivre plus sereinement en \u00e9tant accompagn\u00e9e de personnes [&hellip;]<\/p>\n","protected":false},"author":1,"featured_media":0,"parent":0,"menu_order":0,"comment_status":"closed","ping_status":"closed","template":"","meta":{"footnotes":""},"class_list":["post-6444","page","type-page","status-publish","hentry"],"publishpress_future_action":{"enabled":false,"date":"2026-05-24 11:12:45","action":"change-status","newStatus":"draft","terms":[],"taxonomy":"","extraData":[]},"publishpress_future_workflow_manual_trigger":{"enabledWorkflows":[]},"_links":{"self":[{"href":"https:\/\/suisse-fibromyalgie.ch\/de\/wp-json\/wp\/v2\/pages\/6444","targetHints":{"allow":["GET"]}}],"collection":[{"href":"https:\/\/suisse-fibromyalgie.ch\/de\/wp-json\/wp\/v2\/pages"}],"about":[{"href":"https:\/\/suisse-fibromyalgie.ch\/de\/wp-json\/wp\/v2\/types\/page"}],"author":[{"embeddable":true,"href":"https:\/\/suisse-fibromyalgie.ch\/de\/wp-json\/wp\/v2\/users\/1"}],"replies":[{"embeddable":true,"href":"https:\/\/suisse-fibromyalgie.ch\/de\/wp-json\/wp\/v2\/comments?post=6444"}],"version-history":[{"count":9,"href":"https:\/\/suisse-fibromyalgie.ch\/de\/wp-json\/wp\/v2\/pages\/6444\/revisions"}],"predecessor-version":[{"id":6476,"href":"https:\/\/suisse-fibromyalgie.ch\/de\/wp-json\/wp\/v2\/pages\/6444\/revisions\/6476"}],"wp:attachment":[{"href":"https:\/\/suisse-fibromyalgie.ch\/de\/wp-json\/wp\/v2\/media?parent=6444"}],"curies":[{"name":"wp","href":"https:\/\/api.w.org\/{rel}","templated":true}]}}