{"id":6421,"date":"2024-09-27T15:24:08","date_gmt":"2024-09-27T13:24:08","guid":{"rendered":"https:\/\/suisse-fibromyalgie.ch\/?page_id=6421"},"modified":"2024-09-27T15:34:51","modified_gmt":"2024-09-27T13:34:51","slug":"la-fibromyalgie-et-sa-prise-en-charge-globale-en-suisse-romande","status":"publish","type":"page","link":"https:\/\/suisse-fibromyalgie.ch\/de\/la-fibromyalgie-et-sa-prise-en-charge-globale-en-suisse-romande\/","title":{"rendered":"Fibromyalgie und ihre umfassende Betreuung in der Westschweiz"},"content":{"rendered":"<div data-elementor-type=\"wp-page\" data-elementor-id=\"6421\" class=\"elementor elementor-6421\" data-elementor-post-type=\"page\">\n\t\t\t\t\t\t<section class=\"elementor-section elementor-top-section elementor-element elementor-element-deae11b elementor-section-boxed elementor-section-height-default elementor-section-height-default\" data-id=\"deae11b\" data-element_type=\"section\" data-e-type=\"section\">\n\t\t\t\t\t\t<div class=\"elementor-container elementor-column-gap-default\">\n\t\t\t\t\t<div class=\"elementor-column elementor-col-100 elementor-top-column elementor-element elementor-element-b5d783b\" data-id=\"b5d783b\" data-element_type=\"column\" data-e-type=\"column\">\n\t\t\t<div class=\"elementor-widget-wrap elementor-element-populated\">\n\t\t\t\t\t\t<div class=\"elementor-element elementor-element-7253295 elementor-widget elementor-widget-heading\" data-id=\"7253295\" data-element_type=\"widget\" data-e-type=\"widget\" data-widget_type=\"heading.default\">\n\t\t\t\t<div class=\"elementor-widget-container\">\n\t\t\t\t\t<h2 class=\"elementor-heading-title elementor-size-default\">Bachelorarbeit von drei Studenten (Frau Marina Da Costa Forte, Frau Nora El Hajouji und Herr Alexandre Codreanu) der Universit\u00e4t Genf, die der SVFM unterst\u00fctzt hat. <\/h2>\t\t\t\t<\/div>\n\t\t\t\t<\/div>\n\t\t\t\t\t<\/div>\n\t\t<\/div>\n\t\t\t\t\t<\/div>\n\t\t<\/section>\n\t\t\t\t<section class=\"elementor-section elementor-top-section elementor-element elementor-element-497ceef elementor-section-boxed elementor-section-height-default elementor-section-height-default\" data-id=\"497ceef\" data-element_type=\"section\" data-e-type=\"section\">\n\t\t\t\t\t\t<div class=\"elementor-container elementor-column-gap-default\">\n\t\t\t\t\t<div class=\"elementor-column elementor-col-100 elementor-top-column elementor-element elementor-element-8eb5239\" data-id=\"8eb5239\" data-element_type=\"column\" data-e-type=\"column\">\n\t\t\t<div class=\"elementor-widget-wrap elementor-element-populated\">\n\t\t\t\t\t\t<div class=\"elementor-element elementor-element-f4079ec elementor-widget elementor-widget-text-editor\" data-id=\"f4079ec\" data-element_type=\"widget\" data-e-type=\"widget\" data-widget_type=\"text-editor.default\">\n\t\t\t\t<div class=\"elementor-widget-container\">\n\t\t\t\t\t\t\t\t\t<h4>Zusammenfassung<\/h4><h6>Unser IMC-Projekt befasst sich mit der Fibromyalgie und ihrer umfassenden Betreuung in der Westschweiz. Dieses Thema erscheint uns wichtig, da die Fibromyalgie noch immer schlecht verstanden wird, sei es in Bezug auf ihre Ursachen, ihre Diagnose, ihre Symptome oder auch ihre Behandlung. Dieser Mangel an Wissen f\u00fchrt zu einer mangelnden Beachtung im medizinischen Bereich und bei den Versicherungen, was wiederum zu einem allgemeinen Unverst\u00e4ndnis des Themas in der Gesellschaft f\u00fchrt. Dies wirkt sich nicht nur auf das Wohlbefinden der Patienten aus, sondern auch auf das der Pflegekr\u00e4fte, die sich hilflos f\u00fchlen oder denen es an Ressourcen mangelt, um diese Herausforderungen zu bew\u00e4ltigen.<\/h6><h6><br \/>Um dieses Gesundheitsproblem besser erkl\u00e4ren zu k\u00f6nnen, haben wir mit allen Beteiligten gesprochen, die von dieser Beeintr\u00e4chtigung betroffen sind, um haupts\u00e4chlich qualitative Daten zu gewinnen. Zu den Teilnehmern geh\u00f6rten 11 Patienten, 2 Rheumatologen und 1 Versicherer. Die halbstrukturierten Interviews wurden alle mithilfe von zuvor verfassten Gespr\u00e4chsleitf\u00e4den gef\u00fchrt.<\/h6><h6><br \/>Die Ergebnisse best\u00e4tigten unsere Annahmen \u00fcber die Komplexit\u00e4t der Behandlung von Fibromyalgie. Diese zeigten Schwierigkeiten in allen untersuchten Bereichen auf, sei es im sozio-professionellen, famili\u00e4ren oder medizinischen Bereich. Au\u00dferdem sind sowohl die Patienten als auch die Betreuer von diesen Herausforderungen betroffen.<\/h6><h6>Das Hauptproblem, das angesprochen wurde, betrifft die Anerkennung von Fibromyalgie als Krankheit. Diese mangelnde Anerkennung, insbesondere bei den Versicherungen, f\u00fchrt zu Schwierigkeiten bei der Erlangung einer IV-Rente. Dies wirkt sich auf den Alltag der Patienten in beruflicher und sozialer Hinsicht aus.<\/h6><h6><br \/>Abschlie\u00dfend sind wir der Meinung, dass eine Investition in die Forschung zu einem besseren Verst\u00e4ndnis der Pathophysiologie dieser Beeintr\u00e4chtigung f\u00fchren w\u00fcrde und somit zu einer besseren Anerkennung und Behandlung f\u00fchren w\u00fcrde.<\/h6>\t\t\t\t\t\t\t\t<\/div>\n\t\t\t\t<\/div>\n\t\t\t\t\t<\/div>\n\t\t<\/div>\n\t\t\t\t\t<\/div>\n\t\t<\/section>\n\t\t\t\t<section class=\"elementor-section elementor-top-section elementor-element elementor-element-958e6ec elementor-section-boxed elementor-section-height-default elementor-section-height-default\" data-id=\"958e6ec\" data-element_type=\"section\" data-e-type=\"section\">\n\t\t\t\t\t\t<div class=\"elementor-container elementor-column-gap-default\">\n\t\t\t\t\t<div class=\"elementor-column elementor-col-100 elementor-top-column elementor-element elementor-element-afefd1e\" data-id=\"afefd1e\" data-element_type=\"column\" data-e-type=\"column\">\n\t\t\t<div class=\"elementor-widget-wrap elementor-element-populated\">\n\t\t\t\t\t\t<div class=\"elementor-element elementor-element-5f0ab28 elementor-widget elementor-widget-text-editor\" data-id=\"5f0ab28\" data-element_type=\"widget\" data-e-type=\"widget\" data-widget_type=\"text-editor.default\">\n\t\t\t\t<div class=\"elementor-widget-container\">\n\t\t\t\t\t\t\t\t\t<h5 style=\"text-align: center;\"><strong>Zum Herunterladen der Bachelorarbeit<\/strong><strong>Klicken Sie auf den unten stehenden Link:<\/strong><\/h5><h5 style=\"text-align: center;\"><a href=\"https:\/\/suisse-fibromyalgie.ch\/wp-content\/uploads\/La-Fibromyalgie-et-sa-prise-en-charge-en-Suisse.pdf\">Fibromyalgie und ihre Behandlung in der Schweiz<\/a><\/h5>\t\t\t\t\t\t\t\t<\/div>\n\t\t\t\t<\/div>\n\t\t\t\t\t<\/div>\n\t\t<\/div>\n\t\t\t\t\t<\/div>\n\t\t<\/section>\n\t\t\t\t<\/div>","protected":false},"excerpt":{"rendered":"<p>Travail de Bachelor de trois \u00e9tudiants (Mmes Marina Da Costa Forte, Nora El Hajouji et M. Alexandre Codreanu) de l&rsquo;universit\u00e9 de Gen\u00e8ve que l&rsquo;ASFM a soutenus R\u00e9sum\u00e9 Notre projet d\u2019IMC [&hellip;]<\/p>\n","protected":false},"author":1,"featured_media":0,"parent":0,"menu_order":0,"comment_status":"closed","ping_status":"closed","template":"","meta":{"footnotes":""},"class_list":["post-6421","page","type-page","status-publish","hentry"],"publishpress_future_action":{"enabled":false,"date":"2026-04-21 20:28:46","action":"change-status","newStatus":"draft","terms":[],"taxonomy":"","extraData":[]},"publishpress_future_workflow_manual_trigger":{"enabledWorkflows":[]},"_links":{"self":[{"href":"https:\/\/suisse-fibromyalgie.ch\/de\/wp-json\/wp\/v2\/pages\/6421","targetHints":{"allow":["GET"]}}],"collection":[{"href":"https:\/\/suisse-fibromyalgie.ch\/de\/wp-json\/wp\/v2\/pages"}],"about":[{"href":"https:\/\/suisse-fibromyalgie.ch\/de\/wp-json\/wp\/v2\/types\/page"}],"author":[{"embeddable":true,"href":"https:\/\/suisse-fibromyalgie.ch\/de\/wp-json\/wp\/v2\/users\/1"}],"replies":[{"embeddable":true,"href":"https:\/\/suisse-fibromyalgie.ch\/de\/wp-json\/wp\/v2\/comments?post=6421"}],"version-history":[{"count":3,"href":"https:\/\/suisse-fibromyalgie.ch\/de\/wp-json\/wp\/v2\/pages\/6421\/revisions"}],"predecessor-version":[{"id":6424,"href":"https:\/\/suisse-fibromyalgie.ch\/de\/wp-json\/wp\/v2\/pages\/6421\/revisions\/6424"}],"wp:attachment":[{"href":"https:\/\/suisse-fibromyalgie.ch\/de\/wp-json\/wp\/v2\/media?parent=6421"}],"curies":[{"name":"wp","href":"https:\/\/api.w.org\/{rel}","templated":true}]}}