{"id":6260,"date":"2024-08-26T18:35:41","date_gmt":"2024-08-26T16:35:41","guid":{"rendered":"https:\/\/suisse-fibromyalgie.ch\/?page_id=6260"},"modified":"2024-08-26T18:38:30","modified_gmt":"2024-08-26T16:38:30","slug":"zusammenarbeit-mit-zurzach-care-rehaklinik-baden-im-bereich-rheumatologie","status":"publish","type":"page","link":"https:\/\/suisse-fibromyalgie.ch\/de\/zusammenarbeit-mit-zurzach-care-rehaklinik-baden-im-bereich-rheumatologie\/","title":{"rendered":"Zusammenarbeit mit ZURZACH Care Rehaklinik Baden im Bereich Rheumatologie"},"content":{"rendered":"<div data-elementor-type=\"wp-page\" data-elementor-id=\"6260\" class=\"elementor elementor-6260\" data-elementor-post-type=\"page\">\n\t\t\t\t\t\t<section class=\"elementor-section elementor-top-section elementor-element elementor-element-49a8769 elementor-section-boxed elementor-section-height-default elementor-section-height-default\" data-id=\"49a8769\" data-element_type=\"section\" data-e-type=\"section\">\n\t\t\t\t\t\t<div class=\"elementor-container elementor-column-gap-default\">\n\t\t\t\t\t<div class=\"elementor-column elementor-col-100 elementor-top-column elementor-element elementor-element-b832f5d\" data-id=\"b832f5d\" data-element_type=\"column\" data-e-type=\"column\">\n\t\t\t<div class=\"elementor-widget-wrap elementor-element-populated\">\n\t\t\t\t\t\t<div class=\"elementor-element elementor-element-d7d395e elementor-widget elementor-widget-text-editor\" data-id=\"d7d395e\" data-element_type=\"widget\" data-e-type=\"widget\" data-widget_type=\"text-editor.default\">\n\t\t\t\t<div class=\"elementor-widget-container\">\n\t\t\t\t\t\t\t\t\t<p>Zuk\u00fcnftig profitieren Sie von einer neuen Zusammenarbeit mit ZURZACH Care Rehaklinik Baden im Bereich Rheumatologie. Ab sofort ist jeweils ein Konsultationstermin im Monat (evtl. sp\u00e4ter in der Woche) exklusiv f\u00fcr den SVFM zur Diagnoseabkl\u00e4rung von Fibromyalgie reserviert. Eine ordentliche \u00dcberweisung im Rahmen des Hausarztmodells sowie die normale Abrechnung \u00fcber die Krankenkasse sind weiterhin notwendig. Diese Zusammenarbeit erm\u00f6glicht eine deutliche Verk\u00fcrzung der Wartezeiten.<\/p><p>Gespannt blicken wir auf k\u00fcnftige gemeinsame Projekte.<\/p><p>Bei Fragen oder f\u00fcr die Koordination eines Termins steht Ihnen Jeannette Rechsteiner<br \/>Vorstandsmitglied der Schweizerischen Fibromyalgie-Vereinigung<br \/>Zust\u00e4ndig f\u00fcr die Koordination Deutschsprachige Schweiz<br \/>unter <a href=\"mailto:jeannette.rechsteiner@suisse-fibromyalgie.ch\" data-linkindex=\"0\">jeannette.rechsteiner@suisse-fibromyalgie.ch<\/a>\u00a0gerne zur Verf\u00fcgung.<\/p>\t\t\t\t\t\t\t\t<\/div>\n\t\t\t\t<\/div>\n\t\t\t\t\t<\/div>\n\t\t<\/div>\n\t\t\t\t\t<\/div>\n\t\t<\/section>\n\t\t\t\t<\/div>","protected":false},"excerpt":{"rendered":"<p>Zuk\u00fcnftig profitieren Sie von einer neuen Zusammenarbeit mit \u00a0ZURZACH Care Rehaklinik Baden im Bereich Rheumatologie. Ab sofort ist jeweils ein Konsultationstermin im Monat (evtl. sp\u00e4ter in der Woche) exklusiv f\u00fcr [&hellip;]<\/p>\n","protected":false},"author":1,"featured_media":0,"parent":0,"menu_order":0,"comment_status":"closed","ping_status":"closed","template":"","meta":{"footnotes":""},"class_list":["post-6260","page","type-page","status-publish","hentry"],"publishpress_future_action":{"enabled":false,"date":"2026-05-23 11:18:23","action":"change-status","newStatus":"draft","terms":[],"taxonomy":"","extraData":[]},"publishpress_future_workflow_manual_trigger":{"enabledWorkflows":[]},"_links":{"self":[{"href":"https:\/\/suisse-fibromyalgie.ch\/de\/wp-json\/wp\/v2\/pages\/6260","targetHints":{"allow":["GET"]}}],"collection":[{"href":"https:\/\/suisse-fibromyalgie.ch\/de\/wp-json\/wp\/v2\/pages"}],"about":[{"href":"https:\/\/suisse-fibromyalgie.ch\/de\/wp-json\/wp\/v2\/types\/page"}],"author":[{"embeddable":true,"href":"https:\/\/suisse-fibromyalgie.ch\/de\/wp-json\/wp\/v2\/users\/1"}],"replies":[{"embeddable":true,"href":"https:\/\/suisse-fibromyalgie.ch\/de\/wp-json\/wp\/v2\/comments?post=6260"}],"version-history":[{"count":0,"href":"https:\/\/suisse-fibromyalgie.ch\/de\/wp-json\/wp\/v2\/pages\/6260\/revisions"}],"wp:attachment":[{"href":"https:\/\/suisse-fibromyalgie.ch\/de\/wp-json\/wp\/v2\/media?parent=6260"}],"curies":[{"name":"wp","href":"https:\/\/api.w.org\/{rel}","templated":true}]}}