{"id":5871,"date":"2024-08-05T20:06:19","date_gmt":"2024-08-05T18:06:19","guid":{"rendered":"https:\/\/suisse-fibromyalgie.ch\/?page_id=5871"},"modified":"2026-02-05T16:11:48","modified_gmt":"2026-02-05T15:11:48","slug":"avagadro-aubrey-therapie-alternative-reiki-et-chromotherapie","status":"publish","type":"page","link":"https:\/\/suisse-fibromyalgie.ch\/de\/avagadro-aubrey-therapie-alternative-reiki-et-chromotherapie\/","title":{"rendered":"Avogadro Audrey - Alternative Therapie (Reiki und Farbtherapie)"},"content":{"rendered":"<div data-elementor-type=\"wp-page\" data-elementor-id=\"5871\" class=\"elementor elementor-5871\" data-elementor-post-type=\"page\">\n\t\t\t\t\t\t<section class=\"elementor-section elementor-top-section elementor-element elementor-element-5643a8c elementor-section-boxed elementor-section-height-default elementor-section-height-default\" data-id=\"5643a8c\" data-element_type=\"section\" data-e-type=\"section\">\n\t\t\t\t\t\t<div class=\"elementor-container elementor-column-gap-default\">\n\t\t\t\t\t<div class=\"elementor-column elementor-col-50 elementor-top-column elementor-element elementor-element-c953588\" data-id=\"c953588\" data-element_type=\"column\" data-e-type=\"column\">\n\t\t\t<div class=\"elementor-widget-wrap elementor-element-populated\">\n\t\t\t\t\t\t<div class=\"elementor-element elementor-element-68ab1cb elementor-widget elementor-widget-image\" data-id=\"68ab1cb\" data-element_type=\"widget\" data-e-type=\"widget\" data-widget_type=\"image.default\">\n\t\t\t\t<div class=\"elementor-widget-container\">\n\t\t\t\t\t\t\t\t\t\t\t\t\t\t\t<img fetchpriority=\"high\" decoding=\"async\" width=\"204\" height=\"343\" src=\"https:\/\/suisse-fibromyalgie.ch\/wp-content\/uploads\/Avogadro-Audrey.jpg\" class=\"attachment-large size-large wp-image-5872\" alt=\"\" srcset=\"https:\/\/suisse-fibromyalgie.ch\/wp-content\/uploads\/Avogadro-Audrey.jpg 204w, https:\/\/suisse-fibromyalgie.ch\/wp-content\/uploads\/Avogadro-Audrey-178x300.jpg 178w, https:\/\/suisse-fibromyalgie.ch\/wp-content\/uploads\/Avogadro-Audrey-7x12.jpg 7w\" sizes=\"(max-width: 204px) 100vw, 204px\" \/>\t\t\t\t\t\t\t\t\t\t\t\t\t\t\t<\/div>\n\t\t\t\t<\/div>\n\t\t\t\t\t<\/div>\n\t\t<\/div>\n\t\t\t\t<div class=\"elementor-column elementor-col-50 elementor-top-column elementor-element elementor-element-d7d3abd\" data-id=\"d7d3abd\" data-element_type=\"column\" data-e-type=\"column\">\n\t\t\t<div class=\"elementor-widget-wrap elementor-element-populated\">\n\t\t\t\t\t\t<div class=\"elementor-element elementor-element-cdd1fa2 elementor-widget elementor-widget-text-editor\" data-id=\"cdd1fa2\" data-element_type=\"widget\" data-e-type=\"widget\" data-widget_type=\"text-editor.default\">\n\t\t\t\t<div class=\"elementor-widget-container\">\n\t\t\t\t\t\t\t\t\t<p class=\"font_9 wixui-rich-text__text\"><span class=\"wixui-rich-text__text\"><span class=\"color_15 wixui-rich-text__text\">Ich hei\u00dfe Audrey,<\/span><\/span><\/p><p class=\"font_9 wixui-rich-text__text\"><span class=\"wixui-rich-text__text\"><span class=\"color_15 wixui-rich-text__text\">Von Beruf Lehrerin und Absolventin eines Masterstudiengangs in Entwicklungspsychologie,<\/span><\/span><span class=\"color_15 wixui-rich-text__text\">\u00a0ich nehme seit mehreren Jahren in meiner Freizeit an verschiedenen Ausbildungen teil, die es mir erm\u00f6glicht haben, meine pers\u00f6nliche Entwicklung zu vertiefen, aber auch den Menschen, die darum bitten, aufmerksam zuzuh\u00f6ren, sie zu unterst\u00fctzen und zu heilen.\u00a0<\/span><\/p><p class=\"font_9 wixui-rich-text__text\"><span class=\"wixui-rich-text__text\"><span class=\"color_15 wixui-rich-text__text\">Ich habe Reiki f\u00fcr mich entdeckt und 2014 meinen ersten Grad abgelegt. Da ich von diesem Lernen und der pers\u00f6nlichen Arbeit, die es mir erm\u00f6glicht hat, begeistert war, habe ich bis zum Meistergrad weitergemacht.<\/span><\/span><\/p><p class=\"font_9 wixui-rich-text__text\"><span class=\"color_15 wixui-rich-text__text\">Ich habe daher seit 2018 meine Diplome als Reiki-Meisterausbilderin. Parallel dazu hatte ich die Gelegenheit, mich in verschiedenen spirituellen Bereichen weiterzubilden (Laochi, Schamanismus, Radi\u00e4sthesie, fr\u00fchere Leben, Farbtherapien).<\/span><\/p><p class=\"font_9 wixui-rich-text__text\"><span class=\"color_15 wixui-rich-text__text\"><span class=\"wixui-rich-text__text\">Die Ausbildung in Chromotherapie (oder Farbtherapie) hat mir die Validierung und Anerkennung der\u00a0<a class=\"wixui-rich-text__text\" href=\"https:\/\/www.graine-de-conscience.com\/blank-4\" target=\"_self\" data-anchor=\"dataItem-lna6pgda\">von ASCA anerkannten Zusatzausbildungen,<\/a>\u00a0sigle 275.\u00a0<\/span><\/span><\/p><p class=\"font_9 wixui-rich-text__text\"><span class=\"color_15 wixui-rich-text__text\"><span class=\"wixui-rich-text__text\">(EMR bis Ende des Jahres).<\/span><\/span><\/p><p class=\"font_9 wixui-rich-text__text\"><span class=\"wixui-rich-text__text\"><span class=\"color_15 wixui-rich-text__text\">\u00a0W\u00e4hrend der Sitzungen verpflichte ich mich, meinen Klienten zu helfen und sie bei ihren k\u00f6rperlichen, emotionalen und spirituellen \u00dcberg\u00e4ngen auf m\u00f6glichst professionelle und wohlwollende Weise zu begleiten. Die Behandlungen<\/span><\/span><span class=\"wixui-rich-text__text\"><span class=\"color_15 wixui-rich-text__text\">\u00a0werden speziell auf die Bed\u00fcrfnisse jedes Einzelnen zugeschnitten, um den f\u00fcr ihn am besten geeigneten Ansatz zu nutzen.<\/span><\/span><\/p><p class=\"font_9 wixui-rich-text__text\"><span class=\"wixui-rich-text__text\"><span class=\"color_15 wixui-rich-text__text\">Z\u00f6gern Sie nicht, mich zu kontaktieren, um mehr zu erfahren \ud83d\ude42.\u00a0<\/span><\/span><\/p>\t\t\t\t\t\t\t\t<\/div>\n\t\t\t\t<\/div>\n\t\t\t\t\t<\/div>\n\t\t<\/div>\n\t\t\t\t\t<\/div>\n\t\t<\/section>\n\t\t\t\t<section class=\"elementor-section elementor-top-section elementor-element elementor-element-631ed05 elementor-section-boxed elementor-section-height-default elementor-section-height-default\" data-id=\"631ed05\" data-element_type=\"section\" data-e-type=\"section\">\n\t\t\t\t\t\t<div class=\"elementor-container elementor-column-gap-default\">\n\t\t\t\t\t<div class=\"elementor-column elementor-col-50 elementor-top-column elementor-element elementor-element-5a37222\" data-id=\"5a37222\" data-element_type=\"column\" data-e-type=\"column\">\n\t\t\t<div class=\"elementor-widget-wrap elementor-element-populated\">\n\t\t\t\t\t\t<div class=\"elementor-element elementor-element-b7b5307 elementor-widget elementor-widget-text-editor\" data-id=\"b7b5307\" data-element_type=\"widget\" data-e-type=\"widget\" data-widget_type=\"text-editor.default\">\n\t\t\t\t<div class=\"elementor-widget-container\">\n\t\t\t\t\t\t\t\t\t<h5 class=\"font_0 wixui-rich-text__text\" style=\"text-align: right;\"><span class=\"wixui-rich-text__text\"><span class=\"color_35 wixui-rich-text__text\">Ja, ich wage es, mein Leben in die Hand zu nehmen<\/span><\/span><\/h5>\t\t\t\t\t\t\t\t<\/div>\n\t\t\t\t<\/div>\n\t\t\t\t\t<\/div>\n\t\t<\/div>\n\t\t\t\t<div class=\"elementor-column elementor-col-50 elementor-top-column elementor-element elementor-element-ee4ce02\" data-id=\"ee4ce02\" data-element_type=\"column\" data-e-type=\"column\">\n\t\t\t<div class=\"elementor-widget-wrap elementor-element-populated\">\n\t\t\t\t\t\t<div class=\"elementor-element elementor-element-0df1417 elementor-widget elementor-widget-text-editor\" data-id=\"0df1417\" data-element_type=\"widget\" data-e-type=\"widget\" data-widget_type=\"text-editor.default\">\n\t\t\t\t<div class=\"elementor-widget-container\">\n\t\t\t\t\t\t\t\t\t<p><a href=\"https:\/\/www.graine-de-conscience.com\/\" target=\"_blank\" rel=\"noopener\">Um mehr zu erfahren, klicken Sie auf diesen Link<\/a><\/p>\t\t\t\t\t\t\t\t<\/div>\n\t\t\t\t<\/div>\n\t\t\t\t\t<\/div>\n\t\t<\/div>\n\t\t\t\t\t<\/div>\n\t\t<\/section>\n\t\t\t\t<\/div>","protected":false},"excerpt":{"rendered":"<p>Je m&rsquo;appelle Audrey, Enseignante de profession et dipl\u00f4m\u00e9e d&rsquo;une ma\u00eetrise en psychologie du d\u00e9veloppement,\u00a0je prends part depuis plusieurs ann\u00e9es sur mon temps libre \u00e0 diff\u00e9rentes formations qui m&rsquo;ont permis d&rsquo;approfondir [&hellip;]<\/p>\n","protected":false},"author":1,"featured_media":0,"parent":0,"menu_order":0,"comment_status":"closed","ping_status":"closed","template":"","meta":{"footnotes":""},"class_list":["post-5871","page","type-page","status-publish","hentry"],"publishpress_future_action":{"enabled":false,"date":"2026-04-30 12:12:25","action":"change-status","newStatus":"draft","terms":[],"taxonomy":"","extraData":[]},"publishpress_future_workflow_manual_trigger":{"enabledWorkflows":[]},"_links":{"self":[{"href":"https:\/\/suisse-fibromyalgie.ch\/de\/wp-json\/wp\/v2\/pages\/5871","targetHints":{"allow":["GET"]}}],"collection":[{"href":"https:\/\/suisse-fibromyalgie.ch\/de\/wp-json\/wp\/v2\/pages"}],"about":[{"href":"https:\/\/suisse-fibromyalgie.ch\/de\/wp-json\/wp\/v2\/types\/page"}],"author":[{"embeddable":true,"href":"https:\/\/suisse-fibromyalgie.ch\/de\/wp-json\/wp\/v2\/users\/1"}],"replies":[{"embeddable":true,"href":"https:\/\/suisse-fibromyalgie.ch\/de\/wp-json\/wp\/v2\/comments?post=5871"}],"version-history":[{"count":3,"href":"https:\/\/suisse-fibromyalgie.ch\/de\/wp-json\/wp\/v2\/pages\/5871\/revisions"}],"predecessor-version":[{"id":9067,"href":"https:\/\/suisse-fibromyalgie.ch\/de\/wp-json\/wp\/v2\/pages\/5871\/revisions\/9067"}],"wp:attachment":[{"href":"https:\/\/suisse-fibromyalgie.ch\/de\/wp-json\/wp\/v2\/media?parent=5871"}],"curies":[{"name":"wp","href":"https:\/\/api.w.org\/{rel}","templated":true}]}}