{"id":5642,"date":"2024-06-20T10:30:24","date_gmt":"2024-06-20T08:30:24","guid":{"rendered":"https:\/\/suisse-fibromyalgie.ch\/?page_id=5642"},"modified":"2024-06-21T13:38:19","modified_gmt":"2024-06-21T11:38:19","slug":"seminaire-ecriture-therapeutique-du-18-juin-2024","status":"publish","type":"page","link":"https:\/\/suisse-fibromyalgie.ch\/de\/seminaire-ecriture-therapeutique-du-18-juin-2024\/","title":{"rendered":"Seminar \"Therapeutisches Schreiben\" vom 15. Juni 2024"},"content":{"rendered":"<div data-elementor-type=\"wp-page\" data-elementor-id=\"5642\" class=\"elementor elementor-5642\" data-elementor-post-type=\"page\">\n\t\t\t\t\t\t<section class=\"elementor-section elementor-top-section elementor-element elementor-element-deae11b elementor-section-boxed elementor-section-height-default elementor-section-height-default\" data-id=\"deae11b\" data-element_type=\"section\" data-e-type=\"section\">\n\t\t\t\t\t\t<div class=\"elementor-container elementor-column-gap-default\">\n\t\t\t\t\t<div class=\"elementor-column elementor-col-100 elementor-top-column elementor-element elementor-element-b5d783b\" data-id=\"b5d783b\" data-element_type=\"column\" data-e-type=\"column\">\n\t\t\t<div class=\"elementor-widget-wrap elementor-element-populated\">\n\t\t\t\t\t\t<div class=\"elementor-element elementor-element-7253295 elementor-widget elementor-widget-heading\" data-id=\"7253295\" data-element_type=\"widget\" data-e-type=\"widget\" data-widget_type=\"heading.default\">\n\t\t\t\t<div class=\"elementor-widget-container\">\n\t\t\t\t\t<h2 class=\"elementor-heading-title elementor-size-default\">W\u00e4hrend des Seminars zum Thema \"Therapeutisches Schreiben\", das von der Schweizerischen Fibromyalgie-Vereinigung SFMV organisiert und von Frau Mauranne Etienne, Psychologin, geleitet wurde und am 15. Juni 2024 im Weinkeller \"Le Champagoux\" in Champagne stattfand.<br>\nEine Teilnehmerin hat einen wundersch\u00f6nen Text \u00fcber ein \"Einhorn\" geschrieben, den sie bereit war, mit Ihnen zu teilen.<\/h2>\t\t\t\t<\/div>\n\t\t\t\t<\/div>\n\t\t\t\t\t<\/div>\n\t\t<\/div>\n\t\t\t\t\t<\/div>\n\t\t<\/section>\n\t\t\t\t<section class=\"elementor-section elementor-top-section elementor-element elementor-element-faad180 elementor-section-boxed elementor-section-height-default elementor-section-height-default\" data-id=\"faad180\" data-element_type=\"section\" data-e-type=\"section\">\n\t\t\t\t\t\t<div class=\"elementor-container elementor-column-gap-default\">\n\t\t\t\t\t<div class=\"elementor-column elementor-col-100 elementor-top-column elementor-element elementor-element-906c4fd\" data-id=\"906c4fd\" data-element_type=\"column\" data-e-type=\"column\">\n\t\t\t<div class=\"elementor-widget-wrap elementor-element-populated\">\n\t\t\t\t\t\t<div class=\"elementor-element elementor-element-742d9a0 elementor-widget elementor-widget-image\" data-id=\"742d9a0\" data-element_type=\"widget\" data-e-type=\"widget\" data-widget_type=\"image.default\">\n\t\t\t\t<div class=\"elementor-widget-container\">\n\t\t\t\t\t\t\t\t\t\t\t\t\t\t\t<img fetchpriority=\"high\" decoding=\"async\" width=\"429\" height=\"325\" src=\"https:\/\/suisse-fibromyalgie.ch\/wp-content\/uploads\/Licorne.jpg\" class=\"attachment-large size-large wp-image-5643\" alt=\"\" srcset=\"https:\/\/suisse-fibromyalgie.ch\/wp-content\/uploads\/Licorne.jpg 429w, https:\/\/suisse-fibromyalgie.ch\/wp-content\/uploads\/Licorne-300x227.jpg 300w, https:\/\/suisse-fibromyalgie.ch\/wp-content\/uploads\/Licorne-16x12.jpg 16w\" sizes=\"(max-width: 429px) 100vw, 429px\" \/>\t\t\t\t\t\t\t\t\t\t\t\t\t\t\t<\/div>\n\t\t\t\t<\/div>\n\t\t\t\t\t<\/div>\n\t\t<\/div>\n\t\t\t\t\t<\/div>\n\t\t<\/section>\n\t\t\t\t<section class=\"elementor-section elementor-top-section elementor-element elementor-element-9a9826c elementor-section-boxed elementor-section-height-default elementor-section-height-default\" data-id=\"9a9826c\" data-element_type=\"section\" data-e-type=\"section\">\n\t\t\t\t\t\t<div class=\"elementor-container elementor-column-gap-default\">\n\t\t\t\t\t<div class=\"elementor-column elementor-col-100 elementor-top-column elementor-element elementor-element-dc54c54\" data-id=\"dc54c54\" data-element_type=\"column\" data-e-type=\"column\">\n\t\t\t<div class=\"elementor-widget-wrap elementor-element-populated\">\n\t\t\t\t\t\t<div class=\"elementor-element elementor-element-823d2dc elementor-widget elementor-widget-text-editor\" data-id=\"823d2dc\" data-element_type=\"widget\" data-e-type=\"widget\" data-widget_type=\"text-editor.default\">\n\t\t\t\t<div class=\"elementor-widget-container\">\n\t\t\t\t\t\t\t\t\t<p><em>Was ist das f\u00fcr eine Welt?<\/em><\/p><p>Das Einhornbaby f\u00fchlt sich eingeengt. In dem Ei, das es mehrere Monate lang so gut gesch\u00fctzt hat, muss es sich jetzt bewegen, sich strecken und entdecken, woher die Ger\u00e4usche kommen, die es durch die Schale wahrnimmt.<\/p><p>Sie st\u00f6\u00dft mit ihren Beinen, macht ihren R\u00fccken rund und benutzt ihr Horn, um diese Schale zu durchbrechen und sich schlie\u00dflich zu befreien.<br \/>Sie entdeckt als Erstes das Licht, das sie blendet und sie blinzeln l\u00e4sst, bis sie sich an die Helligkeit gew\u00f6hnt hat.<br \/>Dann kommen die ersten Gesten, frei von allen Fesseln. <br \/>Oh wie viel Platz sie hat, wie gut es ist, sich strecken und frei bewegen zu k\u00f6nnen!<\/p><p>Sie versucht, sich auf die Beine zu stellen, aber ... sie braucht ein bisschen Zeit, um das Gleichgewicht zu finden. Ihr Hinterteil macht ein paar Mal Bekanntschaft mit dem Boden, bevor sie endlich stehen kann.<\/p><p>Baby Einhorn entdeckt die M\u00f6glichkeit zu laufen und dann zu rennen, und es beginnt zu tollen, zu h\u00fcpfen, zu rennen; so viele m\u00f6gliche Bewegungen! so viele F\u00e4higkeiten, die es zu entdecken gilt!<\/p><p>Doch die Entdeckung h\u00f6rt nicht bei den eigenen inneren M\u00f6glichkeiten auf. Das Einhorn, das durch die in seiner Muschel eingeschlossene Tragezeit noch geschw\u00e4cht ist, m\u00f6chte diese Welt, von der es ein Teil ist, entdecken.<\/p><p>Sie beobachtet die Welt um sie herum und erblickt ein seltsames Wesen, das nur auf zwei Beinen steht! Wie seltsam! Auf zwei Beinen!<br \/>Voller Freude \u00fcber die M\u00f6glichkeit, mit jemandem in Kontakt zu treten, n\u00e4hert sie sich dem Zweibeiner. Sie studiert das neue Wesen, w\u00e4hrend sie in dessen Richtung herumtollt.<\/p><p>Voller Positivit\u00e4t und Geselligkeit wendet sie sich an den Zweibeiner und fragt ihn, wer er ist, was das f\u00fcr eine Welt ist, was diese farbenfrohen Gegenst\u00e4nde sind, die aus dem Boden ragen, woher diese Helligkeit kommt, die sie geblendet hat, als sie aus ihrem Ei geschl\u00fcpft ist.<\/p><p>Der Zweibeiner stellt sich vor: Ich bin ein Mensch, du bist ein Einhorn, es sind Blumen, die uns umgeben, die Sonne beleuchtet und w\u00e4rmt uns, und ihr lebt auf dem Planeten Erde.<br \/>Willkommen in unserer sch\u00f6nen Welt!<br \/>Und der Mensch umarmt das Einhorn, um ihm ... die Z\u00e4rtlichkeit n\u00e4her zu bringen.<\/p><p>\u00a0 \u00a0 \u00a0 \u00a0 \u00a0 \u00a0 \u00a0 \u00a0 \u00a0 \u00a0 \u00a0 \u00a0 \u00a0 \u00a0 \u00a0 \u00a0 \u00a0 \u00a0 \u00a0 \u00a0 \u00a0 \u00a0 \u00a0 \u00a0 \u00a0 \u00a0 \u00a0 \u00a0 \u00a0 \u00a0 \u00a0 \u00a0 \u00a0 \u00a0 \u00a0 \u00a0 \u00a0 \u00a0 \u00a0 \u00a0 \u00a0 \u00a0 \u00a0 \u00a0 \u00a0 \u00a0 \u00a0 \u00a0 \u00a0 \u00a0 Jacqueline<\/p>\t\t\t\t\t\t\t\t<\/div>\n\t\t\t\t<\/div>\n\t\t\t\t\t<\/div>\n\t\t<\/div>\n\t\t\t\t\t<\/div>\n\t\t<\/section>\n\t\t\t\t<\/div>","protected":false},"excerpt":{"rendered":"<p>Lors du s\u00e9minaire sur \u00ab\u00a0L&rsquo;\u00e9criture th\u00e9rapeutique\u00a0\u00bb organis\u00e9 par l\u2019Association Suisse des fibromyalgiques ASFM, et anim\u00e9 par Madame Mauranne Etienne, psychologue qui a eu lieu le 15 juin 2024 dans le [&hellip;]<\/p>\n","protected":false},"author":1,"featured_media":0,"parent":0,"menu_order":0,"comment_status":"closed","ping_status":"closed","template":"","meta":{"footnotes":""},"class_list":["post-5642","page","type-page","status-publish","hentry"],"publishpress_future_action":{"enabled":false,"date":"2026-05-14 01:49:06","action":"change-status","newStatus":"draft","terms":[],"taxonomy":"","extraData":[]},"publishpress_future_workflow_manual_trigger":{"enabledWorkflows":[]},"_links":{"self":[{"href":"https:\/\/suisse-fibromyalgie.ch\/de\/wp-json\/wp\/v2\/pages\/5642","targetHints":{"allow":["GET"]}}],"collection":[{"href":"https:\/\/suisse-fibromyalgie.ch\/de\/wp-json\/wp\/v2\/pages"}],"about":[{"href":"https:\/\/suisse-fibromyalgie.ch\/de\/wp-json\/wp\/v2\/types\/page"}],"author":[{"embeddable":true,"href":"https:\/\/suisse-fibromyalgie.ch\/de\/wp-json\/wp\/v2\/users\/1"}],"replies":[{"embeddable":true,"href":"https:\/\/suisse-fibromyalgie.ch\/de\/wp-json\/wp\/v2\/comments?post=5642"}],"version-history":[{"count":0,"href":"https:\/\/suisse-fibromyalgie.ch\/de\/wp-json\/wp\/v2\/pages\/5642\/revisions"}],"wp:attachment":[{"href":"https:\/\/suisse-fibromyalgie.ch\/de\/wp-json\/wp\/v2\/media?parent=5642"}],"curies":[{"name":"wp","href":"https:\/\/api.w.org\/{rel}","templated":true}]}}