{"id":5600,"date":"2024-06-11T17:16:30","date_gmt":"2024-06-11T15:16:30","guid":{"rendered":"https:\/\/suisse-fibromyalgie.ch\/?page_id=5600"},"modified":"2025-01-11T17:56:06","modified_gmt":"2025-01-11T16:56:06","slug":"jacques-valerie-therapie-bien-etre-sonotherapie","status":"publish","type":"page","link":"https:\/\/suisse-fibromyalgie.ch\/de\/jacques-valerie-therapie-bien-etre-sonotherapie\/","title":{"rendered":"Jaques Val\u00e9rie - Wellnesstherapie \"Sonotherapie\"."},"content":{"rendered":"<div data-elementor-type=\"wp-page\" data-elementor-id=\"5600\" class=\"elementor elementor-5600\" data-elementor-post-type=\"page\">\n\t\t\t\t\t\t<section class=\"elementor-section elementor-top-section elementor-element elementor-element-5643a8c elementor-section-boxed elementor-section-height-default elementor-section-height-default\" data-id=\"5643a8c\" data-element_type=\"section\" data-e-type=\"section\">\n\t\t\t\t\t\t<div class=\"elementor-container elementor-column-gap-default\">\n\t\t\t\t\t<div class=\"elementor-column elementor-col-50 elementor-top-column elementor-element elementor-element-c953588\" data-id=\"c953588\" data-element_type=\"column\" data-e-type=\"column\">\n\t\t\t<div class=\"elementor-widget-wrap elementor-element-populated\">\n\t\t\t\t\t\t<div class=\"elementor-element elementor-element-68ab1cb elementor-widget elementor-widget-image\" data-id=\"68ab1cb\" data-element_type=\"widget\" data-e-type=\"widget\" data-widget_type=\"image.default\">\n\t\t\t\t<div class=\"elementor-widget-container\">\n\t\t\t\t\t\t\t\t\t\t\t\t\t\t\t<img fetchpriority=\"high\" decoding=\"async\" width=\"493\" height=\"490\" src=\"https:\/\/suisse-fibromyalgie.ch\/wp-content\/uploads\/Jacques-Valerie.jpg\" class=\"attachment-medium_large size-medium_large wp-image-5601\" alt=\"\" srcset=\"https:\/\/suisse-fibromyalgie.ch\/wp-content\/uploads\/Jacques-Valerie.jpg 493w, https:\/\/suisse-fibromyalgie.ch\/wp-content\/uploads\/Jacques-Valerie-300x298.jpg 300w, https:\/\/suisse-fibromyalgie.ch\/wp-content\/uploads\/Jacques-Valerie-150x150.jpg 150w, https:\/\/suisse-fibromyalgie.ch\/wp-content\/uploads\/Jacques-Valerie-12x12.jpg 12w\" sizes=\"(max-width: 493px) 100vw, 493px\" \/>\t\t\t\t\t\t\t\t\t\t\t\t\t\t\t<\/div>\n\t\t\t\t<\/div>\n\t\t\t\t\t<\/div>\n\t\t<\/div>\n\t\t\t\t<div class=\"elementor-column elementor-col-50 elementor-top-column elementor-element elementor-element-d7d3abd\" data-id=\"d7d3abd\" data-element_type=\"column\" data-e-type=\"column\">\n\t\t\t<div class=\"elementor-widget-wrap elementor-element-populated\">\n\t\t\t\t\t\t<div class=\"elementor-element elementor-element-cdd1fa2 elementor-widget elementor-widget-text-editor\" data-id=\"cdd1fa2\" data-element_type=\"widget\" data-e-type=\"widget\" data-widget_type=\"text-editor.default\">\n\t\t\t\t<div class=\"elementor-widget-container\">\n\t\t\t\t\t\t\t\t\t<p class=\"\"><strong>Ich bin Valerie<\/strong>, Sonotherapeutin, Aromatherapeutin und Unternehmerin.<\/p><p class=\"\">Seit jeher bin ich von dieser Gewissheit getrieben, dass ich <strong>unser volles Potenzial, um Ver\u00e4nderungen herbeizuf\u00fchren und die eigene innere Freiheit zu erlangen. Dass alles Schwingung ist und wir Schwingung sind.<\/strong><\/p><p class=\"\">Heute m\u00f6chte ich im Rahmen meiner Begleitung Ihr volles Potenzial aussch\u00f6pfen. <strong>erwecken, aktivieren<\/strong> um Ihnen zu erm\u00f6glichen <strong>sich bewusst werden<\/strong> Ihrer inneren Dimension, der Werkzeuge, die Sie haben, um <strong>wagen Sie es, sich zu befreien.<\/strong><\/p><p class=\"\">Meine jahrelange Ausbildung, meine Forschung rund um das Gleichgewicht von K\u00f6rper, Geist und Seele und mein Lebensweg sind diejenigen, die es mir erm\u00f6glichen, in diesem Raum zu vermitteln.<\/p><p class=\"\">Meine Liebe zur traditionellen, ganzheitlichen und vibrierenden Medizin, zu den Neurowissenschaften und zur Quantenphysik ist die des Herzens. Es ist offensichtlich, dass sie nicht voneinander getrennt werden k\u00f6nnen, sondern in Verbindung gebracht werden m\u00fcssen, um eine synergetische Arbeit rund um das Sein zu erm\u00f6glichen.<\/p><p class=\"\"><strong><em>Der Prozess des Lebens ist ein Experimentieren. Es ist eine Reise mit sich selbst, die mit st\u00e4ndigen Ver\u00e4nderungen und Unvorhersehbarkeiten gef\u00fcllt ist.<\/em><\/strong><\/p><p class=\"\">Die mentale und emotionale \u00dcberlastung, die durch unsere heutigen Lebenskonditionierungen hervorgerufen wird, ist ein sehr pr\u00e4sentes Problem in unserer heutigen Gesellschaft. Unter dem Druck beruflicher, famili\u00e4rer und sozialer Verpflichtungen f\u00fchlt man sich leicht \u00fcberw\u00e4ltigt und \u00fcberfordert. Die st\u00e4ndigen Erwartungen an Erfolg, Produktivit\u00e4t und Perfektion k\u00f6nnen mittelfristig zu intensivem Stress f\u00fchren, der in seiner Behandlung zu schwerwiegenderen psychologischen Pathologien f\u00fchrt.<\/p><p class=\"\">Im Alltag angesichts der Unw\u00e4gbarkeiten des Augenblicks voll ausgerichtet zu bleiben, ist keine leichte Aufgabe. <strong>Manchmal brauchen wir nur eine INSPIRATION, um eine Pause einzulegen, eine Zeit des R\u00fcckzugs, die es uns erm\u00f6glicht, \u00fcber das Sichtbare hinaus zu sehen, um in unsere Mitte zur\u00fcckzukehren.<\/strong><\/p><p class=\"\">Durch Austausch, Frequenzen, Energien, Aromatherapie und Ber\u00fchrungen biete ich Ihnen an, Sie zu begleiten und Ihnen diesen Augenblick f\u00fcr sich selbst zu schenken, zu den Kl\u00e4ngen von Klangschalen, Instrumenten und Stimmgabeln, die uns die Klangtherapie bietet.<\/p><p class=\"\">In einem Raum, der der Raum des Beginns Ihrer neuen Frequenzen ist, verabrede ich mich mit Ihnen f\u00fcr die Einschiffung Ihres Augenblicks.<\/p>\t\t\t\t\t\t\t\t<\/div>\n\t\t\t\t<\/div>\n\t\t\t\t\t<\/div>\n\t\t<\/div>\n\t\t\t\t\t<\/div>\n\t\t<\/section>\n\t\t\t\t<section class=\"elementor-section elementor-top-section elementor-element elementor-element-085dee4 elementor-section-boxed elementor-section-height-default elementor-section-height-default\" data-id=\"085dee4\" data-element_type=\"section\" data-e-type=\"section\">\n\t\t\t\t\t\t<div class=\"elementor-container elementor-column-gap-default\">\n\t\t\t\t\t<div class=\"elementor-column elementor-col-50 elementor-top-column elementor-element elementor-element-fd354a9\" data-id=\"fd354a9\" data-element_type=\"column\" data-e-type=\"column\">\n\t\t\t<div class=\"elementor-widget-wrap elementor-element-populated\">\n\t\t\t\t\t\t<div class=\"elementor-element elementor-element-056f65c elementor-widget elementor-widget-text-editor\" data-id=\"056f65c\" data-element_type=\"widget\" data-e-type=\"widget\" data-widget_type=\"text-editor.default\">\n\t\t\t\t<div class=\"elementor-widget-container\">\n\t\t\t\t\t\t\t\t\t<ul>\n<li>Individuelle Pflege<\/li>\n<li>Gruppenunterricht am Donnerstagabend<\/li><li>Vorzugstarife f\u00fcr Mitglieder des SVFM<\/li>\n<\/ul>\t\t\t\t\t\t\t\t<\/div>\n\t\t\t\t<\/div>\n\t\t\t\t\t<\/div>\n\t\t<\/div>\n\t\t\t\t<div class=\"elementor-column elementor-col-50 elementor-top-column elementor-element elementor-element-f2fd1cd\" data-id=\"f2fd1cd\" data-element_type=\"column\" data-e-type=\"column\">\n\t\t\t<div class=\"elementor-widget-wrap elementor-element-populated\">\n\t\t\t\t\t\t<div class=\"elementor-element elementor-element-eb4a11b elementor-widget elementor-widget-text-editor\" data-id=\"eb4a11b\" data-element_type=\"widget\" data-e-type=\"widget\" data-widget_type=\"text-editor.default\">\n\t\t\t\t<div class=\"elementor-widget-container\">\n\t\t\t\t\t\t\t\t\t<p><a href=\"https:\/\/www.sonotherapieinspiration.com\/\" target=\"_blank\" rel=\"noopener\">Weitere Informationen finden Sie unter diesem Link<\/a><\/p>\t\t\t\t\t\t\t\t<\/div>\n\t\t\t\t<\/div>\n\t\t\t\t\t<\/div>\n\t\t<\/div>\n\t\t\t\t\t<\/div>\n\t\t<\/section>\n\t\t\t\t<\/div>","protected":false},"excerpt":{"rendered":"<p>Je suis Val\u00e9rie, sonoth\u00e9rapeute, aromath\u00e9rapeute et entrepreneuse. Depuis toujours, je suis anim\u00e9e par cette certitude de notre plein potentiel pour cr\u00e9er le changement et acc\u00e9der \u00e0 sa propre libert\u00e9 int\u00e9rieure. [&hellip;]<\/p>\n","protected":false},"author":1,"featured_media":0,"parent":0,"menu_order":0,"comment_status":"closed","ping_status":"closed","template":"","meta":{"footnotes":""},"class_list":["post-5600","page","type-page","status-publish","hentry"],"publishpress_future_action":{"enabled":false,"date":"2026-04-23 15:01:49","action":"change-status","newStatus":"draft","terms":[],"taxonomy":"","extraData":[]},"publishpress_future_workflow_manual_trigger":{"enabledWorkflows":[]},"_links":{"self":[{"href":"https:\/\/suisse-fibromyalgie.ch\/de\/wp-json\/wp\/v2\/pages\/5600","targetHints":{"allow":["GET"]}}],"collection":[{"href":"https:\/\/suisse-fibromyalgie.ch\/de\/wp-json\/wp\/v2\/pages"}],"about":[{"href":"https:\/\/suisse-fibromyalgie.ch\/de\/wp-json\/wp\/v2\/types\/page"}],"author":[{"embeddable":true,"href":"https:\/\/suisse-fibromyalgie.ch\/de\/wp-json\/wp\/v2\/users\/1"}],"replies":[{"embeddable":true,"href":"https:\/\/suisse-fibromyalgie.ch\/de\/wp-json\/wp\/v2\/comments?post=5600"}],"version-history":[{"count":3,"href":"https:\/\/suisse-fibromyalgie.ch\/de\/wp-json\/wp\/v2\/pages\/5600\/revisions"}],"predecessor-version":[{"id":7599,"href":"https:\/\/suisse-fibromyalgie.ch\/de\/wp-json\/wp\/v2\/pages\/5600\/revisions\/7599"}],"wp:attachment":[{"href":"https:\/\/suisse-fibromyalgie.ch\/de\/wp-json\/wp\/v2\/media?parent=5600"}],"curies":[{"name":"wp","href":"https:\/\/api.w.org\/{rel}","templated":true}]}}