{"id":264,"date":"2014-11-01T14:41:42","date_gmt":"2014-11-01T13:41:42","guid":{"rendered":"http:\/\/wordpress\/2014\/11\/01\/charte-reseaux-sociaux\/"},"modified":"2025-01-18T15:16:44","modified_gmt":"2025-01-18T14:16:44","slug":"charte-reseaux-sociaux","status":"publish","type":"page","link":"https:\/\/suisse-fibromyalgie.ch\/de\/charte-reseaux-sociaux\/","title":{"rendered":"Charta f\u00fcr soziale Netzwerke"},"content":{"rendered":"<div data-elementor-type=\"wp-page\" data-elementor-id=\"264\" class=\"elementor elementor-264\" data-elementor-post-type=\"page\">\n\t\t\t\t\t\t<section class=\"elementor-section elementor-top-section elementor-element elementor-element-193eaa1 elementor-section-boxed elementor-section-height-default elementor-section-height-default\" data-id=\"193eaa1\" data-element_type=\"section\" data-e-type=\"section\">\n\t\t\t\t\t\t<div class=\"elementor-container elementor-column-gap-default\">\n\t\t\t\t\t<div class=\"elementor-column elementor-col-100 elementor-top-column elementor-element elementor-element-5ef4244\" data-id=\"5ef4244\" data-element_type=\"column\" data-e-type=\"column\">\n\t\t\t<div class=\"elementor-widget-wrap elementor-element-populated\">\n\t\t\t\t\t\t<div class=\"elementor-element elementor-element-a8cbc03 elementor-widget elementor-widget-text-editor\" data-id=\"a8cbc03\" data-element_type=\"widget\" data-e-type=\"widget\" data-widget_type=\"text-editor.default\">\n\t\t\t\t<div class=\"elementor-widget-container\">\n\t\t\t\t\t\t\t\t\t<h1>Charta zur Nutzung von sozialen Netzwerken der Schweizerischen Fibromyalgie-Vereinigung<\/h1>\t\t\t\t\t\t\t\t<\/div>\n\t\t\t\t<\/div>\n\t\t\t\t<div class=\"elementor-element elementor-element-c17e974 elementor-widget elementor-widget-text-editor\" data-id=\"c17e974\" data-element_type=\"widget\" data-e-type=\"widget\" data-widget_type=\"text-editor.default\">\n\t\t\t\t<div class=\"elementor-widget-container\">\n\t\t\t\t\t\t\t\t\t<p>Die vorliegende Charta der Schweizerischen Fibromyalgie-Vereinigung (nachfolgend SFMV) versteht sich als ein System von Grunds\u00e4tzen f\u00fcr die Nutzung jeder Website, die eine gemeinschaftliche Plattform f\u00fcr Dienstleistungen anbietet, nachfolgend \"soziales Netzwerk\" genannt. Sie legt die Bedingungen f\u00fcr die Nutzung von Konten fest, die dort im Namen der SVFM und ihrer Selbsthilfegruppen er\u00f6ffnet werden. Sie betrifft nicht die pers\u00f6nlichen Konten der Mitglieder des Verbandes. Sie gilt hingegen:<\/p><ul><li>Konten von nat\u00fcrlichen oder juristischen Personen, die als Vertreter des SVFM auftreten (z.B. ein Konto auf den Namen des \"Pr\u00e4sidenten des SVFM\"),<\/li><li>zu den offiziellen Konten des Vereins andererseits.<\/li><\/ul><p>Die Pr\u00e4senz des SVFM in sozialen Netzwerken ist Teil der Aktivit\u00e4ten des Verbandes. In diesem Sinne richtet sie sich dort nach den Werten, Zielen und Grunds\u00e4tzen, wie sie insbesondere in den Statuten des Verbandes festgelegt sind.<\/p><h1>1. Zweck<\/h1><p>Der Verein vereint Menschen mit und ohne Fibromyalgie, die unabh\u00e4ngig von ihrer Ausdrucksweise zur Verbesserung und Verbreitung des Wissens \u00fcber das Syndrom, der Fortschritte in Wissenschaft und Forschung, der Informationen \u00fcber bestehende oder in der Entwicklung befindliche wirksame Behandlungsmethoden, der Erfahrungen von Betroffenen und deren Umfeld, der M\u00f6glichkeiten, gut mit Fibromyalgie zu leben, sowie aller anderen Informationen, die in irgendeiner Weise mit Fibromyalgie zu tun haben, beitragen.<\/p><p>Um dies zu erreichen, verbreitet der Verband Informationen mit den ihm zur Verf\u00fcgung stehenden Mitteln, macht seine Mitglieder bei interessierten Stellen bekannt, informiert seine Mitglieder \u00fcber Ereignisse, Probleme und L\u00f6sungen, von denen er Kenntnis hat, und wirkt mit geeigneten Mitteln darauf hin, dass die Medien in seinen Aktionsbereichen rigorose Informationen liefern.<\/p><p>Die Vereinigung versteht sich als Vermittler. Sie bem\u00fcht sich, die Verbreitung von Informationen zu organisieren und will alle Akteure in diesem medizinischen Bereich miteinander in Verbindung bringen, seien es offizielle Stellen, Krankenh\u00e4user, Forschungszentren, Verb\u00e4nde oder Einzelpersonen, um die Fibromyalgie bekannter zu machen und Synergien entstehen zu lassen, die die Forschung voranbringen.<\/p><p>Ihre Aktivit\u00e4ten in sozialen Netzwerken verfolgen die gleichen Ziele.<\/p><h1>2. Verwaltung<\/h1><p>Der Verbandsvorstand vergewissert sich, dass die Buchf\u00fchrung mit den im SVFM geltenden Regeln \u00fcbereinstimmt. Stellt er eine Abweichung fest, trifft er die Entscheidungen, die er f\u00fcr notwendig erachtet, um diese zu korrigieren.<\/p><p>Jedes Konto wird von einem oder mehreren Mitgliedern des Vereins verwaltet, die im Folgenden als \"Administrator(en)\" des jeweiligen Kontos bezeichnet werden.<\/p><p>W\u00e4hrend der Dauer seines Mandats ist jedes Vorstandsmitglied des SVFM, vorbehaltlich der Einhaltung der Funktionsregeln, von Rechts wegen Verwalter der offiziellen Konten des Verbands. Dieser Status wird ihm auf Antrag zuerkannt. Der Vorstand kann diesen Status auch jedem Mitglied des Verbandes, das seine Beitr\u00e4ge ordnungsgem\u00e4ss bezahlt hat, als R\u00fccktritt gew\u00e4hren.<\/p><p>Da es sich um eine juristische oder nat\u00fcrliche Person handelt, die als Vertreter des Verbandes handelt, unterliegt die Verwaltung ihres Kontos ihrer Verantwortung und der Aufsicht des Vorstandes des SVFM.<\/p><p>Die Konten haben einen \u00f6ffentlichen Charakter. Sie d\u00fcrfen unter keinen Umst\u00e4nden f\u00fcr pers\u00f6nliche Zwecke verwendet werden und es besteht eine Pflicht zur Zur\u00fcckhaltung in Bezug auf das interne Leben des Vereins.<\/p><h1>3. Beitr\u00e4ge<\/h1><p>Nur die Administratoren eines Kontos nutzen es, um Inhalte zu ver\u00f6ffentlichen. Ihre Beitr\u00e4ge sind in einem kurzen Format, in einer g\u00e4ngigen, verst\u00e4ndlichen Sprache verfasst und halten sich an die Kommunikationscodes des jeweiligen sozialen Netzwerks. Wenn m\u00f6glich, wird der Ursprung einer Information angegeben und ein Link zu einer Website gesetzt.<\/p><p>Beitr\u00e4ge und Kommentare m\u00fcssen h\u00f6flich, respektvoll und offen sein, was jedoch nicht ausschlie\u00dft, dass Sie Ihre Meinung mit \u00dcberzeugung \u00e4u\u00dfern. Verboten sind u. a. Beitr\u00e4ge:<\/p><ul><li>Beleidigend, rassistisch, fremdenfeindlich, diffamierend, verleumderisch, beleidigend, aggressiv, pornografisch, p\u00e4dophil oder obsz\u00f6n;<\/li><li>eine Einzelperson oder eine Gruppe aufgrund ihres Geschlechts, ihrer Rasse, ihrer Herkunft, ihrer Religion, ihrer Behinderung, ihres Alters oder ihrer sexuellen Ausrichtung explizit oder durch Anspielung angreifen oder herabw\u00fcrdigen;<\/li><li>zu Hass, Gewalt, Selbstmord, Holocaustleugnung, Diskriminierung oder zur Verherrlichung eines Kriegsverbrechens oder eines Verbrechens gegen die Menschlichkeit aufrufen;<\/li><li>die die Privatsph\u00e4re verletzen oder pers\u00f6nliche Kontaktdaten nennen ;<\/li><li>mit kommerziellem Charakter ;<\/li><li>Die meisten von ihnen sind nicht parteiisch oder politisch gebunden;<\/li><li>irrelevant, unverst\u00e4ndlich oder wiederholend ;<\/li><li>gegen die Gesetzgebung versto\u00dfen, insbesondere gegen das Urheberrecht oder das Recht am eigenen Bild.<\/li><\/ul><h1>4. Name und Logo des SVFM<\/h1><p>Der Name und das Logo des SVFM d\u00fcrfen nur im strikten Rahmen der Verfolgung der Ziele des Verbandes verwendet werden. Sie d\u00fcrfen nicht f\u00fcr andere Zwecke missbraucht werden.<\/p><p>Die Verwendung des Namens und des Logos des SVFM ist den Organen des Verbandes und den Selbsthilfegruppen nach Freigabe durch den Vorstand oder seinen Vertreter vorbehalten. Jede andere Verwendung ist nicht erlaubt.<\/p><p>Es wird nur das offizielle Logo des SVFM verwendet, um sein urspr\u00fcngliches Aussehen, so wie es bekannt ist, zu erhalten. Kopien oder Reproduktionen sind verboten, da sie nicht geeignet sind, ein seri\u00f6ses Bild des SVFM zu vermitteln. Das offizielle Logo wird von der Gesch\u00e4ftsstelle des Verbandes nach Freigabe durch den Pr\u00e4sidenten oder ein Mitglied des Vorstandes zur Verf\u00fcgung gestellt.<\/p><p>Der Name und das Logo des SVFM werden immer allein verwendet und nicht mit anderen Gruppen oder Einzelpersonen in Verbindung gebracht. So werden Konten in sozialen Netzwerken immer mit dem Namen des Verbandes selbst und seinem Logo oder mit dem Namen einer Selbsthilfegruppe und dem Logo des Verbandes betitelt.<\/p><h1>5. Modell<\/h1><p>Der Vereinsvorstand legt die Vorlage fest, die f\u00fcr die Erstellung eines Kontos in einem sozialen Netzwerk verwendet werden soll. Diese Vorlage muss sowohl in der Form als auch im Layout und in den verwendeten Schriftarten genau eingehalten werden. Gegebenenfalls erstellt der SVFM ein Canvas oder eine Vorlage, die kopiert werden kann.<\/p><h1>6. Fotografien<\/h1><p>\u00a0Ein Foto kann verbreitet werden, wenn<\/p><ul><li data-mce-word-list=\"1\">sie ist frei von Rechten Dritter oder der Autor hat seine Zustimmung gegeben, wobei sein Name oder Pseudonym gem\u00e4\u00df den von ihm gemachten Angaben angegeben wird;<\/li><li data-mce-word-list=\"1\">identifizierbare Personen ihre Zustimmung gegeben haben oder in einer offiziellen \u00f6ffentlichen Funktion fotografiert wurden, wobei Personen, die von hinten fotografiert werden, nicht als identifizierbar gelten.<\/li><\/ul><p>Jede Person, die auf einem ver\u00f6ffentlichten Foto erkennbar ist, kann bei einem Administrator des betreffenden Kontos die Entfernung des Fotos beantragen. Die Entfernung darf ihr dann nicht verweigert werden.<\/p><p>Ein Foto darf unter keinen Umst\u00e4nden getaggt werden. Weder die Identit\u00e4t noch das pers\u00f6nliche Konto einer Person d\u00fcrfen auf dem Bild vermerkt werden.<\/p><h1>7. Facebook<\/h1><p>Die Nutzung von Facebook unterliegt den Regeln, die in den Punkten 1 bis 4 dieser Charta festgelegt sind. Eine Seite im Namen des SVFM ist f\u00fcr jeden Internetnutzer, der die von Facebook geforderten Bedingungen erf\u00fcllt, frei zug\u00e4nglich.<\/p><p>Das Konto eines Mitglieds wird als privat angesehen und darf nicht weitergeleitet werden. Die Facebook-Seite eines Mitglieds hingegen gilt als \u00f6ffentlich und kann daher weitergeleitet werden, sofern sie ein Thema behandelt, das mit den Zielen des Vereins \u00fcbereinstimmt.<\/p><p>Facebook wird als Schaufenster genutzt, um ausschlie\u00dflich Informationen \u00fcber den SVFM zu verbreiten. Es k\u00f6nnen also Elemente \u00fcber verbreitet werden:<\/p><ul><li>Nachrichten \u00fcber die Organisation, wie z. B. ein Artikel auf ihrer Website, die Ank\u00fcndigung einer von ihr organisierten Veranstaltung, Fotos von einer von ihr organisierten Veranstaltung oder andere Elemente des Vereinslebens, die \u00f6ffentlich zug\u00e4nglich gemacht werden k\u00f6nnen;<\/li><li>ein Projekt der Vereinigung, wie z. B. ein Aufruf zu Zeugenaussagen, eine Umfrage oder andere Elemente, die die Durchf\u00fchrung eines Projekts der Vereinigung erleichtern;<\/li><li>Aktuelles von einem Mitglied der Vereinigung, wie die Ver\u00f6ffentlichung eines Buches, die Organisation einer Ausstellung, die Ver\u00f6ffentlichung eines Artikels auf der eigenen Website, einem Blog oder in einem sozialen Netzwerk, oder jegliche Aktualit\u00e4t eines Mitglieds, die mit den Interessen des Mitglieds und dem Zweck der Vereinigung \u00fcbereinstimmt;<\/li><li>der Beitritt eines neuen Mitglieds oder eines assoziierten Mitglieds zur Vereinigung, wobei nur sein Name, seine Aktivit\u00e4t und ein Link zu einer Website, einem Blog oder einem sozialen Netzwerk, die seine Arbeit aufwerten, im Rahmen des Zwecks der Vereinigung angegeben werden d\u00fcrfen.<\/li><\/ul><p>Im weiteren Sinne k\u00f6nnen Administratoren als Favoriten markieren (\"<em>liken<\/em>\") oder die Facebook-Seite oder ein von Dritten ver\u00f6ffentlichtes Element unter denselben Bedingungen weiterleiten.<\/p><h1>8. Twitter<\/h1><p>Die Nutzung von Twitter unterliegt den Regeln, die in den Punkten 1 bis 4 dieser Charta festgelegt sind. Ein Feed im Namen des SVFM ist f\u00fcr jeden Internetnutzer, der die von Twitter geforderten Bedingungen erf\u00fcllt, frei zug\u00e4nglich.<\/p><p>Der Twitter-Feed eines Mitglieds gilt als \u00f6ffentlich und kann daher weitergeleitet werden, sofern er ein Thema behandelt, das mit dem Zweck des Vereins \u00fcbereinstimmt.<\/p><p>Twitter wird als Informationskanal f\u00fcr Themen verwendet, die mit dem Zweck der Organisation \u00fcbereinstimmen. Es k\u00f6nnen also Elemente \u00fcber verbreitet werden:<\/p><ul><li>Nachrichten \u00fcber die Organisation, wie z. B. ein Artikel auf ihrer Website, die Ank\u00fcndigung einer von ihr organisierten Veranstaltung, Fotos von einer von ihr organisierten Veranstaltung oder andere Elemente des Vereinslebens, die \u00f6ffentlich zug\u00e4nglich gemacht werden k\u00f6nnen;<\/li><li>ein Projekt der Vereinigung, wie z. B. ein Aufruf zu Zeugenaussagen, eine Umfrage oder andere Elemente, die die Durchf\u00fchrung eines Projekts der Vereinigung erleichtern;<\/li><li>Aktuelles von einem Mitglied der Vereinigung, wie die Ver\u00f6ffentlichung eines Buches, die Organisation einer Ausstellung, die Ver\u00f6ffentlichung eines Artikels auf der eigenen Website, einem Blog oder in einem sozialen Netzwerk, oder jegliche Aktualit\u00e4t eines Mitglieds, die mit den Interessen des Mitglieds und dem Zweck der Vereinigung \u00fcbereinstimmt;<\/li><\/ul><ul><li data-mce-word-list=\"1\">der Beitritt eines neuen Mitglieds oder eines assoziierten Mitglieds zur Vereinigung, wobei nur sein Name, seine Aktivit\u00e4t und ein Link zu einer Website, einem Blog oder einem sozialen Netzwerk, die seine Arbeit aufwerten, im Rahmen des Zwecks der Vereinigung angegeben werden d\u00fcrfen;<\/li><li data-mce-word-list=\"1\">\u00c4u\u00dferungen, die bei \u00f6ffentlichen Veranstaltungen im Zusammenhang mit dem Zweck des Vereins gemacht wurden, oder Tatsachen, die sich dort ereignet haben;<\/li><li data-mce-word-list=\"1\">Aktuelles zum Thema Fibromyalgie, indem Sie \u00fcber eine offizielle Quelle (institutionelle Einrichtungen, medizinische Fachkreise, Verb\u00e4nde usw.), einen in der Branche anerkannten Titel oder eine qualifizierte Pers\u00f6nlichkeit berichten.<\/li><\/ul><p>Im weiteren Sinne k\u00f6nnen Administratoren unter denselben Bedingungen einem Konto folgen oder eine Nachricht weiterleiten (\"retweeten\").<\/p>\t\t\t\t\t\t\t\t<\/div>\n\t\t\t\t<\/div>\n\t\t\t\t<div class=\"elementor-element elementor-element-c6e75bb elementor-widget-divider--view-line elementor-widget elementor-widget-divider\" data-id=\"c6e75bb\" data-element_type=\"widget\" data-e-type=\"widget\" data-widget_type=\"divider.default\">\n\t\t\t\t<div class=\"elementor-widget-container\">\n\t\t\t\t\t\t\t<div class=\"elementor-divider\">\n\t\t\t<span class=\"elementor-divider-separator\">\n\t\t\t\t\t\t<\/span>\n\t\t<\/div>\n\t\t\t\t\t\t<\/div>\n\t\t\t\t<\/div>\n\t\t\t\t<div class=\"elementor-element elementor-element-a0e5d02 elementor-widget elementor-widget-text-editor\" data-id=\"a0e5d02\" data-element_type=\"widget\" data-e-type=\"widget\" data-widget_type=\"text-editor.default\">\n\t\t\t\t<div class=\"elementor-widget-container\">\n\t\t\t\t\t\t\t\t\t<p>Diese Charta wurde im Oktober 2014 vom Vorstand der Schweizerischen FibroMyalgie-Vereinigung best\u00e4tigt.<\/p>\t\t\t\t\t\t\t\t<\/div>\n\t\t\t\t<\/div>\n\t\t\t\t\t<\/div>\n\t\t<\/div>\n\t\t\t\t\t<\/div>\n\t\t<\/section>\n\t\t\t\t<\/div>","protected":false},"excerpt":{"rendered":"<p>Charte d\u2019utilisation des r\u00e9seaux sociaux de l\u2019association suisse des fibromyalgiques La pr\u00e9sente charte de l\u2019Association suisse des fibromyalgiques (ci-apr\u00e8s ASFM) se veut un syst\u00e8me de principes pour guider l\u2019utilisation de [&hellip;]<\/p>\n","protected":false},"author":1,"featured_media":0,"parent":0,"menu_order":18,"comment_status":"open","ping_status":"open","template":"","meta":{"footnotes":""},"class_list":["post-264","page","type-page","status-publish","hentry"],"publishpress_future_action":{"enabled":false,"date":"2026-05-11 21:06:21","action":"change-status","newStatus":"draft","terms":[],"taxonomy":"","extraData":[]},"publishpress_future_workflow_manual_trigger":{"enabledWorkflows":[]},"_links":{"self":[{"href":"https:\/\/suisse-fibromyalgie.ch\/de\/wp-json\/wp\/v2\/pages\/264","targetHints":{"allow":["GET"]}}],"collection":[{"href":"https:\/\/suisse-fibromyalgie.ch\/de\/wp-json\/wp\/v2\/pages"}],"about":[{"href":"https:\/\/suisse-fibromyalgie.ch\/de\/wp-json\/wp\/v2\/types\/page"}],"author":[{"embeddable":true,"href":"https:\/\/suisse-fibromyalgie.ch\/de\/wp-json\/wp\/v2\/users\/1"}],"replies":[{"embeddable":true,"href":"https:\/\/suisse-fibromyalgie.ch\/de\/wp-json\/wp\/v2\/comments?post=264"}],"version-history":[{"count":6,"href":"https:\/\/suisse-fibromyalgie.ch\/de\/wp-json\/wp\/v2\/pages\/264\/revisions"}],"predecessor-version":[{"id":7853,"href":"https:\/\/suisse-fibromyalgie.ch\/de\/wp-json\/wp\/v2\/pages\/264\/revisions\/7853"}],"wp:attachment":[{"href":"https:\/\/suisse-fibromyalgie.ch\/de\/wp-json\/wp\/v2\/media?parent=264"}],"curies":[{"name":"wp","href":"https:\/\/api.w.org\/{rel}","templated":true}]}}