{"id":233,"date":"2013-08-06T15:54:07","date_gmt":"2013-08-06T13:54:07","guid":{"rendered":"http:\/\/wordpress\/2013\/08\/06\/administration\/"},"modified":"2025-04-15T14:23:48","modified_gmt":"2025-04-15T12:23:48","slug":"administration","status":"publish","type":"page","link":"https:\/\/suisse-fibromyalgie.ch\/de\/administration\/","title":{"rendered":"Sekretariat \/ Vorstand"},"content":{"rendered":"<div data-elementor-type=\"wp-page\" data-elementor-id=\"233\" class=\"elementor elementor-233\" data-elementor-post-type=\"page\">\n\t\t\t\t\t\t<section class=\"elementor-section elementor-top-section elementor-element elementor-element-27cd672 elementor-section-boxed elementor-section-height-default elementor-section-height-default\" data-id=\"27cd672\" data-element_type=\"section\" data-e-type=\"section\">\n\t\t\t\t\t\t<div class=\"elementor-container elementor-column-gap-default\">\n\t\t\t\t\t<div class=\"elementor-column elementor-col-100 elementor-top-column elementor-element elementor-element-0599b13\" data-id=\"0599b13\" data-element_type=\"column\" data-e-type=\"column\">\n\t\t\t<div class=\"elementor-widget-wrap elementor-element-populated\">\n\t\t\t\t\t\t<div class=\"elementor-element elementor-element-961b462 elementor-widget elementor-widget-image\" data-id=\"961b462\" data-element_type=\"widget\" data-e-type=\"widget\" data-widget_type=\"image.default\">\n\t\t\t\t<div class=\"elementor-widget-container\">\n\t\t\t\t\t\t\t\t\t\t\t\t\t\t\t<img fetchpriority=\"high\" decoding=\"async\" width=\"2560\" height=\"1440\" src=\"https:\/\/suisse-fibromyalgie.ch\/wp-content\/uploads\/Organigramme-comite-ASFM-2025-scaled.jpg\" class=\"attachment-full size-full wp-image-8382\" alt=\"\" srcset=\"https:\/\/suisse-fibromyalgie.ch\/wp-content\/uploads\/Organigramme-comite-ASFM-2025-scaled.jpg 2560w, https:\/\/suisse-fibromyalgie.ch\/wp-content\/uploads\/Organigramme-comite-ASFM-2025-300x169.jpg 300w, https:\/\/suisse-fibromyalgie.ch\/wp-content\/uploads\/Organigramme-comite-ASFM-2025-1024x576.jpg 1024w, https:\/\/suisse-fibromyalgie.ch\/wp-content\/uploads\/Organigramme-comite-ASFM-2025-768x432.jpg 768w, https:\/\/suisse-fibromyalgie.ch\/wp-content\/uploads\/Organigramme-comite-ASFM-2025-1536x864.jpg 1536w, https:\/\/suisse-fibromyalgie.ch\/wp-content\/uploads\/Organigramme-comite-ASFM-2025-2048x1152.jpg 2048w, https:\/\/suisse-fibromyalgie.ch\/wp-content\/uploads\/Organigramme-comite-ASFM-2025-18x10.jpg 18w\" sizes=\"(max-width: 2560px) 100vw, 2560px\" \/>\t\t\t\t\t\t\t\t\t\t\t\t\t\t\t<\/div>\n\t\t\t\t<\/div>\n\t\t\t\t\t<\/div>\n\t\t<\/div>\n\t\t\t\t\t<\/div>\n\t\t<\/section>\n\t\t\t\t<section class=\"elementor-section elementor-top-section elementor-element elementor-element-9ffc97c elementor-section-boxed elementor-section-height-default elementor-section-height-default\" data-id=\"9ffc97c\" data-element_type=\"section\" data-e-type=\"section\">\n\t\t\t\t\t\t<div class=\"elementor-container elementor-column-gap-default\">\n\t\t\t\t\t<div class=\"elementor-column elementor-col-100 elementor-top-column elementor-element elementor-element-c207df8\" data-id=\"c207df8\" data-element_type=\"column\" data-e-type=\"column\">\n\t\t\t<div class=\"elementor-widget-wrap elementor-element-populated\">\n\t\t\t\t\t\t<div class=\"elementor-element elementor-element-c213994 elementor-widget elementor-widget-text-editor\" data-id=\"c213994\" data-element_type=\"widget\" data-e-type=\"widget\" data-widget_type=\"text-editor.default\">\n\t\t\t\t<div class=\"elementor-widget-container\">\n\t\t\t\t\t\t\t\t\t<p><strong>Das Organigramm des Komitees wurde auf eine einzige Zeile und nach der Reihenfolge der Aufnahme in das Komitee neu gestaltet und nicht wie zuvor nach der Titeletage. Denn f\u00fcr mich ist es sehr wichtig, dass alle auf der gleichen Ebene sind.<\/strong><\/p><p><strong>Wie ich bei meiner ersten Vorstandssitzung als Pr\u00e4sident am 12. Dezember 2023 sagte, trage ich den Titel, weil es einen Titel braucht, aber der Vorstand ist ein Team und alle Mitglieder sind mit ihrem Wissen, ihren F\u00e4higkeiten und ihren Ideen gleichberechtigt.<\/strong><\/p><p><strong>Nur so schaffen wir es, f\u00fcr Sie, unsere lieben Mitglieder, etwas zu bewegen!<\/strong><\/p>\t\t\t\t\t\t\t\t<\/div>\n\t\t\t\t<\/div>\n\t\t\t\t\t<\/div>\n\t\t<\/div>\n\t\t\t\t\t<\/div>\n\t\t<\/section>\n\t\t\t\t<section class=\"elementor-section elementor-top-section elementor-element elementor-element-4109228 elementor-section-boxed elementor-section-height-default elementor-section-height-default\" data-id=\"4109228\" data-element_type=\"section\" data-e-type=\"section\">\n\t\t\t\t\t\t<div class=\"elementor-container elementor-column-gap-default\">\n\t\t\t\t\t<div class=\"elementor-column elementor-col-100 elementor-top-column elementor-element elementor-element-d01bbca\" data-id=\"d01bbca\" data-element_type=\"column\" data-e-type=\"column\">\n\t\t\t<div class=\"elementor-widget-wrap elementor-element-populated\">\n\t\t\t\t\t\t<div class=\"elementor-element elementor-element-7b28f4a elementor-widget-divider--view-line elementor-widget elementor-widget-divider\" data-id=\"7b28f4a\" data-element_type=\"widget\" data-e-type=\"widget\" data-widget_type=\"divider.default\">\n\t\t\t\t<div class=\"elementor-widget-container\">\n\t\t\t\t\t\t\t<div class=\"elementor-divider\">\n\t\t\t<span class=\"elementor-divider-separator\">\n\t\t\t\t\t\t<\/span>\n\t\t<\/div>\n\t\t\t\t\t\t<\/div>\n\t\t\t\t<\/div>\n\t\t\t\t\t<\/div>\n\t\t<\/div>\n\t\t\t\t\t<\/div>\n\t\t<\/section>\n\t\t\t\t<section class=\"elementor-section elementor-top-section elementor-element elementor-element-7c04765 elementor-section-boxed elementor-section-height-default elementor-section-height-default\" data-id=\"7c04765\" data-element_type=\"section\" data-e-type=\"section\">\n\t\t\t\t\t\t<div class=\"elementor-container elementor-column-gap-default\">\n\t\t\t\t\t<div class=\"elementor-column elementor-col-100 elementor-top-column elementor-element elementor-element-2600558\" data-id=\"2600558\" data-element_type=\"column\" data-e-type=\"column\">\n\t\t\t<div class=\"elementor-widget-wrap elementor-element-populated\">\n\t\t\t\t\t\t<div class=\"elementor-element elementor-element-8f51a83 elementor-widget elementor-widget-text-editor\" data-id=\"8f51a83\" data-element_type=\"widget\" data-e-type=\"widget\" data-widget_type=\"text-editor.default\">\n\t\t\t\t<div class=\"elementor-widget-container\">\n\t\t\t\t\t\t\t\t\t<h5><strong>Der Vorstand hat viele wunderbare Projekte, um den Fortbestand und die Entwicklung des SVFM zu sichern. Um den reibungslosen Ablauf dieser Projekte zu gew\u00e4hrleisten, ben\u00f6tigen wir ehrenamtliche Kr\u00e4fte, die uns helfen, unsere Mitglieder zu unterst\u00fctzen und unsere Leistungen zu verbessern.<\/strong><\/h5><h5><strong>Wenn Sie ein paar Stunden pro Woche oder pro Monat zur Verf\u00fcgung haben und eine gute Sache unterst\u00fctzen m\u00f6chten, indem Sie in das Komitee eintreten oder es unterst\u00fctzen, z\u00f6gern Sie nicht, mich zu kontaktieren.<\/strong><\/h5><h5><strong>Ich stehe Ihnen zur Verf\u00fcgung, entweder per E-Mail an\u00a0<\/strong><a href=\"mailto:philippe.schupbach@suisse-fibromyalgie.ch\" target=\"_blank\" rel=\"noopener\">philippe.schupbach@suisse-fibromyalgie.ch<\/a> oder per Telefon unter 0763223316.<\/h5>\t\t\t\t\t\t\t\t<\/div>\n\t\t\t\t<\/div>\n\t\t\t\t\t<\/div>\n\t\t<\/div>\n\t\t\t\t\t<\/div>\n\t\t<\/section>\n\t\t\t\t<\/div>","protected":false},"excerpt":{"rendered":"<p>L\u2019organigramme du comit\u00e9 a \u00e9t\u00e9 refait sur une seule ligne et par ordre d&rsquo;arriv\u00e9e dans le comit\u00e9, et non par \u00e9tage des titres comme auparavant. Car, pour moi, il est [&hellip;]<\/p>\n","protected":false},"author":1,"featured_media":228,"parent":0,"menu_order":12,"comment_status":"open","ping_status":"open","template":"","meta":{"footnotes":""},"class_list":["post-233","page","type-page","status-publish","has-post-thumbnail","hentry"],"publishpress_future_action":{"enabled":false,"date":"2026-05-21 21:29:16","action":"change-status","newStatus":"draft","terms":[],"taxonomy":"","extraData":[]},"publishpress_future_workflow_manual_trigger":{"enabledWorkflows":[]},"_links":{"self":[{"href":"https:\/\/suisse-fibromyalgie.ch\/de\/wp-json\/wp\/v2\/pages\/233","targetHints":{"allow":["GET"]}}],"collection":[{"href":"https:\/\/suisse-fibromyalgie.ch\/de\/wp-json\/wp\/v2\/pages"}],"about":[{"href":"https:\/\/suisse-fibromyalgie.ch\/de\/wp-json\/wp\/v2\/types\/page"}],"author":[{"embeddable":true,"href":"https:\/\/suisse-fibromyalgie.ch\/de\/wp-json\/wp\/v2\/users\/1"}],"replies":[{"embeddable":true,"href":"https:\/\/suisse-fibromyalgie.ch\/de\/wp-json\/wp\/v2\/comments?post=233"}],"version-history":[{"count":42,"href":"https:\/\/suisse-fibromyalgie.ch\/de\/wp-json\/wp\/v2\/pages\/233\/revisions"}],"predecessor-version":[{"id":8402,"href":"https:\/\/suisse-fibromyalgie.ch\/de\/wp-json\/wp\/v2\/pages\/233\/revisions\/8402"}],"wp:featuredmedia":[{"embeddable":true,"href":"https:\/\/suisse-fibromyalgie.ch\/de\/wp-json\/"}],"wp:attachment":[{"href":"https:\/\/suisse-fibromyalgie.ch\/de\/wp-json\/wp\/v2\/media?parent=233"}],"curies":[{"name":"wp","href":"https:\/\/api.w.org\/{rel}","templated":true}]}}