{"id":222,"date":"2021-01-01T00:00:46","date_gmt":"2020-12-31T23:00:46","guid":{"rendered":"http:\/\/wordpress\/2013\/02\/22\/therapies-actuelles\/"},"modified":"2022-12-22T12:34:03","modified_gmt":"2022-12-22T11:34:03","slug":"les-therapies-actuelles","status":"publish","type":"page","link":"https:\/\/suisse-fibromyalgie.ch\/de\/les-therapies-actuelles\/","title":{"rendered":"Die behandlungsmethoden"},"content":{"rendered":"<div data-elementor-type=\"wp-page\" data-elementor-id=\"222\" class=\"elementor elementor-222\" data-elementor-post-type=\"page\">\n\t\t\t\t\t\t<section class=\"elementor-section elementor-top-section elementor-element elementor-element-b63b33f elementor-section-boxed elementor-section-height-default elementor-section-height-default\" data-id=\"b63b33f\" data-element_type=\"section\" data-e-type=\"section\">\n\t\t\t\t\t\t<div class=\"elementor-container elementor-column-gap-default\">\n\t\t\t\t\t<div class=\"elementor-column elementor-col-100 elementor-top-column elementor-element elementor-element-d6da296\" data-id=\"d6da296\" data-element_type=\"column\" data-e-type=\"column\">\n\t\t\t<div class=\"elementor-widget-wrap elementor-element-populated\">\n\t\t\t\t\t\t<div class=\"elementor-element elementor-element-6440ea0 elementor-widget elementor-widget-text-editor\" data-id=\"6440ea0\" data-element_type=\"widget\" data-e-type=\"widget\" data-widget_type=\"text-editor.default\">\n\t\t\t\t<div class=\"elementor-widget-container\">\n\t\t\t\t\t\t\t\t\t<p>Die Behandlung der Fibromyalgie zielt darauf ab, die Schmerzen zu verringern und den Schlaf zu verbessern. Es werden eher die Symptome als die Erkrankung behandelt. Der beste Weg scheint eine Kombination aus verschiedenen Techniken zu sein (Medikamente, sportliche Bet\u00e4tigung, parallele und psychische Therapie).<\/p><p>Was Medikamente angeht, so sind Schmerzmittel und entz\u00fcndungshemmende Medikamente leider nur bedingt wirksam.<\/p><p>Am h\u00e4ufigsten werden trizyklische Antidepressiva verschrieben, die in wesentlich geringeren Dosen als bei der Behandlung von Depressionen eingesetzt werden. In einigen F\u00e4llen lindern diese Medikamente die Schmerzen und verbessern den Schlaf. In anderen F\u00e4llen scheinen sie keine positive Wirkung zu haben.<\/p><p>Auf verschiedenen Ebenen wird aktiv nach wirksamen Medikamenten geforscht.<\/p><p>Die kognitive Verhaltenstherapie in Verbindung mit Achtsamkeitsmeditation (MBSR) hat ihr Potenzial zur Schmerzreduktion und andere positive Auswirkungen auf die K\u00f6rpersysteme wissenschaftlich belegt.<\/p><p>Die Alternativmedizin hat sich mit dem Problem befasst und dank k\u00f6rperpsychologischer Methoden teilweise sehr beachtliche Ergebnisse erzielt: Methode zur Befreiung von K\u00f6rperpanzern MLC (Anti-Gymnastik), Sophrologie, chinesische Medizin (Akupunktur), Tai-Chi, Chi-Gong, Anwendung von Bachbl\u00fcten, \u00e4therischen \u00d6len, Lichttherapie, Musiktherapie, Kunsttherapie usw.<\/p><p>Allerdings sollten Sie vor solchen Schritten immer Ihren Arzt konsultieren, und sie entbinden nicht von der Schulmedizin.<\/p>\t\t\t\t\t\t\t\t<\/div>\n\t\t\t\t<\/div>\n\t\t\t\t\t<\/div>\n\t\t<\/div>\n\t\t\t\t\t<\/div>\n\t\t<\/section>\n\t\t\t\t<\/div>","protected":false},"excerpt":{"rendered":"<p>Le traitement de la fibromyalgie vise \u00e0 r\u00e9duire la douleur et \u00e0 am\u00e9liorer le sommeil. Ce sont les sympt\u00f4mes qui sont trait\u00e9s, plut\u00f4t que l&rsquo;affection. Il semble que la meilleure [&hellip;]<\/p>\n","protected":false},"author":1,"featured_media":0,"parent":0,"menu_order":4,"comment_status":"open","ping_status":"closed","template":"","meta":{"footnotes":""},"class_list":["post-222","page","type-page","status-publish","hentry"],"publishpress_future_action":{"enabled":false,"date":"2026-05-23 11:20:10","action":"change-status","newStatus":"draft","terms":[],"taxonomy":"","extraData":[]},"publishpress_future_workflow_manual_trigger":{"enabledWorkflows":[]},"_links":{"self":[{"href":"https:\/\/suisse-fibromyalgie.ch\/de\/wp-json\/wp\/v2\/pages\/222","targetHints":{"allow":["GET"]}}],"collection":[{"href":"https:\/\/suisse-fibromyalgie.ch\/de\/wp-json\/wp\/v2\/pages"}],"about":[{"href":"https:\/\/suisse-fibromyalgie.ch\/de\/wp-json\/wp\/v2\/types\/page"}],"author":[{"embeddable":true,"href":"https:\/\/suisse-fibromyalgie.ch\/de\/wp-json\/wp\/v2\/users\/1"}],"replies":[{"embeddable":true,"href":"https:\/\/suisse-fibromyalgie.ch\/de\/wp-json\/wp\/v2\/comments?post=222"}],"version-history":[{"count":0,"href":"https:\/\/suisse-fibromyalgie.ch\/de\/wp-json\/wp\/v2\/pages\/222\/revisions"}],"wp:attachment":[{"href":"https:\/\/suisse-fibromyalgie.ch\/de\/wp-json\/wp\/v2\/media?parent=222"}],"curies":[{"name":"wp","href":"https:\/\/api.w.org\/{rel}","templated":true}]}}