{"id":221,"date":"2021-01-01T00:00:04","date_gmt":"2020-12-31T23:00:04","guid":{"rendered":"http:\/\/wordpress\/2013\/02\/22\/les-causes\/"},"modified":"2021-07-07T15:44:06","modified_gmt":"2021-07-07T13:44:06","slug":"les-causes","status":"publish","type":"page","link":"https:\/\/suisse-fibromyalgie.ch\/de\/les-causes\/","title":{"rendered":"Die ursachen"},"content":{"rendered":"<div data-elementor-type=\"wp-page\" data-elementor-id=\"221\" class=\"elementor elementor-221\" data-elementor-post-type=\"page\">\n\t\t\t\t\t\t<section class=\"elementor-section elementor-top-section elementor-element elementor-element-98cb1f3 elementor-section-boxed elementor-section-height-default elementor-section-height-default\" data-id=\"98cb1f3\" data-element_type=\"section\" data-e-type=\"section\">\n\t\t\t\t\t\t<div class=\"elementor-container elementor-column-gap-default\">\n\t\t\t\t\t<div class=\"elementor-column elementor-col-100 elementor-top-column elementor-element elementor-element-10eae0b\" data-id=\"10eae0b\" data-element_type=\"column\" data-e-type=\"column\">\n\t\t\t<div class=\"elementor-widget-wrap elementor-element-populated\">\n\t\t\t\t\t\t<div class=\"elementor-element elementor-element-a2f3c45 elementor-widget elementor-widget-text-editor\" data-id=\"a2f3c45\" data-element_type=\"widget\" data-e-type=\"widget\" data-widget_type=\"text-editor.default\">\n\t\t\t\t<div class=\"elementor-widget-container\">\n\t\t\t\t\t\t\t\t\t<p>Fibromyalgie wird oft durch ein traumatisches Erlebnis (einen k\u00f6rperlichen oder emotionalen Schock), einen Sturz, einen Unfall, eine Infektion, eine Operation oder eine Geburt ausgel\u00f6st, aber manchmal tritt sie auch ohne erkennbare Ursache auf.<\/p><p>Die tats\u00e4chliche Ursache der Fibromyalgie konnte noch nicht ermittelt werden. Die Forschungen der letzten Jahre haben ergeben, dass den Betroffenen in der Regel ein tiefer, erholsamer Schlaf fehlt. Daher sollte die Quelle dieser St\u00f6rung entdeckt und die Entwicklung wirksamerer und besser geeigneter Therapieverfahren gef\u00f6rdert werden.<\/p><p>Die Forschung konzentriert sich derzeit auf die entdeckten \"objektiven\" Zeichen :<\/p><ul><li>unregelm\u00e4\u00dfiger Blutfluss in bestimmten Teilen des Gehirns<\/li><li>eine St\u00f6rung der Cortisolproduktion<\/li><li>eine besondere Art des niedrigen Blutdrucks<\/li><li>St\u00f6rungen des Stoffwechsels oder der Muskeldurchblutung<\/li><li>abnormale Spiegel bestimmter chemischer Botenstoffe, die Neurotransmitter genannt werden.<\/li><\/ul>\t\t\t\t\t\t\t\t<\/div>\n\t\t\t\t<\/div>\n\t\t\t\t\t<\/div>\n\t\t<\/div>\n\t\t\t\t\t<\/div>\n\t\t<\/section>\n\t\t\t\t<\/div>","protected":false},"excerpt":{"rendered":"<p>La fibromyalgie est souvent d\u00e9clench\u00e9 par une exp\u00e9rience traumatique (un choc physique ou \u00e9motionnel), une chute, un accident, une infection, une intervention chirurgicale, un accouchement, mais parfois il se manifeste [&hellip;]<\/p>\n","protected":false},"author":1,"featured_media":0,"parent":0,"menu_order":5,"comment_status":"open","ping_status":"closed","template":"","meta":{"footnotes":""},"class_list":["post-221","page","type-page","status-publish","hentry"],"publishpress_future_action":{"enabled":false,"date":"2026-04-23 18:42:30","action":"change-status","newStatus":"draft","terms":[],"taxonomy":"","extraData":[]},"publishpress_future_workflow_manual_trigger":{"enabledWorkflows":[]},"_links":{"self":[{"href":"https:\/\/suisse-fibromyalgie.ch\/de\/wp-json\/wp\/v2\/pages\/221","targetHints":{"allow":["GET"]}}],"collection":[{"href":"https:\/\/suisse-fibromyalgie.ch\/de\/wp-json\/wp\/v2\/pages"}],"about":[{"href":"https:\/\/suisse-fibromyalgie.ch\/de\/wp-json\/wp\/v2\/types\/page"}],"author":[{"embeddable":true,"href":"https:\/\/suisse-fibromyalgie.ch\/de\/wp-json\/wp\/v2\/users\/1"}],"replies":[{"embeddable":true,"href":"https:\/\/suisse-fibromyalgie.ch\/de\/wp-json\/wp\/v2\/comments?post=221"}],"version-history":[{"count":0,"href":"https:\/\/suisse-fibromyalgie.ch\/de\/wp-json\/wp\/v2\/pages\/221\/revisions"}],"wp:attachment":[{"href":"https:\/\/suisse-fibromyalgie.ch\/de\/wp-json\/wp\/v2\/media?parent=221"}],"curies":[{"name":"wp","href":"https:\/\/api.w.org\/{rel}","templated":true}]}}