{"id":104,"date":"2021-01-01T00:00:00","date_gmt":"2020-12-31T23:00:00","guid":{"rendered":"https:\/\/suisse-fibromyalgie.ch\/?page_id=104"},"modified":"2024-05-14T09:12:42","modified_gmt":"2024-05-14T07:12:42","slug":"buts-de-lassociation","status":"publish","type":"page","link":"https:\/\/suisse-fibromyalgie.ch\/de\/buts-de-lassociation\/","title":{"rendered":"Ziele des Vereins"},"content":{"rendered":"<div data-elementor-type=\"wp-page\" data-elementor-id=\"104\" class=\"elementor elementor-104\" data-elementor-post-type=\"page\">\n\t\t\t\t\t\t<section class=\"elementor-section elementor-top-section elementor-element elementor-element-b1fc271 elementor-section-boxed elementor-section-height-default elementor-section-height-default\" data-id=\"b1fc271\" data-element_type=\"section\" data-e-type=\"section\">\n\t\t\t\t\t\t<div class=\"elementor-container elementor-column-gap-default\">\n\t\t\t\t\t<div class=\"elementor-column elementor-col-100 elementor-top-column elementor-element elementor-element-5b822c0\" data-id=\"5b822c0\" data-element_type=\"column\" data-e-type=\"column\">\n\t\t\t<div class=\"elementor-widget-wrap elementor-element-populated\">\n\t\t\t\t\t\t<div class=\"elementor-element elementor-element-043dc3d elementor-widget elementor-widget-text-editor\" data-id=\"043dc3d\" data-element_type=\"widget\" data-e-type=\"widget\" data-widget_type=\"text-editor.default\">\n\t\t\t\t<div class=\"elementor-widget-container\">\n\t\t\t\t\t\t\t\t\t<p style=\"text-align: center;\"><strong>Unsere Vereinigung ist immer an Ihrer Seite, um Informationen auszutauschen, Ihre Fragen zu beantworten und eine unterst\u00fctzende Gemeinschaft zu bieten. Gemeinsam sind wir stark, und gemeinsam k\u00f6nnen wir die Herausforderungen, die das Leben mit Fibromyalgie mit sich bringt, meistern.<\/strong><\/p><p>Durch das Engagement des Vorstands, des B\u00fcropersonals, der Selbsthilfe-\/Gespr\u00e4chsgruppen und professioneller Unterst\u00fctzung kann der SVFM seine selbst gesteckten Ziele erreichen:<\/p><ul><li>Fibromyalgie bekannt machen und letztendlich anerkennen (medizinisch, sozial, pharma, rechtlich, politisch usw.).<\/li><li>Ansprechpartner f\u00fcr die wissenschaftliche Gemeinschaft, die Medien, Studierende und andere Informationssuchende sein<\/li><li>Informationen \u00fcber Fibromyalgie und die neuesten medizinischen Entwicklungen verbreiten<\/li><li>F\u00f6rderung der Selbsthilfe durch die Koordination von Gespr\u00e4chs-\/Selbsthilfegruppen<\/li><li>Sich f\u00fcr die Unterst\u00fctzung der leidenden Person einsetzen, indem sie verschiedene therapeutische Instrumente anbietet<\/li><li>Menschen mit Fibromyalgie, ihre Familien und ihr Umfeld unterst\u00fctzen<\/li><li>Sensibilisierung der \u00d6ffentlichkeit f\u00fcr diese Krankheit<\/li><li>Entwicklung von praktischen Workshops zum Umgang mit Schmerzen und deren Komponenten<\/li><li>den verschiedenen Akteuren, die mit Fibromyalgie zu tun haben, durch Konferenzen, Seminare und andere Schulungen n\u00fctzliches Wissen vermitteln<\/li><\/ul>\t\t\t\t\t\t\t\t<\/div>\n\t\t\t\t<\/div>\n\t\t\t\t\t<\/div>\n\t\t<\/div>\n\t\t\t\t\t<\/div>\n\t\t<\/section>\n\t\t\t\t<\/div>","protected":false},"excerpt":{"rendered":"<p>Notre association est toujours \u00e0 vos c\u00f4t\u00e9s pour partager des informations, r\u00e9pondre \u00e0 vos questions et offrir une communaut\u00e9 de soutien. Ensemble, nous sommes forts, et ensemble, nous pouvons relever [&hellip;]<\/p>\n","protected":false},"author":1,"featured_media":0,"parent":0,"menu_order":0,"comment_status":"closed","ping_status":"closed","template":"","meta":{"footnotes":""},"class_list":["post-104","page","type-page","status-publish","hentry"],"publishpress_future_action":{"enabled":false,"date":"2026-04-27 05:31:55","action":"change-status","newStatus":"draft","terms":[],"taxonomy":"","extraData":[]},"publishpress_future_workflow_manual_trigger":{"enabledWorkflows":[]},"_links":{"self":[{"href":"https:\/\/suisse-fibromyalgie.ch\/de\/wp-json\/wp\/v2\/pages\/104","targetHints":{"allow":["GET"]}}],"collection":[{"href":"https:\/\/suisse-fibromyalgie.ch\/de\/wp-json\/wp\/v2\/pages"}],"about":[{"href":"https:\/\/suisse-fibromyalgie.ch\/de\/wp-json\/wp\/v2\/types\/page"}],"author":[{"embeddable":true,"href":"https:\/\/suisse-fibromyalgie.ch\/de\/wp-json\/wp\/v2\/users\/1"}],"replies":[{"embeddable":true,"href":"https:\/\/suisse-fibromyalgie.ch\/de\/wp-json\/wp\/v2\/comments?post=104"}],"version-history":[{"count":0,"href":"https:\/\/suisse-fibromyalgie.ch\/de\/wp-json\/wp\/v2\/pages\/104\/revisions"}],"wp:attachment":[{"href":"https:\/\/suisse-fibromyalgie.ch\/de\/wp-json\/wp\/v2\/media?parent=104"}],"curies":[{"name":"wp","href":"https:\/\/api.w.org\/{rel}","templated":true}]}}