{"id":9409,"date":"2026-04-03T17:58:47","date_gmt":"2026-04-03T15:58:47","guid":{"rendered":"https:\/\/suisse-fibromyalgie.ch\/?page_id=9409"},"modified":"2026-04-03T18:05:06","modified_gmt":"2026-04-03T16:05:06","slug":"healthea-medecines-alternatives","status":"publish","type":"page","link":"http:\/\/suisse-fibromyalgie.ch\/it\/healthea-medecines-alternatives\/","title":{"rendered":"Healthea - Medicina alternativa"},"content":{"rendered":"<div data-elementor-type=\"wp-page\" data-elementor-id=\"9409\" class=\"elementor elementor-9409\" data-elementor-post-type=\"page\">\n\t\t\t\t\t\t<section class=\"elementor-section elementor-top-section elementor-element elementor-element-5643a8c elementor-section-boxed elementor-section-height-default elementor-section-height-default\" data-id=\"5643a8c\" data-element_type=\"section\" data-e-type=\"section\">\n\t\t\t\t\t\t<div class=\"elementor-container elementor-column-gap-default\">\n\t\t\t\t\t<div class=\"elementor-column elementor-col-50 elementor-top-column elementor-element elementor-element-c953588\" data-id=\"c953588\" data-element_type=\"column\" data-e-type=\"column\">\n\t\t\t<div class=\"elementor-widget-wrap elementor-element-populated\">\n\t\t\t\t\t\t<div class=\"elementor-element elementor-element-68ab1cb elementor-widget elementor-widget-image\" data-id=\"68ab1cb\" data-element_type=\"widget\" data-e-type=\"widget\" data-widget_type=\"image.default\">\n\t\t\t\t<div class=\"elementor-widget-container\">\n\t\t\t\t\t\t\t\t\t\t\t\t\t\t\t<img decoding=\"async\" width=\"300\" height=\"78\" src=\"https:\/\/suisse-fibromyalgie.ch\/wp-content\/uploads\/Healthea-300x78.jpg\" class=\"attachment-medium size-medium wp-image-9410\" alt=\"\" srcset=\"https:\/\/suisse-fibromyalgie.ch\/wp-content\/uploads\/Healthea-300x78.jpg 300w, https:\/\/suisse-fibromyalgie.ch\/wp-content\/uploads\/Healthea-1024x268.jpg 1024w, https:\/\/suisse-fibromyalgie.ch\/wp-content\/uploads\/Healthea-768x201.jpg 768w, https:\/\/suisse-fibromyalgie.ch\/wp-content\/uploads\/Healthea-18x5.jpg 18w, https:\/\/suisse-fibromyalgie.ch\/wp-content\/uploads\/Healthea.jpg 1185w\" sizes=\"(max-width: 300px) 100vw, 300px\" \/>\t\t\t\t\t\t\t\t\t\t\t\t\t\t\t<\/div>\n\t\t\t\t<\/div>\n\t\t\t\t\t<\/div>\n\t\t<\/div>\n\t\t\t\t<div class=\"elementor-column elementor-col-50 elementor-top-column elementor-element elementor-element-d7d3abd\" data-id=\"d7d3abd\" data-element_type=\"column\" data-e-type=\"column\">\n\t\t\t<div class=\"elementor-widget-wrap elementor-element-populated\">\n\t\t\t\t\t\t<div class=\"elementor-element elementor-element-cdd1fa2 elementor-widget elementor-widget-text-editor\" data-id=\"cdd1fa2\" data-element_type=\"widget\" data-e-type=\"widget\" data-widget_type=\"text-editor.default\">\n\t\t\t\t<div class=\"elementor-widget-container\">\n\t\t\t\t\t\t\t\t\t<div class=\"elementor-element elementor-element-53bb95f5 e-con-full e-flex e-con e-child\" data-id=\"53bb95f5\" data-element_type=\"container\" data-e-type=\"container\"><div class=\"elementor-element elementor-element-15a07b6a e-con-full e-flex e-con e-child\" data-id=\"15a07b6a\" data-element_type=\"container\" data-e-type=\"container\"><div class=\"elementor-element elementor-element-29d0e95f animated-slow elementor-widget elementor-widget-text-editor animated fadeInLeft\" data-id=\"29d0e95f\" data-element_type=\"widget\" data-e-type=\"widget\" data-settings=\"{&quot;_animation&quot;:&quot;fadeInLeft&quot;,&quot;_animation_delay&quot;:400}\" data-widget_type=\"text-editor.default\"><p><strong>Notre \u00e9quipe :\u00a0<\/strong><\/p><p>Acupuncteurs, Kin\u00e9siologue et Sp\u00e9cialistes en massage th\u00e9rapeutique qui partagent la m\u00eame exigence : pratiquer avec ma\u00eetrise, justesse et une r\u00e9elle attention.<\/p><\/div><\/div><\/div>\t\t\t\t\t\t\t\t<\/div>\n\t\t\t\t<\/div>\n\t\t\t\t\t<\/div>\n\t\t<\/div>\n\t\t\t\t\t<\/div>\n\t\t<\/section>\n\t\t\t\t<section class=\"elementor-section elementor-top-section elementor-element elementor-element-49a8769 elementor-section-boxed elementor-section-height-default elementor-section-height-default\" data-id=\"49a8769\" data-element_type=\"section\" data-e-type=\"section\">\n\t\t\t\t\t\t<div class=\"elementor-container elementor-column-gap-default\">\n\t\t\t\t\t<div class=\"elementor-column elementor-col-100 elementor-top-column elementor-element elementor-element-b832f5d\" data-id=\"b832f5d\" data-element_type=\"column\" data-e-type=\"column\">\n\t\t\t<div class=\"elementor-widget-wrap elementor-element-populated\">\n\t\t\t\t\t\t<div class=\"elementor-element elementor-element-d7d395e elementor-widget elementor-widget-text-editor\" data-id=\"d7d395e\" data-element_type=\"widget\" data-e-type=\"widget\" data-widget_type=\"text-editor.default\">\n\t\t\t\t<div class=\"elementor-widget-container\">\n\t\t\t\t\t\t\t\t\t<div class=\"elementor-element elementor-element-53bb95f5 e-con-full e-flex e-con e-child\" data-id=\"53bb95f5\" data-element_type=\"container\" data-e-type=\"container\"><div class=\"elementor-element elementor-element-71edd1e e-con-full e-flex e-con e-child\" data-id=\"71edd1e\" data-element_type=\"container\" data-e-type=\"container\"><div class=\"elementor-element elementor-element-f33ffa9 animated-slow elementor-widget elementor-widget-text-editor animated fadeInLeft\" data-id=\"f33ffa9\" data-element_type=\"widget\" data-e-type=\"widget\" data-settings=\"{&quot;_animation&quot;:&quot;fadeInLeft&quot;,&quot;_animation_delay&quot;:400}\" data-widget_type=\"text-editor.default\"><p><strong>Notre approche :\u00a0<\/strong><\/p><p>Nous mettons le respect, l\u2019\u00e9coute et la qualit\u00e9 du geste au centre de chaque s\u00e9ance.<\/p><\/div><\/div><div class=\"elementor-element elementor-element-6ac716a e-con-full e-flex e-con e-child\" data-id=\"6ac716a\" data-element_type=\"container\" data-e-type=\"container\"><div class=\"elementor-element elementor-element-30caf4b animated-slow elementor-widget elementor-widget-text-editor animated fadeInLeft\" data-id=\"30caf4b\" data-element_type=\"widget\" data-e-type=\"widget\" data-settings=\"{&quot;_animation&quot;:&quot;fadeInLeft&quot;,&quot;_animation_delay&quot;:400}\" data-widget_type=\"text-editor.default\"><p><strong>Notre synergie :\u00a0<\/strong><\/p><p>Ensemble, nous vous offrons un parcours simple, coh\u00e9rent et adapt\u00e9 \u00e0 ce dont vous avez besoin, au moment o\u00f9 vous en avez besoin.<\/p><\/div><\/div><\/div><div class=\"elementor-element elementor-element-e54a549 e-con-full e-flex e-con e-child\" data-id=\"e54a549\" data-element_type=\"container\" data-e-type=\"container\"><div class=\"elementor-element elementor-element-0ca5cbe e-con-full e-flex e-con e-child\" data-id=\"0ca5cbe\" data-element_type=\"container\" data-e-type=\"container\"><div class=\"elementor-element elementor-element-b8a4b7e animated-slow elementor-widget elementor-widget-text-editor animated fadeInLeft\" data-id=\"b8a4b7e\" data-element_type=\"widget\" data-e-type=\"widget\" data-settings=\"{&quot;_animation&quot;:&quot;fadeInLeft&quot;,&quot;_animation_delay&quot;:400}\" data-widget_type=\"text-editor.default\"><p><strong>Notre engagement :<\/strong>\u00a0<\/p><p>Vous accueillir avec simplicit\u00e9 et vous offrir un espace o\u00f9 l\u2019on prend le temps de vous accompagner avec s\u00e9rieux, sensibilit\u00e9 et sinc\u00e9rit\u00e9.<\/p><\/div><\/div><\/div>\t\t\t\t\t\t\t\t<\/div>\n\t\t\t\t<\/div>\n\t\t\t\t\t<\/div>\n\t\t<\/div>\n\t\t\t\t\t<\/div>\n\t\t<\/section>\n\t\t\t\t<section class=\"elementor-section elementor-top-section elementor-element elementor-element-fce1291 elementor-section-boxed elementor-section-height-default elementor-section-height-default\" data-id=\"fce1291\" data-element_type=\"section\" data-e-type=\"section\">\n\t\t\t\t\t\t<div class=\"elementor-container elementor-column-gap-default\">\n\t\t\t\t\t<div class=\"elementor-column elementor-col-50 elementor-top-column elementor-element elementor-element-3eb25a5\" data-id=\"3eb25a5\" data-element_type=\"column\" data-e-type=\"column\">\n\t\t\t<div class=\"elementor-widget-wrap elementor-element-populated\">\n\t\t\t\t\t\t<div class=\"elementor-element elementor-element-7b832d7 elementor-widget elementor-widget-text-editor\" data-id=\"7b832d7\" data-element_type=\"widget\" data-e-type=\"widget\" data-widget_type=\"text-editor.default\">\n\t\t\t\t<div class=\"elementor-widget-container\">\n\t\t\t\t\t\t\t\t\t<div id=\"bgLayers_comp-ljcvm8ir\" class=\"MW5IWV\" data-hook=\"bgLayers\" data-motion-part=\"BG_LAYER\"><div id=\"bgMedia_comp-ljcvm8ir\" class=\"VgO9Yg\" data-motion-part=\"BG_MEDIA\">Le centre Healthea est situ\u00e9 \u00e0 Champagne, dans le Nord vaudois, dans le nouveau \u00ab\u00a0Cabinet du Coll\u00e8ge\u00a0\u00bb.<\/div><\/div>\t\t\t\t\t\t\t\t<\/div>\n\t\t\t\t<\/div>\n\t\t\t\t\t<\/div>\n\t\t<\/div>\n\t\t\t\t<div class=\"elementor-column elementor-col-50 elementor-top-column elementor-element elementor-element-dd614b0\" data-id=\"dd614b0\" data-element_type=\"column\" data-e-type=\"column\">\n\t\t\t<div class=\"elementor-widget-wrap elementor-element-populated\">\n\t\t\t\t\t\t<div class=\"elementor-element elementor-element-3570715 elementor-widget elementor-widget-text-editor\" data-id=\"3570715\" data-element_type=\"widget\" data-e-type=\"widget\" data-widget_type=\"text-editor.default\">\n\t\t\t\t<div class=\"elementor-widget-container\">\n\t\t\t\t\t\t\t\t\t<p><a href=\"https:\/\/healthea.ch\/\" target=\"_blank\" rel=\"noopener\">Per saperne di pi\u00f9, cliccate su questo link<\/a><\/p>\t\t\t\t\t\t\t\t<\/div>\n\t\t\t\t<\/div>\n\t\t\t\t\t<\/div>\n\t\t<\/div>\n\t\t\t\t\t<\/div>\n\t\t<\/section>\n\t\t\t\t<\/div>","protected":false},"excerpt":{"rendered":"<p>Notre \u00e9quipe :\u00a0 Acupuncteurs, Kin\u00e9siologue et Sp\u00e9cialistes en massage th\u00e9rapeutique qui partagent la m\u00eame exigence : pratiquer avec ma\u00eetrise, justesse et une r\u00e9elle attention. Notre approche :\u00a0 Nous mettons le [&hellip;]<\/p>\n","protected":false},"author":1,"featured_media":0,"parent":0,"menu_order":0,"comment_status":"closed","ping_status":"closed","template":"","meta":{"footnotes":""},"class_list":["post-9409","page","type-page","status-publish","hentry"],"publishpress_future_action":{"enabled":false,"date":"2026-04-11 01:22:32","action":"change-status","newStatus":"draft","terms":[],"taxonomy":"","extraData":[]},"publishpress_future_workflow_manual_trigger":{"enabledWorkflows":[]},"_links":{"self":[{"href":"http:\/\/suisse-fibromyalgie.ch\/it\/wp-json\/wp\/v2\/pages\/9409","targetHints":{"allow":["GET"]}}],"collection":[{"href":"http:\/\/suisse-fibromyalgie.ch\/it\/wp-json\/wp\/v2\/pages"}],"about":[{"href":"http:\/\/suisse-fibromyalgie.ch\/it\/wp-json\/wp\/v2\/types\/page"}],"author":[{"embeddable":true,"href":"http:\/\/suisse-fibromyalgie.ch\/it\/wp-json\/wp\/v2\/users\/1"}],"replies":[{"embeddable":true,"href":"http:\/\/suisse-fibromyalgie.ch\/it\/wp-json\/wp\/v2\/comments?post=9409"}],"version-history":[{"count":3,"href":"http:\/\/suisse-fibromyalgie.ch\/it\/wp-json\/wp\/v2\/pages\/9409\/revisions"}],"predecessor-version":[{"id":9413,"href":"http:\/\/suisse-fibromyalgie.ch\/it\/wp-json\/wp\/v2\/pages\/9409\/revisions\/9413"}],"wp:attachment":[{"href":"http:\/\/suisse-fibromyalgie.ch\/it\/wp-json\/wp\/v2\/media?parent=9409"}],"curies":[{"name":"wp","href":"https:\/\/api.w.org\/{rel}","templated":true}]}}