{"id":9404,"date":"2026-04-03T17:12:40","date_gmt":"2026-04-03T15:12:40","guid":{"rendered":"https:\/\/suisse-fibromyalgie.ch\/?page_id=9404"},"modified":"2026-04-03T17:20:23","modified_gmt":"2026-04-03T15:20:23","slug":"gijsman-van-ewijk-susanne-coaching-psycho-emotionnel","status":"publish","type":"page","link":"http:\/\/suisse-fibromyalgie.ch\/it\/gijsman-van-ewijk-susanne-coaching-psycho-emotionnel\/","title":{"rendered":"Gijsman van Ewijk Susanne - Coaching psico-emozionale"},"content":{"rendered":"<div data-elementor-type=\"wp-page\" data-elementor-id=\"9404\" class=\"elementor elementor-9404\" data-elementor-post-type=\"page\">\n\t\t\t\t\t\t<section class=\"elementor-section elementor-top-section elementor-element elementor-element-5643a8c elementor-section-boxed elementor-section-height-default elementor-section-height-default\" data-id=\"5643a8c\" data-element_type=\"section\" data-e-type=\"section\">\n\t\t\t\t\t\t<div class=\"elementor-container elementor-column-gap-default\">\n\t\t\t\t\t<div class=\"elementor-column elementor-col-50 elementor-top-column elementor-element elementor-element-c953588\" data-id=\"c953588\" data-element_type=\"column\" data-e-type=\"column\">\n\t\t\t<div class=\"elementor-widget-wrap elementor-element-populated\">\n\t\t\t\t\t\t<div class=\"elementor-element elementor-element-68ab1cb elementor-widget elementor-widget-image\" data-id=\"68ab1cb\" data-element_type=\"widget\" data-e-type=\"widget\" data-widget_type=\"image.default\">\n\t\t\t\t<div class=\"elementor-widget-container\">\n\t\t\t\t\t\t\t\t\t\t\t\t\t\t\t<img fetchpriority=\"high\" decoding=\"async\" width=\"261\" height=\"300\" src=\"https:\/\/suisse-fibromyalgie.ch\/wp-content\/uploads\/Susanne-Gijsman-261x300.jpg\" class=\"attachment-medium size-medium wp-image-9405\" alt=\"\" srcset=\"https:\/\/suisse-fibromyalgie.ch\/wp-content\/uploads\/Susanne-Gijsman-261x300.jpg 261w, https:\/\/suisse-fibromyalgie.ch\/wp-content\/uploads\/Susanne-Gijsman-10x12.jpg 10w, https:\/\/suisse-fibromyalgie.ch\/wp-content\/uploads\/Susanne-Gijsman.jpg 302w\" sizes=\"(max-width: 261px) 100vw, 261px\" \/>\t\t\t\t\t\t\t\t\t\t\t\t\t\t\t<\/div>\n\t\t\t\t<\/div>\n\t\t\t\t\t<\/div>\n\t\t<\/div>\n\t\t\t\t<div class=\"elementor-column elementor-col-50 elementor-top-column elementor-element elementor-element-d7d3abd\" data-id=\"d7d3abd\" data-element_type=\"column\" data-e-type=\"column\">\n\t\t\t<div class=\"elementor-widget-wrap elementor-element-populated\">\n\t\t\t\t\t\t<div class=\"elementor-element elementor-element-cdd1fa2 elementor-widget elementor-widget-text-editor\" data-id=\"cdd1fa2\" data-element_type=\"widget\" data-e-type=\"widget\" data-widget_type=\"text-editor.default\">\n\t\t\t\t<div class=\"elementor-widget-container\">\n\t\t\t\t\t\t\t\t\t<p class=\"has-text-align-left has-medium-font-size\"><strong>Mon parcours, au coeur de la confiance en soi<\/strong><\/p><p>Je suis enseignante, sp\u00e9cialis\u00e9e dans les troubles d\u2019apprentissage et de comportement. Depuis plus de 20 ans, j\u2019accompagne des \u00e9l\u00e8ves (de 6 \u00e0 12 ans) dans leur parcours, en portant une attention particuli\u00e8re \u00e0 leur confiance en soi.<br \/>Tr\u00e8s souvent les \u00e9l\u00e8ves en difficult\u00e9 ne savent plus comment avancer ou croire en leurs capacit\u00e9s. Avec le temps, beaucoup d\u2019entre eux d\u00e9veloppent une image n\u00e9gative d\u2019eux-m\u00eames, malgr\u00e9 leurs ressources.<\/p><p>\u00a0<\/p>\t\t\t\t\t\t\t\t<\/div>\n\t\t\t\t<\/div>\n\t\t\t\t\t<\/div>\n\t\t<\/div>\n\t\t\t\t\t<\/div>\n\t\t<\/section>\n\t\t\t\t<section class=\"elementor-section elementor-top-section elementor-element elementor-element-49a8769 elementor-section-boxed elementor-section-height-default elementor-section-height-default\" data-id=\"49a8769\" data-element_type=\"section\" data-e-type=\"section\">\n\t\t\t\t\t\t<div class=\"elementor-container elementor-column-gap-default\">\n\t\t\t\t\t<div class=\"elementor-column elementor-col-100 elementor-top-column elementor-element elementor-element-b832f5d\" data-id=\"b832f5d\" data-element_type=\"column\" data-e-type=\"column\">\n\t\t\t<div class=\"elementor-widget-wrap elementor-element-populated\">\n\t\t\t\t\t\t<div class=\"elementor-element elementor-element-d7d395e elementor-widget elementor-widget-text-editor\" data-id=\"d7d395e\" data-element_type=\"widget\" data-e-type=\"widget\" data-widget_type=\"text-editor.default\">\n\t\t\t\t<div class=\"elementor-widget-container\">\n\t\t\t\t\t\t\t\t\t<p class=\"has-medium-font-size\"><strong>Mon engagement dans le coaching \u2013 \u00e0 chaque \u00e9tape de la vie<\/strong><\/p><p>Au fil des ann\u00e9es d\u2019accompagnement des \u00e9l\u00e8ves, parents et enseignants, une conviction s\u2019est impos\u00e9e \u00e0 moi :<\/p><p><strong>La confiance en soi est la base de tout.<\/strong><br \/>Elle permet \u00e0 tout \u00e2ge d\u2019oser \u00eatre soi, d\u2019oser apprendre, d\u2019oser prendre des d\u00e9cisions, d\u2019oser choisir ses relations, d\u2019oser avancer vers ce qui est juste pour soi, d\u2019oser dire oui ou non.<br \/>Oser, tout simplement.<\/p><p>C\u2019est l\u2019observation de cette perte de confiance, sur le terrain, qui a \u00e9t\u00e9 le tremplin de mon engagement dans le coaching.<\/p><p>Je suis form\u00e9e au coaching psycho-\u00e9motionnel, ainsi que coach certifi\u00e9 du jeu Cap sur la Confiance.<br \/>Mon approche repose sur la compr\u00e9hension des \u00e9motions, la r\u00e9gulation \u00e9motionnelle et le respect du rythme de chacun, dans un cadre s\u00e9curisant et humain. Je propose un coaching psycho-\u00e9motionnel centr\u00e9 sur l\u2019\u00e9coute, la prise de conscience et des petits progr\u00e8s s\u00e9ance apr\u00e8s s\u00e9ance.<\/p><p>Il est possible de faire le coaching en individuel ou en groupe (avec le jeu Cap sur la Confiance).<\/p><p>Nous travaillons sur les blocages \u00e9motionnels, essayons de les comprendre et de les apaiser. Parfois, il est n\u00e9cessaire de retourner dans le pass\u00e9 pour apaiser des exp\u00e9riences et \u00e9motions.<\/p>\t\t\t\t\t\t\t\t<\/div>\n\t\t\t\t<\/div>\n\t\t\t\t\t<\/div>\n\t\t<\/div>\n\t\t\t\t\t<\/div>\n\t\t<\/section>\n\t\t\t\t<section class=\"elementor-section elementor-top-section elementor-element elementor-element-fce1291 elementor-section-boxed elementor-section-height-default elementor-section-height-default\" data-id=\"fce1291\" data-element_type=\"section\" data-e-type=\"section\">\n\t\t\t\t\t\t<div class=\"elementor-container elementor-column-gap-default\">\n\t\t\t\t\t<div class=\"elementor-column elementor-col-50 elementor-top-column elementor-element elementor-element-3eb25a5\" data-id=\"3eb25a5\" data-element_type=\"column\" data-e-type=\"column\">\n\t\t\t<div class=\"elementor-widget-wrap elementor-element-populated\">\n\t\t\t\t\t\t<div class=\"elementor-element elementor-element-7b832d7 elementor-widget elementor-widget-text-editor\" data-id=\"7b832d7\" data-element_type=\"widget\" data-e-type=\"widget\" data-widget_type=\"text-editor.default\">\n\t\t\t\t<div class=\"elementor-widget-container\">\n\t\t\t\t\t\t\t\t\t<div id=\"bgLayers_comp-ljcvm8ir\" class=\"MW5IWV\" data-hook=\"bgLayers\" data-motion-part=\"BG_LAYER\"><div id=\"bgMedia_comp-ljcvm8ir\" class=\"VgO9Yg\" data-motion-part=\"BG_MEDIA\">Situ\u00e9 aux Geneveys-sur-Coffrane dans le canton de Neuch\u00e2tel.<\/div><\/div>\t\t\t\t\t\t\t\t<\/div>\n\t\t\t\t<\/div>\n\t\t\t\t\t<\/div>\n\t\t<\/div>\n\t\t\t\t<div class=\"elementor-column elementor-col-50 elementor-top-column elementor-element elementor-element-dd614b0\" data-id=\"dd614b0\" data-element_type=\"column\" data-e-type=\"column\">\n\t\t\t<div class=\"elementor-widget-wrap elementor-element-populated\">\n\t\t\t\t\t\t<div class=\"elementor-element elementor-element-3570715 elementor-widget elementor-widget-text-editor\" data-id=\"3570715\" data-element_type=\"widget\" data-e-type=\"widget\" data-widget_type=\"text-editor.default\">\n\t\t\t\t<div class=\"elementor-widget-container\">\n\t\t\t\t\t\t\t\t\t<p><a href=\"https:\/\/extra.coach\/\" target=\"_blank\" rel=\"noopener\">Per saperne di pi\u00f9, cliccate su questo link<\/a><\/p>\t\t\t\t\t\t\t\t<\/div>\n\t\t\t\t<\/div>\n\t\t\t\t\t<\/div>\n\t\t<\/div>\n\t\t\t\t\t<\/div>\n\t\t<\/section>\n\t\t\t\t<\/div>","protected":false},"excerpt":{"rendered":"<p>Mon parcours, au coeur de la confiance en soi Je suis enseignante, sp\u00e9cialis\u00e9e dans les troubles d\u2019apprentissage et de comportement. Depuis plus de 20 ans, j\u2019accompagne des \u00e9l\u00e8ves (de 6 [&hellip;]<\/p>\n","protected":false},"author":1,"featured_media":0,"parent":0,"menu_order":0,"comment_status":"closed","ping_status":"closed","template":"","meta":{"footnotes":""},"class_list":["post-9404","page","type-page","status-publish","hentry"],"publishpress_future_action":{"enabled":false,"date":"2026-04-11 01:22:23","action":"change-status","newStatus":"draft","terms":[],"taxonomy":"","extraData":[]},"publishpress_future_workflow_manual_trigger":{"enabledWorkflows":[]},"_links":{"self":[{"href":"http:\/\/suisse-fibromyalgie.ch\/it\/wp-json\/wp\/v2\/pages\/9404","targetHints":{"allow":["GET"]}}],"collection":[{"href":"http:\/\/suisse-fibromyalgie.ch\/it\/wp-json\/wp\/v2\/pages"}],"about":[{"href":"http:\/\/suisse-fibromyalgie.ch\/it\/wp-json\/wp\/v2\/types\/page"}],"author":[{"embeddable":true,"href":"http:\/\/suisse-fibromyalgie.ch\/it\/wp-json\/wp\/v2\/users\/1"}],"replies":[{"embeddable":true,"href":"http:\/\/suisse-fibromyalgie.ch\/it\/wp-json\/wp\/v2\/comments?post=9404"}],"version-history":[{"count":3,"href":"http:\/\/suisse-fibromyalgie.ch\/it\/wp-json\/wp\/v2\/pages\/9404\/revisions"}],"predecessor-version":[{"id":9408,"href":"http:\/\/suisse-fibromyalgie.ch\/it\/wp-json\/wp\/v2\/pages\/9404\/revisions\/9408"}],"wp:attachment":[{"href":"http:\/\/suisse-fibromyalgie.ch\/it\/wp-json\/wp\/v2\/media?parent=9404"}],"curies":[{"name":"wp","href":"https:\/\/api.w.org\/{rel}","templated":true}]}}