{"id":8587,"date":"2025-07-01T19:27:40","date_gmt":"2025-07-01T17:27:40","guid":{"rendered":"https:\/\/suisse-fibromyalgie.ch\/?page_id=8587"},"modified":"2025-07-01T19:31:41","modified_gmt":"2025-07-01T17:31:41","slug":"pelege-tamara-nutrition-integrative-yoga-therapie","status":"publish","type":"page","link":"http:\/\/suisse-fibromyalgie.ch\/it\/pelege-tamara-nutrition-integrative-yoga-therapie\/","title":{"rendered":"Pel\u00e8ge Tamara - Nutrizione integrativa - Yoga terapia"},"content":{"rendered":"<div data-elementor-type=\"wp-page\" data-elementor-id=\"8587\" class=\"elementor elementor-8587\" data-elementor-post-type=\"page\">\n\t\t\t\t\t\t<section class=\"elementor-section elementor-top-section elementor-element elementor-element-5643a8c elementor-section-boxed elementor-section-height-default elementor-section-height-default\" data-id=\"5643a8c\" data-element_type=\"section\" data-e-type=\"section\">\n\t\t\t\t\t\t<div class=\"elementor-container elementor-column-gap-default\">\n\t\t\t\t\t<div class=\"elementor-column elementor-col-50 elementor-top-column elementor-element elementor-element-c953588\" data-id=\"c953588\" data-element_type=\"column\" data-e-type=\"column\">\n\t\t\t<div class=\"elementor-widget-wrap elementor-element-populated\">\n\t\t\t\t\t\t<div class=\"elementor-element elementor-element-68ab1cb elementor-widget elementor-widget-image\" data-id=\"68ab1cb\" data-element_type=\"widget\" data-e-type=\"widget\" data-widget_type=\"image.default\">\n\t\t\t\t<div class=\"elementor-widget-container\">\n\t\t\t\t\t\t\t\t\t\t\t\t\t\t\t<img fetchpriority=\"high\" decoding=\"async\" width=\"300\" height=\"294\" src=\"https:\/\/suisse-fibromyalgie.ch\/wp-content\/uploads\/Tamara-Pelege-300x294.jpg\" class=\"attachment-medium size-medium wp-image-8588\" alt=\"\" srcset=\"https:\/\/suisse-fibromyalgie.ch\/wp-content\/uploads\/Tamara-Pelege-300x294.jpg 300w, https:\/\/suisse-fibromyalgie.ch\/wp-content\/uploads\/Tamara-Pelege-12x12.jpg 12w, https:\/\/suisse-fibromyalgie.ch\/wp-content\/uploads\/Tamara-Pelege.jpg 430w\" sizes=\"(max-width: 300px) 100vw, 300px\" \/>\t\t\t\t\t\t\t\t\t\t\t\t\t\t\t<\/div>\n\t\t\t\t<\/div>\n\t\t\t\t\t<\/div>\n\t\t<\/div>\n\t\t\t\t<div class=\"elementor-column elementor-col-50 elementor-top-column elementor-element elementor-element-d7d3abd\" data-id=\"d7d3abd\" data-element_type=\"column\" data-e-type=\"column\">\n\t\t\t<div class=\"elementor-widget-wrap elementor-element-populated\">\n\t\t\t\t\t\t<div class=\"elementor-element elementor-element-cdd1fa2 elementor-widget elementor-widget-text-editor\" data-id=\"cdd1fa2\" data-element_type=\"widget\" data-e-type=\"widget\" data-widget_type=\"text-editor.default\">\n\t\t\t\t<div class=\"elementor-widget-container\">\n\t\t\t\t\t\t\t\t\t<div id=\"comp-l220jsmo1\" class=\"HcOXKn c9GqVL QxJLC3 comp-l220jsmo1 wixui-rich-text\" data-testid=\"richTextElement\"><div id=\"comp-m5jtajdo\" class=\"Z_l5lU ku3DBC zQ9jDz qvSjx3 Vq6kJx comp-m5jtajdo wixui-rich-text\" data-testid=\"richTextElement\"><p>\u00a0<\/p><h3 class=\"font_7 wixui-rich-text__text\"><span class=\"wixui-rich-text__text\"><span class=\"color_43 wixui-rich-text__text\">Alleviare l'esaurimento cronico\u00a0<\/span><\/span><span class=\"wixui-rich-text__text\"><span class=\"color_43 wixui-rich-text__text\">e <\/span><\/span><span class=\"wixui-rich-text__text\"><span class=\"color_43 wixui-rich-text__text\">dolore invisibile.\u00a0<\/span><\/span><span class=\"wixui-rich-text__text\"><span class=\"color_43 wixui-rich-text__text\">Scoprite un approccio integrativo che combina la nutrizione <\/span><\/span><span class=\"wixui-rich-text__text\"><span class=\"color_43 wixui-rich-text__text\">e yoga terapia presso\u00a0<\/span><\/span><span class=\"wixui-rich-text__text\"><span class=\"color_43 wixui-rich-text__text\">Losanna.<\/span><\/span><\/h3><\/div><div id=\"comp-m60iqwor\" class=\"Z_l5lU ku3DBC zQ9jDz qvSjx3 Vq6kJx comp-m60iqwor wixui-rich-text\" data-testid=\"richTextElement\"><p class=\"font_7 wixui-rich-text__text\">\u00c8 possibile allontanarsi dal vagabondaggio medico. Imparate a comprendere i vostri sintomi, a calmare il vostro sistema nervoso e\u00a0<span class=\"wixui-rich-text__text\">riacquistare energia per la vita di tutti i giorni<\/span>\u00a0- anche se si convive con una Covida lunga, un'ipersensibilit\u00e0 alimentare o una malattia non ancora diagnosticata.<\/p><\/div><\/div>\t\t\t\t\t\t\t\t<\/div>\n\t\t\t\t<\/div>\n\t\t\t\t\t<\/div>\n\t\t<\/div>\n\t\t\t\t\t<\/div>\n\t\t<\/section>\n\t\t\t\t<section class=\"elementor-section elementor-top-section elementor-element elementor-element-49a8769 elementor-section-boxed elementor-section-height-default elementor-section-height-default\" data-id=\"49a8769\" data-element_type=\"section\" data-e-type=\"section\">\n\t\t\t\t\t\t<div class=\"elementor-container elementor-column-gap-default\">\n\t\t\t\t\t<div class=\"elementor-column elementor-col-100 elementor-top-column elementor-element elementor-element-b832f5d\" data-id=\"b832f5d\" data-element_type=\"column\" data-e-type=\"column\">\n\t\t\t<div class=\"elementor-widget-wrap elementor-element-populated\">\n\t\t\t\t\t\t<div class=\"elementor-element elementor-element-d7d395e elementor-widget elementor-widget-text-editor\" data-id=\"d7d395e\" data-element_type=\"widget\" data-e-type=\"widget\" data-widget_type=\"text-editor.default\">\n\t\t\t\t<div class=\"elementor-widget-container\">\n\t\t\t\t\t\t\t\t\t<p>Un supporto nutrizionale antinfiammatorio adattato alla vita reale delle persone che soffrono di dolore cronico.<\/p><p>Il mio approccio \u00e8 personalizzato, flessibile e basato sull'ascolto del corpo, senza dogmi dietetici.<\/p>\t\t\t\t\t\t\t\t<\/div>\n\t\t\t\t<\/div>\n\t\t\t\t\t<\/div>\n\t\t<\/div>\n\t\t\t\t\t<\/div>\n\t\t<\/section>\n\t\t\t\t<section class=\"elementor-section elementor-top-section elementor-element elementor-element-fce1291 elementor-section-boxed elementor-section-height-default elementor-section-height-default\" data-id=\"fce1291\" data-element_type=\"section\" data-e-type=\"section\">\n\t\t\t\t\t\t<div class=\"elementor-container elementor-column-gap-default\">\n\t\t\t\t\t<div class=\"elementor-column elementor-col-50 elementor-top-column elementor-element elementor-element-3eb25a5\" data-id=\"3eb25a5\" data-element_type=\"column\" data-e-type=\"column\">\n\t\t\t<div class=\"elementor-widget-wrap elementor-element-populated\">\n\t\t\t\t\t\t<div class=\"elementor-element elementor-element-7b832d7 elementor-widget elementor-widget-text-editor\" data-id=\"7b832d7\" data-element_type=\"widget\" data-e-type=\"widget\" data-widget_type=\"text-editor.default\">\n\t\t\t\t<div class=\"elementor-widget-container\">\n\t\t\t\t\t\t\t\t\t<div id=\"bgLayers_comp-ljcvm8ir\" class=\"MW5IWV\" data-hook=\"bgLayers\" data-motion-part=\"BG_LAYER\"><div id=\"bgMedia_comp-ljcvm8ir\" class=\"VgO9Yg\" data-motion-part=\"BG_MEDIA\">Situato a Losanna, lo studio Nutriyoga vi offre..:<\/div><div class=\"VgO9Yg\" data-motion-part=\"BG_MEDIA\">Nutrizione integrativa e micronutrizione - Yogaterapia - Oli essenziali\u00a0<\/div><\/div>\t\t\t\t\t\t\t\t<\/div>\n\t\t\t\t<\/div>\n\t\t\t\t\t<\/div>\n\t\t<\/div>\n\t\t\t\t<div class=\"elementor-column elementor-col-50 elementor-top-column elementor-element elementor-element-dd614b0\" data-id=\"dd614b0\" data-element_type=\"column\" data-e-type=\"column\">\n\t\t\t<div class=\"elementor-widget-wrap elementor-element-populated\">\n\t\t\t\t\t\t<div class=\"elementor-element elementor-element-3570715 elementor-widget elementor-widget-text-editor\" data-id=\"3570715\" data-element_type=\"widget\" data-e-type=\"widget\" data-widget_type=\"text-editor.default\">\n\t\t\t\t<div class=\"elementor-widget-container\">\n\t\t\t\t\t\t\t\t\t<p><a href=\"https:\/\/www.nutriyoga.ch\/\" target=\"_blank\" rel=\"noopener\">Per saperne di pi\u00f9, cliccate su questo link<\/a><\/p>\t\t\t\t\t\t\t\t<\/div>\n\t\t\t\t<\/div>\n\t\t\t\t\t<\/div>\n\t\t<\/div>\n\t\t\t\t\t<\/div>\n\t\t<\/section>\n\t\t\t\t<\/div>","protected":false},"excerpt":{"rendered":"<p>\u00a0 Soulagez l\u2019\u00e9puisement chronique\u00a0et les douleurs invisibles.\u00a0D\u00e9couvrez une approche int\u00e9grative alliant nutrition et yoga th\u00e9rapie \u00e0\u00a0Lausanne. Sortir de l\u2019errance m\u00e9dicale, c\u2019est possible. Apprenez \u00e0 comprendre vos sympt\u00f4mes, apaisez votre syst\u00e8me [&hellip;]<\/p>\n","protected":false},"author":1,"featured_media":0,"parent":0,"menu_order":0,"comment_status":"closed","ping_status":"closed","template":"","meta":{"footnotes":""},"class_list":["post-8587","page","type-page","status-publish","hentry"],"publishpress_future_action":{"enabled":false,"date":"2026-04-20 08:45:12","action":"change-status","newStatus":"draft","terms":[],"taxonomy":"","extraData":[]},"publishpress_future_workflow_manual_trigger":{"enabledWorkflows":[]},"_links":{"self":[{"href":"http:\/\/suisse-fibromyalgie.ch\/it\/wp-json\/wp\/v2\/pages\/8587","targetHints":{"allow":["GET"]}}],"collection":[{"href":"http:\/\/suisse-fibromyalgie.ch\/it\/wp-json\/wp\/v2\/pages"}],"about":[{"href":"http:\/\/suisse-fibromyalgie.ch\/it\/wp-json\/wp\/v2\/types\/page"}],"author":[{"embeddable":true,"href":"http:\/\/suisse-fibromyalgie.ch\/it\/wp-json\/wp\/v2\/users\/1"}],"replies":[{"embeddable":true,"href":"http:\/\/suisse-fibromyalgie.ch\/it\/wp-json\/wp\/v2\/comments?post=8587"}],"version-history":[{"count":6,"href":"http:\/\/suisse-fibromyalgie.ch\/it\/wp-json\/wp\/v2\/pages\/8587\/revisions"}],"predecessor-version":[{"id":8594,"href":"http:\/\/suisse-fibromyalgie.ch\/it\/wp-json\/wp\/v2\/pages\/8587\/revisions\/8594"}],"wp:attachment":[{"href":"http:\/\/suisse-fibromyalgie.ch\/it\/wp-json\/wp\/v2\/media?parent=8587"}],"curies":[{"name":"wp","href":"https:\/\/api.w.org\/{rel}","templated":true}]}}