{"id":8551,"date":"2025-06-05T13:07:28","date_gmt":"2025-06-05T11:07:28","guid":{"rendered":"https:\/\/suisse-fibromyalgie.ch\/?page_id=8551"},"modified":"2025-06-05T13:19:01","modified_gmt":"2025-06-05T11:19:01","slug":"gaetana-gisella-mazenauer-praticienne-et-enseignante-en-therapie-naturelles","status":"publish","type":"page","link":"http:\/\/suisse-fibromyalgie.ch\/it\/gaetana-gisella-mazenauer-praticienne-et-enseignante-en-therapie-naturelles\/","title":{"rendered":"Gaetana Gisella Mazenauer - Operatrice e insegnante di terapie naturali"},"content":{"rendered":"<div data-elementor-type=\"wp-page\" data-elementor-id=\"8551\" class=\"elementor elementor-8551\" data-elementor-post-type=\"page\">\n\t\t\t\t\t\t<section class=\"elementor-section elementor-top-section elementor-element elementor-element-5643a8c elementor-section-boxed elementor-section-height-default elementor-section-height-default\" data-id=\"5643a8c\" data-element_type=\"section\" data-e-type=\"section\">\n\t\t\t\t\t\t<div class=\"elementor-container elementor-column-gap-default\">\n\t\t\t\t\t<div class=\"elementor-column elementor-col-50 elementor-top-column elementor-element elementor-element-c953588\" data-id=\"c953588\" data-element_type=\"column\" data-e-type=\"column\">\n\t\t\t<div class=\"elementor-widget-wrap elementor-element-populated\">\n\t\t\t\t\t\t<div class=\"elementor-element elementor-element-68ab1cb elementor-widget elementor-widget-image\" data-id=\"68ab1cb\" data-element_type=\"widget\" data-e-type=\"widget\" data-widget_type=\"image.default\">\n\t\t\t\t<div class=\"elementor-widget-container\">\n\t\t\t\t\t\t\t\t\t\t\t\t\t\t\t<img fetchpriority=\"high\" decoding=\"async\" width=\"768\" height=\"768\" src=\"https:\/\/suisse-fibromyalgie.ch\/wp-content\/uploads\/Gaetana-Gisella-Mazenauer-768x768.jpg\" class=\"attachment-medium_large size-medium_large wp-image-8552\" alt=\"\" srcset=\"https:\/\/suisse-fibromyalgie.ch\/wp-content\/uploads\/Gaetana-Gisella-Mazenauer-768x768.jpg 768w, https:\/\/suisse-fibromyalgie.ch\/wp-content\/uploads\/Gaetana-Gisella-Mazenauer-300x300.jpg 300w, https:\/\/suisse-fibromyalgie.ch\/wp-content\/uploads\/Gaetana-Gisella-Mazenauer-1024x1024.jpg 1024w, https:\/\/suisse-fibromyalgie.ch\/wp-content\/uploads\/Gaetana-Gisella-Mazenauer-150x150.jpg 150w, https:\/\/suisse-fibromyalgie.ch\/wp-content\/uploads\/Gaetana-Gisella-Mazenauer-12x12.jpg 12w, https:\/\/suisse-fibromyalgie.ch\/wp-content\/uploads\/Gaetana-Gisella-Mazenauer.jpg 1228w\" sizes=\"(max-width: 768px) 100vw, 768px\" \/>\t\t\t\t\t\t\t\t\t\t\t\t\t\t\t<\/div>\n\t\t\t\t<\/div>\n\t\t\t\t\t<\/div>\n\t\t<\/div>\n\t\t\t\t<div class=\"elementor-column elementor-col-50 elementor-top-column elementor-element elementor-element-d7d3abd\" data-id=\"d7d3abd\" data-element_type=\"column\" data-e-type=\"column\">\n\t\t\t<div class=\"elementor-widget-wrap elementor-element-populated\">\n\t\t\t\t\t\t<div class=\"elementor-element elementor-element-cdd1fa2 elementor-widget elementor-widget-text-editor\" data-id=\"cdd1fa2\" data-element_type=\"widget\" data-e-type=\"widget\" data-widget_type=\"text-editor.default\">\n\t\t\t\t<div class=\"elementor-widget-container\">\n\t\t\t\t\t\t\t\t\t<div id=\"comp-l220jsmo1\" class=\"HcOXKn c9GqVL QxJLC3 comp-l220jsmo1 wixui-rich-text\" data-testid=\"richTextElement\"><h3 id=\"h-un-peu-de-moi\" class=\"wp-block-heading\">Un po' di me...<\/h3><p>La mia carriera \u00e8 sempre stata guidata dal desiderio di aiutare gli altri. La nascita di mio figlio ha rafforzato questo desiderio, spingendomi a esplorare metodi naturali per prendermi cura di lui. E cos\u00ec, come un puzzle, la mia vita si \u00e8 ricomposta, pezzo dopo pezzo, rivelando la mia passione per le terapie naturali.<\/p><h3 id=\"h-ma-philosophie\" class=\"wp-block-heading\">La mia filosofia<\/h3><p>La ricerca del benessere \u00e8 un processo personale che richiede impegno, pazienza, perseveranza e fiducia in se stessi. Come operatore olistico, sono qui per guidarvi e sostenervi, offrendovi strumenti su misura per le vostre esigenze specifiche, liberando il vostro potenziale di autoguarigione per raggiungere i vostri obiettivi!<\/p><p><strong>A mio parere, la fonte di guarigione pi\u00f9 potente siete voi!<br \/><\/strong>Avete mai notato che a volte, quando andate dal medico, vi sentite gi\u00e0 meglio? O che un semplice sorriso pu\u00f2 illuminare la vostra giornata? O come un pensiero negativo possa farvi sprofondare nella tristezza? \u00c8 tutto dentro di noi. Abbiamo questa incredibile e meravigliosa capacit\u00e0 di influenzare il nostro corpo attraverso la mente. \u00c8 la pi\u00f9 potente fonte di guarigione.<\/p><\/div>\t\t\t\t\t\t\t\t<\/div>\n\t\t\t\t<\/div>\n\t\t\t\t\t<\/div>\n\t\t<\/div>\n\t\t\t\t\t<\/div>\n\t\t<\/section>\n\t\t\t\t<section class=\"elementor-section elementor-top-section elementor-element elementor-element-fce1291 elementor-section-boxed elementor-section-height-default elementor-section-height-default\" data-id=\"fce1291\" data-element_type=\"section\" data-e-type=\"section\">\n\t\t\t\t\t\t<div class=\"elementor-container elementor-column-gap-default\">\n\t\t\t\t\t<div class=\"elementor-column elementor-col-50 elementor-top-column elementor-element elementor-element-3eb25a5\" data-id=\"3eb25a5\" data-element_type=\"column\" data-e-type=\"column\">\n\t\t\t<div class=\"elementor-widget-wrap elementor-element-populated\">\n\t\t\t\t\t\t<div class=\"elementor-element elementor-element-7b832d7 elementor-widget elementor-widget-text-editor\" data-id=\"7b832d7\" data-element_type=\"widget\" data-e-type=\"widget\" data-widget_type=\"text-editor.default\">\n\t\t\t\t<div class=\"elementor-widget-container\">\n\t\t\t\t\t\t\t\t\t<div id=\"bgLayers_comp-ljcvm8ir\" class=\"MW5IWV\" data-hook=\"bgLayers\" data-motion-part=\"BG_LAYER\"><div id=\"bgMedia_comp-ljcvm8ir\" class=\"VgO9Yg\" data-motion-part=\"BG_MEDIA\">Situato a Duillier, offro trattamenti come:<\/div><div data-motion-part=\"BG_MEDIA\">Massaggio classico, massaggio da seduti, massaggio con pietre calde, riflessologia con diapason terapeutico, trattamenti energetici e massaggio sportivo.<\/div><\/div>\t\t\t\t\t\t\t\t<\/div>\n\t\t\t\t<\/div>\n\t\t\t\t\t<\/div>\n\t\t<\/div>\n\t\t\t\t<div class=\"elementor-column elementor-col-50 elementor-top-column elementor-element elementor-element-dd614b0\" data-id=\"dd614b0\" data-element_type=\"column\" data-e-type=\"column\">\n\t\t\t<div class=\"elementor-widget-wrap elementor-element-populated\">\n\t\t\t\t\t\t<div class=\"elementor-element elementor-element-3570715 elementor-widget elementor-widget-text-editor\" data-id=\"3570715\" data-element_type=\"widget\" data-e-type=\"widget\" data-widget_type=\"text-editor.default\">\n\t\t\t\t<div class=\"elementor-widget-container\">\n\t\t\t\t\t\t\t\t\t<p><a href=\"https:\/\/alegis.ch\/\" target=\"_blank\" rel=\"noopener\">Per saperne di pi\u00f9, cliccate su questo link<\/a><\/p>\t\t\t\t\t\t\t\t<\/div>\n\t\t\t\t<\/div>\n\t\t\t\t\t<\/div>\n\t\t<\/div>\n\t\t\t\t\t<\/div>\n\t\t<\/section>\n\t\t\t\t<\/div>","protected":false},"excerpt":{"rendered":"<p>Un peu de moi \u2026 Mon parcours a toujours \u00e9t\u00e9 guid\u00e9 par le d\u00e9sir d\u2019aider les autres. La naissance de mon fils a renforc\u00e9 cette envie, me poussant \u00e0 explorer [&hellip;]<\/p>\n","protected":false},"author":1,"featured_media":0,"parent":0,"menu_order":0,"comment_status":"closed","ping_status":"closed","template":"","meta":{"footnotes":""},"class_list":["post-8551","page","type-page","status-publish","hentry"],"publishpress_future_action":{"enabled":false,"date":"2026-04-30 11:40:17","action":"change-status","newStatus":"draft","terms":[],"taxonomy":"","extraData":[]},"publishpress_future_workflow_manual_trigger":{"enabledWorkflows":[]},"_links":{"self":[{"href":"http:\/\/suisse-fibromyalgie.ch\/it\/wp-json\/wp\/v2\/pages\/8551","targetHints":{"allow":["GET"]}}],"collection":[{"href":"http:\/\/suisse-fibromyalgie.ch\/it\/wp-json\/wp\/v2\/pages"}],"about":[{"href":"http:\/\/suisse-fibromyalgie.ch\/it\/wp-json\/wp\/v2\/types\/page"}],"author":[{"embeddable":true,"href":"http:\/\/suisse-fibromyalgie.ch\/it\/wp-json\/wp\/v2\/users\/1"}],"replies":[{"embeddable":true,"href":"http:\/\/suisse-fibromyalgie.ch\/it\/wp-json\/wp\/v2\/comments?post=8551"}],"version-history":[{"count":3,"href":"http:\/\/suisse-fibromyalgie.ch\/it\/wp-json\/wp\/v2\/pages\/8551\/revisions"}],"predecessor-version":[{"id":8555,"href":"http:\/\/suisse-fibromyalgie.ch\/it\/wp-json\/wp\/v2\/pages\/8551\/revisions\/8555"}],"wp:attachment":[{"href":"http:\/\/suisse-fibromyalgie.ch\/it\/wp-json\/wp\/v2\/media?parent=8551"}],"curies":[{"name":"wp","href":"https:\/\/api.w.org\/{rel}","templated":true}]}}