{"id":6535,"date":"2024-10-08T10:23:31","date_gmt":"2024-10-08T08:23:31","guid":{"rendered":"https:\/\/suisse-fibromyalgie.ch\/?page_id=6535"},"modified":"2024-10-08T10:27:49","modified_gmt":"2024-10-08T08:27:49","slug":"jeantet-christine-coach-holistique-et-hypno-praticienne","status":"publish","type":"page","link":"http:\/\/suisse-fibromyalgie.ch\/it\/jeantet-christine-coach-holistique-et-hypno-praticienne\/","title":{"rendered":"Jeantet Christine - Coach olistico e praticante di ipnosi"},"content":{"rendered":"<div data-elementor-type=\"wp-page\" data-elementor-id=\"6535\" class=\"elementor elementor-6535\" data-elementor-post-type=\"page\">\n\t\t\t\t\t\t<section class=\"elementor-section elementor-top-section elementor-element elementor-element-5643a8c elementor-section-boxed elementor-section-height-default elementor-section-height-default\" data-id=\"5643a8c\" data-element_type=\"section\" data-e-type=\"section\">\n\t\t\t\t\t\t<div class=\"elementor-container elementor-column-gap-default\">\n\t\t\t\t\t<div class=\"elementor-column elementor-col-50 elementor-top-column elementor-element elementor-element-c953588\" data-id=\"c953588\" data-element_type=\"column\" data-e-type=\"column\">\n\t\t\t<div class=\"elementor-widget-wrap elementor-element-populated\">\n\t\t\t\t\t\t<div class=\"elementor-element elementor-element-68ab1cb elementor-widget elementor-widget-image\" data-id=\"68ab1cb\" data-element_type=\"widget\" data-e-type=\"widget\" data-widget_type=\"image.default\">\n\t\t\t\t<div class=\"elementor-widget-container\">\n\t\t\t\t\t\t\t\t\t\t\t\t\t\t\t<img fetchpriority=\"high\" decoding=\"async\" width=\"250\" height=\"300\" src=\"https:\/\/suisse-fibromyalgie.ch\/wp-content\/uploads\/Jeantet-Christine-250x300.jpg\" class=\"attachment-medium size-medium wp-image-6536\" alt=\"\" srcset=\"https:\/\/suisse-fibromyalgie.ch\/wp-content\/uploads\/Jeantet-Christine-250x300.jpg 250w, https:\/\/suisse-fibromyalgie.ch\/wp-content\/uploads\/Jeantet-Christine-10x12.jpg 10w, https:\/\/suisse-fibromyalgie.ch\/wp-content\/uploads\/Jeantet-Christine.jpg 267w\" sizes=\"(max-width: 250px) 100vw, 250px\" \/>\t\t\t\t\t\t\t\t\t\t\t\t\t\t\t<\/div>\n\t\t\t\t<\/div>\n\t\t\t\t\t<\/div>\n\t\t<\/div>\n\t\t\t\t<div class=\"elementor-column elementor-col-50 elementor-top-column elementor-element elementor-element-d7d3abd\" data-id=\"d7d3abd\" data-element_type=\"column\" data-e-type=\"column\">\n\t\t\t<div class=\"elementor-widget-wrap elementor-element-populated\">\n\t\t\t\t\t\t<div class=\"elementor-element elementor-element-cdd1fa2 elementor-widget elementor-widget-text-editor\" data-id=\"cdd1fa2\" data-element_type=\"widget\" data-e-type=\"widget\" data-widget_type=\"text-editor.default\">\n\t\t\t\t<div class=\"elementor-widget-container\">\n\t\t\t\t\t\t\t\t\t<p>Salve,<\/p><p class=\"font_8 wixui-rich-text__text\">Poich\u00e9 credo che un buon coaching si basi sulla fiducia tra il coach e il cliente, ho pensato che fosse importante raccontarvi la mia esperienza.<\/p><p class=\"font_8 wixui-rich-text__text\">Essendo una zebra, mi \u00e8 impossibile fare una breve introduzione su chi sono, il che pu\u00f2 sembrare strano per un pensatore monocorde, quindi tanto vale avvertirvi prima \ud83d\ude42<\/p><p class=\"font_8 wixui-rich-text__text\"><span class=\"wixui-rich-text__text\">Sono sempre stato molto sensibile e attratto dalle relazioni umane.<\/span><\/p><p class=\"font_8 wixui-rich-text__text\"><span class=\"wixui-rich-text__text\">Per molto tempo mi sono sentita fuori dalla norma. Con una forte\u00a0<\/span><span class=\"wixui-rich-text__text\">intuizione<\/span><span class=\"wixui-rich-text__text\">All'epoca non sapevo di essere una zebra e cosa questo implicasse in termini di funzionamento e di caratteristiche specifiche.<\/span><\/p><p class=\"font_8 wixui-rich-text__text\"><span class=\"wixui-rich-text__text\">La mia mancanza di fiducia in me stesso, la mia cattiva gestione dell'ipersensibilit\u00e0, le mie false credenze e le mie ferite infantili hanno avuto ripercussioni negative sulla prima parte della mia vita.<\/span><\/p><p class=\"font_8 wixui-rich-text__text\"><span class=\"wixui-rich-text__text\">Ho quindi attirato su di me situazioni personali che corrispondevano alla vivacit\u00e0 della mia vita e alle maschere che indossavo in quel momento: vittimismo inconscio in tutti gli ambiti della mia vita, un lavoro alimentare in cui dovevo lavorare per vivere, un lavoro in cui dovevo lavorare per vivere, un lavoro in cui dovevo lavorare per vivere, un lavoro in cui dovevo lavorare per vivere e un lavoro in cui dovevo lavorare per vivere.<\/span>spegnere<span class=\"wixui-rich-text__text\">La malattia comprende la fibromialgia.<\/span><\/p><p class=\"font_8 wixui-rich-text__text\"><span class=\"wixui-rich-text__text\">Come molti di noi, volevo la felicit\u00e0 ma non riuscivo a raggiungerla.<\/span><\/p><p class=\"font_8 wixui-rich-text__text\"><span class=\"wixui-rich-text__text\">Cos\u00ec ho fatto un enorme lavoro su me stessa, eliminando le mie false credenze una per una, curando le mie ferite emotive, superando le paure e le convinzioni limitanti che mi avevano frenato.<\/span><span class=\"wixui-rich-text__text\">ha impedito loro di progredire dalla persona totalmente autosufficiente, priva di\u00a0<\/span><span class=\"wixui-rich-text__text\">fiducia, vittima e sottomessa alla donna zebra (che evita le etichette di ipersensibile, hpe, ipersensibile) che sono, \u00a0<\/span><span class=\"wixui-rich-text__text\">auto<\/span><span class=\"wixui-rich-text__text\">\u00a0intraprendente, gioiosa, sicura di s\u00e9 e finalmente in controllo della sua vita.<\/span><\/p><p class=\"font_8 wixui-rich-text__text\"><span class=\"wixui-rich-text__text\">Ho lasciato tutto ci\u00f2 che non mi andava pi\u00f9 bene (lavoro cibo, partner) per allinearmi finalmente alla mia vita.\u00a0<\/span><span class=\"wixui-rich-text__text\">con<\/span><span class=\"wixui-rich-text__text\">\u00a0le mie aspirazioni pi\u00f9 profonde, trovare il mio equilibrio e, soprattutto, riscoprire il mio potere di creare la vita.<\/span><\/p><p class=\"font_8 wixui-rich-text__text\"><span class=\"wixui-rich-text__text\">Ho suonato il clarinetto per 15 anni, in parte al Conservatorio di Lione, poi ho studiato musica, quindi ho conseguito un BTS (diploma tecnico biennale) in gestione aziendale per le piccole e medie imprese presso una scuola serale, e infine ho lavorato per pi\u00f9 di 20 anni nella contabilit\u00e0, ma sentendo di appartenere a un altro posto.<\/span><\/p><p class=\"font_8 wixui-rich-text__text\"><span class=\"wixui-rich-text__text\">Il mio cambiamento di carriera \u00e8 stato ovvio per me e ha richiesto diversi anni per essere completato, conciliando i miei obblighi personali con la mia carriera.\u00a0<\/span>finanziario<span class=\"wixui-rich-text__text\">.<\/span><\/p><p class=\"font_8 wixui-rich-text__text\"><span class=\"wixui-rich-text__text\">Inizialmente volevo aiutare le persone a livello energetico, perch\u00e9 avevo questo potenziale innato. Ho integrato le mie competenze seguendo corsi di formazione (livelli reiki 1 e 2).<\/span><\/p><p class=\"font_8 wixui-rich-text__text\"><span class=\"wixui-rich-text__text\">Poi, comprendendo il legame tra corpo e mente, ho seguito un corso di digitopressione di 96 ore con Myriam Mass\u00e9 Yang presso l'Istituto di Medicina Naturale di Ginevra, che mi ha permesso di comprendere pi\u00f9 a fondo il mio corpo, le mie emozioni e come gestire il mio corpo e la mia mente nel loro insieme.<\/span><\/p><p class=\"font_8 wixui-rich-text__text\"><span class=\"wixui-rich-text__text\">Ho partecipato a diversi corsi di sviluppo personale, in particolare con Arnaud Riou, che mi hanno aiutato a conoscere meglio me stesso e, per effetto speculare, gli altri.<\/span><\/p><p class=\"font_8 wixui-rich-text__text\"><span class=\"wixui-rich-text__text\">Ho partecipato a conferenze con persone come Gr\u00e9gory Mutombo e Sylv\u00e8re Caron.<\/span><\/p><p class=\"font_8 wixui-rich-text__text\"><span class=\"wixui-rich-text__text\">Poi in\u00a0<\/span><span class=\"wixui-rich-text__text\">parallelo<\/span><span class=\"wixui-rich-text__text\">\u00a0dal mio lavoro alimentare di allora, ho praticato trattamenti energetici (riequilibrio, rimozione di verruche, laboratorio di silvoterapia).<\/span><\/p><p class=\"font_8 wixui-rich-text__text\"><span class=\"wixui-rich-text__text\">Ma con il tempo e ascoltando con sincerit\u00e0 il mio\u00a0<\/span><span class=\"wixui-rich-text__text\">cuore<\/span><span class=\"wixui-rich-text__text\">Mi sono resa conto di essere molto pi\u00f9 attratta dal coaching e dal sostegno all'intera persona che dalla pura guarigione energetica.<\/span><\/p><p class=\"font_8 wixui-rich-text__text\"><span class=\"wixui-rich-text__text\">Mi \u00e8 stato chiaro che lavorare solo a livello energetico non era sufficiente per andare avanti, e che dovevamo immergerci in profondit\u00e0 dentro di noi e intraprendere profondi cambiamenti e riprogrammazioni.<\/span><\/p><p class=\"font_8 wixui-rich-text__text\"><span class=\"wixui-rich-text__text\">Che, alla fine, il mio potenziale energetico era uno strumento che potevo usare per sostenervi, ma che non sarebbe stato l'unico strumento.<\/span><\/p><p class=\"font_8 wixui-rich-text__text\"><span class=\"wixui-rich-text__text\">Cos\u00ec ho deciso di diventare un coach olistico, di continuare la mia formazione e di rivolgermi all'ipnosi per aiutarvi nel vostro percorso di evoluzione.<\/span><\/p><p class=\"font_8 wixui-rich-text__text\"><span class=\"wixui-rich-text__text\">Cos\u00ec ho preso il mio\u00a0<\/span>certificato<span class=\"wixui-rich-text__text\"> Formazione per operatori di ipnosi con Lionel Tomasenski.<\/span><\/p><p class=\"font_8 wixui-rich-text__text\"><span class=\"wixui-rich-text__text\">Sono sempre desiderosa di imparare per potervi fornire un'assistenza migliore e mi tengo regolarmente aggiornata.<\/span><\/p><p class=\"font_8 wixui-rich-text__text\"><span class=\"wixui-rich-text__text\">Mi sono anche specializzata in Hypno Natal con Lise Bartoli e Anne Marie Lajeunesse.<\/span><\/p><p class=\"font_8 wixui-rich-text__text\"><span class=\"wixui-rich-text__text\">Ho anche seguito una formazione per sostenere gli adulti HP presso l'Istituto Cogito'z.<\/span><\/p><p class=\"font_8 wixui-rich-text__text\"><span class=\"wixui-rich-text__text\">Mi sono anche specializzata in Ipnosi per bambini con Lise Bartoli.<\/span><\/p><p class=\"font_8 wixui-rich-text__text\"><span class=\"wixui-rich-text__text\">La mia esperienza di vita \u00e8 uno degli ulteriori punti di forza del mio\u00a0<\/span>valigetta<span class=\"wixui-rich-text__text\"> Ho aggiunto le mie capacit\u00e0 di ascolto, la mia chiaroveggenza, il mio udito limpido, la mia empatia, la mia gentilezza, la mia capacit\u00e0 di analisi e i miei strumenti di liberazione emotiva.<\/span><\/p><p class=\"font_8 wixui-rich-text__text\"><span class=\"wixui-rich-text__text\">Il mio ruolo come coach olistico e operatore di ipnosi \u00e8 quello di aiutarvi a capire che siete il creatore della vostra vita e che potete riconquistare la vostra sovranit\u00e0. Sapendo che tutto \u00e8 energia, attiriamo ci\u00f2 che vibriamo e vibriamo ci\u00f2 che crediamo. Guido i miei clienti verso la loro vera natura, aiutandoli a rilasciare il bagaglio emotivo, i blocchi e le paure che impediscono loro di essere felici e di andare avanti.<\/span><\/p><p class=\"font_8 wixui-rich-text__text\"><span class=\"wixui-rich-text__text\">Questi blocchi e pattumiere emotive finiscono per depositarsi nel corpo e creare malattie se non ne siamo consapevoli.<\/span><\/p><p class=\"font_8 wixui-rich-text__text\"><span class=\"wixui-rich-text__text\">All'epoca mi era stata diagnosticata una \u00a0<\/span><span class=\"wixui-rich-text__text\">fibromialgia<\/span>che \u00e8 stato seguito da\u00a0<span class=\"wixui-rich-text__text\">bruciare<\/span>\u00a0\u00a0<span class=\"wixui-rich-text__text\">\u00a0e ho ovviamente adottato un approccio olistico alla mia guarigione e sono riuscito a curare questa malattia sollevando il velo su alcuni modi di funzionamento.\u00a0<\/span>inopportuno<span class=\"wixui-rich-text__text\">Cambiando le mie convinzioni, la mia dieta e il mio lavoro, e liberandomi da shock emotivi risalenti all'adolescenza. (Si veda la conferenza di testimonianze su You Tube che ho organizzato insieme a C\u00e9dric Dupont sulla fibromialgia).<\/span><\/p><p class=\"font_8 wixui-rich-text__text\"><span class=\"wixui-rich-text__text\">Cos\u00ec, dopo diversi mesi passati ad aiutare i miei clienti con una serie di problemi, ho fatto la scelta consapevole e giusta di dedicarmi esclusivamente a ci\u00f2 che conosco meglio: il percorso di guarigione dalla fibromialgia e dal burnout.<\/span><\/p>\t\t\t\t\t\t\t\t<\/div>\n\t\t\t\t<\/div>\n\t\t\t\t\t<\/div>\n\t\t<\/div>\n\t\t\t\t\t<\/div>\n\t\t<\/section>\n\t\t\t\t<section class=\"elementor-section elementor-top-section elementor-element elementor-element-fce1291 elementor-section-boxed elementor-section-height-default elementor-section-height-default\" data-id=\"fce1291\" data-element_type=\"section\" data-e-type=\"section\">\n\t\t\t\t\t\t<div class=\"elementor-container elementor-column-gap-default\">\n\t\t\t\t\t<div class=\"elementor-column elementor-col-50 elementor-top-column elementor-element elementor-element-3eb25a5\" data-id=\"3eb25a5\" data-element_type=\"column\" data-e-type=\"column\">\n\t\t\t<div class=\"elementor-widget-wrap elementor-element-populated\">\n\t\t\t\t\t\t<div class=\"elementor-element elementor-element-7b832d7 elementor-widget elementor-widget-text-editor\" data-id=\"7b832d7\" data-element_type=\"widget\" data-e-type=\"widget\" data-widget_type=\"text-editor.default\">\n\t\t\t\t<div class=\"elementor-widget-container\">\n\t\t\t\t\t\t\t\t\t<div id=\"bgLayers_comp-ljcvm8ir\" class=\"MW5IWV\" data-hook=\"bgLayers\" data-motion-part=\"BG_LAYER\"><div id=\"bgMedia_comp-ljcvm8ir\" class=\"VgO9Yg\" data-motion-part=\"BG_MEDIA\">Con sede nella vicina Francia, sostiene le persone che soffrono di fibromialgia con 12 sessioni che combinano coaching, ipnosi, energia e 2 sessioni nella natura.<\/div><\/div>\t\t\t\t\t\t\t\t<\/div>\n\t\t\t\t<\/div>\n\t\t\t\t\t<\/div>\n\t\t<\/div>\n\t\t\t\t<div class=\"elementor-column elementor-col-50 elementor-top-column elementor-element elementor-element-dd614b0\" data-id=\"dd614b0\" data-element_type=\"column\" data-e-type=\"column\">\n\t\t\t<div class=\"elementor-widget-wrap elementor-element-populated\">\n\t\t\t\t\t\t<div class=\"elementor-element elementor-element-3570715 elementor-widget elementor-widget-text-editor\" data-id=\"3570715\" data-element_type=\"widget\" data-e-type=\"widget\" data-widget_type=\"text-editor.default\">\n\t\t\t\t<div class=\"elementor-widget-container\">\n\t\t\t\t\t\t\t\t\t<p><a href=\"https:\/\/www.christine-jeantet.com\/\" target=\"_blank\" rel=\"noopener\">Per saperne di pi\u00f9, cliccate su questo link<\/a><\/p>\t\t\t\t\t\t\t\t<\/div>\n\t\t\t\t<\/div>\n\t\t\t\t\t<\/div>\n\t\t<\/div>\n\t\t\t\t\t<\/div>\n\t\t<\/section>\n\t\t\t\t<\/div>","protected":false},"excerpt":{"rendered":"<p>Bonjour, Parce qu&rsquo;\u00e0 mon sens un bon accompagnement est bas\u00e9 sur la confiance entre l&rsquo;accompagnant et le client, il me semblait important de vous relater mon parcours. Etant z\u00e8bre, il [&hellip;]<\/p>\n","protected":false},"author":1,"featured_media":0,"parent":0,"menu_order":0,"comment_status":"closed","ping_status":"closed","template":"","meta":{"footnotes":""},"class_list":["post-6535","page","type-page","status-publish","hentry"],"publishpress_future_action":{"enabled":false,"date":"2026-04-20 15:57:34","action":"change-status","newStatus":"draft","terms":[],"taxonomy":"","extraData":[]},"publishpress_future_workflow_manual_trigger":{"enabledWorkflows":[]},"_links":{"self":[{"href":"http:\/\/suisse-fibromyalgie.ch\/it\/wp-json\/wp\/v2\/pages\/6535","targetHints":{"allow":["GET"]}}],"collection":[{"href":"http:\/\/suisse-fibromyalgie.ch\/it\/wp-json\/wp\/v2\/pages"}],"about":[{"href":"http:\/\/suisse-fibromyalgie.ch\/it\/wp-json\/wp\/v2\/types\/page"}],"author":[{"embeddable":true,"href":"http:\/\/suisse-fibromyalgie.ch\/it\/wp-json\/wp\/v2\/users\/1"}],"replies":[{"embeddable":true,"href":"http:\/\/suisse-fibromyalgie.ch\/it\/wp-json\/wp\/v2\/comments?post=6535"}],"version-history":[{"count":3,"href":"http:\/\/suisse-fibromyalgie.ch\/it\/wp-json\/wp\/v2\/pages\/6535\/revisions"}],"predecessor-version":[{"id":6539,"href":"http:\/\/suisse-fibromyalgie.ch\/it\/wp-json\/wp\/v2\/pages\/6535\/revisions\/6539"}],"wp:attachment":[{"href":"http:\/\/suisse-fibromyalgie.ch\/it\/wp-json\/wp\/v2\/media?parent=6535"}],"curies":[{"name":"wp","href":"https:\/\/api.w.org\/{rel}","templated":true}]}}