{"id":5931,"date":"2024-08-05T21:09:35","date_gmt":"2024-08-05T19:09:35","guid":{"rendered":"https:\/\/suisse-fibromyalgie.ch\/?page_id=5931"},"modified":"2024-08-05T21:10:04","modified_gmt":"2024-08-05T19:10:04","slug":"casanova-andre-la-sante-autrement-aubonne","status":"publish","type":"page","link":"http:\/\/suisse-fibromyalgie.ch\/it\/casanova-andre-la-sante-autrement-aubonne\/","title":{"rendered":"Casanova Andr\u00e9 - Un approccio diverso alla salute - Aubonne"},"content":{"rendered":"<div data-elementor-type=\"wp-page\" data-elementor-id=\"5931\" class=\"elementor elementor-5931\" data-elementor-post-type=\"page\">\n\t\t\t\t\t\t<section class=\"elementor-section elementor-top-section elementor-element elementor-element-5643a8c elementor-section-boxed elementor-section-height-default elementor-section-height-default\" data-id=\"5643a8c\" data-element_type=\"section\" data-e-type=\"section\">\n\t\t\t\t\t\t<div class=\"elementor-container elementor-column-gap-default\">\n\t\t\t\t\t<div class=\"elementor-column elementor-col-50 elementor-top-column elementor-element elementor-element-c953588\" data-id=\"c953588\" data-element_type=\"column\" data-e-type=\"column\">\n\t\t\t<div class=\"elementor-widget-wrap elementor-element-populated\">\n\t\t\t\t\t\t<div class=\"elementor-element elementor-element-68ab1cb elementor-widget elementor-widget-image\" data-id=\"68ab1cb\" data-element_type=\"widget\" data-e-type=\"widget\" data-widget_type=\"image.default\">\n\t\t\t\t<div class=\"elementor-widget-container\">\n\t\t\t\t\t\t\t\t\t\t\t\t\t\t\t<img fetchpriority=\"high\" decoding=\"async\" width=\"768\" height=\"278\" src=\"https:\/\/suisse-fibromyalgie.ch\/wp-content\/uploads\/Photo-Andre-Casanova-768x278.jpg\" class=\"attachment-medium_large size-medium_large wp-image-4672\" alt=\"\" srcset=\"https:\/\/suisse-fibromyalgie.ch\/wp-content\/uploads\/Photo-Andre-Casanova-768x278.jpg 768w, https:\/\/suisse-fibromyalgie.ch\/wp-content\/uploads\/Photo-Andre-Casanova-300x108.jpg 300w, https:\/\/suisse-fibromyalgie.ch\/wp-content\/uploads\/Photo-Andre-Casanova-1024x370.jpg 1024w, https:\/\/suisse-fibromyalgie.ch\/wp-content\/uploads\/Photo-Andre-Casanova-18x7.jpg 18w, https:\/\/suisse-fibromyalgie.ch\/wp-content\/uploads\/Photo-Andre-Casanova.jpg 1223w\" sizes=\"(max-width: 768px) 100vw, 768px\" \/>\t\t\t\t\t\t\t\t\t\t\t\t\t\t\t<\/div>\n\t\t\t\t<\/div>\n\t\t\t\t\t<\/div>\n\t\t<\/div>\n\t\t\t\t<div class=\"elementor-column elementor-col-50 elementor-top-column elementor-element elementor-element-d7d3abd\" data-id=\"d7d3abd\" data-element_type=\"column\" data-e-type=\"column\">\n\t\t\t<div class=\"elementor-widget-wrap elementor-element-populated\">\n\t\t\t\t\t\t<div class=\"elementor-element elementor-element-cdd1fa2 elementor-widget elementor-widget-text-editor\" data-id=\"cdd1fa2\" data-element_type=\"widget\" data-e-type=\"widget\" data-widget_type=\"text-editor.default\">\n\t\t\t\t<div class=\"elementor-widget-container\">\n\t\t\t\t\t\t\t\t\t<p class=\"font_8 wixui-rich-text__text\">Terapeuta di formazione medica specializzato in salute psico-emotiva. Ha gi\u00e0 diversi anni di esperienza. Atipico, simpatico e duro, Andr\u00e9 Casanova lavora con persone e aziende di tutti i ceti sociali.<\/p><p class=\"font_8 wixui-rich-text__text\">Con una formazione originaria in campo medico, ha una sensibilit\u00e0 straordinaria. Si alterna senza problemi tra i ruoli di mentore, life coach e molto altro.<\/p><p class=\"font_8 wixui-rich-text__text\">La chiaroveggenza, l'intuizione e le eccezionali capacit\u00e0 di comunicazione sono i suoi strumenti di guida.<\/p><p class=\"font_8 wixui-rich-text__text\">Domande pertinenti, alcune delle quali incisive, e un modo unico di ascoltare e di fare umorismo conferiscono alle sessioni un carattere unico.<\/p><p class=\"font_8 wixui-rich-text__text\">La decodifica biologica \u00e8 senza dubbio il mio strumento principale. Consiste nel comprendere la causa dei problemi fisici di origine psico-emotiva.\u00a0<\/p>\t\t\t\t\t\t\t\t<\/div>\n\t\t\t\t<\/div>\n\t\t\t\t\t<\/div>\n\t\t<\/div>\n\t\t\t\t\t<\/div>\n\t\t<\/section>\n\t\t\t\t<section class=\"elementor-section elementor-top-section elementor-element elementor-element-085dee4 elementor-section-boxed elementor-section-height-default elementor-section-height-default\" data-id=\"085dee4\" data-element_type=\"section\" data-e-type=\"section\">\n\t\t\t\t\t\t<div class=\"elementor-container elementor-column-gap-default\">\n\t\t\t\t\t<div class=\"elementor-column elementor-col-50 elementor-top-column elementor-element elementor-element-fd354a9\" data-id=\"fd354a9\" data-element_type=\"column\" data-e-type=\"column\">\n\t\t\t<div class=\"elementor-widget-wrap elementor-element-populated\">\n\t\t\t\t\t\t<div class=\"elementor-element elementor-element-056f65c elementor-widget elementor-widget-text-editor\" data-id=\"056f65c\" data-element_type=\"widget\" data-e-type=\"widget\" data-widget_type=\"text-editor.default\">\n\t\t\t\t<div class=\"elementor-widget-container\">\n\t\t\t\t\t\t\t\t\t<p><strong>Decodifica biologica, il legame trasmette l'aspetto psico-emotivo della malattia - fibromialgia<\/strong><\/p>\t\t\t\t\t\t\t\t<\/div>\n\t\t\t\t<\/div>\n\t\t\t\t\t<\/div>\n\t\t<\/div>\n\t\t\t\t<div class=\"elementor-column elementor-col-50 elementor-top-column elementor-element elementor-element-f2fd1cd\" data-id=\"f2fd1cd\" data-element_type=\"column\" data-e-type=\"column\">\n\t\t\t<div class=\"elementor-widget-wrap elementor-element-populated\">\n\t\t\t\t\t\t<div class=\"elementor-element elementor-element-eb4a11b elementor-widget elementor-widget-text-editor\" data-id=\"eb4a11b\" data-element_type=\"widget\" data-e-type=\"widget\" data-widget_type=\"text-editor.default\">\n\t\t\t\t<div class=\"elementor-widget-container\">\n\t\t\t\t\t\t\t\t\t<p><a href=\"https:\/\/www.casanovaandre.com\/\" target=\"_blank\" rel=\"noopener\">Per saperne di pi\u00f9, cliccate su questo link<\/a><\/p>\t\t\t\t\t\t\t\t<\/div>\n\t\t\t\t<\/div>\n\t\t\t\t\t<\/div>\n\t\t<\/div>\n\t\t\t\t\t<\/div>\n\t\t<\/section>\n\t\t\t\t<\/div>","protected":false},"excerpt":{"rendered":"<p>Th\u00e9rapeute form\u00e9 dans le m\u00e9dical et sp\u00e9cialis\u00e9 dans la sant\u00e9 psycho-\u00e9motionelle. Il compte d\u00e9j\u00e0 avec plusieurs ann\u00e9es d\u2019exp\u00e9rience. Atypique, dr\u00f4le et percutant, Andr\u00e9 Casanova accompagne les personnes et les entreprises [&hellip;]<\/p>\n","protected":false},"author":1,"featured_media":0,"parent":0,"menu_order":0,"comment_status":"closed","ping_status":"closed","template":"","meta":{"footnotes":""},"class_list":["post-5931","page","type-page","status-publish","hentry"],"publishpress_future_action":{"enabled":false,"date":"2026-04-24 11:39:06","action":"change-status","newStatus":"draft","terms":[],"taxonomy":"","extraData":[]},"publishpress_future_workflow_manual_trigger":{"enabledWorkflows":[]},"_links":{"self":[{"href":"http:\/\/suisse-fibromyalgie.ch\/it\/wp-json\/wp\/v2\/pages\/5931","targetHints":{"allow":["GET"]}}],"collection":[{"href":"http:\/\/suisse-fibromyalgie.ch\/it\/wp-json\/wp\/v2\/pages"}],"about":[{"href":"http:\/\/suisse-fibromyalgie.ch\/it\/wp-json\/wp\/v2\/types\/page"}],"author":[{"embeddable":true,"href":"http:\/\/suisse-fibromyalgie.ch\/it\/wp-json\/wp\/v2\/users\/1"}],"replies":[{"embeddable":true,"href":"http:\/\/suisse-fibromyalgie.ch\/it\/wp-json\/wp\/v2\/comments?post=5931"}],"version-history":[{"count":0,"href":"http:\/\/suisse-fibromyalgie.ch\/it\/wp-json\/wp\/v2\/pages\/5931\/revisions"}],"wp:attachment":[{"href":"http:\/\/suisse-fibromyalgie.ch\/it\/wp-json\/wp\/v2\/media?parent=5931"}],"curies":[{"name":"wp","href":"https:\/\/api.w.org\/{rel}","templated":true}]}}