{"id":5838,"date":"2024-07-22T11:30:06","date_gmt":"2024-07-22T09:30:06","guid":{"rendered":"https:\/\/suisse-fibromyalgie.ch\/?page_id=5838"},"modified":"2024-07-22T13:52:42","modified_gmt":"2024-07-22T11:52:42","slug":"lecapitaine-martin-la-sono-therapie","status":"publish","type":"page","link":"http:\/\/suisse-fibromyalgie.ch\/it\/lecapitaine-martin-la-sono-therapie\/","title":{"rendered":"Lecapitaine Martin - Terapia del suono"},"content":{"rendered":"<div data-elementor-type=\"wp-page\" data-elementor-id=\"5838\" class=\"elementor elementor-5838\" data-elementor-post-type=\"page\">\n\t\t\t\t\t\t<section class=\"elementor-section elementor-top-section elementor-element elementor-element-455576d elementor-section-boxed elementor-section-height-default elementor-section-height-default\" data-id=\"455576d\" data-element_type=\"section\" data-e-type=\"section\">\n\t\t\t\t\t\t<div class=\"elementor-container elementor-column-gap-default\">\n\t\t\t\t\t<div class=\"elementor-column elementor-col-50 elementor-top-column elementor-element elementor-element-be31f53\" data-id=\"be31f53\" data-element_type=\"column\" data-e-type=\"column\">\n\t\t\t<div class=\"elementor-widget-wrap elementor-element-populated\">\n\t\t\t\t\t\t<div class=\"elementor-element elementor-element-6c5ee45 elementor-widget elementor-widget-image\" data-id=\"6c5ee45\" data-element_type=\"widget\" data-e-type=\"widget\" data-widget_type=\"image.default\">\n\t\t\t\t<div class=\"elementor-widget-container\">\n\t\t\t\t\t\t\t\t\t\t\t\t\t\t\t<img fetchpriority=\"high\" decoding=\"async\" width=\"800\" height=\"529\" src=\"https:\/\/suisse-fibromyalgie.ch\/wp-content\/uploads\/adultmelodia-002.jpg\" class=\"attachment-large size-large wp-image-5854\" alt=\"\" srcset=\"https:\/\/suisse-fibromyalgie.ch\/wp-content\/uploads\/adultmelodia-002.jpg 951w, https:\/\/suisse-fibromyalgie.ch\/wp-content\/uploads\/adultmelodia-002-300x198.jpg 300w, https:\/\/suisse-fibromyalgie.ch\/wp-content\/uploads\/adultmelodia-002-768x508.jpg 768w, https:\/\/suisse-fibromyalgie.ch\/wp-content\/uploads\/adultmelodia-002-18x12.jpg 18w\" sizes=\"(max-width: 800px) 100vw, 800px\" \/>\t\t\t\t\t\t\t\t\t\t\t\t\t\t\t<\/div>\n\t\t\t\t<\/div>\n\t\t\t\t\t<\/div>\n\t\t<\/div>\n\t\t\t\t<div class=\"elementor-column elementor-col-50 elementor-top-column elementor-element elementor-element-728ab29\" data-id=\"728ab29\" data-element_type=\"column\" data-e-type=\"column\">\n\t\t\t<div class=\"elementor-widget-wrap elementor-element-populated\">\n\t\t\t\t\t\t<div class=\"elementor-element elementor-element-1147fc4 elementor-widget elementor-widget-text-editor\" data-id=\"1147fc4\" data-element_type=\"widget\" data-e-type=\"widget\" data-widget_type=\"text-editor.default\">\n\t\t\t\t<div class=\"elementor-widget-container\">\n\t\t\t\t\t\t\t\t\t<h3>Terapia del suono<\/h3><div class=\"elementor-element elementor-element-0ede247 elementor-widget__width-initial elementor-widget elementor-widget-text-editor\" data-id=\"0ede247\" data-element_type=\"widget\" data-widget_type=\"text-editor.default\"><div class=\"elementor-widget-container\"><p><span lang=\"FR\">La sono terapia ha un effetto diretto sul cervello, chiaramente visibile negli elettroencefalogrammi.<\/span><\/p><p><span lang=\"FR\">Lo stato di rilassamento profondo, ad esempio, rallenta l'attivit\u00e0 cerebrale e attiva le onde \"alfa\" del cervello. Queste si collocano tra gli 8hz e i 12hz e permettono al corpo di recuperare in profondit\u00e0. Un altro esempio sono le onde \"beta\", che si collocano tra i 12hz e i 20hz e corrispondono a un maggiore stato di vigilanza e concentrazione.<\/span><\/p><p><span lang=\"FR\">Esistono 5 onde principali emesse dal nostro cervello (delta, theta, alfa, beta e gamma) e ognuna pu\u00f2 essere collegata a uno stato.\u00a0<\/span><\/p><p><span lang=\"FR\">Puntando su queste onde attraverso la terapia del suono e il battito binaurale, possiamo attivare o inibire determinate funzioni cognitive.<br \/>E grazie a questo, possiamo agire direttamente sulla sensazione di benessere, sulla sensazione di alcuni sintomi, in modo non farmacologico, non invasivo e senza controindicazioni.<\/span><\/p><\/div><\/div>\t\t\t\t\t\t\t\t<\/div>\n\t\t\t\t<\/div>\n\t\t\t\t\t<\/div>\n\t\t<\/div>\n\t\t\t\t\t<\/div>\n\t\t<\/section>\n\t\t\t\t<section class=\"elementor-section elementor-top-section elementor-element elementor-element-8e9f295 elementor-section-boxed elementor-section-height-default elementor-section-height-default\" data-id=\"8e9f295\" data-element_type=\"section\" data-e-type=\"section\">\n\t\t\t\t\t\t<div class=\"elementor-container elementor-column-gap-default\">\n\t\t\t\t\t<div class=\"elementor-column elementor-col-100 elementor-top-column elementor-element elementor-element-92d61b9\" data-id=\"92d61b9\" data-element_type=\"column\" data-e-type=\"column\">\n\t\t\t<div class=\"elementor-widget-wrap elementor-element-populated\">\n\t\t\t\t\t\t<div class=\"elementor-element elementor-element-f867ac4 elementor-widget elementor-widget-text-editor\" data-id=\"f867ac4\" data-element_type=\"widget\" data-e-type=\"widget\" data-widget_type=\"text-editor.default\">\n\t\t\t\t<div class=\"elementor-widget-container\">\n\t\t\t\t\t\t\t\t\t<ul><li><p>Melodia Therapy \u00e8 un'applicazione di terapia del suono e neuroscienze che utilizza suoni della natura, musica rilassante e vibrazioni specifiche (battiti binaurali e toni isocroni) per stimolare il benessere e aiutare a sentirsi meglio.<\/p><\/li><li><p>La nostra applicazione di terapia del suono utilizza tecniche di rilassamento profondo per ridurre lo stress, alleviare i sintomi di varie condizioni mediche e sostenere la vita quotidiana.<\/p><\/li><li><p>La musica terapeutica \u00e8 stata utilizzata per secoli per migliorare la salute mentale e fisica. Con la Melodia Therapy \u00e8 possibile accedere a una variet\u00e0 di musiche e suoni appositamente selezionati per il loro effetto terapeutico.<\/p><\/li><li><p>I battiti binaurali, combinati con i suoni della natura e la musica rilassante, creano una potente sinergia che aiuta a raggiungere uno stato di rilassamento profondo, a migliorare la qualit\u00e0 del sonno e a potenziare il benessere fisico e mentale.<\/p><\/li><li><p>Se soffrite di ansia, depressione, stress o dolore, Melodia Therapy pu\u00f2 aiutarvi a sentirvi meglio e a migliorare la qualit\u00e0 della vostra vita grazie al nostro approccio olistico alla salute e al benessere.<\/p><\/li><\/ul><p><em>\"\u00a0<strong>La musica d\u00e0 un'anima ai nostri cuori e delle ali ai nostri pensieri.<\/strong>\"<\/em><em>Platone (poesia Musica)\u00a0<\/em><\/p>\t\t\t\t\t\t\t\t<\/div>\n\t\t\t\t<\/div>\n\t\t\t\t\t<\/div>\n\t\t<\/div>\n\t\t\t\t\t<\/div>\n\t\t<\/section>\n\t\t\t\t<section class=\"elementor-section elementor-top-section elementor-element elementor-element-085dee4 elementor-section-boxed elementor-section-height-default elementor-section-height-default\" data-id=\"085dee4\" data-element_type=\"section\" data-e-type=\"section\">\n\t\t\t\t\t\t<div class=\"elementor-container elementor-column-gap-default\">\n\t\t\t\t\t<div class=\"elementor-column elementor-col-50 elementor-top-column elementor-element elementor-element-fd354a9\" data-id=\"fd354a9\" data-element_type=\"column\" data-e-type=\"column\">\n\t\t\t<div class=\"elementor-widget-wrap elementor-element-populated\">\n\t\t\t\t\t\t<div class=\"elementor-element elementor-element-056f65c elementor-widget elementor-widget-text-editor\" data-id=\"056f65c\" data-element_type=\"widget\" data-e-type=\"widget\" data-widget_type=\"text-editor.default\">\n\t\t\t\t<div class=\"elementor-widget-container\">\n\t\t\t\t\t\t\t\t\t<p><span class=\"uael-before-heading\"><span class=\"elementor-inline-editing uael-dual-heading-text uael-first-text\" data-elementor-setting-key=\"before_heading_text\" data-elementor-inline-editing-toolbar=\"basic\">Melodia terapia. <\/span><\/span><span class=\"uael-adv-heading-stack\"><span class=\"elementor-inline-editing uael-dual-heading-text uael-highlight-text\" data-elementor-setting-key=\"second_heading_text\" data-elementor-inline-editing-toolbar=\"basic\">La vostra applicazione di terapia del suono<\/span><\/span><\/p>\t\t\t\t\t\t\t\t<\/div>\n\t\t\t\t<\/div>\n\t\t\t\t\t<\/div>\n\t\t<\/div>\n\t\t\t\t<div class=\"elementor-column elementor-col-50 elementor-top-column elementor-element elementor-element-f2fd1cd\" data-id=\"f2fd1cd\" data-element_type=\"column\" data-e-type=\"column\">\n\t\t\t<div class=\"elementor-widget-wrap elementor-element-populated\">\n\t\t\t\t\t\t<div class=\"elementor-element elementor-element-eb4a11b elementor-widget elementor-widget-text-editor\" data-id=\"eb4a11b\" data-element_type=\"widget\" data-e-type=\"widget\" data-widget_type=\"text-editor.default\">\n\t\t\t\t<div class=\"elementor-widget-container\">\n\t\t\t\t\t\t\t\t\t<p><a href=\"https:\/\/www.melodiatherapy.com\/fr\/home-fr\/\" target=\"_blank\" rel=\"noopener\">Per saperne di pi\u00f9, cliccate su questo link<\/a><\/p>\t\t\t\t\t\t\t\t<\/div>\n\t\t\t\t<\/div>\n\t\t\t\t\t<\/div>\n\t\t<\/div>\n\t\t\t\t\t<\/div>\n\t\t<\/section>\n\t\t\t\t<section class=\"elementor-section elementor-top-section elementor-element elementor-element-b7c627a elementor-section-boxed elementor-section-height-default elementor-section-height-default\" data-id=\"b7c627a\" data-element_type=\"section\" data-e-type=\"section\">\n\t\t\t\t\t\t<div class=\"elementor-container elementor-column-gap-default\">\n\t\t\t\t\t<div class=\"elementor-column elementor-col-50 elementor-top-column elementor-element elementor-element-d322403\" data-id=\"d322403\" data-element_type=\"column\" data-e-type=\"column\">\n\t\t\t<div class=\"elementor-widget-wrap elementor-element-populated\">\n\t\t\t\t\t\t<div class=\"elementor-element elementor-element-9b00742 elementor-widget elementor-widget-text-editor\" data-id=\"9b00742\" data-element_type=\"widget\" data-e-type=\"widget\" data-widget_type=\"text-editor.default\">\n\t\t\t\t<div class=\"elementor-widget-container\">\n\t\t\t\t\t\t\t\t\t<p><strong>FIBROMIALGIA: BENESSERE ATTRAVERSO LA TERAPIA DEL SUONO CON LA MELODIA TERAPIA<\/strong><\/p>\t\t\t\t\t\t\t\t<\/div>\n\t\t\t\t<\/div>\n\t\t\t\t\t<\/div>\n\t\t<\/div>\n\t\t\t\t<div class=\"elementor-column elementor-col-50 elementor-top-column elementor-element elementor-element-5f17e86\" data-id=\"5f17e86\" data-element_type=\"column\" data-e-type=\"column\">\n\t\t\t<div class=\"elementor-widget-wrap elementor-element-populated\">\n\t\t\t\t\t\t<div class=\"elementor-element elementor-element-4b4a699 elementor-widget elementor-widget-text-editor\" data-id=\"4b4a699\" data-element_type=\"widget\" data-e-type=\"widget\" data-widget_type=\"text-editor.default\">\n\t\t\t\t<div class=\"elementor-widget-container\">\n\t\t\t\t\t\t\t\t\t<p><a href=\"https:\/\/suisse-fibromyalgie.ch\/wp-content\/uploads\/Article-ASFM-Melodia-Therapy.pdf\" target=\"_blank\" rel=\"noopener\">Per saperne di pi\u00f9, fare clic su questo link per visualizzare l'articolo in formato PDF<\/a><\/p>\t\t\t\t\t\t\t\t<\/div>\n\t\t\t\t<\/div>\n\t\t\t\t\t<\/div>\n\t\t<\/div>\n\t\t\t\t\t<\/div>\n\t\t<\/section>\n\t\t\t\t<\/div>","protected":false},"excerpt":{"rendered":"<p>La sono th\u00e9rapie La sono th\u00e9rapie agit de fa\u00e7on directe sur le cerveau, et c\u2019est tout \u00e0 fait observable gr\u00e2ce aux \u00e9lectro-enc\u00e9phalogrammes. L\u2019\u00e9tat profond de relaxation, par exemple, ralenti l\u2019activit\u00e9 [&hellip;]<\/p>\n","protected":false},"author":1,"featured_media":0,"parent":0,"menu_order":0,"comment_status":"closed","ping_status":"closed","template":"","meta":{"footnotes":""},"class_list":["post-5838","page","type-page","status-publish","hentry"],"publishpress_future_action":{"enabled":false,"date":"2026-04-20 15:56:45","action":"change-status","newStatus":"draft","terms":[],"taxonomy":"","extraData":[]},"publishpress_future_workflow_manual_trigger":{"enabledWorkflows":[]},"_links":{"self":[{"href":"http:\/\/suisse-fibromyalgie.ch\/it\/wp-json\/wp\/v2\/pages\/5838","targetHints":{"allow":["GET"]}}],"collection":[{"href":"http:\/\/suisse-fibromyalgie.ch\/it\/wp-json\/wp\/v2\/pages"}],"about":[{"href":"http:\/\/suisse-fibromyalgie.ch\/it\/wp-json\/wp\/v2\/types\/page"}],"author":[{"embeddable":true,"href":"http:\/\/suisse-fibromyalgie.ch\/it\/wp-json\/wp\/v2\/users\/1"}],"replies":[{"embeddable":true,"href":"http:\/\/suisse-fibromyalgie.ch\/it\/wp-json\/wp\/v2\/comments?post=5838"}],"version-history":[{"count":0,"href":"http:\/\/suisse-fibromyalgie.ch\/it\/wp-json\/wp\/v2\/pages\/5838\/revisions"}],"wp:attachment":[{"href":"http:\/\/suisse-fibromyalgie.ch\/it\/wp-json\/wp\/v2\/media?parent=5838"}],"curies":[{"name":"wp","href":"https:\/\/api.w.org\/{rel}","templated":true}]}}