{"id":5600,"date":"2024-06-11T17:16:30","date_gmt":"2024-06-11T15:16:30","guid":{"rendered":"https:\/\/suisse-fibromyalgie.ch\/?page_id=5600"},"modified":"2025-01-11T17:56:06","modified_gmt":"2025-01-11T16:56:06","slug":"jacques-valerie-therapie-bien-etre-sonotherapie","status":"publish","type":"page","link":"http:\/\/suisse-fibromyalgie.ch\/it\/jacques-valerie-therapie-bien-etre-sonotherapie\/","title":{"rendered":"Jaques Val\u00e9rie - \"Sonoterapia\" terapia del benessere"},"content":{"rendered":"<div data-elementor-type=\"wp-page\" data-elementor-id=\"5600\" class=\"elementor elementor-5600\" data-elementor-post-type=\"page\">\n\t\t\t\t\t\t<section class=\"elementor-section elementor-top-section elementor-element elementor-element-5643a8c elementor-section-boxed elementor-section-height-default elementor-section-height-default\" data-id=\"5643a8c\" data-element_type=\"section\" data-e-type=\"section\">\n\t\t\t\t\t\t<div class=\"elementor-container elementor-column-gap-default\">\n\t\t\t\t\t<div class=\"elementor-column elementor-col-50 elementor-top-column elementor-element elementor-element-c953588\" data-id=\"c953588\" data-element_type=\"column\" data-e-type=\"column\">\n\t\t\t<div class=\"elementor-widget-wrap elementor-element-populated\">\n\t\t\t\t\t\t<div class=\"elementor-element elementor-element-68ab1cb elementor-widget elementor-widget-image\" data-id=\"68ab1cb\" data-element_type=\"widget\" data-e-type=\"widget\" data-widget_type=\"image.default\">\n\t\t\t\t<div class=\"elementor-widget-container\">\n\t\t\t\t\t\t\t\t\t\t\t\t\t\t\t<img fetchpriority=\"high\" decoding=\"async\" width=\"493\" height=\"490\" src=\"https:\/\/suisse-fibromyalgie.ch\/wp-content\/uploads\/Jacques-Valerie.jpg\" class=\"attachment-medium_large size-medium_large wp-image-5601\" alt=\"\" srcset=\"https:\/\/suisse-fibromyalgie.ch\/wp-content\/uploads\/Jacques-Valerie.jpg 493w, https:\/\/suisse-fibromyalgie.ch\/wp-content\/uploads\/Jacques-Valerie-300x298.jpg 300w, https:\/\/suisse-fibromyalgie.ch\/wp-content\/uploads\/Jacques-Valerie-150x150.jpg 150w, https:\/\/suisse-fibromyalgie.ch\/wp-content\/uploads\/Jacques-Valerie-12x12.jpg 12w\" sizes=\"(max-width: 493px) 100vw, 493px\" \/>\t\t\t\t\t\t\t\t\t\t\t\t\t\t\t<\/div>\n\t\t\t\t<\/div>\n\t\t\t\t\t<\/div>\n\t\t<\/div>\n\t\t\t\t<div class=\"elementor-column elementor-col-50 elementor-top-column elementor-element elementor-element-d7d3abd\" data-id=\"d7d3abd\" data-element_type=\"column\" data-e-type=\"column\">\n\t\t\t<div class=\"elementor-widget-wrap elementor-element-populated\">\n\t\t\t\t\t\t<div class=\"elementor-element elementor-element-cdd1fa2 elementor-widget elementor-widget-text-editor\" data-id=\"cdd1fa2\" data-element_type=\"widget\" data-e-type=\"widget\" data-widget_type=\"text-editor.default\">\n\t\t\t\t<div class=\"elementor-widget-container\">\n\t\t\t\t\t\t\t\t\t<p class=\"\"><strong>Io sono Val\u00e9rie<\/strong>sonoterapeuta, aromaterapeuta e imprenditore.<\/p><p class=\"\">Sono sempre stato spinto dalla certezza di <strong>il nostro pieno potenziale per creare il cambiamento e accedere alla nostra libert\u00e0 interiore. Che tutto \u00e8 vibrazione, che noi siamo vibrazione.<\/strong><\/p><p class=\"\">Oggi, nell'ambito del mio coaching, voglio far emergere tutto il vostro potenziale. <strong>risvegliare, attivare<\/strong> per aiutarvi <strong>diventare consapevoli<\/strong> la vostra dimensione interiore, gli strumenti di cui disponete per <strong>osare di liberarsi.<\/strong><\/p><p class=\"\">Gli anni di formazione, la ricerca sull'equilibrio tra corpo, mente e anima e il mio percorso di vita mi permettono di trasmettere le mie conoscenze in questo spazio.<\/p><p class=\"\">Il mio amore per la medicina tradizionale, olistica e vibrazionale, le neuroscienze e la fisica quantistica viene dal cuore. \u00c8 ovvio che non possono essere dissociate, ma devono essere riunite per lavorare in sinergia intorno al nostro Essere.<\/p><p class=\"\"><strong><em>Il processo della vita \u00e8 una sperimentazione. \u00c8 un viaggio con il S\u00e9, pieno di continui cambiamenti e imprevedibilit\u00e0.<\/em><\/strong><\/p><p class=\"\">Il sovraccarico mentale ed emotivo causato dal modo in cui viviamo le nostre vite \u00e8 un problema molto reale nella societ\u00e0 di oggi. Con la pressione del lavoro, della famiglia e delle responsabilit\u00e0 sociali, \u00e8 facile sentirsi sopraffatti. Le costanti aspettative di successo, produttivit\u00e0 e perfezione possono portare a medio termine a uno stress intenso, che sfocia in patologie psicologiche pi\u00f9 gravi.<\/p><p class=\"\">Rimanere pienamente allineati ogni giorno di fronte ai capricci del momento non \u00e8 un compito facile. <strong>A volte abbiamo bisogno di un'ispirazione per fare una pausa, un momento per fare un passo indietro e guardare oltre il visibile per tornare al nostro centro.<\/strong><\/p><p class=\"\">Attraverso la condivisione, le frequenze, le energie, l'aromaterapia e il tocco, mi offro di accompagnarvi, di offrirvi questo momento per voi stessi ai suoni delle ciotole, degli strumenti e dei diapason offerti dalla Sonoterapia.<\/p><p class=\"\">In uno spazio che \u00e8 l'inizio delle vostre nuove frequenze, vi invito a intraprendere il viaggio del vostro momento.<\/p>\t\t\t\t\t\t\t\t<\/div>\n\t\t\t\t<\/div>\n\t\t\t\t\t<\/div>\n\t\t<\/div>\n\t\t\t\t\t<\/div>\n\t\t<\/section>\n\t\t\t\t<section class=\"elementor-section elementor-top-section elementor-element elementor-element-085dee4 elementor-section-boxed elementor-section-height-default elementor-section-height-default\" data-id=\"085dee4\" data-element_type=\"section\" data-e-type=\"section\">\n\t\t\t\t\t\t<div class=\"elementor-container elementor-column-gap-default\">\n\t\t\t\t\t<div class=\"elementor-column elementor-col-50 elementor-top-column elementor-element elementor-element-fd354a9\" data-id=\"fd354a9\" data-element_type=\"column\" data-e-type=\"column\">\n\t\t\t<div class=\"elementor-widget-wrap elementor-element-populated\">\n\t\t\t\t\t\t<div class=\"elementor-element elementor-element-056f65c elementor-widget elementor-widget-text-editor\" data-id=\"056f65c\" data-element_type=\"widget\" data-e-type=\"widget\" data-widget_type=\"text-editor.default\">\n\t\t\t\t<div class=\"elementor-widget-container\">\n\t\t\t\t\t\t\t\t\t<ul>\n<li>Assistenza individuale<\/li>\n<li>Lezioni di gruppo il gioved\u00ec sera<\/li><li>Tariffe preferenziali per i soci ASFM<\/li>\n<\/ul>\t\t\t\t\t\t\t\t<\/div>\n\t\t\t\t<\/div>\n\t\t\t\t\t<\/div>\n\t\t<\/div>\n\t\t\t\t<div class=\"elementor-column elementor-col-50 elementor-top-column elementor-element elementor-element-f2fd1cd\" data-id=\"f2fd1cd\" data-element_type=\"column\" data-e-type=\"column\">\n\t\t\t<div class=\"elementor-widget-wrap elementor-element-populated\">\n\t\t\t\t\t\t<div class=\"elementor-element elementor-element-eb4a11b elementor-widget elementor-widget-text-editor\" data-id=\"eb4a11b\" data-element_type=\"widget\" data-e-type=\"widget\" data-widget_type=\"text-editor.default\">\n\t\t\t\t<div class=\"elementor-widget-container\">\n\t\t\t\t\t\t\t\t\t<p><a href=\"https:\/\/www.sonotherapieinspiration.com\/\" target=\"_blank\" rel=\"noopener\">Per saperne di pi\u00f9, cliccate su questo link<\/a><\/p>\t\t\t\t\t\t\t\t<\/div>\n\t\t\t\t<\/div>\n\t\t\t\t\t<\/div>\n\t\t<\/div>\n\t\t\t\t\t<\/div>\n\t\t<\/section>\n\t\t\t\t<\/div>","protected":false},"excerpt":{"rendered":"<p>Je suis Val\u00e9rie, sonoth\u00e9rapeute, aromath\u00e9rapeute et entrepreneuse. Depuis toujours, je suis anim\u00e9e par cette certitude de notre plein potentiel pour cr\u00e9er le changement et acc\u00e9der \u00e0 sa propre libert\u00e9 int\u00e9rieure. [&hellip;]<\/p>\n","protected":false},"author":1,"featured_media":0,"parent":0,"menu_order":0,"comment_status":"closed","ping_status":"closed","template":"","meta":{"footnotes":""},"class_list":["post-5600","page","type-page","status-publish","hentry"],"publishpress_future_action":{"enabled":false,"date":"2026-04-22 04:52:15","action":"change-status","newStatus":"draft","terms":[],"taxonomy":"","extraData":[]},"publishpress_future_workflow_manual_trigger":{"enabledWorkflows":[]},"_links":{"self":[{"href":"http:\/\/suisse-fibromyalgie.ch\/it\/wp-json\/wp\/v2\/pages\/5600","targetHints":{"allow":["GET"]}}],"collection":[{"href":"http:\/\/suisse-fibromyalgie.ch\/it\/wp-json\/wp\/v2\/pages"}],"about":[{"href":"http:\/\/suisse-fibromyalgie.ch\/it\/wp-json\/wp\/v2\/types\/page"}],"author":[{"embeddable":true,"href":"http:\/\/suisse-fibromyalgie.ch\/it\/wp-json\/wp\/v2\/users\/1"}],"replies":[{"embeddable":true,"href":"http:\/\/suisse-fibromyalgie.ch\/it\/wp-json\/wp\/v2\/comments?post=5600"}],"version-history":[{"count":3,"href":"http:\/\/suisse-fibromyalgie.ch\/it\/wp-json\/wp\/v2\/pages\/5600\/revisions"}],"predecessor-version":[{"id":7599,"href":"http:\/\/suisse-fibromyalgie.ch\/it\/wp-json\/wp\/v2\/pages\/5600\/revisions\/7599"}],"wp:attachment":[{"href":"http:\/\/suisse-fibromyalgie.ch\/it\/wp-json\/wp\/v2\/media?parent=5600"}],"curies":[{"name":"wp","href":"https:\/\/api.w.org\/{rel}","templated":true}]}}