{"id":5590,"date":"2024-06-11T14:56:25","date_gmt":"2024-06-11T12:56:25","guid":{"rendered":"https:\/\/suisse-fibromyalgie.ch\/?page_id=5590"},"modified":"2024-06-11T15:00:59","modified_gmt":"2024-06-11T13:00:59","slug":"de-frino-florence-hypnose-et-relaxation","status":"publish","type":"page","link":"http:\/\/suisse-fibromyalgie.ch\/it\/de-frino-florence-hypnose-et-relaxation\/","title":{"rendered":"De Frino Firenze - Ipnosi e rilassamento"},"content":{"rendered":"<div data-elementor-type=\"wp-page\" data-elementor-id=\"5590\" class=\"elementor elementor-5590\" data-elementor-post-type=\"page\">\n\t\t\t\t\t\t<section class=\"elementor-section elementor-top-section elementor-element elementor-element-5643a8c elementor-section-boxed elementor-section-height-default elementor-section-height-default\" data-id=\"5643a8c\" data-element_type=\"section\" data-e-type=\"section\">\n\t\t\t\t\t\t<div class=\"elementor-container elementor-column-gap-default\">\n\t\t\t\t\t<div class=\"elementor-column elementor-col-50 elementor-top-column elementor-element elementor-element-c953588\" data-id=\"c953588\" data-element_type=\"column\" data-e-type=\"column\">\n\t\t\t<div class=\"elementor-widget-wrap elementor-element-populated\">\n\t\t\t\t\t\t<div class=\"elementor-element elementor-element-68ab1cb elementor-widget elementor-widget-image\" data-id=\"68ab1cb\" data-element_type=\"widget\" data-e-type=\"widget\" data-widget_type=\"image.default\">\n\t\t\t\t<div class=\"elementor-widget-container\">\n\t\t\t\t\t\t\t\t\t\t\t\t\t\t\t<img fetchpriority=\"high\" decoding=\"async\" width=\"768\" height=\"1019\" src=\"https:\/\/suisse-fibromyalgie.ch\/wp-content\/uploads\/De-Frino-Florence-768x1019.jpg\" class=\"attachment-medium_large size-medium_large wp-image-5591\" alt=\"\" srcset=\"https:\/\/suisse-fibromyalgie.ch\/wp-content\/uploads\/De-Frino-Florence-768x1019.jpg 768w, https:\/\/suisse-fibromyalgie.ch\/wp-content\/uploads\/De-Frino-Florence-226x300.jpg 226w, https:\/\/suisse-fibromyalgie.ch\/wp-content\/uploads\/De-Frino-Florence-772x1024.jpg 772w, https:\/\/suisse-fibromyalgie.ch\/wp-content\/uploads\/De-Frino-Florence-9x12.jpg 9w, https:\/\/suisse-fibromyalgie.ch\/wp-content\/uploads\/De-Frino-Florence.jpg 1158w\" sizes=\"(max-width: 768px) 100vw, 768px\" \/>\t\t\t\t\t\t\t\t\t\t\t\t\t\t\t<\/div>\n\t\t\t\t<\/div>\n\t\t\t\t\t<\/div>\n\t\t<\/div>\n\t\t\t\t<div class=\"elementor-column elementor-col-50 elementor-top-column elementor-element elementor-element-d7d3abd\" data-id=\"d7d3abd\" data-element_type=\"column\" data-e-type=\"column\">\n\t\t\t<div class=\"elementor-widget-wrap elementor-element-populated\">\n\t\t\t\t\t\t<div class=\"elementor-element elementor-element-cdd1fa2 elementor-widget elementor-widget-text-editor\" data-id=\"cdd1fa2\" data-element_type=\"widget\" data-e-type=\"widget\" data-widget_type=\"text-editor.default\">\n\t\t\t\t<div class=\"elementor-widget-container\">\n\t\t\t\t\t\t\t\t\t<p>Appassionata di aiutare gli altri, qualche anno fa ho deciso di cambiare direzione professionale.<\/p><p>Tutto \u00e8 iniziato con un corso di diploma in\u00a0<strong>rilassamento<\/strong>.<\/p><p>Poi, forte di questa esperienza, ho proseguito gli studi, che mi hanno permesso di ottenere il titolo di\u00a0<strong>Master in ipnosi<\/strong>.<\/p><p>Poich\u00e9 per natura sono molto stressata, ho testato le tecniche su me stessa e il risultato \u00e8 stato superiore alle mie aspettative.<\/p><p>In seguito, mi sono rivolta a vari corsi di formazione per poter fornire un supporto migliore ai miei clienti che soffrono di\u00a0<strong>disturbi d'ansia<\/strong>. Poich\u00e9 sto gi\u00e0 conseguendo un diploma in rilassamento, ho deciso di migliorare la mia pratica combinandola con l'ipnosi, poich\u00e9 le due tecniche sono altamente complementari per ottenere risultati ottimali.<strong>.<\/strong><\/p><ul><li>Formazione continua sui disturbi d'ansia e sull'ipnosi presso MHP<\/li><li>Formazione in terapia breve orientata alla soluzione presso MHP<\/li><li>Formazione avanzata sulle tecniche di ipnosi presso MHP<\/li><\/ul><p>Negli ultimi anni, ho principalmente\u00a0<strong>specializzato in ipnosi<\/strong>\u00a0per\u00a0<strong>bambini<\/strong>\u00a0e\u00a0<strong>adolescenti<\/strong>. \u00c8 un immenso piacere per me poterli alleviare e aiutarli a continuare la loro vita pi\u00f9 serenamente.<\/p><ul><li>Formazione continua per bambini e ipnosi presso MHP<\/li><li>Formazione all'ipnosi per bambini di Lise Bartoli<\/li><li>Formazione continua in pedorilassamento (rilassamento per bambini)<\/li><li>Formazione con il Metodo Barkley<\/li><\/ul><p>Vieni a provare\u00a0<strong>ipnosi<\/strong>\u00a0!<\/p><p>Vi do il benvenuto nel mio ufficio a\u00a0<strong>Val-de-Ruz<\/strong>nel villaggio di\u00a0<strong>Fenin,\u00a0<\/strong>a soli 10 minuti dal centro di<strong>\u00a0Neuch\u00e2tel<\/strong>.<\/p><p>Firenze<\/p>\t\t\t\t\t\t\t\t<\/div>\n\t\t\t\t<\/div>\n\t\t\t\t\t<\/div>\n\t\t<\/div>\n\t\t\t\t\t<\/div>\n\t\t<\/section>\n\t\t\t\t<section class=\"elementor-section elementor-top-section elementor-element elementor-element-085dee4 elementor-section-boxed elementor-section-height-default elementor-section-height-default\" data-id=\"085dee4\" data-element_type=\"section\" data-e-type=\"section\">\n\t\t\t\t\t\t<div class=\"elementor-container elementor-column-gap-default\">\n\t\t\t\t\t<div class=\"elementor-column elementor-col-50 elementor-top-column elementor-element elementor-element-fd354a9\" data-id=\"fd354a9\" data-element_type=\"column\" data-e-type=\"column\">\n\t\t\t<div class=\"elementor-widget-wrap elementor-element-populated\">\n\t\t\t\t\t\t<div class=\"elementor-element elementor-element-056f65c elementor-widget elementor-widget-text-editor\" data-id=\"056f65c\" data-element_type=\"widget\" data-e-type=\"widget\" data-widget_type=\"text-editor.default\">\n\t\t\t\t<div class=\"elementor-widget-container\">\n\t\t\t\t\t\t\t\t\t<p>Imparate a gestire meglio il vostro dolore utilizzando esercizi di rilassamento e tecniche di ipnosi semplificate. Imparare a rilassare i muscoli per ridurre il dolore cronico. Utilizzare l'ipnosi per eliminare il dolore con una tecnica colorata.<\/p>\t\t\t\t\t\t\t\t<\/div>\n\t\t\t\t<\/div>\n\t\t\t\t\t<\/div>\n\t\t<\/div>\n\t\t\t\t<div class=\"elementor-column elementor-col-50 elementor-top-column elementor-element elementor-element-f2fd1cd\" data-id=\"f2fd1cd\" data-element_type=\"column\" data-e-type=\"column\">\n\t\t\t<div class=\"elementor-widget-wrap elementor-element-populated\">\n\t\t\t\t\t\t<div class=\"elementor-element elementor-element-eb4a11b elementor-widget elementor-widget-text-editor\" data-id=\"eb4a11b\" data-element_type=\"widget\" data-e-type=\"widget\" data-widget_type=\"text-editor.default\">\n\t\t\t\t<div class=\"elementor-widget-container\">\n\t\t\t\t\t\t\t\t\t<p><a href=\"https:\/\/hypno-relax.ch\/\" target=\"_blank\" rel=\"noopener\">Per saperne di pi\u00f9, cliccate su questo link<\/a><\/p>\t\t\t\t\t\t\t\t<\/div>\n\t\t\t\t<\/div>\n\t\t\t\t\t<\/div>\n\t\t<\/div>\n\t\t\t\t\t<\/div>\n\t\t<\/section>\n\t\t\t\t<\/div>","protected":false},"excerpt":{"rendered":"<p>Passionn\u00e9e par les autres, j\u2019ai d\u00e9cid\u00e9 il y a quelques ann\u00e9es de r\u00e9orienter ma carri\u00e8re professionnelle. Tout a commenc\u00e9 par une formation dipl\u00f4mante en\u00a0relaxation. Puis, forte de cette exp\u00e9rience, je [&hellip;]<\/p>\n","protected":false},"author":1,"featured_media":0,"parent":0,"menu_order":0,"comment_status":"closed","ping_status":"closed","template":"","meta":{"footnotes":""},"class_list":["post-5590","page","type-page","status-publish","hentry"],"publishpress_future_action":{"enabled":false,"date":"2026-05-11 13:17:57","action":"change-status","newStatus":"draft","terms":[],"taxonomy":"","extraData":[]},"publishpress_future_workflow_manual_trigger":{"enabledWorkflows":[]},"_links":{"self":[{"href":"http:\/\/suisse-fibromyalgie.ch\/it\/wp-json\/wp\/v2\/pages\/5590","targetHints":{"allow":["GET"]}}],"collection":[{"href":"http:\/\/suisse-fibromyalgie.ch\/it\/wp-json\/wp\/v2\/pages"}],"about":[{"href":"http:\/\/suisse-fibromyalgie.ch\/it\/wp-json\/wp\/v2\/types\/page"}],"author":[{"embeddable":true,"href":"http:\/\/suisse-fibromyalgie.ch\/it\/wp-json\/wp\/v2\/users\/1"}],"replies":[{"embeddable":true,"href":"http:\/\/suisse-fibromyalgie.ch\/it\/wp-json\/wp\/v2\/comments?post=5590"}],"version-history":[{"count":0,"href":"http:\/\/suisse-fibromyalgie.ch\/it\/wp-json\/wp\/v2\/pages\/5590\/revisions"}],"wp:attachment":[{"href":"http:\/\/suisse-fibromyalgie.ch\/it\/wp-json\/wp\/v2\/media?parent=5590"}],"curies":[{"name":"wp","href":"https:\/\/api.w.org\/{rel}","templated":true}]}}