{"id":5585,"date":"2024-06-11T14:45:44","date_gmt":"2024-06-11T12:45:44","guid":{"rendered":"https:\/\/suisse-fibromyalgie.ch\/?page_id=5585"},"modified":"2024-06-11T14:49:29","modified_gmt":"2024-06-11T12:49:29","slug":"nicolot-fabrice-sophrologue","status":"publish","type":"page","link":"http:\/\/suisse-fibromyalgie.ch\/it\/nicolot-fabrice-sophrologue\/","title":{"rendered":"Nicolot Fabrice - Sofrologo"},"content":{"rendered":"<div data-elementor-type=\"wp-page\" data-elementor-id=\"5585\" class=\"elementor elementor-5585\" data-elementor-post-type=\"page\">\n\t\t\t\t\t\t<section class=\"elementor-section elementor-top-section elementor-element elementor-element-5643a8c elementor-section-boxed elementor-section-height-default elementor-section-height-default\" data-id=\"5643a8c\" data-element_type=\"section\" data-e-type=\"section\">\n\t\t\t\t\t\t<div class=\"elementor-container elementor-column-gap-default\">\n\t\t\t\t\t<div class=\"elementor-column elementor-col-50 elementor-top-column elementor-element elementor-element-c953588\" data-id=\"c953588\" data-element_type=\"column\" data-e-type=\"column\">\n\t\t\t<div class=\"elementor-widget-wrap elementor-element-populated\">\n\t\t\t\t\t\t<div class=\"elementor-element elementor-element-68ab1cb elementor-widget elementor-widget-image\" data-id=\"68ab1cb\" data-element_type=\"widget\" data-e-type=\"widget\" data-widget_type=\"image.default\">\n\t\t\t\t<div class=\"elementor-widget-container\">\n\t\t\t\t\t\t\t\t\t\t\t\t\t\t\t<img fetchpriority=\"high\" decoding=\"async\" width=\"578\" height=\"1024\" src=\"https:\/\/suisse-fibromyalgie.ch\/wp-content\/uploads\/Nicolot-Fabrice-578x1024.jpg\" class=\"attachment-large size-large wp-image-5586\" alt=\"\" srcset=\"https:\/\/suisse-fibromyalgie.ch\/wp-content\/uploads\/Nicolot-Fabrice-578x1024.jpg 578w, https:\/\/suisse-fibromyalgie.ch\/wp-content\/uploads\/Nicolot-Fabrice-169x300.jpg 169w, https:\/\/suisse-fibromyalgie.ch\/wp-content\/uploads\/Nicolot-Fabrice-768x1360.jpg 768w, https:\/\/suisse-fibromyalgie.ch\/wp-content\/uploads\/Nicolot-Fabrice-867x1536.jpg 867w, https:\/\/suisse-fibromyalgie.ch\/wp-content\/uploads\/Nicolot-Fabrice-7x12.jpg 7w, https:\/\/suisse-fibromyalgie.ch\/wp-content\/uploads\/Nicolot-Fabrice.jpg 918w\" sizes=\"(max-width: 578px) 100vw, 578px\" \/>\t\t\t\t\t\t\t\t\t\t\t\t\t\t\t<\/div>\n\t\t\t\t<\/div>\n\t\t\t\t\t<\/div>\n\t\t<\/div>\n\t\t\t\t<div class=\"elementor-column elementor-col-50 elementor-top-column elementor-element elementor-element-d7d3abd\" data-id=\"d7d3abd\" data-element_type=\"column\" data-e-type=\"column\">\n\t\t\t<div class=\"elementor-widget-wrap elementor-element-populated\">\n\t\t\t\t\t\t<div class=\"elementor-element elementor-element-cdd1fa2 elementor-widget elementor-widget-text-editor\" data-id=\"cdd1fa2\" data-element_type=\"widget\" data-e-type=\"widget\" data-widget_type=\"text-editor.default\">\n\t\t\t\t<div class=\"elementor-widget-container\">\n\t\t\t\t\t\t\t\t\t<p class=\"font_8 wixui-rich-text__text\"><span class=\"wixui-rich-text__text\">In passato ero convinto che la medicina moderna non risolvesse tutto, ma recenti ricerche hanno dimostrato che \u00e8 cos\u00ec. Un approccio olistico \u00e8 sempre pi\u00f9 ricercato, anche negli ambienti ospedalieri pi\u00f9 tradizionali.<\/span><\/p><p class=\"font_8 wixui-rich-text__text\"><span class=\"wixui-rich-text__text\">Non basta pi\u00f9 affrontare i sintomi di una malattia, ma la malattia stessa: il mio approccio olistico si concentra sulla radice del problema, se necessario affiancando le cure mediche convenzionali, e fornisce alle persone che soffrono strumenti per il benessere quotidiano. In alcuni casi questo significa evitare o ridurre la necessit\u00e0 di farmaci, in altri significa recuperare le visite mediche ripetute. Sempre in linea con la diagnosi medica, il mio supporto non si sostituisce ad essa, ma integra ci\u00f2 che \u00e8 gi\u00e0 in atto.<\/span><\/p><p class=\"font_8 wixui-rich-text__text\"><span class=\"wixui-rich-text__text\">Il rapporto con la natura \u00e8 noto da molto tempo e non c'\u00e8 nulla di nuovo, ma molto spesso le persone non hanno la volont\u00e0 di trascorrere del tempo nella natura, la stanchezza, la mancanza di sonno, i dolori e il morale basso le frenano quotidianamente. Il mio arrivo crea una motivazione in pi\u00f9 per il movimento, l'ossigenazione e il cambiamento di prospettiva.<\/span><\/p><p class=\"font_8 wixui-rich-text__text\"><span class=\"wixui-rich-text__text\">Ridare gioia di vivere, ridurre o arrestare il dolore, ridurre l'isolamento e il ritiro, offrire alternative semplici ed efficaci per gestire la vita quotidiana.<\/span><\/p><p class=\"font_8 wixui-rich-text__text\"><span class=\"wixui-rich-text__text\">I valori che mi guidano quotidianamente sono l'amore, la natura, la condivisione e il riconoscimento di s\u00e9 e degli altri.<\/span><\/p><p>L'obiettivo \u00e8 quello di riconnettersi con il corpo senza esacerbare il dolore, ma piuttosto di amplificare la sensazione delle aree prive di dolore. Imparare a somatizzare il positivo<\/p>\t\t\t\t\t\t\t\t<\/div>\n\t\t\t\t<\/div>\n\t\t\t\t\t<\/div>\n\t\t<\/div>\n\t\t\t\t\t<\/div>\n\t\t<\/section>\n\t\t\t\t<section class=\"elementor-section elementor-top-section elementor-element elementor-element-085dee4 elementor-section-boxed elementor-section-height-default elementor-section-height-default\" data-id=\"085dee4\" data-element_type=\"section\" data-e-type=\"section\">\n\t\t\t\t\t\t<div class=\"elementor-container elementor-column-gap-default\">\n\t\t\t\t\t<div class=\"elementor-column elementor-col-50 elementor-top-column elementor-element elementor-element-fd354a9\" data-id=\"fd354a9\" data-element_type=\"column\" data-e-type=\"column\">\n\t\t\t<div class=\"elementor-widget-wrap elementor-element-populated\">\n\t\t\t\t\t\t\t<\/div>\n\t\t<\/div>\n\t\t\t\t<div class=\"elementor-column elementor-col-50 elementor-top-column elementor-element elementor-element-f2fd1cd\" data-id=\"f2fd1cd\" data-element_type=\"column\" data-e-type=\"column\">\n\t\t\t<div class=\"elementor-widget-wrap elementor-element-populated\">\n\t\t\t\t\t\t<div class=\"elementor-element elementor-element-eb4a11b elementor-widget elementor-widget-text-editor\" data-id=\"eb4a11b\" data-element_type=\"widget\" data-e-type=\"widget\" data-widget_type=\"text-editor.default\">\n\t\t\t\t<div class=\"elementor-widget-container\">\n\t\t\t\t\t\t\t\t\t<p><a href=\"https:\/\/www.cestkedubonheur.ch\/\" target=\"_blank\" rel=\"noopener\">Per saperne di pi\u00f9, cliccate su questo link<\/a><\/p>\t\t\t\t\t\t\t\t<\/div>\n\t\t\t\t<\/div>\n\t\t\t\t\t<\/div>\n\t\t<\/div>\n\t\t\t\t\t<\/div>\n\t\t<\/section>\n\t\t\t\t<\/div>","protected":false},"excerpt":{"rendered":"<p>Si j\u2019\u00e9tais convaincu par le pass\u00e9 que la m\u00e9decine moderne ne solutionne pas tout, de r\u00e9centes recherches l\u2019ont d\u00e9montr\u00e9. Une approche holistique est de plus en plus recherch\u00e9e m\u00eame dans [&hellip;]<\/p>\n","protected":false},"author":1,"featured_media":0,"parent":0,"menu_order":0,"comment_status":"closed","ping_status":"closed","template":"","meta":{"footnotes":""},"class_list":["post-5585","page","type-page","status-publish","hentry"],"publishpress_future_action":{"enabled":false,"date":"2026-04-20 08:44:22","action":"change-status","newStatus":"draft","terms":[],"taxonomy":"","extraData":[]},"publishpress_future_workflow_manual_trigger":{"enabledWorkflows":[]},"_links":{"self":[{"href":"http:\/\/suisse-fibromyalgie.ch\/it\/wp-json\/wp\/v2\/pages\/5585","targetHints":{"allow":["GET"]}}],"collection":[{"href":"http:\/\/suisse-fibromyalgie.ch\/it\/wp-json\/wp\/v2\/pages"}],"about":[{"href":"http:\/\/suisse-fibromyalgie.ch\/it\/wp-json\/wp\/v2\/types\/page"}],"author":[{"embeddable":true,"href":"http:\/\/suisse-fibromyalgie.ch\/it\/wp-json\/wp\/v2\/users\/1"}],"replies":[{"embeddable":true,"href":"http:\/\/suisse-fibromyalgie.ch\/it\/wp-json\/wp\/v2\/comments?post=5585"}],"version-history":[{"count":0,"href":"http:\/\/suisse-fibromyalgie.ch\/it\/wp-json\/wp\/v2\/pages\/5585\/revisions"}],"wp:attachment":[{"href":"http:\/\/suisse-fibromyalgie.ch\/it\/wp-json\/wp\/v2\/media?parent=5585"}],"curies":[{"name":"wp","href":"https:\/\/api.w.org\/{rel}","templated":true}]}}