{"id":5559,"date":"2024-06-11T12:01:17","date_gmt":"2024-06-11T10:01:17","guid":{"rendered":"https:\/\/suisse-fibromyalgie.ch\/?page_id=5559"},"modified":"2024-06-11T12:03:55","modified_gmt":"2024-06-11T10:03:55","slug":"partenariat-avec-les-ligues-cantonales-et-les-associations","status":"publish","type":"page","link":"http:\/\/suisse-fibromyalgie.ch\/it\/partenariat-avec-les-ligues-cantonales-et-les-associations\/","title":{"rendered":"Partnership con leghe e associazioni cantonali"},"content":{"rendered":"<div data-elementor-type=\"wp-page\" data-elementor-id=\"5559\" class=\"elementor elementor-5559\" data-elementor-post-type=\"page\">\n\t\t\t\t\t\t<section class=\"elementor-section elementor-top-section elementor-element elementor-element-df844ad elementor-section-boxed elementor-section-height-default elementor-section-height-default\" data-id=\"df844ad\" data-element_type=\"section\" data-e-type=\"section\">\n\t\t\t\t\t\t<div class=\"elementor-container elementor-column-gap-default\">\n\t\t\t\t\t<div class=\"elementor-column elementor-col-100 elementor-top-column elementor-element elementor-element-a7c0971\" data-id=\"a7c0971\" data-element_type=\"column\" data-e-type=\"column\">\n\t\t\t<div class=\"elementor-widget-wrap elementor-element-populated\">\n\t\t\t\t\t\t<div class=\"elementor-element elementor-element-9db3440 elementor-widget elementor-widget-text-editor\" data-id=\"9db3440\" data-element_type=\"widget\" data-e-type=\"widget\" data-widget_type=\"text-editor.default\">\n\t\t\t\t<div class=\"elementor-widget-container\">\n\t\t\t\t\t\t\t\t\t<p>L'ASFM ha deciso di offrire alle leghe reumatologiche cantonali, alle associazioni di pazienti e ad altre associazioni la possibilit\u00e0 di diventare associazioni partner dell'ASFM pagando la quota associativa annuale di 60 franchi, in modo che i loro membri possano beneficiare di tariffe preferenziali su tutte le nostre attivit\u00e0 durante l'anno.<\/p><p><strong><u>Tassi per il 2024 :<\/u><\/strong><\/p><p><strong>Laboratori - Corsi - Gite<\/strong><\/p><ul><li>Soci ASFM = CHF 10.00<\/li><li>Membri di associazioni partner = CHF 20.00<\/li><li>Non soci = CHF 45.00<\/li><\/ul><p>\u00a0<\/p><p><strong>Seminari<\/strong><\/p><ul><li>Soci ASFM = CHF 35.00<\/li><li>Membri di associazioni partner = CHF 70.00<\/li><li>Non soci = CHF 120.00<\/li><\/ul><p>\u00a0<\/p><p>Questo ci permetter\u00e0 di trovare sinergie tra le diverse leghe e associazioni, di organizzare eventi comuni e molto altro ancora.<\/p><p>\u00a0<\/p><p>Siamo davvero impazienti di assistere a queste collaborazioni, che promettono di essere piene di cose belle.<\/p><p>\u00a0<\/p><p>Non vediamo l'ora di collaborare con loro.<\/p>\t\t\t\t\t\t\t\t<\/div>\n\t\t\t\t<\/div>\n\t\t\t\t\t<\/div>\n\t\t<\/div>\n\t\t\t\t\t<\/div>\n\t\t<\/section>\n\t\t\t\t<\/div>","protected":false},"excerpt":{"rendered":"<p>L&rsquo;ASFM a d\u00e9cid\u00e9 d&rsquo;offrir la possibilit\u00e9 aux ligues cantonales contre le rhumatisme, aux associations de malades et autres associations, la possibilit\u00e9 de devenir associations partenaire de l\u2019ASFM en s\u2019acquittant de [&hellip;]<\/p>\n","protected":false},"author":1,"featured_media":0,"parent":0,"menu_order":0,"comment_status":"closed","ping_status":"closed","template":"","meta":{"footnotes":""},"class_list":["post-5559","page","type-page","status-publish","hentry"],"publishpress_future_action":{"enabled":false,"date":"2026-05-14 17:54:42","action":"change-status","newStatus":"draft","terms":[],"taxonomy":"","extraData":[]},"publishpress_future_workflow_manual_trigger":{"enabledWorkflows":[]},"_links":{"self":[{"href":"http:\/\/suisse-fibromyalgie.ch\/it\/wp-json\/wp\/v2\/pages\/5559","targetHints":{"allow":["GET"]}}],"collection":[{"href":"http:\/\/suisse-fibromyalgie.ch\/it\/wp-json\/wp\/v2\/pages"}],"about":[{"href":"http:\/\/suisse-fibromyalgie.ch\/it\/wp-json\/wp\/v2\/types\/page"}],"author":[{"embeddable":true,"href":"http:\/\/suisse-fibromyalgie.ch\/it\/wp-json\/wp\/v2\/users\/1"}],"replies":[{"embeddable":true,"href":"http:\/\/suisse-fibromyalgie.ch\/it\/wp-json\/wp\/v2\/comments?post=5559"}],"version-history":[{"count":0,"href":"http:\/\/suisse-fibromyalgie.ch\/it\/wp-json\/wp\/v2\/pages\/5559\/revisions"}],"wp:attachment":[{"href":"http:\/\/suisse-fibromyalgie.ch\/it\/wp-json\/wp\/v2\/media?parent=5559"}],"curies":[{"name":"wp","href":"https:\/\/api.w.org\/{rel}","templated":true}]}}