{"id":5364,"date":"2024-05-13T11:24:19","date_gmt":"2024-05-13T09:24:19","guid":{"rendered":"https:\/\/suisse-fibromyalgie.ch\/?page_id=5364"},"modified":"2024-05-13T11:27:13","modified_gmt":"2024-05-13T09:27:13","slug":"houlbert-de-coccola-caroline-regulation-emotionnelle","status":"publish","type":"page","link":"http:\/\/suisse-fibromyalgie.ch\/it\/houlbert-de-coccola-caroline-regulation-emotionnelle\/","title":{"rendered":"Houlbert de Coccola Caroline - Regolazione emotiva"},"content":{"rendered":"<div data-elementor-type=\"wp-page\" data-elementor-id=\"5364\" class=\"elementor elementor-5364\" data-elementor-post-type=\"page\">\n\t\t\t\t\t\t<section class=\"elementor-section elementor-top-section elementor-element elementor-element-5643a8c elementor-section-boxed elementor-section-height-default elementor-section-height-default\" data-id=\"5643a8c\" data-element_type=\"section\" data-e-type=\"section\">\n\t\t\t\t\t\t<div class=\"elementor-container elementor-column-gap-default\">\n\t\t\t\t\t<div class=\"elementor-column elementor-col-50 elementor-top-column elementor-element elementor-element-c953588\" data-id=\"c953588\" data-element_type=\"column\" data-e-type=\"column\">\n\t\t\t<div class=\"elementor-widget-wrap elementor-element-populated\">\n\t\t\t\t\t\t<div class=\"elementor-element elementor-element-68ab1cb elementor-widget elementor-widget-image\" data-id=\"68ab1cb\" data-element_type=\"widget\" data-e-type=\"widget\" data-widget_type=\"image.default\">\n\t\t\t\t<div class=\"elementor-widget-container\">\n\t\t\t\t\t\t\t\t\t\t\t\t\t\t\t<img fetchpriority=\"high\" decoding=\"async\" width=\"683\" height=\"506\" src=\"https:\/\/suisse-fibromyalgie.ch\/wp-content\/uploads\/Caroline-Houlbert.jpg\" class=\"attachment-medium_large size-medium_large wp-image-5365\" alt=\"\" srcset=\"https:\/\/suisse-fibromyalgie.ch\/wp-content\/uploads\/Caroline-Houlbert.jpg 683w, https:\/\/suisse-fibromyalgie.ch\/wp-content\/uploads\/Caroline-Houlbert-300x222.jpg 300w, https:\/\/suisse-fibromyalgie.ch\/wp-content\/uploads\/Caroline-Houlbert-16x12.jpg 16w\" sizes=\"(max-width: 683px) 100vw, 683px\" \/>\t\t\t\t\t\t\t\t\t\t\t\t\t\t\t<\/div>\n\t\t\t\t<\/div>\n\t\t\t\t\t<\/div>\n\t\t<\/div>\n\t\t\t\t<div class=\"elementor-column elementor-col-50 elementor-top-column elementor-element elementor-element-d7d3abd\" data-id=\"d7d3abd\" data-element_type=\"column\" data-e-type=\"column\">\n\t\t\t<div class=\"elementor-widget-wrap elementor-element-populated\">\n\t\t\t\t\t\t<div class=\"elementor-element elementor-element-cdd1fa2 elementor-widget elementor-widget-text-editor\" data-id=\"cdd1fa2\" data-element_type=\"widget\" data-e-type=\"widget\" data-widget_type=\"text-editor.default\">\n\t\t\t\t<div class=\"elementor-widget-container\">\n\t\t\t\t\t\t\t\t\t<h1 class=\"bloc_title\">Prendere in mano la propria vita<\/h1><div class=\"bloc_paragraph wiki texal_left\"><p><em>\"Sono nato oggi all'alba\".<\/em>\u00a0Jorge Bucay<\/p><p><strong>Mi chiamo Caroline Houlbert de Coccola e sono felice di mettere al vostro servizio le mie competenze di formatrice, terapeuta, docente, drammaturga e regista.<\/strong>Individualmente o come parte di un team, posso aiutarvi a ristabilire relazioni sane e vivaci con voi stessi e con gli altri, formarvi e supervisionarvi nelle abilit\u00e0 di comunicazione e di regolazione emotiva, e lavorare con voi per creare corsi di formazione, spettacoli teatrali o scrivere testi su misura.<\/p><p>Ci\u00f2 che guida la mia vita e il mio lavoro \u00e8 il desiderio di contribuire a relazioni pi\u00f9 sane e vibranti tra le persone... relazioni che portino pace. Troppo spesso le nostre paure e le nostre ferite ci portano a vedere gli scambi con gli altri come \"battaglie\" di idee da vincere. Troppo spesso guardiamo a noi stessi e agli altri in un modo duro e giudicante che limita la nostra apertura e le nostre capacit\u00e0. Ecco perch\u00e9 ritengo urgente fare tutto il possibile per uscire dalla relazione dominante\/dominato, per \"crescere\" nell'ascolto di noi stessi e coltivare cos\u00ec relazioni sane.<\/p><p><strong>Il mio background multidisciplinare e la mia esperienza pluriennale nel teatro, nel supporto terapeutico e nella formazione mi permettono di offrire un'ampia gamma di servizi.<\/strong>\u00a0(oltre 20 anni), posso ora offrirvi una gamma di metodologie e strumenti creativi, pratici e facili da applicare e trasmettere.<\/p><p>Pi\u00f9 coltivo le mie conoscenze, i miei saperi e le mie capacit\u00e0 relazionali, pi\u00f9 sento il bisogno di tornare a una maggiore SEMPLICIT\u00c0 nella scelta degli strumenti e nella loro applicazione, affinch\u00e9 ogni persona che formo e sostengo esca dalla dipendenza, coltivi il discernimento, sviluppi la propria autonomia e diventi cos\u00ec attore della propria vita.<\/p><\/div>\t\t\t\t\t\t\t\t<\/div>\n\t\t\t\t<\/div>\n\t\t\t\t\t<\/div>\n\t\t<\/div>\n\t\t\t\t\t<\/div>\n\t\t<\/section>\n\t\t\t\t<section class=\"elementor-section elementor-top-section elementor-element elementor-element-085dee4 elementor-section-boxed elementor-section-height-default elementor-section-height-default\" data-id=\"085dee4\" data-element_type=\"section\" data-e-type=\"section\">\n\t\t\t\t\t\t<div class=\"elementor-container elementor-column-gap-default\">\n\t\t\t\t\t<div class=\"elementor-column elementor-col-50 elementor-top-column elementor-element elementor-element-fd354a9\" data-id=\"fd354a9\" data-element_type=\"column\" data-e-type=\"column\">\n\t\t\t<div class=\"elementor-widget-wrap elementor-element-populated\">\n\t\t\t\t\t\t<div class=\"elementor-element elementor-element-056f65c elementor-widget elementor-widget-text-editor\" data-id=\"056f65c\" data-element_type=\"widget\" data-e-type=\"widget\" data-widget_type=\"text-editor.default\">\n\t\t\t\t<div class=\"elementor-widget-container\">\n\t\t\t\t\t\t\t\t\t<p><strong>Regolazione emotiva<\/strong><\/p><p><strong>Comunicazione relazionale<\/strong><\/p>\t\t\t\t\t\t\t\t<\/div>\n\t\t\t\t<\/div>\n\t\t\t\t\t<\/div>\n\t\t<\/div>\n\t\t\t\t<div class=\"elementor-column elementor-col-50 elementor-top-column elementor-element elementor-element-f2fd1cd\" data-id=\"f2fd1cd\" data-element_type=\"column\" data-e-type=\"column\">\n\t\t\t<div class=\"elementor-widget-wrap elementor-element-populated\">\n\t\t\t\t\t\t<div class=\"elementor-element elementor-element-eb4a11b elementor-widget elementor-widget-text-editor\" data-id=\"eb4a11b\" data-element_type=\"widget\" data-e-type=\"widget\" data-widget_type=\"text-editor.default\">\n\t\t\t\t<div class=\"elementor-widget-container\">\n\t\t\t\t\t\t\t\t\t<p><a href=\"https:\/\/www.carolinehoulbert.ch\/\" target=\"_blank\" rel=\"noopener\">Fare clic su questo link<\/a><\/p>\t\t\t\t\t\t\t\t<\/div>\n\t\t\t\t<\/div>\n\t\t\t\t\t<\/div>\n\t\t<\/div>\n\t\t\t\t\t<\/div>\n\t\t<\/section>\n\t\t\t\t<\/div>","protected":false},"excerpt":{"rendered":"<p>Devenir acteur de sa vie \u00ab\u00a0Je suis n\u00e9e aujourd&rsquo;hui au lever du jour.\u00a0\u00bb\u00a0Jorge Bucay Je suis Caroline Houlbert de Coccola et mets volontiers \u00e0 votre service mes comp\u00e9tences de formatrice, [&hellip;]<\/p>\n","protected":false},"author":1,"featured_media":0,"parent":0,"menu_order":0,"comment_status":"closed","ping_status":"closed","template":"","meta":{"footnotes":""},"class_list":["post-5364","page","type-page","status-publish","hentry"],"publishpress_future_action":{"enabled":false,"date":"2026-04-21 23:41:43","action":"change-status","newStatus":"draft","terms":[],"taxonomy":"","extraData":[]},"publishpress_future_workflow_manual_trigger":{"enabledWorkflows":[]},"_links":{"self":[{"href":"http:\/\/suisse-fibromyalgie.ch\/it\/wp-json\/wp\/v2\/pages\/5364","targetHints":{"allow":["GET"]}}],"collection":[{"href":"http:\/\/suisse-fibromyalgie.ch\/it\/wp-json\/wp\/v2\/pages"}],"about":[{"href":"http:\/\/suisse-fibromyalgie.ch\/it\/wp-json\/wp\/v2\/types\/page"}],"author":[{"embeddable":true,"href":"http:\/\/suisse-fibromyalgie.ch\/it\/wp-json\/wp\/v2\/users\/1"}],"replies":[{"embeddable":true,"href":"http:\/\/suisse-fibromyalgie.ch\/it\/wp-json\/wp\/v2\/comments?post=5364"}],"version-history":[{"count":0,"href":"http:\/\/suisse-fibromyalgie.ch\/it\/wp-json\/wp\/v2\/pages\/5364\/revisions"}],"wp:attachment":[{"href":"http:\/\/suisse-fibromyalgie.ch\/it\/wp-json\/wp\/v2\/media?parent=5364"}],"curies":[{"name":"wp","href":"https:\/\/api.w.org\/{rel}","templated":true}]}}