{"id":223,"date":"2021-01-01T00:00:15","date_gmt":"2020-12-31T23:00:15","guid":{"rendered":"http:\/\/wordpress\/2013\/02\/22\/vivre-avec-la-fibromyalgie\/"},"modified":"2021-07-07T15:55:35","modified_gmt":"2021-07-07T13:55:35","slug":"vivre-avec-la-fibromyalgie","status":"publish","type":"page","link":"http:\/\/suisse-fibromyalgie.ch\/it\/vivre-avec-la-fibromyalgie\/","title":{"rendered":"Vivere con la fibromialgia"},"content":{"rendered":"<div data-elementor-type=\"wp-page\" data-elementor-id=\"223\" class=\"elementor elementor-223\" data-elementor-post-type=\"page\">\n\t\t\t\t\t\t<section class=\"elementor-section elementor-top-section elementor-element elementor-element-6f162e4 elementor-section-boxed elementor-section-height-default elementor-section-height-default\" data-id=\"6f162e4\" data-element_type=\"section\" data-e-type=\"section\">\n\t\t\t\t\t\t<div class=\"elementor-container elementor-column-gap-default\">\n\t\t\t\t\t<div class=\"elementor-column elementor-col-100 elementor-top-column elementor-element elementor-element-e0056a2\" data-id=\"e0056a2\" data-element_type=\"column\" data-e-type=\"column\">\n\t\t\t<div class=\"elementor-widget-wrap elementor-element-populated\">\n\t\t\t\t\t\t<div class=\"elementor-element elementor-element-e23990d elementor-widget elementor-widget-text-editor\" data-id=\"e23990d\" data-element_type=\"widget\" data-e-type=\"widget\" data-widget_type=\"text-editor.default\">\n\t\t\t\t<div class=\"elementor-widget-container\">\n\t\t\t\t\t\t\t\t\t<p>Bisogna adattarsi di conseguenza, cambiando il proprio stile di vita, combinando periodi di riposo e di attivit\u00e0.<\/p><p>Riorganizzate la vostra vita per ridurre il pi\u00f9 possibile lo STRESS.<\/p><p>Calore, bagni, riduzione dello stress, rilassamento, possono alleviare il dolore. \u00c8 importante riaddestrare progressivamente i muscoli all'esercizio.<\/p><p>Il sostegno psicologico e\/o le terapie alternative come l'agopuntura, l'eutonia, lo yoga ecc. possono aiutare ad alleviare il dolore e la fatica.<\/p><p>Le persone intorno a loro sono di grande aiuto con il loro atteggiamento di comprensione, tolleranza e soprattutto ascolto. \u00c8 quindi importante che anche loro siano informati.<\/p><p>La persona colpita da questa malattia deve partecipare attivamente al proprio trattamento con l'aiuto di medici e altri terapeuti.<\/p><p>Una persona compresa e positiva recuperer\u00e0 pi\u00f9 rapidamente una certa qualit\u00e0 di vita.<\/p>\t\t\t\t\t\t\t\t<\/div>\n\t\t\t\t<\/div>\n\t\t\t\t\t<\/div>\n\t\t<\/div>\n\t\t\t\t\t<\/div>\n\t\t<\/section>\n\t\t\t\t<\/div>","protected":false},"excerpt":{"rendered":"<p>Il convient de s&rsquo;adapter en cons\u00e9quence, en modifiant son mode de vie, en combinant les p\u00e9riodes de repos et d&rsquo;activit\u00e9. R\u00e9organiser sa vie afin de diminuer au maximum le STRESS. [&hellip;]<\/p>\n","protected":false},"author":1,"featured_media":0,"parent":0,"menu_order":3,"comment_status":"open","ping_status":"closed","template":"","meta":{"footnotes":""},"class_list":["post-223","page","type-page","status-publish","hentry"],"publishpress_future_action":{"enabled":false,"date":"2026-04-30 15:42:15","action":"change-status","newStatus":"draft","terms":[],"taxonomy":"","extraData":[]},"publishpress_future_workflow_manual_trigger":{"enabledWorkflows":[]},"_links":{"self":[{"href":"http:\/\/suisse-fibromyalgie.ch\/it\/wp-json\/wp\/v2\/pages\/223","targetHints":{"allow":["GET"]}}],"collection":[{"href":"http:\/\/suisse-fibromyalgie.ch\/it\/wp-json\/wp\/v2\/pages"}],"about":[{"href":"http:\/\/suisse-fibromyalgie.ch\/it\/wp-json\/wp\/v2\/types\/page"}],"author":[{"embeddable":true,"href":"http:\/\/suisse-fibromyalgie.ch\/it\/wp-json\/wp\/v2\/users\/1"}],"replies":[{"embeddable":true,"href":"http:\/\/suisse-fibromyalgie.ch\/it\/wp-json\/wp\/v2\/comments?post=223"}],"version-history":[{"count":0,"href":"http:\/\/suisse-fibromyalgie.ch\/it\/wp-json\/wp\/v2\/pages\/223\/revisions"}],"wp:attachment":[{"href":"http:\/\/suisse-fibromyalgie.ch\/it\/wp-json\/wp\/v2\/media?parent=223"}],"curies":[{"name":"wp","href":"https:\/\/api.w.org\/{rel}","templated":true}]}}