{"id":152,"date":"2021-01-01T00:00:14","date_gmt":"2020-12-31T23:00:14","guid":{"rendered":"https:\/\/suisse-fibromyalgie.ch\/?page_id=152"},"modified":"2021-07-07T15:24:15","modified_gmt":"2021-07-07T13:24:15","slug":"la-maladie","status":"publish","type":"page","link":"http:\/\/suisse-fibromyalgie.ch\/it\/la-maladie\/","title":{"rendered":"La malattia"},"content":{"rendered":"<div data-elementor-type=\"wp-page\" data-elementor-id=\"152\" class=\"elementor elementor-152\" data-elementor-post-type=\"page\">\n\t\t\t\t\t\t<section class=\"elementor-section elementor-top-section elementor-element elementor-element-3449519 elementor-section-boxed elementor-section-height-default elementor-section-height-default\" data-id=\"3449519\" data-element_type=\"section\" data-e-type=\"section\">\n\t\t\t\t\t\t<div class=\"elementor-container elementor-column-gap-default\">\n\t\t\t\t\t<div class=\"elementor-column elementor-col-100 elementor-top-column elementor-element elementor-element-2b6e427\" data-id=\"2b6e427\" data-element_type=\"column\" data-e-type=\"column\">\n\t\t\t<div class=\"elementor-widget-wrap elementor-element-populated\">\n\t\t\t\t\t\t<div class=\"elementor-element elementor-element-263e2a7 elementor-widget elementor-widget-text-editor\" data-id=\"263e2a7\" data-element_type=\"widget\" data-e-type=\"widget\" data-widget_type=\"text-editor.default\">\n\t\t\t\t<div class=\"elementor-widget-container\">\n\t\t\t\t\t\t\t\t\t<p>Dolore ovunque, dolore tutto il tempo!<\/p><p>Precedentemente conosciuta come fibrosite o poliinserzione, la sindrome \u00e8 comunemente chiamata fibromialgia e deriva dai termini 'fibro' per tendini e legamenti, 'my(o)' per i muscoli e 'algie' per il dolore.<\/p><p>La fibromialgia \u00e8 una sindrome caratterizzata da una sensazione generale di dolore diffuso e una sensazione di profonda stanchezza. Si tratta di un disturbo reumatico delle articolazioni che \u00e8 difficile da sopportare e pu\u00f2, in alcuni casi, diventare invalidante.<\/p><p>Il dolore \u00e8 sentito come una sensazione di bruciore dalla testa ai piedi. A volte \u00e8 acuto, ma pu\u00f2 spostarsi da un luogo all'altro e diventare pi\u00f9 intenso nelle parti pi\u00f9 utilizzate del corpo. Pu\u00f2 essere abbastanza grave da interferire con il lavoro e le attivit\u00e0 quotidiane o solo leggermente fastidioso, a seconda dell'individuo. Pu\u00f2 anche avere fasi di remissione.<\/p><p>La fatica va da una sensazione di stanchezza a un esaurimento totale, simile agli effetti di una forte influenza. \u00c8 anche intermittente. A volte le persone si sentono svuotate di ogni energia; hanno momentaneamente perso completamente la loro forza.<\/p><p>Il sonno disturbato aggrava o provoca i sintomi di cui sopra.<\/p>\t\t\t\t\t\t\t\t<\/div>\n\t\t\t\t<\/div>\n\t\t\t\t<div class=\"elementor-element elementor-element-86ce3e3 elementor-widget elementor-widget-text-editor\" data-id=\"86ce3e3\" data-element_type=\"widget\" data-e-type=\"widget\" data-widget_type=\"text-editor.default\">\n\t\t\t\t<div class=\"elementor-widget-container\">\n\t\t\t\t\t\t\t\t\t<p>Autore: fonti varie.<\/p>\t\t\t\t\t\t\t\t<\/div>\n\t\t\t\t<\/div>\n\t\t\t\t\t<\/div>\n\t\t<\/div>\n\t\t\t\t\t<\/div>\n\t\t<\/section>\n\t\t\t\t<\/div>","protected":false},"excerpt":{"rendered":"<p>Mal partout, mal tout le temps ! Connue autrefois sous les noms de fibrosite ou de polyinsertionite, le syndrome est commun\u00e9ment appel\u00e9 fibromyalgie et provient des termes \u00ab\u00a0fibro\u00a0\u00bb pour les [&hellip;]<\/p>\n","protected":false},"author":1,"featured_media":0,"parent":0,"menu_order":0,"comment_status":"closed","ping_status":"closed","template":"","meta":{"footnotes":""},"class_list":["post-152","page","type-page","status-publish","hentry"],"publishpress_future_action":{"enabled":false,"date":"2026-05-09 20:07:30","action":"change-status","newStatus":"draft","terms":[],"taxonomy":"","extraData":[]},"publishpress_future_workflow_manual_trigger":{"enabledWorkflows":[]},"_links":{"self":[{"href":"http:\/\/suisse-fibromyalgie.ch\/it\/wp-json\/wp\/v2\/pages\/152","targetHints":{"allow":["GET"]}}],"collection":[{"href":"http:\/\/suisse-fibromyalgie.ch\/it\/wp-json\/wp\/v2\/pages"}],"about":[{"href":"http:\/\/suisse-fibromyalgie.ch\/it\/wp-json\/wp\/v2\/types\/page"}],"author":[{"embeddable":true,"href":"http:\/\/suisse-fibromyalgie.ch\/it\/wp-json\/wp\/v2\/users\/1"}],"replies":[{"embeddable":true,"href":"http:\/\/suisse-fibromyalgie.ch\/it\/wp-json\/wp\/v2\/comments?post=152"}],"version-history":[{"count":0,"href":"http:\/\/suisse-fibromyalgie.ch\/it\/wp-json\/wp\/v2\/pages\/152\/revisions"}],"wp:attachment":[{"href":"http:\/\/suisse-fibromyalgie.ch\/it\/wp-json\/wp\/v2\/media?parent=152"}],"curies":[{"name":"wp","href":"https:\/\/api.w.org\/{rel}","templated":true}]}}