{"id":9416,"date":"2026-04-03T18:13:31","date_gmt":"2026-04-03T16:13:31","guid":{"rendered":"https:\/\/suisse-fibromyalgie.ch\/?page_id=9416"},"modified":"2026-04-03T18:26:15","modified_gmt":"2026-04-03T16:26:15","slug":"augier-claire-osteopathe-et-fasciatherapeute","status":"publish","type":"page","link":"http:\/\/suisse-fibromyalgie.ch\/fr\/augier-claire-osteopathe-et-fasciatherapeute\/","title":{"rendered":"Augier Claire &#8211; Ost\u00e9opathe et fasciath\u00e9rapeute"},"content":{"rendered":"\t\t<div data-elementor-type=\"wp-page\" data-elementor-id=\"9416\" class=\"elementor elementor-9416\" data-elementor-post-type=\"page\">\n\t\t\t\t\t\t<section class=\"elementor-section elementor-top-section elementor-element elementor-element-5643a8c elementor-section-boxed elementor-section-height-default elementor-section-height-default\" data-id=\"5643a8c\" data-element_type=\"section\" data-e-type=\"section\">\n\t\t\t\t\t\t<div class=\"elementor-container elementor-column-gap-default\">\n\t\t\t\t\t<div class=\"elementor-column elementor-col-50 elementor-top-column elementor-element elementor-element-c953588\" data-id=\"c953588\" data-element_type=\"column\" data-e-type=\"column\">\n\t\t\t<div class=\"elementor-widget-wrap elementor-element-populated\">\n\t\t\t\t\t\t<div class=\"elementor-element elementor-element-68ab1cb elementor-widget elementor-widget-image\" data-id=\"68ab1cb\" data-element_type=\"widget\" data-e-type=\"widget\" data-widget_type=\"image.default\">\n\t\t\t\t<div class=\"elementor-widget-container\">\n\t\t\t\t\t\t\t\t\t\t\t\t\t\t\t<img fetchpriority=\"high\" decoding=\"async\" width=\"201\" height=\"300\" src=\"https:\/\/suisse-fibromyalgie.ch\/wp-content\/uploads\/Claire-Augier-201x300.jpg\" class=\"attachment-medium size-medium wp-image-9417\" alt=\"\" srcset=\"https:\/\/suisse-fibromyalgie.ch\/wp-content\/uploads\/Claire-Augier-201x300.jpg 201w, https:\/\/suisse-fibromyalgie.ch\/wp-content\/uploads\/Claire-Augier-8x12.jpg 8w, https:\/\/suisse-fibromyalgie.ch\/wp-content\/uploads\/Claire-Augier.jpg 295w\" sizes=\"(max-width: 201px) 100vw, 201px\" \/>\t\t\t\t\t\t\t\t\t\t\t\t\t\t\t<\/div>\n\t\t\t\t<\/div>\n\t\t\t\t\t<\/div>\n\t\t<\/div>\n\t\t\t\t<div class=\"elementor-column elementor-col-50 elementor-top-column elementor-element elementor-element-d7d3abd\" data-id=\"d7d3abd\" data-element_type=\"column\" data-e-type=\"column\">\n\t\t\t<div class=\"elementor-widget-wrap elementor-element-populated\">\n\t\t\t\t\t\t<div class=\"elementor-element elementor-element-cdd1fa2 elementor-widget elementor-widget-text-editor\" data-id=\"cdd1fa2\" data-element_type=\"widget\" data-e-type=\"widget\" data-widget_type=\"text-editor.default\">\n\t\t\t\t<div class=\"elementor-widget-container\">\n\t\t\t\t\t\t\t\t\t<div id=\"comp-l220jsmo1\" class=\"HcOXKn c9GqVL QxJLC3 comp-l220jsmo1 wixui-rich-text\" data-testid=\"richTextElement\"><p class=\"font_0 wixui-rich-text__text\">Et si le soulagement de vos douleurs passait simplement&#8230; par le mouvement ?<br \/>Lib\u00e9rez votre corps en lib\u00e9rant vos fascias.<br \/>Devenez acteur\/actrice de votre sant\u00e9.<br \/>Lib\u00e9rez vos fascias par le mouvement et soulagez vos douleurs du quotidien.<br \/>Ce guide pratique vous invite \u00e0 d\u00e9couvrir une facette de la fasciath\u00e9rapie m\u00e9thode Danis Bois, \u00e0 travers une approche douce et sensorielle du mouvement : la gymnastique sensorielle.<br \/>Des exercices simples, accessibles \u00e0 tous, vous sont propos\u00e9s pour rel\u00e2cher les tensions de chaque r\u00e9gion du corps.<br \/>Apprenez \u00e0 ressentir le mouvement lent et profond des fascias, activez votre pouvoir d\u2019autogu\u00e9rison, et retrouvez \u00e9quilibre, confort et vitalit\u00e9.<\/p><p><strong>Voici le lien pour commander le livre :<\/strong><\/p><p><a href=\"https:\/\/www.amazon.de\/-\/en\/Claire-Augier\/dp\/B0GN7M59YG\/ref=sr_1_1?crid=3UZB4VIG75XMT&amp;dib=eyJ2IjoiMclaire.augier@bluwin.chSJ9.4GT9OmDhRZkGlWUlYutE9ShNxFh50gJB8wj8gqb9AjI.0UruVLMRLAiTgMF2vw3m6_yO7XGReBUMKDjSc-FFR58&amp;dib_tag=se&amp;keywords=le+pouvoir+cach%C3%A9+des+fascias&amp;qid=1775232784&amp;sprefix=le+pouvoir+cach%C3%A9+des+fascias%2Caps%2C123&amp;sr=8-1\" target=\"_blank\" rel=\"noopener\">Livre \u00ab\u00a0Le pouvoir cach\u00e9 des fascias\u00a0\u00bb<\/a><\/p><\/div>\t\t\t\t\t\t\t\t<\/div>\n\t\t\t\t<\/div>\n\t\t\t\t\t<\/div>\n\t\t<\/div>\n\t\t\t\t\t<\/div>\n\t\t<\/section>\n\t\t\t\t<section class=\"elementor-section elementor-top-section elementor-element elementor-element-fce1291 elementor-section-boxed elementor-section-height-default elementor-section-height-default\" data-id=\"fce1291\" data-element_type=\"section\" data-e-type=\"section\">\n\t\t\t\t\t\t<div class=\"elementor-container elementor-column-gap-default\">\n\t\t\t\t\t<div class=\"elementor-column elementor-col-50 elementor-top-column elementor-element elementor-element-3eb25a5\" data-id=\"3eb25a5\" data-element_type=\"column\" data-e-type=\"column\">\n\t\t\t<div class=\"elementor-widget-wrap elementor-element-populated\">\n\t\t\t\t\t\t<div class=\"elementor-element elementor-element-7b832d7 elementor-widget elementor-widget-text-editor\" data-id=\"7b832d7\" data-element_type=\"widget\" data-e-type=\"widget\" data-widget_type=\"text-editor.default\">\n\t\t\t\t<div class=\"elementor-widget-container\">\n\t\t\t\t\t\t\t\t\t<div id=\"bgLayers_comp-ljcvm8ir\" class=\"MW5IWV\" data-hook=\"bgLayers\" data-motion-part=\"BG_LAYER\"><div id=\"bgMedia_comp-ljcvm8ir\" class=\"VgO9Yg\" data-motion-part=\"BG_MEDIA\">Situ\u00e9 dans le Nord vaudois \u00e0 Villars-Burquin, vous pouvez prendre contact directement\u00a0<\/div><\/div>\t\t\t\t\t\t\t\t<\/div>\n\t\t\t\t<\/div>\n\t\t\t\t\t<\/div>\n\t\t<\/div>\n\t\t\t\t<div class=\"elementor-column elementor-col-50 elementor-top-column elementor-element elementor-element-dd614b0\" data-id=\"dd614b0\" data-element_type=\"column\" data-e-type=\"column\">\n\t\t\t<div class=\"elementor-widget-wrap elementor-element-populated\">\n\t\t\t\t\t\t<div class=\"elementor-element elementor-element-3570715 elementor-widget elementor-widget-text-editor\" data-id=\"3570715\" data-element_type=\"widget\" data-e-type=\"widget\" data-widget_type=\"text-editor.default\">\n\t\t\t\t<div class=\"elementor-widget-container\">\n\t\t\t\t\t\t\t\t\t<p>079 410 84 33<\/p><p><a href=\"claire.augier@bluwin.ch\" target=\"_blank\" rel=\"noopener\">claire.augier@bluwin.ch<\/a><\/p>\t\t\t\t\t\t\t\t<\/div>\n\t\t\t\t<\/div>\n\t\t\t\t\t<\/div>\n\t\t<\/div>\n\t\t\t\t\t<\/div>\n\t\t<\/section>\n\t\t\t\t<\/div>\n\t\t","protected":false},"excerpt":{"rendered":"<p>Et si le soulagement de vos douleurs passait simplement&#8230; par le mouvement ?Lib\u00e9rez votre corps en lib\u00e9rant vos fascias.Devenez acteur\/actrice de votre sant\u00e9.Lib\u00e9rez vos fascias par le mouvement et soulagez [&hellip;]<\/p>\n","protected":false},"author":1,"featured_media":0,"parent":0,"menu_order":0,"comment_status":"closed","ping_status":"closed","template":"","meta":{"footnotes":""},"class_list":["post-9416","page","type-page","status-publish","hentry"],"publishpress_future_action":{"enabled":false,"date":"2026-04-10 22:21:42","action":"change-status","newStatus":"draft","terms":[],"taxonomy":"","extraData":[]},"publishpress_future_workflow_manual_trigger":{"enabledWorkflows":[]},"_links":{"self":[{"href":"http:\/\/suisse-fibromyalgie.ch\/fr\/wp-json\/wp\/v2\/pages\/9416","targetHints":{"allow":["GET"]}}],"collection":[{"href":"http:\/\/suisse-fibromyalgie.ch\/fr\/wp-json\/wp\/v2\/pages"}],"about":[{"href":"http:\/\/suisse-fibromyalgie.ch\/fr\/wp-json\/wp\/v2\/types\/page"}],"author":[{"embeddable":true,"href":"http:\/\/suisse-fibromyalgie.ch\/fr\/wp-json\/wp\/v2\/users\/1"}],"replies":[{"embeddable":true,"href":"http:\/\/suisse-fibromyalgie.ch\/fr\/wp-json\/wp\/v2\/comments?post=9416"}],"version-history":[{"count":9,"href":"http:\/\/suisse-fibromyalgie.ch\/fr\/wp-json\/wp\/v2\/pages\/9416\/revisions"}],"predecessor-version":[{"id":9426,"href":"http:\/\/suisse-fibromyalgie.ch\/fr\/wp-json\/wp\/v2\/pages\/9416\/revisions\/9426"}],"wp:attachment":[{"href":"http:\/\/suisse-fibromyalgie.ch\/fr\/wp-json\/wp\/v2\/media?parent=9416"}],"curies":[{"name":"wp","href":"https:\/\/api.w.org\/{rel}","templated":true}]}}