{"id":8676,"date":"2025-07-15T17:52:16","date_gmt":"2025-07-15T15:52:16","guid":{"rendered":"https:\/\/suisse-fibromyalgie.ch\/?page_id=8676"},"modified":"2025-07-22T16:48:30","modified_gmt":"2025-07-22T14:48:30","slug":"ries-reynald-coaching-mental-emotionnel-bien-etre-sonotherapie-aux-diapasons-reiki-et-relaxologie","status":"publish","type":"page","link":"http:\/\/suisse-fibromyalgie.ch\/fr\/ries-reynald-coaching-mental-emotionnel-bien-etre-sonotherapie-aux-diapasons-reiki-et-relaxologie\/","title":{"rendered":"Ries Reynald &#8211; Coaching mental, \u00e9motionnel &#038; bien-\u00eatre, sonoth\u00e9rapie aux diapasons, reiki et relaxologie"},"content":{"rendered":"\t\t<div data-elementor-type=\"wp-page\" data-elementor-id=\"8676\" class=\"elementor elementor-8676\" data-elementor-post-type=\"page\">\n\t\t\t\t\t\t<section class=\"elementor-section elementor-top-section elementor-element elementor-element-e25874c elementor-section-boxed elementor-section-height-default elementor-section-height-default\" data-id=\"e25874c\" data-element_type=\"section\" data-e-type=\"section\">\n\t\t\t\t\t\t<div class=\"elementor-container elementor-column-gap-default\">\n\t\t\t\t\t<div class=\"elementor-column elementor-col-100 elementor-top-column elementor-element elementor-element-49f247d\" data-id=\"49f247d\" data-element_type=\"column\" data-e-type=\"column\">\n\t\t\t<div class=\"elementor-widget-wrap elementor-element-populated\">\n\t\t\t\t\t\t<div class=\"elementor-element elementor-element-6e3cbac elementor-widget elementor-widget-image\" data-id=\"6e3cbac\" data-element_type=\"widget\" data-e-type=\"widget\" data-widget_type=\"image.default\">\n\t\t\t\t<div class=\"elementor-widget-container\">\n\t\t\t\t\t\t\t\t\t\t\t\t\t\t\t<img fetchpriority=\"high\" decoding=\"async\" width=\"614\" height=\"455\" src=\"https:\/\/suisse-fibromyalgie.ch\/wp-content\/uploads\/Ries-Reynald.jpg\" class=\"attachment-large size-large wp-image-8677\" alt=\"\" srcset=\"https:\/\/suisse-fibromyalgie.ch\/wp-content\/uploads\/Ries-Reynald.jpg 614w, https:\/\/suisse-fibromyalgie.ch\/wp-content\/uploads\/Ries-Reynald-300x222.jpg 300w, https:\/\/suisse-fibromyalgie.ch\/wp-content\/uploads\/Ries-Reynald-16x12.jpg 16w\" sizes=\"(max-width: 614px) 100vw, 614px\" \/>\t\t\t\t\t\t\t\t\t\t\t\t\t\t\t<\/div>\n\t\t\t\t<\/div>\n\t\t\t\t\t<\/div>\n\t\t<\/div>\n\t\t\t\t\t<\/div>\n\t\t<\/section>\n\t\t\t\t<section class=\"elementor-section elementor-top-section elementor-element elementor-element-38aa8a1 elementor-section-boxed elementor-section-height-default elementor-section-height-default\" data-id=\"38aa8a1\" data-element_type=\"section\" data-e-type=\"section\">\n\t\t\t\t\t\t<div class=\"elementor-container elementor-column-gap-default\">\n\t\t\t\t\t<div class=\"elementor-column elementor-col-100 elementor-top-column elementor-element elementor-element-9ccf3dc\" data-id=\"9ccf3dc\" data-element_type=\"column\" data-e-type=\"column\">\n\t\t\t<div class=\"elementor-widget-wrap elementor-element-populated\">\n\t\t\t\t\t\t<div class=\"elementor-element elementor-element-4815149 elementor-widget elementor-widget-text-editor\" data-id=\"4815149\" data-element_type=\"widget\" data-e-type=\"widget\" data-widget_type=\"text-editor.default\">\n\t\t\t\t<div class=\"elementor-widget-container\">\n\t\t\t\t\t\t\t\t\t<h5>\ud83d\udd25 <strong>Soulager la fibromyalgie, les douleurs rhumatismales, musculaires c\u2019est possible<\/strong> \ud83d\udd25<\/h5><p>Permettez-moi de bri\u00e8vement me pr\u00e9senter.<\/p><p>En 2020 j\u2019ai vu ma vie exploser. Une erreur m\u00e9dicale (expertise FMH), qui a pr\u00e9t\u00e9rit\u00e9 la long\u00e9vit\u00e9 de vie de mon \u00e9pouse. Trois ann\u00e9es de souffrance, de chaos int\u00e9rieur, de r\u00e9silience \u00e0 la force brute. J\u2019en suis sorti. Seul. Lentement. Avec d\u00e9termination en faisant preuve de toute la r\u00e9silience dont j\u2019\u00e9tais capable.<\/p><p>Et c\u2019est pr\u00e9cis\u00e9ment ce chaos qui m\u2019a permis de changer de vie.<\/p><p>Moi, l\u2019ancien policier, sp\u00e9cialiste en s\u00e9curit\u00e9, en s\u00fbret\u00e9 titulaire de divers brevets f\u00e9d\u00e9raux (dont celui de charg\u00e9 de s\u00e9curit\u00e9 en milieu hospitalier), j\u2019ai choisi une autre voie. Celle du soin. Celle de l\u2019humain.<\/p><p>Depuis 2021, je me forme sans rel\u00e2che aux soins compl\u00e9mentaires : Reiki, ayurv\u00e9da, lithoth\u00e9rapie, relaxologie, sonoth\u00e9rapie, PNL, coaching \u00e9motionnel, 1<sup>er<\/sup> secours en sant\u00e9 mentale\u2026 et ce n\u2019est pas fini, il y a toujours de quoi apprendre, devenir plus performant pour \u00eatre au service de ceux qui souffrent.<\/p><p>Pas des gadgets. Juste des outils concrets. Des pratiques s\u00e9rieuses. Des m\u00e9thodes test\u00e9es.<\/p><p>J\u2019ai toujours \u00e9t\u00e9 fascin\u00e9 par le son, la vibration. Je savais comme le commun des mortels que le son pouvait endommager le corps. J\u2019ai vu par la suite qu\u2019il \u00e9tait utilis\u00e9 pour disperser des foules, d\u00e9truire des objets.<\/p><p>Mais en d\u00e9couvrant <strong>la sonoth\u00e9rapie aux diapasons, aux bols tib\u00e9tains ou en cristal,<\/strong> j\u2019ai touch\u00e9 du doigt <strong>quelque chose de puissant\u00a0;<\/strong> une vibration cibl\u00e9e, sur des fr\u00e9quences sp\u00e9cifiques, capables de soulager l\u2019esprit et le corps l\u00e0 o\u00f9 la douleur s\u2019est ancr\u00e9e depuis des ann\u00e9es. Alors je me forme, je m\u2019instruis, je cherche j\u2019apprends.<\/p><p>Je pratique sur diff\u00e9rentes douleurs\u00a0: musculaires, articulaires, osseuses, mais pas que&#8230; L\u2019une de mes clientes, qui suit un traitement m\u00e9dicamenteux par suite d\u2019une r\u00e9cidive de son cancer du sein \u00e9prouve des bienfaits avec un m\u00e9lange de soin reiki et de sonoth\u00e9rapie au diapason.<\/p><p>T\u00e9moignage de Louise (en anglais) <a href=\"https:\/\/www.youtube.com\/shorts\/NB4StdWhu60\" target=\"_blank\" rel=\"noopener\">https:\/\/www.youtube.com\/shorts\/NB4StdWhu60<\/a><\/p><h5>\ud83d\udc49 <strong>Puis, je rencontre une personne atteinte de fibromyalgie s\u00e9v\u00e8re &amp; d\u2019une discopathie\u00a0!<\/strong><\/h5><p>Des douleurs chroniques. Une fatigue \u00e9crasante. Une perte de mobilit\u00e9. Un brouillard mental. Une souffrance quotidienne, sans parler de son \u00e9tat \u00e9motionnelle. Terrible pour elle, qui \u00e9tait une sportive de haut niveau.<\/p><p>T\u00e9moignage de Sylvie\u00a0: <a href=\"https:\/\/youtu.be\/3TalZdCEVS0\" target=\"_blank\" rel=\"noopener\">https:\/\/youtu.be\/3TalZdCEVS0<\/a><\/p><p>Je l\u2019invite \u00e0 tester la sonoth\u00e9rapie et la relaxation profonde. Elle vient, sceptique. \u00ab\u00a0Au pire, \u00e7a ne fera rien\u00a0\u00bb, dit-elle.<\/p><p>T\u00e9moignage de Sylvie\u00a0: <a href=\"https:\/\/youtu.be\/oNWpY2Axs4A\" target=\"_blank\" rel=\"noopener\">https:\/\/youtu.be\/oNWpY2Axs4A<\/a><\/p><p>\ud83d\udca5 Apr\u00e8s la premi\u00e8re s\u00e9ance, elle sent quelque chose qui se passe sur le mental, Son scepticisme baisse.<\/p><p>\ud83d\udca5 La deuxi\u00e8me s\u00e9ance, a \u00e9t\u00e9 pour elle un rel\u00e2chement total.<br \/>\ud83d\udca5 Au fil des s\u00e9ances elle commence \u00e0 retrouver sa mobilit\u00e9.<\/p><p>T\u00e9moignage de Sylvie\u00a0: <a href=\"https:\/\/youtu.be\/3lqOhsIYoAQ\" target=\"_blank\" rel=\"noopener\">https:\/\/youtu.be\/3lqOhsIYoAQ<\/a><\/p><p>Le t\u00e9moignage complet ici\u00a0: <a href=\"https:\/\/youtu.be\/dk62AbU74zU\" target=\"_blank\" rel=\"noopener\">https:\/\/youtu.be\/dk62AbU74zU<\/a><\/p><p>Ce n\u2019est pas de la magie, ce soin des soins compl\u00e9mentaires relaxologie &amp; sonoth\u00e9rapie. Les effets sont d\u00e9montr\u00e9s dans l\u2019\u00e9tude Dr Joris Bohnenkamp, men\u00e9e sur une soixantaine de femmes atteintes de fibromyalgie. Les r\u00e9sultats sont l\u00e0 : <strong>mobilit\u00e9 accrue, douleurs r\u00e9duites, qualit\u00e9 de vie am\u00e9lior\u00e9e<\/strong>.<\/p><p>Je ne promets pas de miracles, chacun r\u00e9agit diff\u00e9remment. Je vous propose simplement un espace, une m\u00e9thode, un accompagnement humain, vrai, solide \u2014 pour soulager, pour avancer, pour mieux vivre.<\/p><p>Prenez contact, parlons-en, une seule s\u00e9ance peut parfois faire basculer le quotidien.<\/p><p>Reynald<\/p><p>CH +41 79 100 1981\u00a0<\/p><p>FR +33 7 68 25 2851<\/p>\t\t\t\t\t\t\t\t<\/div>\n\t\t\t\t<\/div>\n\t\t\t\t\t<\/div>\n\t\t<\/div>\n\t\t\t\t\t<\/div>\n\t\t<\/section>\n\t\t\t\t<section class=\"elementor-section elementor-top-section elementor-element elementor-element-fce1291 elementor-section-boxed elementor-section-height-default elementor-section-height-default\" data-id=\"fce1291\" data-element_type=\"section\" data-e-type=\"section\">\n\t\t\t\t\t\t<div class=\"elementor-container elementor-column-gap-default\">\n\t\t\t\t\t<div class=\"elementor-column elementor-col-50 elementor-top-column elementor-element elementor-element-3eb25a5\" data-id=\"3eb25a5\" data-element_type=\"column\" data-e-type=\"column\">\n\t\t\t<div class=\"elementor-widget-wrap elementor-element-populated\">\n\t\t\t\t\t\t<div class=\"elementor-element elementor-element-7b832d7 elementor-widget elementor-widget-text-editor\" data-id=\"7b832d7\" data-element_type=\"widget\" data-e-type=\"widget\" data-widget_type=\"text-editor.default\">\n\t\t\t\t<div class=\"elementor-widget-container\">\n\t\t\t\t\t\t\t\t\t<div id=\"bgLayers_comp-ljcvm8ir\" class=\"MW5IWV\" data-hook=\"bgLayers\" data-motion-part=\"BG_LAYER\"><div id=\"bgMedia_comp-ljcvm8ir\" class=\"VgO9Yg\" data-motion-part=\"BG_MEDIA\">Situ\u00e9 \u00e0 Corcelles-Cormondr\u00e8che.<\/div><\/div>\t\t\t\t\t\t\t\t<\/div>\n\t\t\t\t<\/div>\n\t\t\t\t\t<\/div>\n\t\t<\/div>\n\t\t\t\t<div class=\"elementor-column elementor-col-50 elementor-top-column elementor-element elementor-element-dd614b0\" data-id=\"dd614b0\" data-element_type=\"column\" data-e-type=\"column\">\n\t\t\t<div class=\"elementor-widget-wrap elementor-element-populated\">\n\t\t\t\t\t\t\t<\/div>\n\t\t<\/div>\n\t\t\t\t\t<\/div>\n\t\t<\/section>\n\t\t\t\t<\/div>\n\t\t","protected":false},"excerpt":{"rendered":"<p>\ud83d\udd25 Soulager la fibromyalgie, les douleurs rhumatismales, musculaires c\u2019est possible \ud83d\udd25 Permettez-moi de bri\u00e8vement me pr\u00e9senter. En 2020 j\u2019ai vu ma vie exploser. Une erreur m\u00e9dicale (expertise FMH), qui a [&hellip;]<\/p>\n","protected":false},"author":1,"featured_media":0,"parent":0,"menu_order":0,"comment_status":"closed","ping_status":"closed","template":"","meta":{"footnotes":""},"class_list":["post-8676","page","type-page","status-publish","hentry"],"publishpress_future_action":{"enabled":false,"date":"2026-04-22 06:41:42","action":"change-status","newStatus":"draft","terms":[],"taxonomy":"","extraData":[]},"publishpress_future_workflow_manual_trigger":{"enabledWorkflows":[]},"_links":{"self":[{"href":"http:\/\/suisse-fibromyalgie.ch\/fr\/wp-json\/wp\/v2\/pages\/8676","targetHints":{"allow":["GET"]}}],"collection":[{"href":"http:\/\/suisse-fibromyalgie.ch\/fr\/wp-json\/wp\/v2\/pages"}],"about":[{"href":"http:\/\/suisse-fibromyalgie.ch\/fr\/wp-json\/wp\/v2\/types\/page"}],"author":[{"embeddable":true,"href":"http:\/\/suisse-fibromyalgie.ch\/fr\/wp-json\/wp\/v2\/users\/1"}],"replies":[{"embeddable":true,"href":"http:\/\/suisse-fibromyalgie.ch\/fr\/wp-json\/wp\/v2\/comments?post=8676"}],"version-history":[{"count":6,"href":"http:\/\/suisse-fibromyalgie.ch\/fr\/wp-json\/wp\/v2\/pages\/8676\/revisions"}],"predecessor-version":[{"id":8692,"href":"http:\/\/suisse-fibromyalgie.ch\/fr\/wp-json\/wp\/v2\/pages\/8676\/revisions\/8692"}],"wp:attachment":[{"href":"http:\/\/suisse-fibromyalgie.ch\/fr\/wp-json\/wp\/v2\/media?parent=8676"}],"curies":[{"name":"wp","href":"https:\/\/api.w.org\/{rel}","templated":true}]}}