{"id":6861,"date":"2024-11-12T11:24:19","date_gmt":"2024-11-12T10:24:19","guid":{"rendered":"https:\/\/suisse-fibromyalgie.ch\/?page_id=6861"},"modified":"2024-11-12T14:12:38","modified_gmt":"2024-11-12T13:12:38","slug":"petrovic-giada-psychologue-fsp-specialiste-en-sante-c","status":"publish","type":"page","link":"http:\/\/suisse-fibromyalgie.ch\/fr\/petrovic-giada-psychologue-fsp-specialiste-en-sante-c\/","title":{"rendered":"Petrovic Giada &#8211; Psychologue FSP sp\u00e9cialiste en sant\u00e9 C"},"content":{"rendered":"\t\t<div data-elementor-type=\"wp-page\" data-elementor-id=\"6861\" class=\"elementor elementor-6861\" data-elementor-post-type=\"page\">\n\t\t\t\t\t\t<section class=\"elementor-section elementor-top-section elementor-element elementor-element-5643a8c elementor-section-boxed elementor-section-height-default elementor-section-height-default\" data-id=\"5643a8c\" data-element_type=\"section\" data-e-type=\"section\">\n\t\t\t\t\t\t<div class=\"elementor-container elementor-column-gap-default\">\n\t\t\t\t\t<div class=\"elementor-column elementor-col-50 elementor-top-column elementor-element elementor-element-c953588\" data-id=\"c953588\" data-element_type=\"column\" data-e-type=\"column\">\n\t\t\t<div class=\"elementor-widget-wrap elementor-element-populated\">\n\t\t\t\t\t\t<div class=\"elementor-element elementor-element-68ab1cb elementor-widget elementor-widget-image\" data-id=\"68ab1cb\" data-element_type=\"widget\" data-e-type=\"widget\" data-widget_type=\"image.default\">\n\t\t\t\t<div class=\"elementor-widget-container\">\n\t\t\t\t\t\t\t\t\t\t\t\t\t\t\t<img fetchpriority=\"high\" decoding=\"async\" width=\"503\" height=\"420\" src=\"https:\/\/suisse-fibromyalgie.ch\/wp-content\/uploads\/Petrovic-Giada.jpg\" class=\"attachment-medium_large size-medium_large wp-image-6862\" alt=\"\" srcset=\"https:\/\/suisse-fibromyalgie.ch\/wp-content\/uploads\/Petrovic-Giada.jpg 503w, https:\/\/suisse-fibromyalgie.ch\/wp-content\/uploads\/Petrovic-Giada-300x250.jpg 300w, https:\/\/suisse-fibromyalgie.ch\/wp-content\/uploads\/Petrovic-Giada-14x12.jpg 14w\" sizes=\"(max-width: 503px) 100vw, 503px\" \/>\t\t\t\t\t\t\t\t\t\t\t\t\t\t\t<\/div>\n\t\t\t\t<\/div>\n\t\t\t\t\t<\/div>\n\t\t<\/div>\n\t\t\t\t<div class=\"elementor-column elementor-col-50 elementor-top-column elementor-element elementor-element-d7d3abd\" data-id=\"d7d3abd\" data-element_type=\"column\" data-e-type=\"column\">\n\t\t\t<div class=\"elementor-widget-wrap elementor-element-populated\">\n\t\t\t\t\t\t<div class=\"elementor-element elementor-element-cdd1fa2 elementor-widget elementor-widget-text-editor\" data-id=\"cdd1fa2\" data-element_type=\"widget\" data-e-type=\"widget\" data-widget_type=\"text-editor.default\">\n\t\t\t\t<div class=\"elementor-widget-container\">\n\t\t\t\t\t\t\t\t\t<p class=\"font_8 wixui-rich-text__text\"><span class=\"wixui-rich-text__text\">e m\u2019appelle Giada, enchant\u00e9e \ud83d\ude09\ud83d\ude42<\/span><\/p><p class=\"font_8 wixui-rich-text__text\"><span class=\"wixui-rich-text__text\">J\u2019ai d\u00e9croch\u00e9 mon Master en psychologie clinique de la personne, famille et communaut\u00e9. \ud83d\udc69\u200d\ud83c\udf93<\/span><\/p><p class=\"font_8 wixui-rich-text__text\"><span class=\"wixui-rich-text__text\">Je poursuis ma formation MAS en psychoth\u00e9rapie d\u2019orientation syst\u00e9mique relationnelle \ud83e\udd13<\/span><\/p><p class=\"font_8 wixui-rich-text__text\"><span class=\"wixui-rich-text__text\">Je travaille dans un h\u00f4pital \ud83d\udc69\ud83c\udffb\u200d\ud83d\udd27en tant que psychologue rempla\u00e7ante dans le domaine des soins palliatifs.\u00a0<\/span><\/p><p class=\"font_8 wixui-rich-text__text\"><span class=\"wixui-rich-text__text\">Je suis attentive aux besoins des r\u00e9sidents et de leurs familles.\ud83d\udc65<\/span><\/p><p class=\"font_8 wixui-rich-text__text\"><span class=\"wixui-rich-text__text\">La famille est au centre de mes pr\u00e9occupations d\u00e8s la fin de mes \u00e9tudes.\u00a0<\/span><\/p><p class=\"font_8 wixui-rich-text__text\"><span class=\"wixui-rich-text__text\">C\u2019est notre premi\u00e8re \u00e9cole de vie \ud83e\ude82\u00a0<\/span><\/p><p class=\"font_8 wixui-rich-text__text\"><span class=\"wixui-rich-text__text\">Elle est importante pour le d\u00e9veloppement de l\u2019enfant.<\/span><\/p><p class=\"font_8 wixui-rich-text__text\"><span class=\"wixui-rich-text__text\">C&rsquo;est est une richesse mais aussi un fardeau!<\/span><\/p><p class=\"font_8 wixui-rich-text__text\"><span class=\"wixui-rich-text__text\">\u00catre papa, maman ou grands-parents n\u2019est pas toujours facile ! \ud83e\uddd7\ud83c\udfff\u200d\u2642\ufe0f<\/span><\/p><p class=\"font_8 wixui-rich-text__text\"><span class=\"wixui-rich-text__text\">Les obligations et les attentes soci\u00e9tales se multiplient.\u00a0<\/span><\/p><p class=\"font_8 wixui-rich-text__text\"><span class=\"wixui-rich-text__text\">La charge mentale des enfants, parents et grands-parents s\u2019alourdit. \ud83c\udfcb\ufe0f\u200d\u2640\ufe0f<\/span><\/p><p class=\"font_8 wixui-rich-text__text\"><span class=\"wixui-rich-text__text\">C&rsquo;est avec plaisir que je vous accompagne tout le long de votre vie lors de traumatismes \ud83e\udd15 diagnostic de maladie chronique\ud83d\udecf\ufe0f, d\u00e9pression, anxi\u00e9t\u00e9 \ud83c\udfaf, gestion des \u00e9motions\ud83d\udcaa\ud83c\udffb,\u00a0<\/span><\/p><p class=\"font_8 wixui-rich-text__text\"><span class=\"wixui-rich-text__text\">\u00a0vieillissement actif\ud83d\udd7a \u00e9puisement parental \ud83d\udde3\ufe0fet professionnel\ud83e\ude9c\ud83d\udc69\u200d\ud83e\uddaf<\/span><\/p><p class=\"font_8 wixui-rich-text__text\"><span class=\"wixui-rich-text__text\">Je m\u2019occupe \u00e9galement de diff\u00e9rentes probl\u00e9matiques face aux r\u00e9seaux sociaux (p. ex : cyberharc\u00e8lement, revenge porn ou deepfake).\u00a0<\/span><\/p><p class=\"font_8 wixui-rich-text__text\"><span class=\"wixui-rich-text__text\">J\u2019organise des interventions aupr\u00e8s d\u2019institutions scolaires\ud83c\udfe2, des conf\u00e9rences\ud83c\udf99\ufe0f ateliers \ud83d\udcdaafin de soutenir les jeunes et les parents.<\/span><\/p><p class=\"font_8 wixui-rich-text__text\"><span class=\"wixui-rich-text__text\">Je vous invite \u00e0 parcourir ma page Instagram \u00abFamilles Connect\u00e9es \u00bb (@c0nnectedfamilies)<\/span><\/p><p class=\"font_8 wixui-rich-text__text\"><span class=\"wixui-rich-text__text\">Je me r\u00e9jouis de faire votre connaissance et de vous rencontrer ! \u00c0 bient\u00f4t ! \ud83d\ude4b\u200d\u2640\ufe0f<\/span><\/p>\t\t\t\t\t\t\t\t<\/div>\n\t\t\t\t<\/div>\n\t\t\t\t\t<\/div>\n\t\t<\/div>\n\t\t\t\t\t<\/div>\n\t\t<\/section>\n\t\t\t\t<section class=\"elementor-section elementor-top-section elementor-element elementor-element-fce1291 elementor-section-boxed elementor-section-height-default elementor-section-height-default\" data-id=\"fce1291\" data-element_type=\"section\" data-e-type=\"section\">\n\t\t\t\t\t\t<div class=\"elementor-container elementor-column-gap-default\">\n\t\t\t\t\t<div class=\"elementor-column elementor-col-50 elementor-top-column elementor-element elementor-element-3eb25a5\" data-id=\"3eb25a5\" data-element_type=\"column\" data-e-type=\"column\">\n\t\t\t<div class=\"elementor-widget-wrap elementor-element-populated\">\n\t\t\t\t\t\t<div class=\"elementor-element elementor-element-7b832d7 elementor-widget elementor-widget-text-editor\" data-id=\"7b832d7\" data-element_type=\"widget\" data-e-type=\"widget\" data-widget_type=\"text-editor.default\">\n\t\t\t\t<div class=\"elementor-widget-container\">\n\t\t\t\t\t\t\t\t\t<p>Psychologue FSP sp\u00e9cialiste en sant\u00e9 C, je suis form\u00e9e pour accompagner les patients atteints de maladies chroniques et en tant que psychologue psychoth\u00e9rapeute en formation<\/p>\t\t\t\t\t\t\t\t<\/div>\n\t\t\t\t<\/div>\n\t\t\t\t\t<\/div>\n\t\t<\/div>\n\t\t\t\t<div class=\"elementor-column elementor-col-50 elementor-top-column elementor-element elementor-element-dd614b0\" data-id=\"dd614b0\" data-element_type=\"column\" data-e-type=\"column\">\n\t\t\t<div class=\"elementor-widget-wrap elementor-element-populated\">\n\t\t\t\t\t\t<div class=\"elementor-element elementor-element-3570715 elementor-widget elementor-widget-text-editor\" data-id=\"3570715\" data-element_type=\"widget\" data-e-type=\"widget\" data-widget_type=\"text-editor.default\">\n\t\t\t\t<div class=\"elementor-widget-container\">\n\t\t\t\t\t\t\t\t\t<p><a href=\"https:\/\/www.psy-n-co.ch\/l-equipe-de-nyon\" target=\"_blank\" rel=\"noopener\">En savoir plus, cliquez sur ce lien<\/a><\/p>\t\t\t\t\t\t\t\t<\/div>\n\t\t\t\t<\/div>\n\t\t\t\t\t<\/div>\n\t\t<\/div>\n\t\t\t\t\t<\/div>\n\t\t<\/section>\n\t\t\t\t<\/div>\n\t\t","protected":false},"excerpt":{"rendered":"<p>e m\u2019appelle Giada, enchant\u00e9e \ud83d\ude09\ud83d\ude42 J\u2019ai d\u00e9croch\u00e9 mon Master en psychologie clinique de la personne, famille et communaut\u00e9. \ud83d\udc69\u200d\ud83c\udf93 Je poursuis ma formation MAS en psychoth\u00e9rapie d\u2019orientation syst\u00e9mique relationnelle \ud83e\udd13 [&hellip;]<\/p>\n","protected":false},"author":1,"featured_media":0,"parent":0,"menu_order":0,"comment_status":"closed","ping_status":"closed","template":"","meta":{"footnotes":""},"class_list":["post-6861","page","type-page","status-publish","hentry"],"publishpress_future_action":{"enabled":false,"date":"2026-04-25 13:35:53","action":"change-status","newStatus":"draft","terms":[],"taxonomy":"","extraData":[]},"publishpress_future_workflow_manual_trigger":{"enabledWorkflows":[]},"_links":{"self":[{"href":"http:\/\/suisse-fibromyalgie.ch\/fr\/wp-json\/wp\/v2\/pages\/6861","targetHints":{"allow":["GET"]}}],"collection":[{"href":"http:\/\/suisse-fibromyalgie.ch\/fr\/wp-json\/wp\/v2\/pages"}],"about":[{"href":"http:\/\/suisse-fibromyalgie.ch\/fr\/wp-json\/wp\/v2\/types\/page"}],"author":[{"embeddable":true,"href":"http:\/\/suisse-fibromyalgie.ch\/fr\/wp-json\/wp\/v2\/users\/1"}],"replies":[{"embeddable":true,"href":"http:\/\/suisse-fibromyalgie.ch\/fr\/wp-json\/wp\/v2\/comments?post=6861"}],"version-history":[{"count":3,"href":"http:\/\/suisse-fibromyalgie.ch\/fr\/wp-json\/wp\/v2\/pages\/6861\/revisions"}],"predecessor-version":[{"id":6865,"href":"http:\/\/suisse-fibromyalgie.ch\/fr\/wp-json\/wp\/v2\/pages\/6861\/revisions\/6865"}],"wp:attachment":[{"href":"http:\/\/suisse-fibromyalgie.ch\/fr\/wp-json\/wp\/v2\/media?parent=6861"}],"curies":[{"name":"wp","href":"https:\/\/api.w.org\/{rel}","templated":true}]}}