{"id":6632,"date":"2024-10-15T16:11:03","date_gmt":"2024-10-15T14:11:03","guid":{"rendered":"https:\/\/suisse-fibromyalgie.ch\/?page_id=6632"},"modified":"2026-03-05T12:02:00","modified_gmt":"2026-03-05T11:02:00","slug":"asfm","status":"publish","type":"page","link":"http:\/\/suisse-fibromyalgie.ch\/fr\/asfm\/","title":{"rendered":"ASFM"},"content":{"rendered":"\t\t<div data-elementor-type=\"wp-page\" data-elementor-id=\"6632\" class=\"elementor elementor-6632\" data-elementor-post-type=\"page\">\n\t\t\t\t\t\t<section class=\"elementor-section elementor-top-section elementor-element elementor-element-b9f6361 elementor-section-boxed elementor-section-height-default elementor-section-height-default\" data-id=\"b9f6361\" data-element_type=\"section\" data-e-type=\"section\">\n\t\t\t\t\t\t<div class=\"elementor-container elementor-column-gap-default\">\n\t\t\t\t\t<div class=\"elementor-column elementor-col-25 elementor-top-column elementor-element elementor-element-4482416\" data-id=\"4482416\" data-element_type=\"column\" data-e-type=\"column\">\n\t\t\t<div class=\"elementor-widget-wrap elementor-element-populated\">\n\t\t\t\t\t\t<div class=\"elementor-element elementor-element-837a726 elementor-widget elementor-widget-image\" data-id=\"837a726\" data-element_type=\"widget\" data-e-type=\"widget\" data-widget_type=\"image.default\">\n\t\t\t\t<div class=\"elementor-widget-container\">\n\t\t\t\t\t\t\t\t\t\t\t\t\t\t\t<img fetchpriority=\"high\" decoding=\"async\" width=\"800\" height=\"657\" src=\"https:\/\/suisse-fibromyalgie.ch\/wp-content\/uploads\/Logo-2025-1024x841.jpg\" class=\"attachment-large size-large wp-image-7056\" alt=\"\" srcset=\"https:\/\/suisse-fibromyalgie.ch\/wp-content\/uploads\/Logo-2025-1024x841.jpg 1024w, https:\/\/suisse-fibromyalgie.ch\/wp-content\/uploads\/Logo-2025-300x246.jpg 300w, https:\/\/suisse-fibromyalgie.ch\/wp-content\/uploads\/Logo-2025-768x631.jpg 768w, https:\/\/suisse-fibromyalgie.ch\/wp-content\/uploads\/Logo-2025-1536x1261.jpg 1536w, https:\/\/suisse-fibromyalgie.ch\/wp-content\/uploads\/Logo-2025-15x12.jpg 15w, https:\/\/suisse-fibromyalgie.ch\/wp-content\/uploads\/Logo-2025.jpg 1600w\" sizes=\"(max-width: 800px) 100vw, 800px\" \/>\t\t\t\t\t\t\t\t\t\t\t\t\t\t\t<\/div>\n\t\t\t\t<\/div>\n\t\t\t\t\t<\/div>\n\t\t<\/div>\n\t\t\t\t<div class=\"elementor-column elementor-col-50 elementor-top-column elementor-element elementor-element-8b75e6b\" data-id=\"8b75e6b\" data-element_type=\"column\" data-e-type=\"column\">\n\t\t\t<div class=\"elementor-widget-wrap elementor-element-populated\">\n\t\t\t\t\t\t<div class=\"elementor-element elementor-element-c24f621 elementor-widget elementor-widget-text-editor\" data-id=\"c24f621\" data-element_type=\"widget\" data-e-type=\"widget\" data-widget_type=\"text-editor.default\">\n\t\t\t\t<div class=\"elementor-widget-container\">\n\t\t\t\t\t\t\t\t\t<h1>Association Suisse des Fibromyalgiques<\/h1><p>Fond\u00e9e en 1997 par des personnes atteintes de fibromyalgie, l\u2019Association Suisse des Fibromyalgiques (ASFM) a pour mission de faire conna\u00eetre et reconna\u00eetre la fibromyalgie, tout en soutenant ses membres aupr\u00e8s du public et des instances m\u00e9dicales, sociales et politiques.<\/p><p>Son si\u00e8ge administratif est \u00e0 Champagne, et elle est membre de la Ligue Suisse contre le Rhumatisme (LSR) depuis 1999.<\/p><p>\u00a0 \u00a0 \u00a0 \u00a0 \u00a0\u00a0<\/p>\t\t\t\t\t\t\t\t<\/div>\n\t\t\t\t<\/div>\n\t\t\t\t\t<\/div>\n\t\t<\/div>\n\t\t\t\t<div class=\"elementor-column elementor-col-25 elementor-top-column elementor-element elementor-element-ab41c46\" data-id=\"ab41c46\" data-element_type=\"column\" data-e-type=\"column\">\n\t\t\t<div class=\"elementor-widget-wrap elementor-element-populated\">\n\t\t\t\t\t\t<div class=\"elementor-element elementor-element-449fbdb elementor-widget elementor-widget-text-editor\" data-id=\"449fbdb\" data-element_type=\"widget\" data-e-type=\"widget\" data-widget_type=\"text-editor.default\">\n\t\t\t\t<div class=\"elementor-widget-container\">\n\t\t\t\t\t\t\t\t\t<h2>ASFM<\/h2><h6>Courriel :<\/h6><p><a href=\"mailto:info@suisse-fibromyalgie.ch\" target=\"_blank\" rel=\"noopener\">info@suisse-fibromyalgie.ch<\/a><\/p><h6>Site:<\/h6><p><a href=\"https:\/\/suisse-fibromyalgie.ch\/fr\/\" target=\"_blank\" rel=\"noopener\">www.suisse-fibromyalgie.ch<\/a><\/p><h6>Renseignements :<\/h6><p>Du lundi au jeudi de 8h30 \u00e011h30 : \u00a0T\u00e9l. +41 77 409 92 28<\/p><p>Du lundi au jeudi de 18h00 \u00e0 21h00 : \u00a0T\u00e9l. +41 76 585 20 54<\/p>\t\t\t\t\t\t\t\t<\/div>\n\t\t\t\t<\/div>\n\t\t\t\t\t<\/div>\n\t\t<\/div>\n\t\t\t\t\t<\/div>\n\t\t<\/section>\n\t\t\t\t<section class=\"elementor-section elementor-top-section elementor-element elementor-element-034928d elementor-section-boxed elementor-section-height-default elementor-section-height-default\" data-id=\"034928d\" data-element_type=\"section\" data-e-type=\"section\">\n\t\t\t\t\t\t<div class=\"elementor-container elementor-column-gap-default\">\n\t\t\t\t\t<div class=\"elementor-column elementor-col-66 elementor-top-column elementor-element elementor-element-f3c0ed0\" data-id=\"f3c0ed0\" data-element_type=\"column\" data-e-type=\"column\">\n\t\t\t<div class=\"elementor-widget-wrap elementor-element-populated\">\n\t\t\t\t\t\t<div class=\"elementor-element elementor-element-4c333b6 elementor-widget__width-initial elementor-widget elementor-widget-text-editor\" data-id=\"4c333b6\" data-element_type=\"widget\" data-e-type=\"widget\" data-widget_type=\"text-editor.default\">\n\t\t\t\t<div class=\"elementor-widget-container\">\n\t\t\t\t\t\t\t\t\t<h2>Objectifs<\/h2><p>L&rsquo;ASFM est d\u00e9di\u00e9e \u00e0 soutenir les personnes atteintes de fibromyalgie en partageant des informations, r\u00e9pondant aux questions et offrant une communaut\u00e9 de soutien. Gr\u00e2ce \u00e0 son comit\u00e9, son personnel, ses groupes d&rsquo;entraide et son soutien professionnel, l&rsquo;association poursuit plusieurs objectifs :<\/p><ul><li><strong>Faire reconna\u00eetre la fibromyalgie<\/strong> dans les domaines m\u00e9dical, social, juridique, pharmaceutique et politique.<\/li><li><strong>Informer et \u00eatre un interlocuteur cl\u00e9<\/strong> pour la communaut\u00e9 scientifique, les m\u00e9dias et les \u00e9tudiants.<\/li><li><strong>Diffuser les avanc\u00e9es m\u00e9dicales<\/strong> et sensibiliser le public.<\/li><li><strong>Coordonner des groupes de parole et d\u2019entraide<\/strong>.<\/li><li><strong>Soutenir les patients et leurs familles<\/strong> en leur offrant des outils th\u00e9rapeutiques.<\/li><li><strong>Organiser des ateliers de gestion de la douleur<\/strong> et des formations pour les professionnels impliqu\u00e9s dans le traitement de la fibromyalgie.<\/li><\/ul><p>L&rsquo;ASFM s&rsquo;engage \u00e0 am\u00e9liorer la qualit\u00e9 de vie des patients et \u00e0 promouvoir une meilleure compr\u00e9hension de cette maladie.<\/p><h2>Actions\u00a0<\/h2><p>L\u2019ASFM propose une plateforme d\u2019information et de soutien gr\u00e2ce \u00e0 diverses initiatives, telles que :<\/p><ul><li>Conf\u00e9rences et s\u00e9minaires,<\/li><li>Groupes d\u2019entraide et de parole,<\/li><li>Journ\u00e9e mondiale de la fibromyalgie,<\/li><li>Activit\u00e9s et cours destin\u00e9s aux patients.<\/li><li><a href=\"https:\/\/suisse-fibromyalgie.ch\/fr\/journal-lenvol\/\">Publication du journal l&rsquo;envol (ici)<\/a><\/li><li><a href=\"https:\/\/suisse-fibromyalgie.ch\/fr\/brochure-asfm\/\">Edition de la Brochure de l&rsquo;ASFM (ici)<\/a><\/li><\/ul><p>Elle milite pour la reconnaissance de la fibromyalgie en Suisse, une maladie souvent mal soutenue par l\u2019Assurance Invalidit\u00e9 (AI), malgr\u00e9 sa reconnaissance par l\u2019OMS comme maladie en 1992. En 2022, la CIM-11 a class\u00e9 la fibromyalgie dans le groupe des douleurs chroniques g\u00e9n\u00e9ralis\u00e9es, refl\u00e9tant une \u00e9volution des connaissances m\u00e9dicales.<\/p>\t\t\t\t\t\t\t\t<\/div>\n\t\t\t\t<\/div>\n\t\t\t\t\t<\/div>\n\t\t<\/div>\n\t\t\t\t<div class=\"elementor-column elementor-col-33 elementor-top-column elementor-element elementor-element-345c983\" data-id=\"345c983\" data-element_type=\"column\" data-e-type=\"column\">\n\t\t\t<div class=\"elementor-widget-wrap elementor-element-populated\">\n\t\t\t\t\t\t\t<\/div>\n\t\t<\/div>\n\t\t\t\t\t<\/div>\n\t\t<\/section>\n\t\t\t\t<section class=\"elementor-section elementor-top-section elementor-element elementor-element-91bdf88 elementor-section-boxed elementor-section-height-default elementor-section-height-default\" data-id=\"91bdf88\" data-element_type=\"section\" data-e-type=\"section\">\n\t\t\t\t\t\t<div class=\"elementor-container elementor-column-gap-default\">\n\t\t\t\t\t<div class=\"elementor-column elementor-col-66 elementor-top-column elementor-element elementor-element-fac5846\" data-id=\"fac5846\" data-element_type=\"column\" data-e-type=\"column\">\n\t\t\t<div class=\"elementor-widget-wrap elementor-element-populated\">\n\t\t\t\t\t\t<div class=\"elementor-element elementor-element-90c3561 elementor-widget elementor-widget-text-editor\" data-id=\"90c3561\" data-element_type=\"widget\" data-e-type=\"widget\" data-widget_type=\"text-editor.default\">\n\t\t\t\t<div class=\"elementor-widget-container\">\n\t\t\t\t\t\t\t\t\t<h2>Contexte M\u00e9dical et Social<\/h2><p>La fibromyalgie, touchant plus de 3% de la population suisse, est plus fr\u00e9quente chez les femmes, mais peut \u00e9galement affecter les hommes et les adolescents. Les sympt\u00f4mes incluent des douleurs chroniques et invalidantes, obligeant souvent les patients \u00e0 r\u00e9duire ou abandonner leur activit\u00e9 professionnelle. Cela engendre des difficult\u00e9s financi\u00e8res, un isolement social et un sentiment de rejet.<\/p><h2>Priorit\u00e9s de l\u2019ASFM<\/h2><ul><li>Encourager la recherche m\u00e9dicale pour d\u00e9velopper des traitements efficaces.<\/li><li>Faire reconna\u00eetre la fibromyalgie par les autorit\u00e9s publiques et obtenir un meilleur soutien pour les patients.<\/li><li>Sensibiliser la soci\u00e9t\u00e9 \u00e0 l\u2019impact de ce syndrome pour r\u00e9duire la stigmatisation.<\/li><\/ul><h2>Organisation et Financement<\/h2><p>L\u2019ASFM, reconnue d\u2019utilit\u00e9 publique, fonctionne gr\u00e2ce aux cotisations de ses membres, aux dons, et aux subventions partielles de l\u2019Office f\u00e9d\u00e9ral de la sant\u00e9 publique (OFSP) et de l\u2019Office f\u00e9d\u00e9ral des assurances sociales (OFAS), via la LSR.<\/p><h2>Les prestations propos\u00e9es<\/h2><p>L&rsquo;ASFM offre plusieurs services pour soutenir les personnes atteintes de fibromyalgie :<\/p><ul><li><strong>R\u00e9ponses t\u00e9l\u00e9phoniques<\/strong> : Du lundi au jeudi matin au 077 409 92 28 et une permanence t\u00e9l\u00e9phonique en soir\u00e9e (18h-21h) au 076 585 20 54.<\/li><li><strong>Contact par e-mail<\/strong> : <a rel=\"noopener\">info@suisse-fibromyalgie.ch<\/a><\/li><li><strong>Soutien<\/strong> : Social et juridique pour les membres.<\/li><li><strong>\u00c9v\u00e9nements<\/strong> : Ateliers, cours, conf\u00e9rences et sorties, organis\u00e9s partout en Suisse.<\/li><li><strong>Stands<\/strong> : Pr\u00e9sence lors de manifestations pour informer et sensibiliser.<\/li><li><strong>Soutien aux \u00e9tudiants<\/strong> : En fin de formation pour les assister dans leurs travaux de (TPA, bachelor et master).<\/li><li><strong>Groupes d&rsquo;entraide<\/strong> : Disponibles dans toute la Suisse pour partager et se soutenir mutuellement.<\/li><li><strong>Publications<\/strong> : Le journal annuel <em>L\u2019envol<\/em> en fran\u00e7ais, allemand et italien.<\/li><li><strong>Site web<\/strong> : Le site de l\u2019ASFM (<a href=\"http:\/\/www.suisse-fibromyalgie.ch\" target=\"_new\" rel=\"noopener\">www.suisse-fibromyalgie.ch<\/a>) est r\u00e9guli\u00e8rement mis \u00e0 jour pour fournir des informations.<\/li><\/ul><p>Ces ressources visent \u00e0 offrir un soutien complet, informatif et pratique aux membres de l&rsquo;ASFM.<\/p>\t\t\t\t\t\t\t\t<\/div>\n\t\t\t\t<\/div>\n\t\t\t\t\t<\/div>\n\t\t<\/div>\n\t\t\t\t<div class=\"elementor-column elementor-col-33 elementor-top-column elementor-element elementor-element-6755233\" data-id=\"6755233\" data-element_type=\"column\" data-e-type=\"column\">\n\t\t\t<div class=\"elementor-widget-wrap elementor-element-populated\">\n\t\t\t\t\t\t<div class=\"elementor-element elementor-element-9ff3137 elementor-widget elementor-widget-text-editor\" data-id=\"9ff3137\" data-element_type=\"widget\" data-e-type=\"widget\" data-widget_type=\"text-editor.default\">\n\t\t\t\t<div class=\"elementor-widget-container\">\n\t\t\t\t\t\t\t\t\t<h3><a href=\"https:\/\/suisse-fibromyalgie.ch\/fr\/naissance-de-lassociation-suisse-des-fibromyalgiques-asfm\/\">Historique<\/a><\/h3><p>__________________________<\/p><h3><a href=\"https:\/\/suisse-fibromyalgie.ch\/wp-content\/uploads\/Statuts_francais.pdf\" target=\"_blank\" rel=\"noopener\">Statuts<\/a><\/h3><p>__________________________<\/p><h3><a href=\"https:\/\/suisse-fibromyalgie.ch\/fr\/charte-reseaux-sociaux\/\">Charte des r\u00e9seaux sociaux<\/a><\/h3><p>__________________________<\/p><h3 class=\"elementor-heading-title elementor-size-default\"><a href=\"https:\/\/suisse-fibromyalgie.ch\/fr\/charte-dentraide\/\">Charte d&rsquo;entraide<\/a><\/h3><p>__________________________<\/p><h3><a href=\"https:\/\/suisse-fibromyalgie.ch\/fr\/confidentialite\/\">Protection des donn\u00e9es<\/a><\/h3><p>__________________________<\/p><h3><a href=\"https:\/\/suisse-fibromyalgie.ch\/fr\/rapport-annuel-2020\/\">Rapports annuels<\/a><\/h3><p>__________________________<\/p><h3><a href=\"https:\/\/suisse-fibromyalgie.ch\/fr\/pv-de-l-assemblee-generale-2022\/\">PV d&rsquo;AG<\/a><\/h3><p>__________________________<\/p><h3><a href=\"https:\/\/suisse-fibromyalgie.ch\/fr\/administration\/\">Administration\/Comit\u00e9<\/a><\/h3><p>__________________________<\/p><h3><a href=\"https:\/\/suisse-fibromyalgie.ch\/fr\/membres\/\">Devenir membre<\/a><\/h3><p>__________________________<\/p><h3><a href=\"https:\/\/suisse-fibromyalgie.ch\/fr\/campagne-1-pour-1\/\">Campagne 1 pour 1<\/a><\/h3>\t\t\t\t\t\t\t\t<\/div>\n\t\t\t\t<\/div>\n\t\t\t\t\t<\/div>\n\t\t<\/div>\n\t\t\t\t\t<\/div>\n\t\t<\/section>\n\t\t\t\t<\/div>\n\t\t","protected":false},"excerpt":{"rendered":"<p>Association Suisse des Fibromyalgiques Fond\u00e9e en 1997 par des personnes atteintes de fibromyalgie, l\u2019Association Suisse des Fibromyalgiques (ASFM) a pour mission de faire conna\u00eetre et reconna\u00eetre la fibromyalgie, tout en [&hellip;]<\/p>\n","protected":false},"author":1,"featured_media":0,"parent":0,"menu_order":0,"comment_status":"closed","ping_status":"closed","template":"","meta":{"footnotes":""},"class_list":["post-6632","page","type-page","status-publish","hentry"],"publishpress_future_action":{"enabled":false,"date":"2026-04-23 17:18:29","action":"change-status","newStatus":"draft","terms":[],"taxonomy":"","extraData":[]},"publishpress_future_workflow_manual_trigger":{"enabledWorkflows":[]},"_links":{"self":[{"href":"http:\/\/suisse-fibromyalgie.ch\/fr\/wp-json\/wp\/v2\/pages\/6632","targetHints":{"allow":["GET"]}}],"collection":[{"href":"http:\/\/suisse-fibromyalgie.ch\/fr\/wp-json\/wp\/v2\/pages"}],"about":[{"href":"http:\/\/suisse-fibromyalgie.ch\/fr\/wp-json\/wp\/v2\/types\/page"}],"author":[{"embeddable":true,"href":"http:\/\/suisse-fibromyalgie.ch\/fr\/wp-json\/wp\/v2\/users\/1"}],"replies":[{"embeddable":true,"href":"http:\/\/suisse-fibromyalgie.ch\/fr\/wp-json\/wp\/v2\/comments?post=6632"}],"version-history":[{"count":58,"href":"http:\/\/suisse-fibromyalgie.ch\/fr\/wp-json\/wp\/v2\/pages\/6632\/revisions"}],"predecessor-version":[{"id":9235,"href":"http:\/\/suisse-fibromyalgie.ch\/fr\/wp-json\/wp\/v2\/pages\/6632\/revisions\/9235"}],"wp:attachment":[{"href":"http:\/\/suisse-fibromyalgie.ch\/fr\/wp-json\/wp\/v2\/media?parent=6632"}],"curies":[{"name":"wp","href":"https:\/\/api.w.org\/{rel}","templated":true}]}}