{"id":6535,"date":"2024-10-08T10:23:31","date_gmt":"2024-10-08T08:23:31","guid":{"rendered":"https:\/\/suisse-fibromyalgie.ch\/?page_id=6535"},"modified":"2024-10-08T10:27:49","modified_gmt":"2024-10-08T08:27:49","slug":"jeantet-christine-coach-holistique-et-hypno-praticienne","status":"publish","type":"page","link":"http:\/\/suisse-fibromyalgie.ch\/fr\/jeantet-christine-coach-holistique-et-hypno-praticienne\/","title":{"rendered":"Jeantet Christine &#8211; Coach holistique et hypno praticienne"},"content":{"rendered":"\t\t<div data-elementor-type=\"wp-page\" data-elementor-id=\"6535\" class=\"elementor elementor-6535\" data-elementor-post-type=\"page\">\n\t\t\t\t\t\t<section class=\"elementor-section elementor-top-section elementor-element elementor-element-5643a8c elementor-section-boxed elementor-section-height-default elementor-section-height-default\" data-id=\"5643a8c\" data-element_type=\"section\" data-e-type=\"section\">\n\t\t\t\t\t\t<div class=\"elementor-container elementor-column-gap-default\">\n\t\t\t\t\t<div class=\"elementor-column elementor-col-50 elementor-top-column elementor-element elementor-element-c953588\" data-id=\"c953588\" data-element_type=\"column\" data-e-type=\"column\">\n\t\t\t<div class=\"elementor-widget-wrap elementor-element-populated\">\n\t\t\t\t\t\t<div class=\"elementor-element elementor-element-68ab1cb elementor-widget elementor-widget-image\" data-id=\"68ab1cb\" data-element_type=\"widget\" data-e-type=\"widget\" data-widget_type=\"image.default\">\n\t\t\t\t<div class=\"elementor-widget-container\">\n\t\t\t\t\t\t\t\t\t\t\t\t\t\t\t<img fetchpriority=\"high\" decoding=\"async\" width=\"250\" height=\"300\" src=\"https:\/\/suisse-fibromyalgie.ch\/wp-content\/uploads\/Jeantet-Christine-250x300.jpg\" class=\"attachment-medium size-medium wp-image-6536\" alt=\"\" srcset=\"https:\/\/suisse-fibromyalgie.ch\/wp-content\/uploads\/Jeantet-Christine-250x300.jpg 250w, https:\/\/suisse-fibromyalgie.ch\/wp-content\/uploads\/Jeantet-Christine-10x12.jpg 10w, https:\/\/suisse-fibromyalgie.ch\/wp-content\/uploads\/Jeantet-Christine.jpg 267w\" sizes=\"(max-width: 250px) 100vw, 250px\" \/>\t\t\t\t\t\t\t\t\t\t\t\t\t\t\t<\/div>\n\t\t\t\t<\/div>\n\t\t\t\t\t<\/div>\n\t\t<\/div>\n\t\t\t\t<div class=\"elementor-column elementor-col-50 elementor-top-column elementor-element elementor-element-d7d3abd\" data-id=\"d7d3abd\" data-element_type=\"column\" data-e-type=\"column\">\n\t\t\t<div class=\"elementor-widget-wrap elementor-element-populated\">\n\t\t\t\t\t\t<div class=\"elementor-element elementor-element-cdd1fa2 elementor-widget elementor-widget-text-editor\" data-id=\"cdd1fa2\" data-element_type=\"widget\" data-e-type=\"widget\" data-widget_type=\"text-editor.default\">\n\t\t\t\t<div class=\"elementor-widget-container\">\n\t\t\t\t\t\t\t\t\t<p>Bonjour,<\/p><p class=\"font_8 wixui-rich-text__text\">Parce qu&rsquo;\u00e0 mon sens un bon accompagnement est bas\u00e9 sur la confiance entre l&rsquo;accompagnant et le client, il me semblait important de vous relater mon parcours.<\/p><p class=\"font_8 wixui-rich-text__text\">Etant z\u00e8bre, il est pour moi impossible de faire une pr\u00e9sentation br\u00e8ve de qui je suis, ce qui peut sembler \u00e9trange pour un mono pensant, alors autant vous pr\u00e9venir avant \ud83d\ude42<\/p><p class=\"font_8 wixui-rich-text__text\"><span class=\"wixui-rich-text__text\">Hyper sensible, j&rsquo;ai toujours \u00e9t\u00e9 attir\u00e9e par les relations humaines.<\/span><\/p><p class=\"font_8 wixui-rich-text__text\"><span class=\"wixui-rich-text__text\">Je me suis longtemps sentie en d\u00e9calage de la norme. Dot\u00e9e d&rsquo;une tr\u00e8s forte\u00a0<\/span><span class=\"wixui-rich-text__text\">intuition<\/span><span class=\"wixui-rich-text__text\">, et d&rsquo;un potentiel \u00e9nerg\u00e9tique, je ne m&rsquo;assumais pas pour ce que je t&rsquo;\u00e9tais vraiment et j&rsquo;ignorais \u00e0 l&rsquo;\u00e9poque que j&rsquo;\u00e9tais z\u00e8bre et ce que cela implique comme mode de fonctionnement et sp\u00e9cificit\u00e9s.<\/span><\/p><p class=\"font_8 wixui-rich-text__text\"><span class=\"wixui-rich-text__text\">Mon manque de confiance en moi, ma mauvaise gestion de mon hypersensibilit\u00e9, mes fausses croyances, mes blessures d&rsquo;enfance ont eu des r\u00e9percussions n\u00e9gatives sur la premi\u00e8re partie de ma vie.<\/span><\/p><p class=\"font_8 wixui-rich-text__text\"><span class=\"wixui-rich-text__text\">J&rsquo;ai donc attir\u00e9 \u00e0 moi des situations personnelles \u00e0 la hauteur de ce que je vibrais et des masques que je portais \u00e0 l&rsquo;\u00e9poque : statut inconscient de victime et ce, dans tous les domaines de ma vie , travail alimentaire dans lequel je m&rsquo;<\/span>\u00e9teignais<span class=\"wixui-rich-text__text\">, emprise pendant de nombreuses ann\u00e9es d&rsquo;un pervers narcissique, maladies dont fibromyalgie.<\/span><\/p><p class=\"font_8 wixui-rich-text__text\"><span class=\"wixui-rich-text__text\">Comme beaucoup d&rsquo;entres nous, je souhaitais le bonheur mais ne parvenais pas \u00e0 l&rsquo;atteindre.<\/span><\/p><p class=\"font_8 wixui-rich-text__text\"><span class=\"wixui-rich-text__text\">J&rsquo;ai donc entrepris un \u00e9norme travail sur moi, \u00e9pur\u00e9 une \u00e0 une mes fausses croyances, gu\u00e9ri mes blessures \u00e9motionnelles, d\u00e9pass\u00e9 les peurs et croyances limitantes qui m&rsquo;<\/span><span class=\"wixui-rich-text__text\">emp\u00eachaient d&rsquo;avancer pour passer de la personne totalement effac\u00e9e , manquant de\u00a0<\/span><span class=\"wixui-rich-text__text\">confiance en elle, victime et soumise \u00e0 la femme z\u00e8bre (cela \u00e9vite les \u00e9tiquettes d&rsquo;hypersensible, hpe, hypersensitive) \u00a0que je suis, \u00a0<\/span><span class=\"wixui-rich-text__text\">auto<\/span><span class=\"wixui-rich-text__text\">\u00a0entrepreneuse, joyeuse , s\u00fbre d&rsquo;elle et enfin ma\u00eetre de sa vie .<\/span><\/p><p class=\"font_8 wixui-rich-text__text\"><span class=\"wixui-rich-text__text\">J&rsquo;ai quitt\u00e9 tout ce qui ne me correspondait plus ( travail alimentaire, conjoint ) pour enfin m&rsquo;aligner\u00a0<\/span><span class=\"wixui-rich-text__text\">avec<\/span><span class=\"wixui-rich-text__text\">\u00a0mes aspirations profondes et trouver mon \u00e9quilibre et surtout retrouver mon pouvoir de cr\u00e9ation de vie.<\/span><\/p><p class=\"font_8 wixui-rich-text__text\"><span class=\"wixui-rich-text__text\">J&rsquo;ai fait 15 ann\u00e9es de clarinette en partie au Conservatoire de Lyon, des \u00e9tudes de musique, puis un BTS d&rsquo;assistante gestion Pme Pmi en cours du soir, pour enfin \u00e0 l&rsquo;\u00e9poque rester plus de 20 ans employ\u00e9e en comptabilit\u00e9 mais sentant bien que ma place \u00e9tait ailleurs.<\/span><\/p><p class=\"font_8 wixui-rich-text__text\"><span class=\"wixui-rich-text__text\">Ma reconversion professionnelle s&rsquo;est impos\u00e9e \u00e0 moi comme une \u00e9vidence et elle s&rsquo;est faite en plusieurs ann\u00e9es, conciliant les obligations personnelles et\u00a0<\/span>financi\u00e8res<span class=\"wixui-rich-text__text\">.<\/span><\/p><p class=\"font_8 wixui-rich-text__text\"><span class=\"wixui-rich-text__text\">Dans un premier temps, j&rsquo;ai souhait\u00e9 accompagner les personnes sur le plan \u00e9nerg\u00e9tique puisque j&rsquo;avais ce potentiel inn\u00e9. J&rsquo;ai compl\u00e9t\u00e9 mes comp\u00e9tences \u00a0en faisant des formations (reiki niveau1 et 2).<\/span><\/p><p class=\"font_8 wixui-rich-text__text\"><span class=\"wixui-rich-text__text\">Puis comprenant le lien entre le corps et l&rsquo;esprit, j&rsquo;ai effectu\u00e9 une formation d&rsquo; acupression de 96 H aupr\u00e8s de Myriam Mass\u00e9 Yang \u00e0 l&rsquo;institut de m\u00e9decine naturelle sur Gen\u00e8ve, ce qui m&rsquo;apporta une compr\u00e9hension plus approfondie de mon corps, \u00a0de mes \u00e9motions et de la gestion de l&rsquo;ensemble corps \/ esprit.<\/span><\/p><p class=\"font_8 wixui-rich-text__text\"><span class=\"wixui-rich-text__text\">J&rsquo;ai particip\u00e9 \u00e0 des stages de d\u00e9veloppement personnel notamment aupr\u00e8s d&rsquo;Arnaud Riou, renfor\u00e7ant ainsi mes connaissances sur moi m\u00eame et par effet miroir sur les autres.<\/span><\/p><p class=\"font_8 wixui-rich-text__text\"><span class=\"wixui-rich-text__text\">J&rsquo;ai assist\u00e9 \u00e0 des conf\u00e9rences aupr\u00e8s de personnes comme Gr\u00e9gory Mutombo, Sylv\u00e8re Caron.<\/span><\/p><p class=\"font_8 wixui-rich-text__text\"><span class=\"wixui-rich-text__text\">Puis en\u00a0<\/span><span class=\"wixui-rich-text__text\">parall\u00e8le<\/span><span class=\"wixui-rich-text__text\">\u00a0de mon travail alimentaire de l&rsquo;\u00e9poque, j&rsquo;ai pratiqu\u00e9 les soins \u00e9nerg\u00e9tiques ( r\u00e9 \u00e9quilibrage , barrages de verrues, atelier de sylvoth\u00e9rapie )<\/span><\/p><p class=\"font_8 wixui-rich-text__text\"><span class=\"wixui-rich-text__text\">Mais avec le temps et en \u00e9coutant sinc\u00e8rement mon\u00a0<\/span><span class=\"wixui-rich-text__text\">c\u0153ur<\/span><span class=\"wixui-rich-text__text\">, j&rsquo;ai pris conscience que j&rsquo;\u00e9tais beaucoup plus attir\u00e9e par le coaching et l&rsquo;accompagnement de la personne dans sa globalit\u00e9 que par le soin \u00e9nerg\u00e9tique pur.<\/span><\/p><p class=\"font_8 wixui-rich-text__text\"><span class=\"wixui-rich-text__text\">Il \u00e9tait \u00e9vident pour moi que travailler uniquement sur le plan \u00e9nerg\u00e9tique n&rsquo;\u00e9tait pas suffisant pour avancer, et qu&rsquo;il fallait plonger en soi et entreprendre des changements profonds, des reprogrammations.<\/span><\/p><p class=\"font_8 wixui-rich-text__text\"><span class=\"wixui-rich-text__text\">Que finalement, mon potentiel \u00e9nerg\u00e9tique \u00e9tait un outil avec lequel je pourrai m&rsquo;appuyer pour vous accompagner mais qu&rsquo; il ne serait pas le seul outil.<\/span><\/p><p class=\"font_8 wixui-rich-text__text\"><span class=\"wixui-rich-text__text\">Aussi, j&rsquo;ai donc d\u00e9cid\u00e9 de devenir coach holistique, de poursuivre mes formations et de m&rsquo;orienter vers l&rsquo;hypnose \u00a0pour vous accompagner au mieux sur votre propre chemin d&rsquo;\u00e9volution.<\/span><\/p><p class=\"font_8 wixui-rich-text__text\"><span class=\"wixui-rich-text__text\">J&rsquo;ai donc obtenu mon\u00a0<\/span>certificat<span class=\"wixui-rich-text__text\"> de formation de praticien en Hypnose aupr\u00e8s de Lionel Tomasenski.<\/span><\/p><p class=\"font_8 wixui-rich-text__text\"><span class=\"wixui-rich-text__text\">Toujours en soif d&rsquo;apprendre pour mieux vous accompagner, je me forme de mani\u00e8re r\u00e9guli\u00e8re.<\/span><\/p><p class=\"font_8 wixui-rich-text__text\"><span class=\"wixui-rich-text__text\">J&rsquo;ai \u00e9galement obtenu ma sp\u00e9cialisation en Hypno Natal aupr\u00e8s de Lise Bartoli et Anne Marie Lajeunesse.<\/span><\/p><p class=\"font_8 wixui-rich-text__text\"><span class=\"wixui-rich-text__text\">Je me suis \u00e9galement form\u00e9e pour l&rsquo;accompagnement des HP adultes aupr\u00e8s de l&rsquo;institut Cogito&rsquo;z.<\/span><\/p><p class=\"font_8 wixui-rich-text__text\"><span class=\"wixui-rich-text__text\">J&rsquo;ai \u00e9galement obtenu ma sp\u00e9cialisation en Hypnose pour Enfants aupr\u00e8s de Lise Bartoli.<\/span><\/p><p class=\"font_8 wixui-rich-text__text\"><span class=\"wixui-rich-text__text\">Mon exp\u00e9rience de vie est l&rsquo;une des richesses suppl\u00e9mentaires de ma\u00a0<\/span>mallette<span class=\"wixui-rich-text__text\"> \u00e0 outils d&rsquo;accompagnement comme j&rsquo;aime \u00e0 l&rsquo;appeler, \u00e0 laquelle viennent s&rsquo;ajouter mon \u00e9coute, ma clair voyance, ma clair audience, mon empathie, ma douceur, ma capacit\u00e9 d&rsquo;analyse, et des outils de lib\u00e9ration \u00e9motionnelle.<\/span><\/p><p class=\"font_8 wixui-rich-text__text\"><span class=\"wixui-rich-text__text\">Mon r\u00f4le de coach holistique et praticienne en hypnose est de vous aider \u00e0 prendre conscience que vous \u00eates le cr\u00e9ateur de votre vie et que vous pouvez retrouver votre souverainet\u00e9. Sachant que tout est \u00e9nergie, on attire ce que l &lsquo;on vibre, et l&rsquo;on vibre ce que l&rsquo;on croit. Je guide mes clients vers leur v\u00e9ritable nature, je les aide \u00e0 d\u00e9poser leurs bagages \u00e9motionnels, leurs blocages , et les peurs qui les emp\u00eachent d&rsquo;\u00eatre heureux et d&rsquo;avancer.<\/span><\/p><p class=\"font_8 wixui-rich-text__text\"><span class=\"wixui-rich-text__text\">Ces blocages et poubelles \u00e9motionnelles finissent par se loger dans le corps et cr\u00e9er des maladies si l&rsquo;on n&rsquo;en prend pas conscience.<\/span><\/p><p class=\"font_8 wixui-rich-text__text\"><span class=\"wixui-rich-text__text\">J&rsquo;ai pour ma part \u00e9t\u00e9 diagnostiqu\u00e9e \u00e0 l&rsquo;\u00e9poque souffrant de \u00a0<\/span><span class=\"wixui-rich-text__text\">fibromyalgie<\/span>, auquel s&rsquo;en suivi\u00a0<span class=\"wixui-rich-text__text\">un burn out<\/span>\u00a0\u00a0<span class=\"wixui-rich-text__text\">\u00a0et j&rsquo;ai \u00e9videmment abord\u00e9 ma gu\u00e9rison de mani\u00e8re holistique et r\u00e9ussi \u00e0 gu\u00e9rir de cette maladie en levant le voile sur certains modes de fonctionnements\u00a0<\/span>inappropri\u00e9s<span class=\"wixui-rich-text__text\">, en modifiant des croyances erron\u00e9es, en changeant mon alimentation, de travail et en me lib\u00e9rant de chocs \u00e9motionnels remontant \u00e0 l&rsquo;adolescence. (voir la conf\u00e9rence t\u00e9moignage sur You Tube que j&rsquo;ai co anim\u00e9e avec C\u00e9dric Dupont sur la fibromyalgie).<\/span><\/p><p class=\"font_8 wixui-rich-text__text\"><span class=\"wixui-rich-text__text\">Aussi, apr\u00e8s plusieurs mois \u00e0 accompagner mes clients dans divers probl\u00e9matiques, \u00a0je fais le choix conscient et juste de me consacrer maintenant uniquement \u00e0 ce que je sais transmettre le mieux :\u00a0le chemin vers soi pour sortir de la fibromyalgie, et se relever du burn out.<\/span><\/p>\t\t\t\t\t\t\t\t<\/div>\n\t\t\t\t<\/div>\n\t\t\t\t\t<\/div>\n\t\t<\/div>\n\t\t\t\t\t<\/div>\n\t\t<\/section>\n\t\t\t\t<section class=\"elementor-section elementor-top-section elementor-element elementor-element-fce1291 elementor-section-boxed elementor-section-height-default elementor-section-height-default\" data-id=\"fce1291\" data-element_type=\"section\" data-e-type=\"section\">\n\t\t\t\t\t\t<div class=\"elementor-container elementor-column-gap-default\">\n\t\t\t\t\t<div class=\"elementor-column elementor-col-50 elementor-top-column elementor-element elementor-element-3eb25a5\" data-id=\"3eb25a5\" data-element_type=\"column\" data-e-type=\"column\">\n\t\t\t<div class=\"elementor-widget-wrap elementor-element-populated\">\n\t\t\t\t\t\t<div class=\"elementor-element elementor-element-7b832d7 elementor-widget elementor-widget-text-editor\" data-id=\"7b832d7\" data-element_type=\"widget\" data-e-type=\"widget\" data-widget_type=\"text-editor.default\">\n\t\t\t\t<div class=\"elementor-widget-container\">\n\t\t\t\t\t\t\t\t\t<div id=\"bgLayers_comp-ljcvm8ir\" class=\"MW5IWV\" data-hook=\"bgLayers\" data-motion-part=\"BG_LAYER\"><div id=\"bgMedia_comp-ljcvm8ir\" class=\"VgO9Yg\" data-motion-part=\"BG_MEDIA\">Situ\u00e9e en France voisine, elle accompagne les personnes souffrant de fibromyalgie avec un accompagnement de 12 s\u00e9ances alliant coaching, hypnose, \u00e9nerg\u00e9tique et 2 sessions en nature.<\/div><\/div>\t\t\t\t\t\t\t\t<\/div>\n\t\t\t\t<\/div>\n\t\t\t\t\t<\/div>\n\t\t<\/div>\n\t\t\t\t<div class=\"elementor-column elementor-col-50 elementor-top-column elementor-element elementor-element-dd614b0\" data-id=\"dd614b0\" data-element_type=\"column\" data-e-type=\"column\">\n\t\t\t<div class=\"elementor-widget-wrap elementor-element-populated\">\n\t\t\t\t\t\t<div class=\"elementor-element elementor-element-3570715 elementor-widget elementor-widget-text-editor\" data-id=\"3570715\" data-element_type=\"widget\" data-e-type=\"widget\" data-widget_type=\"text-editor.default\">\n\t\t\t\t<div class=\"elementor-widget-container\">\n\t\t\t\t\t\t\t\t\t<p><a href=\"https:\/\/www.christine-jeantet.com\/\" target=\"_blank\" rel=\"noopener\">En savoir plus, cliquez sur ce lien<\/a><\/p>\t\t\t\t\t\t\t\t<\/div>\n\t\t\t\t<\/div>\n\t\t\t\t\t<\/div>\n\t\t<\/div>\n\t\t\t\t\t<\/div>\n\t\t<\/section>\n\t\t\t\t<\/div>\n\t\t","protected":false},"excerpt":{"rendered":"<p>Bonjour, Parce qu&rsquo;\u00e0 mon sens un bon accompagnement est bas\u00e9 sur la confiance entre l&rsquo;accompagnant et le client, il me semblait important de vous relater mon parcours. Etant z\u00e8bre, il [&hellip;]<\/p>\n","protected":false},"author":1,"featured_media":0,"parent":0,"menu_order":0,"comment_status":"closed","ping_status":"closed","template":"","meta":{"footnotes":""},"class_list":["post-6535","page","type-page","status-publish","hentry"],"publishpress_future_action":{"enabled":false,"date":"2026-04-20 16:01:28","action":"change-status","newStatus":"draft","terms":[],"taxonomy":"","extraData":[]},"publishpress_future_workflow_manual_trigger":{"enabledWorkflows":[]},"_links":{"self":[{"href":"http:\/\/suisse-fibromyalgie.ch\/fr\/wp-json\/wp\/v2\/pages\/6535","targetHints":{"allow":["GET"]}}],"collection":[{"href":"http:\/\/suisse-fibromyalgie.ch\/fr\/wp-json\/wp\/v2\/pages"}],"about":[{"href":"http:\/\/suisse-fibromyalgie.ch\/fr\/wp-json\/wp\/v2\/types\/page"}],"author":[{"embeddable":true,"href":"http:\/\/suisse-fibromyalgie.ch\/fr\/wp-json\/wp\/v2\/users\/1"}],"replies":[{"embeddable":true,"href":"http:\/\/suisse-fibromyalgie.ch\/fr\/wp-json\/wp\/v2\/comments?post=6535"}],"version-history":[{"count":3,"href":"http:\/\/suisse-fibromyalgie.ch\/fr\/wp-json\/wp\/v2\/pages\/6535\/revisions"}],"predecessor-version":[{"id":6539,"href":"http:\/\/suisse-fibromyalgie.ch\/fr\/wp-json\/wp\/v2\/pages\/6535\/revisions\/6539"}],"wp:attachment":[{"href":"http:\/\/suisse-fibromyalgie.ch\/fr\/wp-json\/wp\/v2\/media?parent=6535"}],"curies":[{"name":"wp","href":"https:\/\/api.w.org\/{rel}","templated":true}]}}