{"id":6193,"date":"2024-08-22T14:14:58","date_gmt":"2024-08-22T12:14:58","guid":{"rendered":"https:\/\/suisse-fibromyalgie.ch\/?page_id=6193"},"modified":"2024-08-22T14:24:48","modified_gmt":"2024-08-22T12:24:48","slug":"dr-thomas-breuneval-photobiomodulation-medicalisee","status":"publish","type":"page","link":"http:\/\/suisse-fibromyalgie.ch\/fr\/dr-thomas-breuneval-photobiomodulation-medicalisee\/","title":{"rendered":"Dr. Thomas Breuneval &#8211; Photobiomodulation m\u00e9dicalis\u00e9e"},"content":{"rendered":"\t\t<div data-elementor-type=\"wp-page\" data-elementor-id=\"6193\" class=\"elementor elementor-6193\" data-elementor-post-type=\"page\">\n\t\t\t\t\t\t<section class=\"elementor-section elementor-top-section elementor-element elementor-element-5643a8c elementor-section-boxed elementor-section-height-default elementor-section-height-default\" data-id=\"5643a8c\" data-element_type=\"section\" data-e-type=\"section\">\n\t\t\t\t\t\t<div class=\"elementor-container elementor-column-gap-default\">\n\t\t\t\t\t<div class=\"elementor-column elementor-col-50 elementor-top-column elementor-element elementor-element-c953588\" data-id=\"c953588\" data-element_type=\"column\" data-e-type=\"column\">\n\t\t\t<div class=\"elementor-widget-wrap elementor-element-populated\">\n\t\t\t\t\t\t<div class=\"elementor-element elementor-element-68ab1cb elementor-widget elementor-widget-image\" data-id=\"68ab1cb\" data-element_type=\"widget\" data-e-type=\"widget\" data-widget_type=\"image.default\">\n\t\t\t\t<div class=\"elementor-widget-container\">\n\t\t\t\t\t\t\t\t\t\t\t\t\t\t\t<img fetchpriority=\"high\" decoding=\"async\" width=\"220\" height=\"300\" src=\"https:\/\/suisse-fibromyalgie.ch\/wp-content\/uploads\/Dr-Thomas-Breuneval-220x300.jpg\" class=\"attachment-medium size-medium wp-image-6194\" alt=\"\" srcset=\"https:\/\/suisse-fibromyalgie.ch\/wp-content\/uploads\/Dr-Thomas-Breuneval-220x300.jpg 220w, https:\/\/suisse-fibromyalgie.ch\/wp-content\/uploads\/Dr-Thomas-Breuneval-9x12.jpg 9w, https:\/\/suisse-fibromyalgie.ch\/wp-content\/uploads\/Dr-Thomas-Breuneval.jpg 456w\" sizes=\"(max-width: 220px) 100vw, 220px\" \/>\t\t\t\t\t\t\t\t\t\t\t\t\t\t\t<\/div>\n\t\t\t\t<\/div>\n\t\t\t\t\t<\/div>\n\t\t<\/div>\n\t\t\t\t<div class=\"elementor-column elementor-col-50 elementor-top-column elementor-element elementor-element-d7d3abd\" data-id=\"d7d3abd\" data-element_type=\"column\" data-e-type=\"column\">\n\t\t\t<div class=\"elementor-widget-wrap elementor-element-populated\">\n\t\t\t\t\t\t<div class=\"elementor-element elementor-element-cdd1fa2 elementor-widget elementor-widget-text-editor\" data-id=\"cdd1fa2\" data-element_type=\"widget\" data-e-type=\"widget\" data-widget_type=\"text-editor.default\">\n\t\t\t\t<div class=\"elementor-widget-container\">\n\t\t\t\t\t\t\t\t\t<h2 class=\"item-title\">NOTRE HISTOIRE<\/h2><p>Fond\u00e9 en 2024 par le Docteur Thomas Breuneval, radio-oncologue suisse, le PBM Center de Montreux est n\u00e9 de la conviction que la photobiomodulation peut transformer les soins de sant\u00e9.<br \/>Apr\u00e8s des ann\u00e9es de recherche et d&rsquo;exp\u00e9rience clinique, le Docteur Thomas Breuneval a ouvert le PBM Center pour apporter au plus grand nombre cette th\u00e9rapie r\u00e9volutionnaire, offrant une alternative non invasive pour la gestion des effets secondaires des traitements oncologiques, les douleurs, les inflammations, les cicatrices ainsi que la r\u00e9adaptation musculo-squelettique, les maladies c\u00e9r\u00e9brales et le bien-\u00eatre g\u00e9n\u00e9ral.<\/p><p><b>Qu\u2019est-ce que la photobiomodulation ?<\/b><\/p><p>La photobiomodulation (PBM) est une luminoth\u00e9rapie non invasive qui stimule les tissus corporels pour acc\u00e9l\u00e9rer la gu\u00e9rison, r\u00e9duire l&rsquo;inflammation et soulager la douleur. En utilisant des longueurs d\u2019onde de lumi\u00e8re sp\u00e9cifiques, il est scientifiquement prouv\u00e9 que le PBM offre des avantages significatifs sans effet secondaire.<\/p>\t\t\t\t\t\t\t\t<\/div>\n\t\t\t\t<\/div>\n\t\t\t\t\t<\/div>\n\t\t<\/div>\n\t\t\t\t\t<\/div>\n\t\t<\/section>\n\t\t\t\t<section class=\"elementor-section elementor-top-section elementor-element elementor-element-fce1291 elementor-section-boxed elementor-section-height-default elementor-section-height-default\" data-id=\"fce1291\" data-element_type=\"section\" data-e-type=\"section\">\n\t\t\t\t\t\t<div class=\"elementor-container elementor-column-gap-default\">\n\t\t\t\t\t<div class=\"elementor-column elementor-col-50 elementor-top-column elementor-element elementor-element-3eb25a5\" data-id=\"3eb25a5\" data-element_type=\"column\" data-e-type=\"column\">\n\t\t\t<div class=\"elementor-widget-wrap elementor-element-populated\">\n\t\t\t\t\t\t<div class=\"elementor-element elementor-element-7b832d7 elementor-widget elementor-widget-text-editor\" data-id=\"7b832d7\" data-element_type=\"widget\" data-e-type=\"widget\" data-widget_type=\"text-editor.default\">\n\t\t\t\t<div class=\"elementor-widget-container\">\n\t\t\t\t\t\t\t\t\t<div id=\"bgLayers_comp-ljcvm8ir\" class=\"MW5IWV\" data-hook=\"bgLayers\" data-motion-part=\"BG_LAYER\"><div id=\"bgMedia_comp-ljcvm8ir\" class=\"VgO9Yg\" data-motion-part=\"BG_MEDIA\">Il propose de d\u00e9livrer des s\u00e9ances de photobiomodulation aux patients fibromyalgiques \u00e0 l&rsquo;aide de diff\u00e9rents dispositifs et notamment une machine corps entier sp\u00e9cialement con\u00e7ue pour cette pathologie.<\/div><\/div>\t\t\t\t\t\t\t\t<\/div>\n\t\t\t\t<\/div>\n\t\t\t\t\t<\/div>\n\t\t<\/div>\n\t\t\t\t<div class=\"elementor-column elementor-col-50 elementor-top-column elementor-element elementor-element-dd614b0\" data-id=\"dd614b0\" data-element_type=\"column\" data-e-type=\"column\">\n\t\t\t<div class=\"elementor-widget-wrap elementor-element-populated\">\n\t\t\t\t\t\t<div class=\"elementor-element elementor-element-3570715 elementor-widget elementor-widget-text-editor\" data-id=\"3570715\" data-element_type=\"widget\" data-e-type=\"widget\" data-widget_type=\"text-editor.default\">\n\t\t\t\t<div class=\"elementor-widget-container\">\n\t\t\t\t\t\t\t\t\t<p><a href=\"https:\/\/pbm-center.ch\/fr\/home\" target=\"_blank\" rel=\"noopener\">En savoir plus, cliquez sur ce lien<\/a><\/p>\t\t\t\t\t\t\t\t<\/div>\n\t\t\t\t<\/div>\n\t\t\t\t\t<\/div>\n\t\t<\/div>\n\t\t\t\t\t<\/div>\n\t\t<\/section>\n\t\t\t\t<\/div>\n\t\t","protected":false},"excerpt":{"rendered":"<p>NOTRE HISTOIRE Fond\u00e9 en 2024 par le Docteur Thomas Breuneval, radio-oncologue suisse, le PBM Center de Montreux est n\u00e9 de la conviction que la photobiomodulation peut transformer les soins de [&hellip;]<\/p>\n","protected":false},"author":1,"featured_media":0,"parent":0,"menu_order":0,"comment_status":"closed","ping_status":"closed","template":"","meta":{"footnotes":""},"class_list":["post-6193","page","type-page","status-publish","hentry"],"publishpress_future_action":{"enabled":false,"date":"2026-05-12 11:56:06","action":"change-status","newStatus":"draft","terms":[],"taxonomy":"","extraData":[]},"publishpress_future_workflow_manual_trigger":{"enabledWorkflows":[]},"_links":{"self":[{"href":"http:\/\/suisse-fibromyalgie.ch\/fr\/wp-json\/wp\/v2\/pages\/6193","targetHints":{"allow":["GET"]}}],"collection":[{"href":"http:\/\/suisse-fibromyalgie.ch\/fr\/wp-json\/wp\/v2\/pages"}],"about":[{"href":"http:\/\/suisse-fibromyalgie.ch\/fr\/wp-json\/wp\/v2\/types\/page"}],"author":[{"embeddable":true,"href":"http:\/\/suisse-fibromyalgie.ch\/fr\/wp-json\/wp\/v2\/users\/1"}],"replies":[{"embeddable":true,"href":"http:\/\/suisse-fibromyalgie.ch\/fr\/wp-json\/wp\/v2\/comments?post=6193"}],"version-history":[{"count":0,"href":"http:\/\/suisse-fibromyalgie.ch\/fr\/wp-json\/wp\/v2\/pages\/6193\/revisions"}],"wp:attachment":[{"href":"http:\/\/suisse-fibromyalgie.ch\/fr\/wp-json\/wp\/v2\/media?parent=6193"}],"curies":[{"name":"wp","href":"https:\/\/api.w.org\/{rel}","templated":true}]}}