{"id":5981,"date":"2024-08-12T10:26:55","date_gmt":"2024-08-12T08:26:55","guid":{"rendered":"https:\/\/suisse-fibromyalgie.ch\/?page_id=5981"},"modified":"2024-09-30T16:44:13","modified_gmt":"2024-09-30T14:44:13","slug":"janick-biselx-menetrey-coaching-mediation-familiale","status":"publish","type":"page","link":"http:\/\/suisse-fibromyalgie.ch\/fr\/janick-biselx-menetrey-coaching-mediation-familiale\/","title":{"rendered":"Biselx-Men\u00e9trey Janick &#8211; Coaching &#038; M\u00e9diation familiale"},"content":{"rendered":"\t\t<div data-elementor-type=\"wp-page\" data-elementor-id=\"5981\" class=\"elementor elementor-5981\" data-elementor-post-type=\"page\">\n\t\t\t\t\t\t<section class=\"elementor-section elementor-top-section elementor-element elementor-element-58cc164 elementor-section-boxed elementor-section-height-default elementor-section-height-default\" data-id=\"58cc164\" data-element_type=\"section\" data-e-type=\"section\">\n\t\t\t\t\t\t<div class=\"elementor-container elementor-column-gap-default\">\n\t\t\t\t\t<div class=\"elementor-column elementor-col-50 elementor-top-column elementor-element elementor-element-525118e\" data-id=\"525118e\" data-element_type=\"column\" data-e-type=\"column\">\n\t\t\t<div class=\"elementor-widget-wrap elementor-element-populated\">\n\t\t\t\t\t\t<div class=\"elementor-element elementor-element-31dba71 elementor-widget elementor-widget-image\" data-id=\"31dba71\" data-element_type=\"widget\" data-e-type=\"widget\" data-widget_type=\"image.default\">\n\t\t\t\t<div class=\"elementor-widget-container\">\n\t\t\t\t\t\t\t\t\t\t\t\t\t\t\t<img fetchpriority=\"high\" decoding=\"async\" width=\"183\" height=\"276\" src=\"https:\/\/suisse-fibromyalgie.ch\/wp-content\/uploads\/Janick-Biselx-Menetrey.jpg\" class=\"attachment-2048x2048 size-2048x2048 wp-image-6450\" alt=\"\" srcset=\"https:\/\/suisse-fibromyalgie.ch\/wp-content\/uploads\/Janick-Biselx-Menetrey.jpg 183w, https:\/\/suisse-fibromyalgie.ch\/wp-content\/uploads\/Janick-Biselx-Menetrey-8x12.jpg 8w\" sizes=\"(max-width: 183px) 100vw, 183px\" \/>\t\t\t\t\t\t\t\t\t\t\t\t\t\t\t<\/div>\n\t\t\t\t<\/div>\n\t\t\t\t\t<\/div>\n\t\t<\/div>\n\t\t\t\t<div class=\"elementor-column elementor-col-50 elementor-top-column elementor-element elementor-element-85a6aef\" data-id=\"85a6aef\" data-element_type=\"column\" data-e-type=\"column\">\n\t\t\t<div class=\"elementor-widget-wrap elementor-element-populated\">\n\t\t\t\t\t\t<div class=\"elementor-element elementor-element-d6a6255 elementor-widget elementor-widget-text-editor\" data-id=\"d6a6255\" data-element_type=\"widget\" data-e-type=\"widget\" data-widget_type=\"text-editor.default\">\n\t\t\t\t<div class=\"elementor-widget-container\">\n\t\t\t\t\t\t\t\t\t<div class=\"image-title-wrapper\"><div class=\"image-title sqs-dynamic-text\" data-width-percentage=\"37.1\"><h3>Biselx-Men\u00e9trey Janick<\/h3><\/div><\/div><div class=\"image-subtitle-wrapper\"><div class=\"image-subtitle sqs-dynamic-text\" data-width-percentage=\"37.1\"><p class=\"\">Au service de l\u2019Humain depuis 2003, dipl\u00f4m\u00e9e en m\u00e9diation familiale HES-SO (2013) elle est certifi\u00e9e \u00e0 diff\u00e9rentes approches li\u00e9es \u00e0 la communication, au coaching, au d\u00e9veloppement personnel et spirituel ainsi qu\u2019au domaine des \u00e9nergies et de l\u2019harmonisation des lieux.<\/p><p class=\"\">Depuis tr\u00e8s jeune les al\u00e9as de la vie l\u2019ont pouss\u00e9e \u00e0 avancer. Ces exp\u00e9riences se r\u00e9v\u00e8lent aujourd\u2019hui pr\u00e9cieuses. Les difficult\u00e9s se sont m\u00e9tamorphos\u00e9es en connaissances, en conscience. Elles sont aujourd\u2019hui devenues pour elle des tremplins. Des racines ont pu pousser, ses ailes se d\u00e9ployer et enfin, la gratitude a su \u00e9merger de son coeur.<\/p><blockquote><p class=\"sqsrte-small\">\u201cL\u2019amour est ce avec quoi nous sommes n\u00e9s. La peur est ce que nous avons appris. Le parcours spirituel est de d\u00e9sapprendre la peur et d\u2019accepter le retour de l\u2019amour dans nos coeurs.\u201d<\/p><p class=\"sqsrte-small\">Marianne Williamson<\/p><\/blockquote><p class=\"\">Elle s\u2019appuie sur la Pr\u00e9sence pour vous accompagner \u00e0 vous remettre dans votre axe vertical. Ainsi pleinement pr\u00e9sent,\u00a0 le mouvement de la vie pourra faire son travail et vous permettre d\u2019avancer en conscience. Son slogan : \u201c Sortir grandis de chaque situation que la vie nous propose \u201c.<\/p><\/div><\/div>\t\t\t\t\t\t\t\t<\/div>\n\t\t\t\t<\/div>\n\t\t\t\t\t<\/div>\n\t\t<\/div>\n\t\t\t\t\t<\/div>\n\t\t<\/section>\n\t\t\t\t<section class=\"elementor-section elementor-top-section elementor-element elementor-element-085dee4 elementor-section-boxed elementor-section-height-default elementor-section-height-default\" data-id=\"085dee4\" data-element_type=\"section\" data-e-type=\"section\">\n\t\t\t\t\t\t<div class=\"elementor-container elementor-column-gap-default\">\n\t\t\t\t\t<div class=\"elementor-column elementor-col-50 elementor-top-column elementor-element elementor-element-fd354a9\" data-id=\"fd354a9\" data-element_type=\"column\" data-e-type=\"column\">\n\t\t\t<div class=\"elementor-widget-wrap elementor-element-populated\">\n\t\t\t\t\t\t<div class=\"elementor-element elementor-element-056f65c elementor-widget elementor-widget-text-editor\" data-id=\"056f65c\" data-element_type=\"widget\" data-e-type=\"widget\" data-widget_type=\"text-editor.default\">\n\t\t\t\t<div class=\"elementor-widget-container\">\n\t\t\t\t\t\t\t\t\t<p style=\"text-align: right;\"><strong>Coaching &amp; M\u00e9diation familiale<\/strong><\/p>\t\t\t\t\t\t\t\t<\/div>\n\t\t\t\t<\/div>\n\t\t\t\t\t<\/div>\n\t\t<\/div>\n\t\t\t\t<div class=\"elementor-column elementor-col-50 elementor-top-column elementor-element elementor-element-f2fd1cd\" data-id=\"f2fd1cd\" data-element_type=\"column\" data-e-type=\"column\">\n\t\t\t<div class=\"elementor-widget-wrap elementor-element-populated\">\n\t\t\t\t\t\t<div class=\"elementor-element elementor-element-eb4a11b elementor-widget elementor-widget-text-editor\" data-id=\"eb4a11b\" data-element_type=\"widget\" data-e-type=\"widget\" data-widget_type=\"text-editor.default\">\n\t\t\t\t<div class=\"elementor-widget-container\">\n\t\t\t\t\t\t\t\t\t<p><a href=\"https:\/\/www.etre-harmonie.ch\/home\/#page-section-60ec4d02fed30c0bcb6b5acb\" target=\"_blank\" rel=\"noopener\">En savoir plus, cliquez sur ce lien<\/a><\/p>\t\t\t\t\t\t\t\t<\/div>\n\t\t\t\t<\/div>\n\t\t\t\t\t<\/div>\n\t\t<\/div>\n\t\t\t\t\t<\/div>\n\t\t<\/section>\n\t\t\t\t<\/div>\n\t\t","protected":false},"excerpt":{"rendered":"<p>Biselx-Men\u00e9trey Janick Au service de l\u2019Humain depuis 2003, dipl\u00f4m\u00e9e en m\u00e9diation familiale HES-SO (2013) elle est certifi\u00e9e \u00e0 diff\u00e9rentes approches li\u00e9es \u00e0 la communication, au coaching, au d\u00e9veloppement personnel et [&hellip;]<\/p>\n","protected":false},"author":1,"featured_media":0,"parent":0,"menu_order":0,"comment_status":"closed","ping_status":"closed","template":"","meta":{"footnotes":""},"class_list":["post-5981","page","type-page","status-publish","hentry"],"publishpress_future_action":{"enabled":false,"date":"2026-04-20 14:17:10","action":"change-status","newStatus":"draft","terms":[],"taxonomy":"","extraData":[]},"publishpress_future_workflow_manual_trigger":{"enabledWorkflows":[]},"_links":{"self":[{"href":"http:\/\/suisse-fibromyalgie.ch\/fr\/wp-json\/wp\/v2\/pages\/5981","targetHints":{"allow":["GET"]}}],"collection":[{"href":"http:\/\/suisse-fibromyalgie.ch\/fr\/wp-json\/wp\/v2\/pages"}],"about":[{"href":"http:\/\/suisse-fibromyalgie.ch\/fr\/wp-json\/wp\/v2\/types\/page"}],"author":[{"embeddable":true,"href":"http:\/\/suisse-fibromyalgie.ch\/fr\/wp-json\/wp\/v2\/users\/1"}],"replies":[{"embeddable":true,"href":"http:\/\/suisse-fibromyalgie.ch\/fr\/wp-json\/wp\/v2\/comments?post=5981"}],"version-history":[{"count":12,"href":"http:\/\/suisse-fibromyalgie.ch\/fr\/wp-json\/wp\/v2\/pages\/5981\/revisions"}],"predecessor-version":[{"id":6488,"href":"http:\/\/suisse-fibromyalgie.ch\/fr\/wp-json\/wp\/v2\/pages\/5981\/revisions\/6488"}],"wp:attachment":[{"href":"http:\/\/suisse-fibromyalgie.ch\/fr\/wp-json\/wp\/v2\/media?parent=5981"}],"curies":[{"name":"wp","href":"https:\/\/api.w.org\/{rel}","templated":true}]}}