{"id":5859,"date":"2024-07-22T14:15:20","date_gmt":"2024-07-22T12:15:20","guid":{"rendered":"https:\/\/suisse-fibromyalgie.ch\/?page_id=5859"},"modified":"2026-03-30T16:53:59","modified_gmt":"2026-03-30T14:53:59","slug":"tireford-wonny-magnetotherapie","status":"publish","type":"page","link":"http:\/\/suisse-fibromyalgie.ch\/fr\/tireford-wonny-magnetotherapie\/","title":{"rendered":"Tireford Wonny &#8211; Magn\u00e9toth\u00e9rapie"},"content":{"rendered":"\t\t<div data-elementor-type=\"wp-page\" data-elementor-id=\"5859\" class=\"elementor elementor-5859\" data-elementor-post-type=\"page\">\n\t\t\t\t\t\t<section class=\"elementor-section elementor-top-section elementor-element elementor-element-2d20593 elementor-section-boxed elementor-section-height-default elementor-section-height-default\" data-id=\"2d20593\" data-element_type=\"section\" data-e-type=\"section\">\n\t\t\t\t\t\t<div class=\"elementor-container elementor-column-gap-default\">\n\t\t\t\t\t<div class=\"elementor-column elementor-col-100 elementor-top-column elementor-element elementor-element-f2884a0\" data-id=\"f2884a0\" data-element_type=\"column\" data-e-type=\"column\">\n\t\t\t<div class=\"elementor-widget-wrap elementor-element-populated\">\n\t\t\t\t\t\t<div class=\"elementor-element elementor-element-d7a3256 elementor-widget elementor-widget-image\" data-id=\"d7a3256\" data-element_type=\"widget\" data-e-type=\"widget\" data-widget_type=\"image.default\">\n\t\t\t\t<div class=\"elementor-widget-container\">\n\t\t\t\t\t\t\t\t\t\t\t\t\t\t\t<img decoding=\"async\" width=\"200\" height=\"200\" src=\"https:\/\/suisse-fibromyalgie.ch\/wp-content\/uploads\/Logo-Innov-MD-OK.jpeg\" class=\"attachment-large size-large wp-image-9318\" alt=\"\" srcset=\"https:\/\/suisse-fibromyalgie.ch\/wp-content\/uploads\/Logo-Innov-MD-OK.jpeg 200w, https:\/\/suisse-fibromyalgie.ch\/wp-content\/uploads\/Logo-Innov-MD-OK-150x150.jpeg 150w, https:\/\/suisse-fibromyalgie.ch\/wp-content\/uploads\/Logo-Innov-MD-OK-12x12.jpeg 12w\" sizes=\"(max-width: 200px) 100vw, 200px\" \/>\t\t\t\t\t\t\t\t\t\t\t\t\t\t\t<\/div>\n\t\t\t\t<\/div>\n\t\t\t\t\t<\/div>\n\t\t<\/div>\n\t\t\t\t\t<\/div>\n\t\t<\/section>\n\t\t\t\t<section class=\"elementor-section elementor-top-section elementor-element elementor-element-49a8769 elementor-section-boxed elementor-section-height-default elementor-section-height-default\" data-id=\"49a8769\" data-element_type=\"section\" data-e-type=\"section\">\n\t\t\t\t\t\t<div class=\"elementor-container elementor-column-gap-default\">\n\t\t\t\t\t<div class=\"elementor-column elementor-col-100 elementor-top-column elementor-element elementor-element-b832f5d\" data-id=\"b832f5d\" data-element_type=\"column\" data-e-type=\"column\">\n\t\t\t<div class=\"elementor-widget-wrap elementor-element-populated\">\n\t\t\t\t\t\t<div class=\"elementor-element elementor-element-d7d395e elementor-widget elementor-widget-text-editor\" data-id=\"d7d395e\" data-element_type=\"widget\" data-e-type=\"widget\" data-widget_type=\"text-editor.default\">\n\t\t\t\t<div class=\"elementor-widget-container\">\n\t\t\t\t\t\t\t\t\t<h3><strong><u>Magn\u00e9toth\u00e9rapie par champs magn\u00e9tiques puls\u00e9s &amp; fibromyalgie<\/u><\/strong><\/h3>\n<p>La fibromyalgie se manifeste par des douleurs chroniques diffuses, une fatigue persistante, des troubles du sommeil et une hypersensibilit\u00e9 corporelle. La magn\u00e9toth\u00e9rapie par champs magn\u00e9tiques puls\u00e9s est une approche de bien-\u00eatre qui utilise des impulsions magn\u00e9tiques douces pour accompagner la d\u00e9tente et le confort au quotidien.<\/p>\n<p>Dans le cadre de la fibromyalgie, cette m\u00e9thode peut contribuer \u00e0 :<\/p>\n<ul>\n<li>soulager certaines tensions corporelles,<\/li>\n<li>favoriser la relaxation et le rel\u00e2chement musculaire,<\/li>\n<li>soutenir une meilleure r\u00e9cup\u00e9ration et un sommeil plus r\u00e9parateur,<\/li>\n<li>accompagner la gestion du stress et de la fatigue.<\/li>\n<\/ul>\n<p><u>S\u00e9ance d\u00e9couverte \u00e0 domicile<\/u><\/p>\n<p>Une s\u00e9ance de magn\u00e9toth\u00e9rapie \u00e0 domicile est offerte afin de permettre de d\u00e9couvrir la m\u00e9thode, de comprendre son fonctionnement et d&rsquo;\u00e9valuer les ressentis en toute tranquillit\u00e9, chez soi.<\/p>\n<p>\u00c0 la suite de cette s\u00e9ance, si la m\u00e9thode correspond aux besoins de la personne, il est possible d&rsquo;opter pour l&rsquo;achat d&rsquo;un dispositif m\u00e9dical de magn\u00e9toth\u00e9rapie par champs magn\u00e9tiques puls\u00e9s, permettant une utilisation autonome et r\u00e9guli\u00e8re \u00e0 domicile, selon ses propres besoins et son rythme.<\/p>\n<p>Avantage membres ASFM : les membres de l&rsquo;association b\u00e9n\u00e9ficient d&rsquo;un rabais de 10 % sur l&rsquo;achat du dispositif m\u00e9dical.<\/p>\n<p>Cette approche s&rsquo;inscrit comme un accompagnement compl\u00e9mentaire et ne remplace en aucun cas un suivi m\u00e9dical.<\/p>\n<h3><strong><u>Chromoth\u00e9rapie &amp; fibromyalgie<\/u><\/strong><\/h3>\n<p>La chromoth\u00e9rapie est une m\u00e9thode douce bas\u00e9e sur l&rsquo;utilisation des couleurs et de leurs vibrations pour favoriser l&rsquo;\u00e9quilibre \u00e9motionnel et \u00e9nerg\u00e9tique. Elle s&rsquo;adresse particuli\u00e8rement aux personnes atteintes de fibromyalgie souhaitant une approche non invasive, ax\u00e9e sur le bien-\u00eatre global.<\/p>\n<p>Dans le contexte de la fibromyalgie, la chromoth\u00e9rapie peut aider \u00e0 :<\/p>\n<ul>\n<li>apaiser les tensions \u00e9motionnelles,<\/li>\n<li>favoriser la d\u00e9tente profonde et le l\u00e2cher-prise,<\/li>\n<li>accompagner les p\u00e9riodes de fatigue mentale et \u00e9motionnelle,<\/li>\n<li>soutenir une sensation de mieux-\u00eatre g\u00e9n\u00e9ral.<\/li>\n<\/ul>\n<p>La chromoth\u00e9rapie peut \u00eatre utilis\u00e9e seule ou en compl\u00e9ment d&rsquo;autres approches de bien-\u00eatre, toujours dans le respect de ses propres besoins.<\/p>\t\t\t\t\t\t\t\t<\/div>\n\t\t\t\t<\/div>\n\t\t\t\t\t<\/div>\n\t\t<\/div>\n\t\t\t\t\t<\/div>\n\t\t<\/section>\n\t\t\t\t<section class=\"elementor-section elementor-top-section elementor-element elementor-element-085dee4 elementor-section-boxed elementor-section-height-default elementor-section-height-default\" data-id=\"085dee4\" data-element_type=\"section\" data-e-type=\"section\">\n\t\t\t\t\t\t<div class=\"elementor-container elementor-column-gap-default\">\n\t\t\t\t\t<div class=\"elementor-column elementor-col-50 elementor-top-column elementor-element elementor-element-fd354a9\" data-id=\"fd354a9\" data-element_type=\"column\" data-e-type=\"column\">\n\t\t\t<div class=\"elementor-widget-wrap elementor-element-populated\">\n\t\t\t\t\t\t<div class=\"elementor-element elementor-element-056f65c elementor-widget elementor-widget-text-editor\" data-id=\"056f65c\" data-element_type=\"widget\" data-e-type=\"widget\" data-widget_type=\"text-editor.default\">\n\t\t\t\t<div class=\"elementor-widget-container\">\n\t\t\t\t\t\t\t\t\t<p>Avantage membres ASFM : les membres de l&rsquo;association b\u00e9n\u00e9ficient d&rsquo;un rabais de 10 % sur l&rsquo;achat du dispositif m\u00e9dical.<\/p>\t\t\t\t\t\t\t\t<\/div>\n\t\t\t\t<\/div>\n\t\t\t\t\t<\/div>\n\t\t<\/div>\n\t\t\t\t<div class=\"elementor-column elementor-col-50 elementor-top-column elementor-element elementor-element-f2fd1cd\" data-id=\"f2fd1cd\" data-element_type=\"column\" data-e-type=\"column\">\n\t\t\t<div class=\"elementor-widget-wrap elementor-element-populated\">\n\t\t\t\t\t\t<div class=\"elementor-element elementor-element-eb4a11b elementor-widget elementor-widget-text-editor\" data-id=\"eb4a11b\" data-element_type=\"widget\" data-e-type=\"widget\" data-widget_type=\"text-editor.default\">\n\t\t\t\t<div class=\"elementor-widget-container\">\n\t\t\t\t\t\t\t\t\t<p><a href=\"https:\/\/innovmd.ch\/\" target=\"_blank\" rel=\"noopener\">Pour en savoir plus, cliquez sur ce lien<\/a><\/p>\t\t\t\t\t\t\t\t<\/div>\n\t\t\t\t<\/div>\n\t\t\t\t\t<\/div>\n\t\t<\/div>\n\t\t\t\t\t<\/div>\n\t\t<\/section>\n\t\t\t\t<\/div>\n\t\t","protected":false},"excerpt":{"rendered":"<p>Magn\u00e9toth\u00e9rapie par champs magn\u00e9tiques puls\u00e9s &amp; fibromyalgie La fibromyalgie se manifeste par des douleurs chroniques diffuses, une fatigue persistante, des troubles du sommeil et une hypersensibilit\u00e9 corporelle. La magn\u00e9toth\u00e9rapie par [&hellip;]<\/p>\n","protected":false},"author":1,"featured_media":0,"parent":0,"menu_order":0,"comment_status":"closed","ping_status":"closed","template":"","meta":{"footnotes":""},"class_list":["post-5859","page","type-page","status-publish","hentry"],"publishpress_future_action":{"enabled":false,"date":"2026-05-23 14:37:30","action":"change-status","newStatus":"draft","terms":[],"taxonomy":"","extraData":[]},"publishpress_future_workflow_manual_trigger":{"enabledWorkflows":[]},"_links":{"self":[{"href":"http:\/\/suisse-fibromyalgie.ch\/fr\/wp-json\/wp\/v2\/pages\/5859","targetHints":{"allow":["GET"]}}],"collection":[{"href":"http:\/\/suisse-fibromyalgie.ch\/fr\/wp-json\/wp\/v2\/pages"}],"about":[{"href":"http:\/\/suisse-fibromyalgie.ch\/fr\/wp-json\/wp\/v2\/types\/page"}],"author":[{"embeddable":true,"href":"http:\/\/suisse-fibromyalgie.ch\/fr\/wp-json\/wp\/v2\/users\/1"}],"replies":[{"embeddable":true,"href":"http:\/\/suisse-fibromyalgie.ch\/fr\/wp-json\/wp\/v2\/comments?post=5859"}],"version-history":[{"count":3,"href":"http:\/\/suisse-fibromyalgie.ch\/fr\/wp-json\/wp\/v2\/pages\/5859\/revisions"}],"predecessor-version":[{"id":9322,"href":"http:\/\/suisse-fibromyalgie.ch\/fr\/wp-json\/wp\/v2\/pages\/5859\/revisions\/9322"}],"wp:attachment":[{"href":"http:\/\/suisse-fibromyalgie.ch\/fr\/wp-json\/wp\/v2\/media?parent=5859"}],"curies":[{"name":"wp","href":"https:\/\/api.w.org\/{rel}","templated":true}]}}