{"id":5559,"date":"2024-06-11T12:01:17","date_gmt":"2024-06-11T10:01:17","guid":{"rendered":"https:\/\/suisse-fibromyalgie.ch\/?page_id=5559"},"modified":"2024-06-11T12:03:55","modified_gmt":"2024-06-11T10:03:55","slug":"partenariat-avec-les-ligues-cantonales-et-les-associations","status":"publish","type":"page","link":"http:\/\/suisse-fibromyalgie.ch\/fr\/partenariat-avec-les-ligues-cantonales-et-les-associations\/","title":{"rendered":"Partenariat avec les ligues cantonales et les associations"},"content":{"rendered":"\t\t<div data-elementor-type=\"wp-page\" data-elementor-id=\"5559\" class=\"elementor elementor-5559\" data-elementor-post-type=\"page\">\n\t\t\t\t\t\t<section class=\"elementor-section elementor-top-section elementor-element elementor-element-df844ad elementor-section-boxed elementor-section-height-default elementor-section-height-default\" data-id=\"df844ad\" data-element_type=\"section\" data-e-type=\"section\">\n\t\t\t\t\t\t<div class=\"elementor-container elementor-column-gap-default\">\n\t\t\t\t\t<div class=\"elementor-column elementor-col-100 elementor-top-column elementor-element elementor-element-a7c0971\" data-id=\"a7c0971\" data-element_type=\"column\" data-e-type=\"column\">\n\t\t\t<div class=\"elementor-widget-wrap elementor-element-populated\">\n\t\t\t\t\t\t<div class=\"elementor-element elementor-element-9db3440 elementor-widget elementor-widget-text-editor\" data-id=\"9db3440\" data-element_type=\"widget\" data-e-type=\"widget\" data-widget_type=\"text-editor.default\">\n\t\t\t\t<div class=\"elementor-widget-container\">\n\t\t\t\t\t\t\t\t\t<p>L&rsquo;ASFM a d\u00e9cid\u00e9 d&rsquo;offrir la possibilit\u00e9 aux ligues cantonales contre le rhumatisme, aux associations de malades et autres associations, la possibilit\u00e9 de devenir associations partenaire de l\u2019ASFM en s\u2019acquittant de la cotisation annuelle de 60.- CHF, ainsi leurs membres profitent de tarifs pr\u00e9f\u00e9rentiels sur l\u2019ensemble de nos activit\u00e9s tout au longue de l\u2019ann\u00e9e.<\/p><p><strong><u>Tarifs 2024\u00a0:<\/u><\/strong><\/p><p><strong>Ateliers \u2013 Cours &#8211; Sortie<\/strong><\/p><ul><li>Membres ASFM = 10.- CHF<\/li><li>Membre d\u2019associations partenaires = 20.- CHF<\/li><li>Non membres = 45.- CHF<\/li><\/ul><p>\u00a0<\/p><p><strong>S\u00e9minaires<\/strong><\/p><ul><li>Membres ASFM = 35.- CHF<\/li><li>Membre d\u2019associations partenaires = 70.- CHF<\/li><li>Non membres = 120.- CHF<\/li><\/ul><p>\u00a0<\/p><p>Cela va nous permettre de trouver des synergies entre les diff\u00e9rentes ligues et associations, organiser des \u00e9v\u00e9nements en communs, voire plus encore.<\/p><p>\u00a0<\/p><p>Nous nous r\u00e9jouissons pleinement de ces collaborations qui vont promettre pleines de bonnes choses.<\/p><p>\u00a0<\/p><p>Nous nous r\u00e9jouissons beaucoup de ces collaborations.<\/p>\t\t\t\t\t\t\t\t<\/div>\n\t\t\t\t<\/div>\n\t\t\t\t\t<\/div>\n\t\t<\/div>\n\t\t\t\t\t<\/div>\n\t\t<\/section>\n\t\t\t\t<\/div>\n\t\t","protected":false},"excerpt":{"rendered":"<p>L&rsquo;ASFM a d\u00e9cid\u00e9 d&rsquo;offrir la possibilit\u00e9 aux ligues cantonales contre le rhumatisme, aux associations de malades et autres associations, la possibilit\u00e9 de devenir associations partenaire de l\u2019ASFM en s\u2019acquittant de [&hellip;]<\/p>\n","protected":false},"author":1,"featured_media":0,"parent":0,"menu_order":0,"comment_status":"closed","ping_status":"closed","template":"","meta":{"footnotes":""},"class_list":["post-5559","page","type-page","status-publish","hentry"],"publishpress_future_action":{"enabled":false,"date":"2026-05-14 16:50:30","action":"change-status","newStatus":"draft","terms":[],"taxonomy":"","extraData":[]},"publishpress_future_workflow_manual_trigger":{"enabledWorkflows":[]},"_links":{"self":[{"href":"http:\/\/suisse-fibromyalgie.ch\/fr\/wp-json\/wp\/v2\/pages\/5559","targetHints":{"allow":["GET"]}}],"collection":[{"href":"http:\/\/suisse-fibromyalgie.ch\/fr\/wp-json\/wp\/v2\/pages"}],"about":[{"href":"http:\/\/suisse-fibromyalgie.ch\/fr\/wp-json\/wp\/v2\/types\/page"}],"author":[{"embeddable":true,"href":"http:\/\/suisse-fibromyalgie.ch\/fr\/wp-json\/wp\/v2\/users\/1"}],"replies":[{"embeddable":true,"href":"http:\/\/suisse-fibromyalgie.ch\/fr\/wp-json\/wp\/v2\/comments?post=5559"}],"version-history":[{"count":0,"href":"http:\/\/suisse-fibromyalgie.ch\/fr\/wp-json\/wp\/v2\/pages\/5559\/revisions"}],"wp:attachment":[{"href":"http:\/\/suisse-fibromyalgie.ch\/fr\/wp-json\/wp\/v2\/media?parent=5559"}],"curies":[{"name":"wp","href":"https:\/\/api.w.org\/{rel}","templated":true}]}}