{"id":5284,"date":"2024-05-06T17:16:10","date_gmt":"2024-05-06T15:16:10","guid":{"rendered":"https:\/\/suisse-fibromyalgie.ch\/?page_id=5284"},"modified":"2025-03-01T16:34:45","modified_gmt":"2025-03-01T15:34:45","slug":"dr-jean-philippe-richter","status":"publish","type":"page","link":"http:\/\/suisse-fibromyalgie.ch\/fr\/dr-jean-philippe-richter\/","title":{"rendered":"Dr. Jean-Philippe Richter &#8211; M\u00e9decin Praticien &#8211; Micro nutritionniste &#8211;"},"content":{"rendered":"\t\t<div data-elementor-type=\"wp-page\" data-elementor-id=\"5284\" class=\"elementor elementor-5284\" data-elementor-post-type=\"page\">\n\t\t\t\t\t\t<section class=\"elementor-section elementor-top-section elementor-element elementor-element-5643a8c elementor-section-boxed elementor-section-height-default elementor-section-height-default\" data-id=\"5643a8c\" data-element_type=\"section\" data-e-type=\"section\">\n\t\t\t\t\t\t<div class=\"elementor-container elementor-column-gap-default\">\n\t\t\t\t\t<div class=\"elementor-column elementor-col-50 elementor-top-column elementor-element elementor-element-c953588\" data-id=\"c953588\" data-element_type=\"column\" data-e-type=\"column\">\n\t\t\t<div class=\"elementor-widget-wrap elementor-element-populated\">\n\t\t\t\t\t\t<div class=\"elementor-element elementor-element-68ab1cb elementor-widget elementor-widget-image\" data-id=\"68ab1cb\" data-element_type=\"widget\" data-e-type=\"widget\" data-widget_type=\"image.default\">\n\t\t\t\t<div class=\"elementor-widget-container\">\n\t\t\t\t\t\t\t\t\t\t\t\t\t\t\t<img fetchpriority=\"high\" decoding=\"async\" width=\"265\" height=\"300\" src=\"https:\/\/suisse-fibromyalgie.ch\/wp-content\/uploads\/Dr-Richter-24-265x300.jpg\" class=\"attachment-medium size-medium wp-image-7054\" alt=\"\" srcset=\"https:\/\/suisse-fibromyalgie.ch\/wp-content\/uploads\/Dr-Richter-24-265x300.jpg 265w, https:\/\/suisse-fibromyalgie.ch\/wp-content\/uploads\/Dr-Richter-24-11x12.jpg 11w, https:\/\/suisse-fibromyalgie.ch\/wp-content\/uploads\/Dr-Richter-24.jpg 764w\" sizes=\"(max-width: 265px) 100vw, 265px\" \/>\t\t\t\t\t\t\t\t\t\t\t\t\t\t\t<\/div>\n\t\t\t\t<\/div>\n\t\t\t\t\t<\/div>\n\t\t<\/div>\n\t\t\t\t<div class=\"elementor-column elementor-col-50 elementor-top-column elementor-element elementor-element-d7d3abd\" data-id=\"d7d3abd\" data-element_type=\"column\" data-e-type=\"column\">\n\t\t\t<div class=\"elementor-widget-wrap elementor-element-populated\">\n\t\t\t\t\t\t<div class=\"elementor-element elementor-element-cdd1fa2 elementor-widget elementor-widget-text-editor\" data-id=\"cdd1fa2\" data-element_type=\"widget\" data-e-type=\"widget\" data-widget_type=\"text-editor.default\">\n\t\t\t\t<div class=\"elementor-widget-container\">\n\t\t\t\t\t\t\t\t\t<p class=\"font_8 wixui-rich-text__text\">M\u00e9decin sp\u00e9cialiste en m\u00e9decine interne, micro nutritionniste, mais aussi titulaire en France des dipl\u00f4mes de sp\u00e9cialiste en M\u00e9decine G\u00e9n\u00e9rale, de G\u00e9riatrie, M\u00e9decine du sport et bien d&rsquo;autres, exerce dans son cabinet en Valais \u00e0 Sion<\/p><p>Il y pratique une m\u00e9decine holistique, int\u00e9grative tenant compte de la globalit\u00e9 du patient.<\/p><p>A l&rsquo;\u00e9coute de ses patients, il propose des bilans cliniques, biologiques hypersp\u00e9cialis\u00e9s pour parvenir \u00e0 trouver les causes profondes des maux pr\u00e9sent\u00e9s par les patients.<\/p><p>Il est par ailleurs pr\u00e9sident fondateur de l&rsquo;\u00e9cole Cura Vita\u00a0<a href=\"https:\/\/cura-vita.school\/\" target=\"_blank\" rel=\"noopener\">(Pour en savoir plus, cliquez sur ce lien)<\/a>\u00a0\u00e0 Conthey, qui offre la possibilit\u00e9 de devenir nutrith\u00e9rapeute agr\u00e9er ASCA, dipl\u00f4me reconnu dans toute l&rsquo;Europe, ou plus simplement conseiller en nutrition.<\/p><p>Il a cr\u00e9er NFB Healthcare\u00a0<a href=\"https:\/\/cura-vita.school\/\" target=\"_blank\" rel=\"noopener\">(Pour en savoir plus, cliquez sur ce lien)<\/a>\u00a0soci\u00e9t\u00e9 qui d\u00e9veloppe sous son contr\u00f4le total des compl\u00e9ment alimentaires et des solutions di\u00e9t\u00e9tiques.<\/p><p>Il propose des conf\u00e9rences sur le th\u00e8me de la nutrition en Suisse, France, Italie&#8230;<\/p><p>Il est par ailleurs vice Pr\u00e9sident l&rsquo; ASFM<\/p>\t\t\t\t\t\t\t\t<\/div>\n\t\t\t\t<\/div>\n\t\t\t\t\t<\/div>\n\t\t<\/div>\n\t\t\t\t\t<\/div>\n\t\t<\/section>\n\t\t\t\t<\/div>\n\t\t","protected":false},"excerpt":{"rendered":"<p>M\u00e9decin sp\u00e9cialiste en m\u00e9decine interne, micro nutritionniste, mais aussi titulaire en France des dipl\u00f4mes de sp\u00e9cialiste en M\u00e9decine G\u00e9n\u00e9rale, de G\u00e9riatrie, M\u00e9decine du sport et bien d&rsquo;autres, exerce dans son [&hellip;]<\/p>\n","protected":false},"author":1,"featured_media":7054,"parent":0,"menu_order":0,"comment_status":"closed","ping_status":"closed","template":"","meta":{"footnotes":""},"class_list":["post-5284","page","type-page","status-publish","has-post-thumbnail","hentry"],"publishpress_future_action":{"enabled":false,"date":"2026-05-20 17:03:17","action":"change-status","newStatus":"draft","terms":[],"taxonomy":"","extraData":[]},"publishpress_future_workflow_manual_trigger":{"enabledWorkflows":[]},"_links":{"self":[{"href":"http:\/\/suisse-fibromyalgie.ch\/fr\/wp-json\/wp\/v2\/pages\/5284","targetHints":{"allow":["GET"]}}],"collection":[{"href":"http:\/\/suisse-fibromyalgie.ch\/fr\/wp-json\/wp\/v2\/pages"}],"about":[{"href":"http:\/\/suisse-fibromyalgie.ch\/fr\/wp-json\/wp\/v2\/types\/page"}],"author":[{"embeddable":true,"href":"http:\/\/suisse-fibromyalgie.ch\/fr\/wp-json\/wp\/v2\/users\/1"}],"replies":[{"embeddable":true,"href":"http:\/\/suisse-fibromyalgie.ch\/fr\/wp-json\/wp\/v2\/comments?post=5284"}],"version-history":[{"count":8,"href":"http:\/\/suisse-fibromyalgie.ch\/fr\/wp-json\/wp\/v2\/pages\/5284\/revisions"}],"predecessor-version":[{"id":8215,"href":"http:\/\/suisse-fibromyalgie.ch\/fr\/wp-json\/wp\/v2\/pages\/5284\/revisions\/8215"}],"wp:featuredmedia":[{"embeddable":true,"href":"http:\/\/suisse-fibromyalgie.ch\/fr\/wp-json\/wp\/v2\/media\/7054"}],"wp:attachment":[{"href":"http:\/\/suisse-fibromyalgie.ch\/fr\/wp-json\/wp\/v2\/media?parent=5284"}],"curies":[{"name":"wp","href":"https:\/\/api.w.org\/{rel}","templated":true}]}}