{"id":1525,"date":"2021-01-01T00:00:16","date_gmt":"2020-12-31T23:00:16","guid":{"rendered":"https:\/\/suisse-fibromyalgie.ch\/?page_id=1525"},"modified":"2021-07-07T15:36:20","modified_gmt":"2021-07-07T13:36:20","slug":"les-symptomes","status":"publish","type":"page","link":"http:\/\/suisse-fibromyalgie.ch\/fr\/les-symptomes\/","title":{"rendered":"Les sympt\u00f4mes"},"content":{"rendered":"\t\t<div data-elementor-type=\"wp-page\" data-elementor-id=\"1525\" class=\"elementor elementor-1525\" data-elementor-post-type=\"page\">\n\t\t\t\t\t\t<section class=\"elementor-section elementor-top-section elementor-element elementor-element-c87e5b7 elementor-section-boxed elementor-section-height-default elementor-section-height-default\" data-id=\"c87e5b7\" data-element_type=\"section\" data-e-type=\"section\">\n\t\t\t\t\t\t<div class=\"elementor-container elementor-column-gap-default\">\n\t\t\t\t\t<div class=\"elementor-column elementor-col-100 elementor-top-column elementor-element elementor-element-cd91517\" data-id=\"cd91517\" data-element_type=\"column\" data-e-type=\"column\">\n\t\t\t<div class=\"elementor-widget-wrap elementor-element-populated\">\n\t\t\t\t\t\t<div class=\"elementor-element elementor-element-cbdd80d elementor-widget elementor-widget-heading\" data-id=\"cbdd80d\" data-element_type=\"widget\" data-e-type=\"widget\" data-widget_type=\"heading.default\">\n\t\t\t\t<div class=\"elementor-widget-container\">\n\t\t\t\t\t<h2 class=\"elementor-heading-title elementor-size-default\">Syst\u00e8mes concomitants \u00e0 la fibromyalgie<\/h2>\t\t\t\t<\/div>\n\t\t\t\t<\/div>\n\t\t\t\t<div class=\"elementor-element elementor-element-be99e34 elementor-widget-divider--view-line elementor-widget elementor-widget-divider\" data-id=\"be99e34\" data-element_type=\"widget\" data-e-type=\"widget\" data-widget_type=\"divider.default\">\n\t\t\t\t<div class=\"elementor-widget-container\">\n\t\t\t\t\t\t\t<div class=\"elementor-divider\">\n\t\t\t<span class=\"elementor-divider-separator\">\n\t\t\t\t\t\t<\/span>\n\t\t<\/div>\n\t\t\t\t\t\t<\/div>\n\t\t\t\t<\/div>\n\t\t\t\t<div class=\"elementor-element elementor-element-263e2a7 elementor-widget elementor-widget-text-editor\" data-id=\"263e2a7\" data-element_type=\"widget\" data-e-type=\"widget\" data-widget_type=\"text-editor.default\">\n\t\t\t\t<div class=\"elementor-widget-container\">\n\t\t\t\t\t\t\t\t\t<p>Tir\u00e9s du livre <em><strong>\u00ab\u00a0La Fibromyalgie &#8211; Bien la conna\u00eetre pour mieux surmonter la douleur, la fatigue chronique et les troubles du sommeil\u00a0\u00bb<\/strong><\/em> Marcel Guit\u00e9 et Agathe Drouin B\u00e9gin (Editions MultiMondes) vendu dans notre page Litt\u00e9rature.<\/p>\t\t\t\t\t\t\t\t<\/div>\n\t\t\t\t<\/div>\n\t\t\t\t\t<\/div>\n\t\t<\/div>\n\t\t\t\t\t<\/div>\n\t\t<\/section>\n\t\t\t\t<section class=\"elementor-section elementor-top-section elementor-element elementor-element-0e16ac5 elementor-section-boxed elementor-section-height-default elementor-section-height-default\" data-id=\"0e16ac5\" data-element_type=\"section\" data-e-type=\"section\">\n\t\t\t\t\t\t<div class=\"elementor-container elementor-column-gap-default\">\n\t\t\t\t\t<div class=\"elementor-column elementor-col-100 elementor-top-column elementor-element elementor-element-713d051\" data-id=\"713d051\" data-element_type=\"column\" data-e-type=\"column\">\n\t\t\t<div class=\"elementor-widget-wrap elementor-element-populated\">\n\t\t\t\t\t\t<div class=\"elementor-element elementor-element-7fe6e40 elementor-widget elementor-widget-heading\" data-id=\"7fe6e40\" data-element_type=\"widget\" data-e-type=\"widget\" data-widget_type=\"heading.default\">\n\t\t\t\t<div class=\"elementor-widget-container\">\n\t\t\t\t\t<h2 class=\"elementor-heading-title elementor-size-default\">Syst\u00e8me endocrinien<\/h2>\t\t\t\t<\/div>\n\t\t\t\t<\/div>\n\t\t\t\t<div class=\"elementor-element elementor-element-63a10ed elementor-widget-divider--view-line elementor-widget elementor-widget-divider\" data-id=\"63a10ed\" data-element_type=\"widget\" data-e-type=\"widget\" data-widget_type=\"divider.default\">\n\t\t\t\t<div class=\"elementor-widget-container\">\n\t\t\t\t\t\t\t<div class=\"elementor-divider\">\n\t\t\t<span class=\"elementor-divider-separator\">\n\t\t\t\t\t\t<\/span>\n\t\t<\/div>\n\t\t\t\t\t\t<\/div>\n\t\t\t\t<\/div>\n\t\t\t\t<div class=\"elementor-element elementor-element-b3db275 elementor-widget elementor-widget-text-editor\" data-id=\"b3db275\" data-element_type=\"widget\" data-e-type=\"widget\" data-widget_type=\"text-editor.default\">\n\t\t\t\t<div class=\"elementor-widget-container\">\n\t\t\t\t\t\t\t\t\t<p>Thyro\u00efde (inflammation de la glande thyro\u00efde), fatigue g\u00e9n\u00e9ralis\u00e9e, frilosit\u00e9, perte ou diminution de l&rsquo;app\u00e9tit, hypoglyc\u00e9mie (insuffisance du taux de glucose dans le sang), peau s\u00e8che (d\u00e9mangeaisons), syndrome de Sj\u00f6gren (diminution de la s\u00e9cr\u00e9tion des glandes lacrymales, salivaires, trach\u00e9ales, digestives et vaginales).<\/p>\t\t\t\t\t\t\t\t<\/div>\n\t\t\t\t<\/div>\n\t\t\t\t\t<\/div>\n\t\t<\/div>\n\t\t\t\t\t<\/div>\n\t\t<\/section>\n\t\t\t\t<section class=\"elementor-section elementor-top-section elementor-element elementor-element-f0c1725 elementor-section-boxed elementor-section-height-default elementor-section-height-default\" data-id=\"f0c1725\" data-element_type=\"section\" data-e-type=\"section\">\n\t\t\t\t\t\t<div class=\"elementor-container elementor-column-gap-default\">\n\t\t\t\t\t<div class=\"elementor-column elementor-col-100 elementor-top-column elementor-element elementor-element-1ebe1d0\" data-id=\"1ebe1d0\" data-element_type=\"column\" data-e-type=\"column\">\n\t\t\t<div class=\"elementor-widget-wrap elementor-element-populated\">\n\t\t\t\t\t\t<div class=\"elementor-element elementor-element-a89c988 elementor-widget elementor-widget-heading\" data-id=\"a89c988\" data-element_type=\"widget\" data-e-type=\"widget\" data-widget_type=\"heading.default\">\n\t\t\t\t<div class=\"elementor-widget-container\">\n\t\t\t\t\t<h2 class=\"elementor-heading-title elementor-size-default\">Syst\u00e8me cardiovasculaire<\/h2>\t\t\t\t<\/div>\n\t\t\t\t<\/div>\n\t\t\t\t<div class=\"elementor-element elementor-element-613eeba elementor-widget-divider--view-line elementor-widget elementor-widget-divider\" data-id=\"613eeba\" data-element_type=\"widget\" data-e-type=\"widget\" data-widget_type=\"divider.default\">\n\t\t\t\t<div class=\"elementor-widget-container\">\n\t\t\t\t\t\t\t<div class=\"elementor-divider\">\n\t\t\t<span class=\"elementor-divider-separator\">\n\t\t\t\t\t\t<\/span>\n\t\t<\/div>\n\t\t\t\t\t\t<\/div>\n\t\t\t\t<\/div>\n\t\t\t\t<div class=\"elementor-element elementor-element-2ac505c elementor-widget elementor-widget-text-editor\" data-id=\"2ac505c\" data-element_type=\"widget\" data-e-type=\"widget\" data-widget_type=\"text-editor.default\">\n\t\t\t\t<div class=\"elementor-widget-container\">\n\t\t\t\t\t\t\t\t\t<p>Palpitations, maladie de Raynaud, tachycardie (rythme cardiaque acc\u00e9l\u00e9r\u00e9), chute de pression.<\/p>\t\t\t\t\t\t\t\t<\/div>\n\t\t\t\t<\/div>\n\t\t\t\t\t<\/div>\n\t\t<\/div>\n\t\t\t\t\t<\/div>\n\t\t<\/section>\n\t\t\t\t<section class=\"elementor-section elementor-top-section elementor-element elementor-element-9f2a4a0 elementor-section-boxed elementor-section-height-default elementor-section-height-default\" data-id=\"9f2a4a0\" data-element_type=\"section\" data-e-type=\"section\">\n\t\t\t\t\t\t<div class=\"elementor-container elementor-column-gap-default\">\n\t\t\t\t\t<div class=\"elementor-column elementor-col-100 elementor-top-column elementor-element elementor-element-1dce646\" data-id=\"1dce646\" data-element_type=\"column\" data-e-type=\"column\">\n\t\t\t<div class=\"elementor-widget-wrap elementor-element-populated\">\n\t\t\t\t\t\t<div class=\"elementor-element elementor-element-27122d2 elementor-widget elementor-widget-heading\" data-id=\"27122d2\" data-element_type=\"widget\" data-e-type=\"widget\" data-widget_type=\"heading.default\">\n\t\t\t\t<div class=\"elementor-widget-container\">\n\t\t\t\t\t<h2 class=\"elementor-heading-title elementor-size-default\">Syst\u00e8me respiratoire<\/h2>\t\t\t\t<\/div>\n\t\t\t\t<\/div>\n\t\t\t\t<div class=\"elementor-element elementor-element-f7834bd elementor-widget-divider--view-line elementor-widget elementor-widget-divider\" data-id=\"f7834bd\" data-element_type=\"widget\" data-e-type=\"widget\" data-widget_type=\"divider.default\">\n\t\t\t\t<div class=\"elementor-widget-container\">\n\t\t\t\t\t\t\t<div class=\"elementor-divider\">\n\t\t\t<span class=\"elementor-divider-separator\">\n\t\t\t\t\t\t<\/span>\n\t\t<\/div>\n\t\t\t\t\t\t<\/div>\n\t\t\t\t<\/div>\n\t\t\t\t<div class=\"elementor-element elementor-element-4ebb4f3 elementor-widget elementor-widget-text-editor\" data-id=\"4ebb4f3\" data-element_type=\"widget\" data-e-type=\"widget\" data-widget_type=\"text-editor.default\">\n\t\t\t\t<div class=\"elementor-widget-container\">\n\t\t\t\t\t\t\t\t\t<p>Troubles respiratoires, ronflements, allergies, toux.<\/p>\t\t\t\t\t\t\t\t<\/div>\n\t\t\t\t<\/div>\n\t\t\t\t\t<\/div>\n\t\t<\/div>\n\t\t\t\t\t<\/div>\n\t\t<\/section>\n\t\t\t\t<section class=\"elementor-section elementor-top-section elementor-element elementor-element-9939536 elementor-section-boxed elementor-section-height-default elementor-section-height-default\" data-id=\"9939536\" data-element_type=\"section\" data-e-type=\"section\">\n\t\t\t\t\t\t<div class=\"elementor-container elementor-column-gap-default\">\n\t\t\t\t\t<div class=\"elementor-column elementor-col-100 elementor-top-column elementor-element elementor-element-4d87836\" data-id=\"4d87836\" data-element_type=\"column\" data-e-type=\"column\">\n\t\t\t<div class=\"elementor-widget-wrap elementor-element-populated\">\n\t\t\t\t\t\t<div class=\"elementor-element elementor-element-580b7f1 elementor-widget elementor-widget-heading\" data-id=\"580b7f1\" data-element_type=\"widget\" data-e-type=\"widget\" data-widget_type=\"heading.default\">\n\t\t\t\t<div class=\"elementor-widget-container\">\n\t\t\t\t\t<h2 class=\"elementor-heading-title elementor-size-default\">Syst\u00e8me digestif<\/h2>\t\t\t\t<\/div>\n\t\t\t\t<\/div>\n\t\t\t\t<div class=\"elementor-element elementor-element-9739070 elementor-widget-divider--view-line elementor-widget elementor-widget-divider\" data-id=\"9739070\" data-element_type=\"widget\" data-e-type=\"widget\" data-widget_type=\"divider.default\">\n\t\t\t\t<div class=\"elementor-widget-container\">\n\t\t\t\t\t\t\t<div class=\"elementor-divider\">\n\t\t\t<span class=\"elementor-divider-separator\">\n\t\t\t\t\t\t<\/span>\n\t\t<\/div>\n\t\t\t\t\t\t<\/div>\n\t\t\t\t<\/div>\n\t\t\t\t<div class=\"elementor-element elementor-element-0eb1a38 elementor-widget elementor-widget-text-editor\" data-id=\"0eb1a38\" data-element_type=\"widget\" data-e-type=\"widget\" data-widget_type=\"text-editor.default\">\n\t\t\t\t<div class=\"elementor-widget-container\">\n\t\t\t\t\t\t\t\t\t<p>Bouche s\u00e8che, dysphagie (mal de gorge, boule dans la gorge, difficult\u00e9 \u00e0 avaler), dyspepsie (troubles digestifs), intestin irritable (constipation, diarrh\u00e9e, crampes), reflux gastro-oesophagien (br\u00fblures \u00e0 l&rsquo;estomac, hyperacidit\u00e9).<\/p>\t\t\t\t\t\t\t\t<\/div>\n\t\t\t\t<\/div>\n\t\t\t\t\t<\/div>\n\t\t<\/div>\n\t\t\t\t\t<\/div>\n\t\t<\/section>\n\t\t\t\t<section class=\"elementor-section elementor-top-section elementor-element elementor-element-fc5f4d0 elementor-section-boxed elementor-section-height-default elementor-section-height-default\" data-id=\"fc5f4d0\" data-element_type=\"section\" data-e-type=\"section\">\n\t\t\t\t\t\t<div class=\"elementor-container elementor-column-gap-default\">\n\t\t\t\t\t<div class=\"elementor-column elementor-col-100 elementor-top-column elementor-element elementor-element-55156bb\" data-id=\"55156bb\" data-element_type=\"column\" data-e-type=\"column\">\n\t\t\t<div class=\"elementor-widget-wrap elementor-element-populated\">\n\t\t\t\t\t\t<div class=\"elementor-element elementor-element-43bf2fd elementor-widget elementor-widget-heading\" data-id=\"43bf2fd\" data-element_type=\"widget\" data-e-type=\"widget\" data-widget_type=\"heading.default\">\n\t\t\t\t<div class=\"elementor-widget-container\">\n\t\t\t\t\t<h2 class=\"elementor-heading-title elementor-size-default\">Syst\u00e8me nerveux<\/h2>\t\t\t\t<\/div>\n\t\t\t\t<\/div>\n\t\t\t\t<div class=\"elementor-element elementor-element-7f619ed elementor-widget-divider--view-line elementor-widget elementor-widget-divider\" data-id=\"7f619ed\" data-element_type=\"widget\" data-e-type=\"widget\" data-widget_type=\"divider.default\">\n\t\t\t\t<div class=\"elementor-widget-container\">\n\t\t\t\t\t\t\t<div class=\"elementor-divider\">\n\t\t\t<span class=\"elementor-divider-separator\">\n\t\t\t\t\t\t<\/span>\n\t\t<\/div>\n\t\t\t\t\t\t<\/div>\n\t\t\t\t<\/div>\n\t\t\t\t<div class=\"elementor-element elementor-element-a33f0d3 elementor-widget elementor-widget-text-editor\" data-id=\"a33f0d3\" data-element_type=\"widget\" data-e-type=\"widget\" data-widget_type=\"text-editor.default\">\n\t\t\t\t<div class=\"elementor-widget-container\">\n\t\t\t\t\t\t\t\t\t<p>Douleur sciatique, perte de cognition (perte de m\u00e9moire \u00e0 court terme, trouble de concentration), maux de t\u00eate (c\u00e9phal\u00e9es, migraines), paresth\u00e9sie (engourdissment, fourmillement, picotement, sensation de br\u00fblure ou de gonflement subjectif), anxi\u00e9t\u00e9 (d\u00e9pression), hypersensibilit\u00e9 (bruits, lumi\u00e8re, froid, odeurs, produits toxiques, fum\u00e9e), troubles du sommeil, troubles de la vision, troubles de l&rsquo;\u00e9quilibre (\u00e9tourdissements, naus\u00e9es).<\/p>\t\t\t\t\t\t\t\t<\/div>\n\t\t\t\t<\/div>\n\t\t\t\t\t<\/div>\n\t\t<\/div>\n\t\t\t\t\t<\/div>\n\t\t<\/section>\n\t\t\t\t<section class=\"elementor-section elementor-top-section elementor-element elementor-element-9b8c9ec elementor-section-boxed elementor-section-height-default elementor-section-height-default\" data-id=\"9b8c9ec\" data-element_type=\"section\" data-e-type=\"section\">\n\t\t\t\t\t\t<div class=\"elementor-container elementor-column-gap-default\">\n\t\t\t\t\t<div class=\"elementor-column elementor-col-100 elementor-top-column elementor-element elementor-element-9ce07cb\" data-id=\"9ce07cb\" data-element_type=\"column\" data-e-type=\"column\">\n\t\t\t<div class=\"elementor-widget-wrap elementor-element-populated\">\n\t\t\t\t\t\t<div class=\"elementor-element elementor-element-15c7782 elementor-widget elementor-widget-heading\" data-id=\"15c7782\" data-element_type=\"widget\" data-e-type=\"widget\" data-widget_type=\"heading.default\">\n\t\t\t\t<div class=\"elementor-widget-container\">\n\t\t\t\t\t<h2 class=\"elementor-heading-title elementor-size-default\">Syst\u00e8me musculo-squelettique<\/h2>\t\t\t\t<\/div>\n\t\t\t\t<\/div>\n\t\t\t\t<div class=\"elementor-element elementor-element-083fa30 elementor-widget-divider--view-line elementor-widget elementor-widget-divider\" data-id=\"083fa30\" data-element_type=\"widget\" data-e-type=\"widget\" data-widget_type=\"divider.default\">\n\t\t\t\t<div class=\"elementor-widget-container\">\n\t\t\t\t\t\t\t<div class=\"elementor-divider\">\n\t\t\t<span class=\"elementor-divider-separator\">\n\t\t\t\t\t\t<\/span>\n\t\t<\/div>\n\t\t\t\t\t\t<\/div>\n\t\t\t\t<\/div>\n\t\t\t\t<div class=\"elementor-element elementor-element-87a7ad3 elementor-widget elementor-widget-text-editor\" data-id=\"87a7ad3\" data-element_type=\"widget\" data-e-type=\"widget\" data-widget_type=\"text-editor.default\">\n\t\t\t\t<div class=\"elementor-widget-container\">\n\t\t\t\t\t\t\t\t\t<p>Douleurs musculaires, faiblesse musculaire, raideurs matinales, dysfonction temporo-mandibulaire (difficult\u00e9 \u00e0 ouvrir ou \u00e0 fermer la bouche), crampes (spasmes musculaires), syndrome du canal carpien (tendance \u00e0 laisser \u00e9chapper les objets).<\/p>\t\t\t\t\t\t\t\t<\/div>\n\t\t\t\t<\/div>\n\t\t\t\t\t<\/div>\n\t\t<\/div>\n\t\t\t\t\t<\/div>\n\t\t<\/section>\n\t\t\t\t<section class=\"elementor-section elementor-top-section elementor-element elementor-element-a8a8960 elementor-section-boxed elementor-section-height-default elementor-section-height-default\" data-id=\"a8a8960\" data-element_type=\"section\" data-e-type=\"section\">\n\t\t\t\t\t\t<div class=\"elementor-container elementor-column-gap-default\">\n\t\t\t\t\t<div class=\"elementor-column elementor-col-100 elementor-top-column elementor-element elementor-element-9f2a683\" data-id=\"9f2a683\" data-element_type=\"column\" data-e-type=\"column\">\n\t\t\t<div class=\"elementor-widget-wrap elementor-element-populated\">\n\t\t\t\t\t\t<div class=\"elementor-element elementor-element-f9630f9 elementor-widget elementor-widget-heading\" data-id=\"f9630f9\" data-element_type=\"widget\" data-e-type=\"widget\" data-widget_type=\"heading.default\">\n\t\t\t\t<div class=\"elementor-widget-container\">\n\t\t\t\t\t<h2 class=\"elementor-heading-title elementor-size-default\">Syst\u00e8me g\u00e9nito-urinaire<\/h2>\t\t\t\t<\/div>\n\t\t\t\t<\/div>\n\t\t\t\t<div class=\"elementor-element elementor-element-600c1e0 elementor-widget-divider--view-line elementor-widget elementor-widget-divider\" data-id=\"600c1e0\" data-element_type=\"widget\" data-e-type=\"widget\" data-widget_type=\"divider.default\">\n\t\t\t\t<div class=\"elementor-widget-container\">\n\t\t\t\t\t\t\t<div class=\"elementor-divider\">\n\t\t\t<span class=\"elementor-divider-separator\">\n\t\t\t\t\t\t<\/span>\n\t\t<\/div>\n\t\t\t\t\t\t<\/div>\n\t\t\t\t<\/div>\n\t\t\t\t<div class=\"elementor-element elementor-element-4198f1b elementor-widget elementor-widget-text-editor\" data-id=\"4198f1b\" data-element_type=\"widget\" data-e-type=\"widget\" data-widget_type=\"text-editor.default\">\n\t\t\t\t<div class=\"elementor-widget-container\">\n\t\t\t\t\t\t\t\t\t<p>Troubles menstruels, vessie irritable, cystite (inflammation de la vessie).<\/p>\t\t\t\t\t\t\t\t<\/div>\n\t\t\t\t<\/div>\n\t\t\t\t\t<\/div>\n\t\t<\/div>\n\t\t\t\t\t<\/div>\n\t\t<\/section>\n\t\t\t\t<section class=\"elementor-section elementor-top-section elementor-element elementor-element-45ab4af elementor-section-boxed elementor-section-height-default elementor-section-height-default\" data-id=\"45ab4af\" data-element_type=\"section\" data-e-type=\"section\">\n\t\t\t\t\t\t<div class=\"elementor-container elementor-column-gap-default\">\n\t\t\t\t\t<div class=\"elementor-column elementor-col-100 elementor-top-column elementor-element elementor-element-a7b1e33\" data-id=\"a7b1e33\" data-element_type=\"column\" data-e-type=\"column\">\n\t\t\t<div class=\"elementor-widget-wrap elementor-element-populated\">\n\t\t\t\t\t\t<div class=\"elementor-element elementor-element-169fc44 elementor-widget elementor-widget-text-editor\" data-id=\"169fc44\" data-element_type=\"widget\" data-e-type=\"widget\" data-widget_type=\"text-editor.default\">\n\t\t\t\t<div class=\"elementor-widget-container\">\n\t\t\t\t\t\t\t\t\t<p>Il est n\u00e9anmoins important de v\u00e9rifier que tous ces sympt\u00f4mes, aggrav\u00e9s par le stress, les \u00e9motions, un manque ou un exc\u00e8s d&rsquo;activit\u00e9 physique, un travail trop contraignant ou trop p\u00e9nible, sont peut-\u00eatre les signes d&rsquo;autres maladies, impliquant de consulter un m\u00e9decin sans retard.<\/p>\t\t\t\t\t\t\t\t<\/div>\n\t\t\t\t<\/div>\n\t\t\t\t\t<\/div>\n\t\t<\/div>\n\t\t\t\t\t<\/div>\n\t\t<\/section>\n\t\t\t\t<\/div>\n\t\t","protected":false},"excerpt":{"rendered":"<p>Syst\u00e8mes concomitants \u00e0 la fibromyalgie Tir\u00e9s du livre \u00ab\u00a0La Fibromyalgie &#8211; Bien la conna\u00eetre pour mieux surmonter la douleur, la fatigue chronique et les troubles du sommeil\u00a0\u00bb Marcel Guit\u00e9 et [&hellip;]<\/p>\n","protected":false},"author":1,"featured_media":0,"parent":0,"menu_order":0,"comment_status":"closed","ping_status":"closed","template":"","meta":{"footnotes":""},"class_list":["post-1525","page","type-page","status-publish","hentry"],"publishpress_future_action":{"enabled":false,"date":"2026-04-26 11:31:42","action":"change-status","newStatus":"draft","terms":[],"taxonomy":"","extraData":[]},"publishpress_future_workflow_manual_trigger":{"enabledWorkflows":[]},"_links":{"self":[{"href":"http:\/\/suisse-fibromyalgie.ch\/fr\/wp-json\/wp\/v2\/pages\/1525","targetHints":{"allow":["GET"]}}],"collection":[{"href":"http:\/\/suisse-fibromyalgie.ch\/fr\/wp-json\/wp\/v2\/pages"}],"about":[{"href":"http:\/\/suisse-fibromyalgie.ch\/fr\/wp-json\/wp\/v2\/types\/page"}],"author":[{"embeddable":true,"href":"http:\/\/suisse-fibromyalgie.ch\/fr\/wp-json\/wp\/v2\/users\/1"}],"replies":[{"embeddable":true,"href":"http:\/\/suisse-fibromyalgie.ch\/fr\/wp-json\/wp\/v2\/comments?post=1525"}],"version-history":[{"count":0,"href":"http:\/\/suisse-fibromyalgie.ch\/fr\/wp-json\/wp\/v2\/pages\/1525\/revisions"}],"wp:attachment":[{"href":"http:\/\/suisse-fibromyalgie.ch\/fr\/wp-json\/wp\/v2\/media?parent=1525"}],"curies":[{"name":"wp","href":"https:\/\/api.w.org\/{rel}","templated":true}]}}