{"id":9404,"date":"2026-04-03T17:12:40","date_gmt":"2026-04-03T15:12:40","guid":{"rendered":"https:\/\/suisse-fibromyalgie.ch\/?page_id=9404"},"modified":"2026-04-03T17:20:23","modified_gmt":"2026-04-03T15:20:23","slug":"gijsman-van-ewijk-susanne-coaching-psycho-emotionnel","status":"publish","type":"page","link":"http:\/\/suisse-fibromyalgie.ch\/de\/gijsman-van-ewijk-susanne-coaching-psycho-emotionnel\/","title":{"rendered":"Gijsman van Ewijk Susanne - Psycho-emotionales Coaching"},"content":{"rendered":"<div data-elementor-type=\"wp-page\" data-elementor-id=\"9404\" class=\"elementor elementor-9404\" data-elementor-post-type=\"page\">\n\t\t\t\t\t\t<section class=\"elementor-section elementor-top-section elementor-element elementor-element-5643a8c elementor-section-boxed elementor-section-height-default elementor-section-height-default\" data-id=\"5643a8c\" data-element_type=\"section\" data-e-type=\"section\">\n\t\t\t\t\t\t<div class=\"elementor-container elementor-column-gap-default\">\n\t\t\t\t\t<div class=\"elementor-column elementor-col-50 elementor-top-column elementor-element elementor-element-c953588\" data-id=\"c953588\" data-element_type=\"column\" data-e-type=\"column\">\n\t\t\t<div class=\"elementor-widget-wrap elementor-element-populated\">\n\t\t\t\t\t\t<div class=\"elementor-element elementor-element-68ab1cb elementor-widget elementor-widget-image\" data-id=\"68ab1cb\" data-element_type=\"widget\" data-e-type=\"widget\" data-widget_type=\"image.default\">\n\t\t\t\t<div class=\"elementor-widget-container\">\n\t\t\t\t\t\t\t\t\t\t\t\t\t\t\t<img fetchpriority=\"high\" decoding=\"async\" width=\"261\" height=\"300\" src=\"https:\/\/suisse-fibromyalgie.ch\/wp-content\/uploads\/Susanne-Gijsman-261x300.jpg\" class=\"attachment-medium size-medium wp-image-9405\" alt=\"\" srcset=\"https:\/\/suisse-fibromyalgie.ch\/wp-content\/uploads\/Susanne-Gijsman-261x300.jpg 261w, https:\/\/suisse-fibromyalgie.ch\/wp-content\/uploads\/Susanne-Gijsman-10x12.jpg 10w, https:\/\/suisse-fibromyalgie.ch\/wp-content\/uploads\/Susanne-Gijsman.jpg 302w\" sizes=\"(max-width: 261px) 100vw, 261px\" \/>\t\t\t\t\t\t\t\t\t\t\t\t\t\t\t<\/div>\n\t\t\t\t<\/div>\n\t\t\t\t\t<\/div>\n\t\t<\/div>\n\t\t\t\t<div class=\"elementor-column elementor-col-50 elementor-top-column elementor-element elementor-element-d7d3abd\" data-id=\"d7d3abd\" data-element_type=\"column\" data-e-type=\"column\">\n\t\t\t<div class=\"elementor-widget-wrap elementor-element-populated\">\n\t\t\t\t\t\t<div class=\"elementor-element elementor-element-cdd1fa2 elementor-widget elementor-widget-text-editor\" data-id=\"cdd1fa2\" data-element_type=\"widget\" data-e-type=\"widget\" data-widget_type=\"text-editor.default\">\n\t\t\t\t<div class=\"elementor-widget-container\">\n\t\t\t\t\t\t\t\t\t<p class=\"has-text-align-left has-medium-font-size\"><strong>Mein Werdegang, im Herzen des Selbstvertrauens<\/strong><\/p><p>Ich bin Lehrerin und habe mich auf Lern- und Verhaltensst\u00f6rungen spezialisiert. Seit \u00fcber 20 Jahren begleite ich Sch\u00fcler (von 6 bis 12 Jahren) auf ihrem Weg, wobei ich besonders auf ihr Selbstvertrauen achte.<br \/>Sehr oft wissen Sch\u00fclerinnen und Sch\u00fcler mit Schwierigkeiten nicht mehr, wie sie weiterkommen oder an ihre F\u00e4higkeiten glauben sollen. Mit der Zeit entwickeln viele von ihnen trotz ihrer Ressourcen ein negatives Selbstbild.<\/p><p>\u00a0<\/p>\t\t\t\t\t\t\t\t<\/div>\n\t\t\t\t<\/div>\n\t\t\t\t\t<\/div>\n\t\t<\/div>\n\t\t\t\t\t<\/div>\n\t\t<\/section>\n\t\t\t\t<section class=\"elementor-section elementor-top-section elementor-element elementor-element-49a8769 elementor-section-boxed elementor-section-height-default elementor-section-height-default\" data-id=\"49a8769\" data-element_type=\"section\" data-e-type=\"section\">\n\t\t\t\t\t\t<div class=\"elementor-container elementor-column-gap-default\">\n\t\t\t\t\t<div class=\"elementor-column elementor-col-100 elementor-top-column elementor-element elementor-element-b832f5d\" data-id=\"b832f5d\" data-element_type=\"column\" data-e-type=\"column\">\n\t\t\t<div class=\"elementor-widget-wrap elementor-element-populated\">\n\t\t\t\t\t\t<div class=\"elementor-element elementor-element-d7d395e elementor-widget elementor-widget-text-editor\" data-id=\"d7d395e\" data-element_type=\"widget\" data-e-type=\"widget\" data-widget_type=\"text-editor.default\">\n\t\t\t\t<div class=\"elementor-widget-container\">\n\t\t\t\t\t\t\t\t\t<p class=\"has-medium-font-size\"><strong>Mein Engagement f\u00fcr das Coaching - in jeder Lebensphase<\/strong><\/p><p>Im Laufe der Jahre, in denen ich Sch\u00fcler, Eltern und Lehrer begleitet habe, hat sich mir eine \u00dcberzeugung aufgedr\u00e4ngt:<\/p><p><strong>Selbstvertrauen ist die Grundlage f\u00fcr alles.<\/strong><br \/>Sie erm\u00f6glicht es Menschen jeden Alters, sich zu trauen, sie selbst zu sein, sich zu trauen zu lernen, sich zu trauen, Entscheidungen zu treffen, sich zu trauen, Beziehungen zu w\u00e4hlen, sich zu trauen, auf das zuzugehen, was f\u00fcr sie richtig ist, sich zu trauen, Ja oder Nein zu sagen.<br \/>Einfach wagen.<\/p><p>Die Beobachtung dieses Vertrauensverlusts in der Praxis war das Sprungbrett f\u00fcr meine Besch\u00e4ftigung mit dem Coaching.<\/p><p>Ich bin in psycho-emotionalem Coaching ausgebildet und zertifizierter Coach des Spiels Cap sur la Confiance.<br \/>Mein Ansatz beruht auf dem Verst\u00e4ndnis der Emotionen, der emotionalen Regulierung und der Achtung des Rhythmus jedes Einzelnen in einem sicheren und menschlichen Rahmen. Ich biete ein psycho-emotionales Coaching an, das sich auf das Zuh\u00f6ren, das Bewusstwerden und kleine Fortschritte von Sitzung zu Sitzung konzentriert.<\/p><p>Es ist m\u00f6glich, das Coaching als Einzelperson oder in der Gruppe (mit dem Spiel Cap sur la Confiance) durchzuf\u00fchren.<\/p><p>Wir arbeiten an emotionalen Blockaden, versuchen, sie zu verstehen und zu bes\u00e4nftigen. Manchmal ist es notwendig, in die Vergangenheit zur\u00fcckzugehen, um Erlebnisse und Emotionen zu bes\u00e4nftigen.<\/p>\t\t\t\t\t\t\t\t<\/div>\n\t\t\t\t<\/div>\n\t\t\t\t\t<\/div>\n\t\t<\/div>\n\t\t\t\t\t<\/div>\n\t\t<\/section>\n\t\t\t\t<section class=\"elementor-section elementor-top-section elementor-element elementor-element-fce1291 elementor-section-boxed elementor-section-height-default elementor-section-height-default\" data-id=\"fce1291\" data-element_type=\"section\" data-e-type=\"section\">\n\t\t\t\t\t\t<div class=\"elementor-container elementor-column-gap-default\">\n\t\t\t\t\t<div class=\"elementor-column elementor-col-50 elementor-top-column elementor-element elementor-element-3eb25a5\" data-id=\"3eb25a5\" data-element_type=\"column\" data-e-type=\"column\">\n\t\t\t<div class=\"elementor-widget-wrap elementor-element-populated\">\n\t\t\t\t\t\t<div class=\"elementor-element elementor-element-7b832d7 elementor-widget elementor-widget-text-editor\" data-id=\"7b832d7\" data-element_type=\"widget\" data-e-type=\"widget\" data-widget_type=\"text-editor.default\">\n\t\t\t\t<div class=\"elementor-widget-container\">\n\t\t\t\t\t\t\t\t\t<div id=\"bgLayers_comp-ljcvm8ir\" class=\"MW5IWV\" data-hook=\"bgLayers\" data-motion-part=\"BG_LAYER\"><div id=\"bgMedia_comp-ljcvm8ir\" class=\"VgO9Yg\" data-motion-part=\"BG_MEDIA\">Befindet sich in Les Geneveys-sur-Coffrane im Kanton Neuch\u00e2tel.<\/div><\/div>\t\t\t\t\t\t\t\t<\/div>\n\t\t\t\t<\/div>\n\t\t\t\t\t<\/div>\n\t\t<\/div>\n\t\t\t\t<div class=\"elementor-column elementor-col-50 elementor-top-column elementor-element elementor-element-dd614b0\" data-id=\"dd614b0\" data-element_type=\"column\" data-e-type=\"column\">\n\t\t\t<div class=\"elementor-widget-wrap elementor-element-populated\">\n\t\t\t\t\t\t<div class=\"elementor-element elementor-element-3570715 elementor-widget elementor-widget-text-editor\" data-id=\"3570715\" data-element_type=\"widget\" data-e-type=\"widget\" data-widget_type=\"text-editor.default\">\n\t\t\t\t<div class=\"elementor-widget-container\">\n\t\t\t\t\t\t\t\t\t<p><a href=\"https:\/\/extra.coach\/\" target=\"_blank\" rel=\"noopener\">Weitere Informationen finden Sie unter diesem Link<\/a><\/p>\t\t\t\t\t\t\t\t<\/div>\n\t\t\t\t<\/div>\n\t\t\t\t\t<\/div>\n\t\t<\/div>\n\t\t\t\t\t<\/div>\n\t\t<\/section>\n\t\t\t\t<\/div>","protected":false},"excerpt":{"rendered":"<p>Mon parcours, au coeur de la confiance en soi Je suis enseignante, sp\u00e9cialis\u00e9e dans les troubles d\u2019apprentissage et de comportement. Depuis plus de 20 ans, j\u2019accompagne des \u00e9l\u00e8ves (de 6 [&hellip;]<\/p>\n","protected":false},"author":1,"featured_media":0,"parent":0,"menu_order":0,"comment_status":"closed","ping_status":"closed","template":"","meta":{"footnotes":""},"class_list":["post-9404","page","type-page","status-publish","hentry"],"publishpress_future_action":{"enabled":false,"date":"2026-04-10 23:55:02","action":"change-status","newStatus":"draft","terms":[],"taxonomy":"","extraData":[]},"publishpress_future_workflow_manual_trigger":{"enabledWorkflows":[]},"_links":{"self":[{"href":"http:\/\/suisse-fibromyalgie.ch\/de\/wp-json\/wp\/v2\/pages\/9404","targetHints":{"allow":["GET"]}}],"collection":[{"href":"http:\/\/suisse-fibromyalgie.ch\/de\/wp-json\/wp\/v2\/pages"}],"about":[{"href":"http:\/\/suisse-fibromyalgie.ch\/de\/wp-json\/wp\/v2\/types\/page"}],"author":[{"embeddable":true,"href":"http:\/\/suisse-fibromyalgie.ch\/de\/wp-json\/wp\/v2\/users\/1"}],"replies":[{"embeddable":true,"href":"http:\/\/suisse-fibromyalgie.ch\/de\/wp-json\/wp\/v2\/comments?post=9404"}],"version-history":[{"count":3,"href":"http:\/\/suisse-fibromyalgie.ch\/de\/wp-json\/wp\/v2\/pages\/9404\/revisions"}],"predecessor-version":[{"id":9408,"href":"http:\/\/suisse-fibromyalgie.ch\/de\/wp-json\/wp\/v2\/pages\/9404\/revisions\/9408"}],"wp:attachment":[{"href":"http:\/\/suisse-fibromyalgie.ch\/de\/wp-json\/wp\/v2\/media?parent=9404"}],"curies":[{"name":"wp","href":"https:\/\/api.w.org\/{rel}","templated":true}]}}