{"id":8676,"date":"2025-07-15T17:52:16","date_gmt":"2025-07-15T15:52:16","guid":{"rendered":"https:\/\/suisse-fibromyalgie.ch\/?page_id=8676"},"modified":"2025-07-22T16:48:30","modified_gmt":"2025-07-22T14:48:30","slug":"ries-reynald-coaching-mental-emotionnel-bien-etre-sonotherapie-aux-diapasons-reiki-et-relaxologie","status":"publish","type":"page","link":"http:\/\/suisse-fibromyalgie.ch\/de\/ries-reynald-coaching-mental-emotionnel-bien-etre-sonotherapie-aux-diapasons-reiki-et-relaxologie\/","title":{"rendered":"Ries Reynald - Mental-, Emotions- &amp; Wellness-Coaching, Stimmgabel-Sonotherapie, Reiki und Relaxologie"},"content":{"rendered":"<div data-elementor-type=\"wp-page\" data-elementor-id=\"8676\" class=\"elementor elementor-8676\" data-elementor-post-type=\"page\">\n\t\t\t\t\t\t<section class=\"elementor-section elementor-top-section elementor-element elementor-element-e25874c elementor-section-boxed elementor-section-height-default elementor-section-height-default\" data-id=\"e25874c\" data-element_type=\"section\" data-e-type=\"section\">\n\t\t\t\t\t\t<div class=\"elementor-container elementor-column-gap-default\">\n\t\t\t\t\t<div class=\"elementor-column elementor-col-100 elementor-top-column elementor-element elementor-element-49f247d\" data-id=\"49f247d\" data-element_type=\"column\" data-e-type=\"column\">\n\t\t\t<div class=\"elementor-widget-wrap elementor-element-populated\">\n\t\t\t\t\t\t<div class=\"elementor-element elementor-element-6e3cbac elementor-widget elementor-widget-image\" data-id=\"6e3cbac\" data-element_type=\"widget\" data-e-type=\"widget\" data-widget_type=\"image.default\">\n\t\t\t\t<div class=\"elementor-widget-container\">\n\t\t\t\t\t\t\t\t\t\t\t\t\t\t\t<img fetchpriority=\"high\" decoding=\"async\" width=\"614\" height=\"455\" src=\"https:\/\/suisse-fibromyalgie.ch\/wp-content\/uploads\/Ries-Reynald.jpg\" class=\"attachment-large size-large wp-image-8677\" alt=\"\" srcset=\"https:\/\/suisse-fibromyalgie.ch\/wp-content\/uploads\/Ries-Reynald.jpg 614w, https:\/\/suisse-fibromyalgie.ch\/wp-content\/uploads\/Ries-Reynald-300x222.jpg 300w, https:\/\/suisse-fibromyalgie.ch\/wp-content\/uploads\/Ries-Reynald-16x12.jpg 16w\" sizes=\"(max-width: 614px) 100vw, 614px\" \/>\t\t\t\t\t\t\t\t\t\t\t\t\t\t\t<\/div>\n\t\t\t\t<\/div>\n\t\t\t\t\t<\/div>\n\t\t<\/div>\n\t\t\t\t\t<\/div>\n\t\t<\/section>\n\t\t\t\t<section class=\"elementor-section elementor-top-section elementor-element elementor-element-38aa8a1 elementor-section-boxed elementor-section-height-default elementor-section-height-default\" data-id=\"38aa8a1\" data-element_type=\"section\" data-e-type=\"section\">\n\t\t\t\t\t\t<div class=\"elementor-container elementor-column-gap-default\">\n\t\t\t\t\t<div class=\"elementor-column elementor-col-100 elementor-top-column elementor-element elementor-element-9ccf3dc\" data-id=\"9ccf3dc\" data-element_type=\"column\" data-e-type=\"column\">\n\t\t\t<div class=\"elementor-widget-wrap elementor-element-populated\">\n\t\t\t\t\t\t<div class=\"elementor-element elementor-element-4815149 elementor-widget elementor-widget-text-editor\" data-id=\"4815149\" data-element_type=\"widget\" data-e-type=\"widget\" data-widget_type=\"text-editor.default\">\n\t\t\t\t<div class=\"elementor-widget-container\">\n\t\t\t\t\t\t\t\t\t<h5>\ud83d\udd25 <strong>Fibromyalgie, rheumatische Schmerzen, Muskelschmerzen lindern ist m\u00f6glich<\/strong> \ud83d\udd25<\/h5><p>Erlauben Sie mir, mich kurz vorzustellen.<\/p><p>Im Jahr 2020 sah ich mein Leben explodieren. Ein medizinischer Fehler (FMH-Gutachten), der die Langlebigkeit des Lebens meiner Frau beeintr\u00e4chtigt hat. Drei Jahre des Leidens, des inneren Chaos, der Resilienz mit roher Gewalt. Ich habe es geschafft. Ganz allein. Langsam. Mit Entschlossenheit, indem ich all die Resilienz an den Tag legte, zu der ich f\u00e4hig war.<\/p><p>Und genau dieses Chaos hat es mir erm\u00f6glicht, mein Leben zu \u00e4ndern.<\/p><p>Ich, der ehemalige Polizist, Sicherheitsfachmann und Inhaber verschiedener eidgen\u00f6ssischer Fachausweise (u. a. als Sicherheitsbeauftragter in Krankenh\u00e4usern), habe einen anderen Weg gew\u00e4hlt. Den der Pflege. Den des Menschen.<\/p><p>Seit 2021 bilde ich mich unerm\u00fcdlich in komplement\u00e4rer Pflege weiter: Reiki, Ayurveda, Lithotherapie, Relaxologie, Sonotherapie, NLP, Emotionscoaching, 1<sup>er<\/sup> ... und das ist noch nicht alles, es gibt immer etwas zu lernen, besser zu werden, um im Dienste der Leidenden zu stehen.<\/p><p>Keine Spielereien. Nur konkrete Werkzeuge. Seri\u00f6se Praktiken. Getestete Methoden.<\/p><p>Ich war schon immer von Klang und Vibrationen fasziniert. Ich wusste wie die meisten Menschen, dass Schall den K\u00f6rper sch\u00e4digen kann. Sp\u00e4ter sah ich, dass er eingesetzt wurde, um Menschenmengen auseinanderzutreiben und Gegenst\u00e4nde zu zerst\u00f6ren.<\/p><p>Doch beim Entdecken <strong>die Klangtherapie mit Stimmgabeln, tibetischen Klangschalen oder Kristallklangschalen,<\/strong> ich habe mit dem Finger ber\u00fchrt <strong>etwas M\u00e4chtiges ;<\/strong> eine gezielte Schwingung auf bestimmten Frequenzen, die in der Lage sind, Geist und K\u00f6rper dort zu entlasten, wo sich der Schmerz seit Jahren festgesetzt hat. Also bilde ich mich weiter, lerne, suche, lerne.<\/p><p>Ich praktiziere bei verschiedenen Schmerzen: Muskel-, Gelenk- und Knochenschmerzen, aber nicht nur ... Eine meiner Klientinnen, die sich wegen eines Wiederauftretens ihres Brustkrebses einer medikament\u00f6sen Behandlung unterzieht, erf\u00e4hrt eine Wohltat durch eine Mischung aus Reiki-Behandlung und Stimmgabel-Sonotherapie.<\/p><p>Zeugnis von Louise (auf Englisch) <a href=\"https:\/\/www.youtube.com\/shorts\/NB4StdWhu60\" target=\"_blank\" rel=\"noopener\">https:\/\/www.youtube.com\/shorts\/NB4StdWhu60<\/a><\/p><h5>\ud83d\udc49 <strong>Dann lerne ich eine Person kennen, die an schwerer Fibromyalgie &amp; Diskopathie leidet!<\/strong><\/h5><p>Chronische Schmerzen. Eine erdr\u00fcckende M\u00fcdigkeit. Ein Verlust der Mobilit\u00e4t. Einen geistigen Nebel. Ein t\u00e4gliches Leiden, ganz zu schweigen von ihrem emotionalen Zustand. Schrecklich f\u00fcr sie, die Hochleistungssportlerin war.<\/p><p>Erfahrungsbericht von Sylvie : <a href=\"https:\/\/youtu.be\/3TalZdCEVS0\" target=\"_blank\" rel=\"noopener\">https:\/\/youtu.be\/3TalZdCEVS0<\/a><\/p><p>Ich lade sie ein, die Sonotherapie und die Tiefenentspannung zu testen. Sie kommt skeptisch mit. \"Im schlimmsten Fall wird es nichts bringen\", sagt sie.<\/p><p>Erfahrungsbericht von Sylvie : <a href=\"https:\/\/youtu.be\/oNWpY2Axs4A\" target=\"_blank\" rel=\"noopener\">https:\/\/youtu.be\/oNWpY2Axs4A<\/a><\/p><p>\ud83d\udca5 Nach der ersten Sitzung sp\u00fcrt sie, dass etwas auf der mentalen Ebene passiert, Ihre Skepsis sinkt.<\/p><p>\ud83d\udca5 Die zweite Sitzung, war f\u00fcr sie eine v\u00f6llige Lockerung.<br \/>\ud83d\udca5 Im Laufe der Sitzungen beginnt sie, ihre Beweglichkeit wiederzuerlangen.<\/p><p>Erfahrungsbericht von Sylvie : <a href=\"https:\/\/youtu.be\/3lqOhsIYoAQ\" target=\"_blank\" rel=\"noopener\">https:\/\/youtu.be\/3lqOhsIYoAQ<\/a><\/p><p>Das vollst\u00e4ndige Zeugnis hier : <a href=\"https:\/\/youtu.be\/dk62AbU74zU\" target=\"_blank\" rel=\"noopener\">https:\/\/youtu.be\/dk62AbU74zU<\/a><\/p><p>Es handelt sich nicht um Zauberei, sondern um eine Pflege, die sich aus den erg\u00e4nzenden Behandlungen Relaxologie &amp; Sonotherapie zusammensetzt. Die Wirkung wurde in der Studie von Dr. Joris Bohnenkamp nachgewiesen, die an 60 Frauen mit Fibromyalgie durchgef\u00fchrt wurde. Die Ergebnisse sind da: <strong>erh\u00f6hte Mobilit\u00e4t, weniger Schmerzen, verbesserte Lebensqualit\u00e4t<\/strong>.<\/p><p>Ich verspreche keine Wunder, denn jeder reagiert anders. Ich biete Ihnen einfach einen Raum, eine Methode, eine menschliche, echte, solide Begleitung - um zu lindern, um voranzukommen, um besser zu leben.<\/p><p>Nehmen Sie Kontakt auf, lassen Sie uns dar\u00fcber reden, eine einzige Sitzung kann manchmal den Alltag auf den Kopf stellen.<\/p><p>Reynald<\/p><p>CH +41 79 100 1981\u00a0<\/p><p>FR +33 7 68 25 2851<\/p>\t\t\t\t\t\t\t\t<\/div>\n\t\t\t\t<\/div>\n\t\t\t\t\t<\/div>\n\t\t<\/div>\n\t\t\t\t\t<\/div>\n\t\t<\/section>\n\t\t\t\t<section class=\"elementor-section elementor-top-section elementor-element elementor-element-fce1291 elementor-section-boxed elementor-section-height-default elementor-section-height-default\" data-id=\"fce1291\" data-element_type=\"section\" data-e-type=\"section\">\n\t\t\t\t\t\t<div class=\"elementor-container elementor-column-gap-default\">\n\t\t\t\t\t<div class=\"elementor-column elementor-col-50 elementor-top-column elementor-element elementor-element-3eb25a5\" data-id=\"3eb25a5\" data-element_type=\"column\" data-e-type=\"column\">\n\t\t\t<div class=\"elementor-widget-wrap elementor-element-populated\">\n\t\t\t\t\t\t<div class=\"elementor-element elementor-element-7b832d7 elementor-widget elementor-widget-text-editor\" data-id=\"7b832d7\" data-element_type=\"widget\" data-e-type=\"widget\" data-widget_type=\"text-editor.default\">\n\t\t\t\t<div class=\"elementor-widget-container\">\n\t\t\t\t\t\t\t\t\t<div id=\"bgLayers_comp-ljcvm8ir\" class=\"MW5IWV\" data-hook=\"bgLayers\" data-motion-part=\"BG_LAYER\"><div id=\"bgMedia_comp-ljcvm8ir\" class=\"VgO9Yg\" data-motion-part=\"BG_MEDIA\">Befindet sich in Corcelles-Cormondr\u00e8che.<\/div><\/div>\t\t\t\t\t\t\t\t<\/div>\n\t\t\t\t<\/div>\n\t\t\t\t\t<\/div>\n\t\t<\/div>\n\t\t\t\t<div class=\"elementor-column elementor-col-50 elementor-top-column elementor-element elementor-element-dd614b0\" data-id=\"dd614b0\" data-element_type=\"column\" data-e-type=\"column\">\n\t\t\t<div class=\"elementor-widget-wrap elementor-element-populated\">\n\t\t\t\t\t\t\t<\/div>\n\t\t<\/div>\n\t\t\t\t\t<\/div>\n\t\t<\/section>\n\t\t\t\t<\/div>","protected":false},"excerpt":{"rendered":"<p>\ud83d\udd25 Soulager la fibromyalgie, les douleurs rhumatismales, musculaires c\u2019est possible \ud83d\udd25 Permettez-moi de bri\u00e8vement me pr\u00e9senter. En 2020 j\u2019ai vu ma vie exploser. Une erreur m\u00e9dicale (expertise FMH), qui a [&hellip;]<\/p>\n","protected":false},"author":1,"featured_media":0,"parent":0,"menu_order":0,"comment_status":"closed","ping_status":"closed","template":"","meta":{"footnotes":""},"class_list":["post-8676","page","type-page","status-publish","hentry"],"publishpress_future_action":{"enabled":false,"date":"2026-04-22 08:52:36","action":"change-status","newStatus":"draft","terms":[],"taxonomy":"","extraData":[]},"publishpress_future_workflow_manual_trigger":{"enabledWorkflows":[]},"_links":{"self":[{"href":"http:\/\/suisse-fibromyalgie.ch\/de\/wp-json\/wp\/v2\/pages\/8676","targetHints":{"allow":["GET"]}}],"collection":[{"href":"http:\/\/suisse-fibromyalgie.ch\/de\/wp-json\/wp\/v2\/pages"}],"about":[{"href":"http:\/\/suisse-fibromyalgie.ch\/de\/wp-json\/wp\/v2\/types\/page"}],"author":[{"embeddable":true,"href":"http:\/\/suisse-fibromyalgie.ch\/de\/wp-json\/wp\/v2\/users\/1"}],"replies":[{"embeddable":true,"href":"http:\/\/suisse-fibromyalgie.ch\/de\/wp-json\/wp\/v2\/comments?post=8676"}],"version-history":[{"count":6,"href":"http:\/\/suisse-fibromyalgie.ch\/de\/wp-json\/wp\/v2\/pages\/8676\/revisions"}],"predecessor-version":[{"id":8692,"href":"http:\/\/suisse-fibromyalgie.ch\/de\/wp-json\/wp\/v2\/pages\/8676\/revisions\/8692"}],"wp:attachment":[{"href":"http:\/\/suisse-fibromyalgie.ch\/de\/wp-json\/wp\/v2\/media?parent=8676"}],"curies":[{"name":"wp","href":"https:\/\/api.w.org\/{rel}","templated":true}]}}