{"id":8451,"date":"2025-05-16T14:59:02","date_gmt":"2025-05-16T12:59:02","guid":{"rendered":"https:\/\/suisse-fibromyalgie.ch\/?page_id=8451"},"modified":"2025-05-16T15:01:35","modified_gmt":"2025-05-16T13:01:35","slug":"zellner-keller-brigitte-pleine-conscience","status":"publish","type":"page","link":"http:\/\/suisse-fibromyalgie.ch\/de\/zellner-keller-brigitte-pleine-conscience\/","title":{"rendered":"Zellner Keller Brigitte - Achtsamkeit und Schmerzen"},"content":{"rendered":"<div data-elementor-type=\"wp-page\" data-elementor-id=\"8451\" class=\"elementor elementor-8451\" data-elementor-post-type=\"page\">\n\t\t\t\t\t\t<section class=\"elementor-section elementor-top-section elementor-element elementor-element-5643a8c elementor-section-boxed elementor-section-height-default elementor-section-height-default\" data-id=\"5643a8c\" data-element_type=\"section\" data-e-type=\"section\">\n\t\t\t\t\t\t<div class=\"elementor-container elementor-column-gap-default\">\n\t\t\t\t\t<div class=\"elementor-column elementor-col-50 elementor-top-column elementor-element elementor-element-c953588\" data-id=\"c953588\" data-element_type=\"column\" data-e-type=\"column\">\n\t\t\t<div class=\"elementor-widget-wrap elementor-element-populated\">\n\t\t\t\t\t\t<div class=\"elementor-element elementor-element-68ab1cb elementor-widget elementor-widget-image\" data-id=\"68ab1cb\" data-element_type=\"widget\" data-e-type=\"widget\" data-widget_type=\"image.default\">\n\t\t\t\t<div class=\"elementor-widget-container\">\n\t\t\t\t\t\t\t\t\t\t\t\t\t\t\t<img fetchpriority=\"high\" decoding=\"async\" width=\"768\" height=\"576\" src=\"https:\/\/suisse-fibromyalgie.ch\/wp-content\/uploads\/Brigitte-Zellner-Keller-768x576.jpg\" class=\"attachment-medium_large size-medium_large wp-image-8452\" alt=\"\" srcset=\"https:\/\/suisse-fibromyalgie.ch\/wp-content\/uploads\/Brigitte-Zellner-Keller-768x576.jpg 768w, https:\/\/suisse-fibromyalgie.ch\/wp-content\/uploads\/Brigitte-Zellner-Keller-300x225.jpg 300w, https:\/\/suisse-fibromyalgie.ch\/wp-content\/uploads\/Brigitte-Zellner-Keller-1024x768.jpg 1024w, https:\/\/suisse-fibromyalgie.ch\/wp-content\/uploads\/Brigitte-Zellner-Keller-1536x1152.jpg 1536w, https:\/\/suisse-fibromyalgie.ch\/wp-content\/uploads\/Brigitte-Zellner-Keller-16x12.jpg 16w, https:\/\/suisse-fibromyalgie.ch\/wp-content\/uploads\/Brigitte-Zellner-Keller.jpg 1638w\" sizes=\"(max-width: 768px) 100vw, 768px\" \/>\t\t\t\t\t\t\t\t\t\t\t\t\t\t\t<\/div>\n\t\t\t\t<\/div>\n\t\t\t\t\t<\/div>\n\t\t<\/div>\n\t\t\t\t<div class=\"elementor-column elementor-col-50 elementor-top-column elementor-element elementor-element-d7d3abd\" data-id=\"d7d3abd\" data-element_type=\"column\" data-e-type=\"column\">\n\t\t\t<div class=\"elementor-widget-wrap elementor-element-populated\">\n\t\t\t\t\t\t<div class=\"elementor-element elementor-element-cdd1fa2 elementor-widget elementor-widget-text-editor\" data-id=\"cdd1fa2\" data-element_type=\"widget\" data-e-type=\"widget\" data-widget_type=\"text-editor.default\">\n\t\t\t\t<div class=\"elementor-widget-container\">\n\t\t\t\t\t\t\t\t\t<div id=\"comp-l220jsmo1\" class=\"HcOXKn c9GqVL QxJLC3 comp-l220jsmo1 wixui-rich-text\" data-testid=\"richTextElement\"><div class=\"elementor-element elementor-element-ad86f7c elementor-widget elementor-widget-heading\" data-id=\"ad86f7c\" data-element_type=\"widget\" data-widget_type=\"heading.default\"><div class=\"elementor-widget-container\"><h4 class=\"elementor-heading-title elementor-size-default\">Brigitte Zellner Keller<\/h4><\/div><\/div><div class=\"elementor-element elementor-element-65cc1e9 elementor-widget__width-initial elementor-widget-mobile__width-initial elementor-widget elementor-widget-text-editor\" data-id=\"65cc1e9\" data-element_type=\"widget\" data-widget_type=\"text-editor.default\"><div class=\"elementor-widget-container\"><p>Brigitte Zellner Keller, PhD. Ehemalige MER Institut f\u00fcr Psychologie, Universit\u00e4t Lausanne.<\/p><ul><li>Mitglied der\u00a0<a href=\"https:\/\/www.gerontologie.ch\/fr\/a-propos-de-gerontologie-ch\/portrait\" target=\"_blank\" rel=\"noopener\">Schweizerische Gesellschaft f\u00fcr Gerontologie<\/a><\/li><li>Mitglied von\u00a0<a href=\"https:\/\/www.mindfulness.swiss\/pleine-conscience\/quest-ce-que-la-pleine-conscience\/\" target=\"_blank\" rel=\"noopener\">Mindfulness Schweiz<\/a>\u00a0und der<a href=\"http:\/\/www.association-mindfulness.org\/\" target=\"_blank\" rel=\"noopener\">ADM<\/a><\/li><li>Mitglied des internationalen Instruktorenregisters\u00a0<a href=\"https:\/\/www.accessmbct.com\/find-a-mbct-therapist.html\" target=\"_blank\" rel=\"noopener\">MBCT<\/a><\/li><li>Mitglied der Schweizerischen Vereinigung f\u00fcr Kognitive Psychotherapie\u00a0<a href=\"http:\/\/www.aspco.ch\/\" target=\"_blank\" rel=\"noopener\">ASPCo<\/a><\/li><\/ul><p>Als Rentnerin biete ich keine Sitzungen zur psychologischen Unterst\u00fctzung mehr an. Das \u00dcbungsmaterial f\u00fcr die Audiomeditation ist weiterhin erh\u00e4ltlich.<\/p><p>Monatliche Freiwilligenaktivit\u00e4ten.<\/p><div class=\"elementor-element elementor-element-ed9e73c elementor-widget elementor-widget-heading\" data-id=\"ed9e73c\" data-element_type=\"widget\" data-widget_type=\"heading.default\"><div class=\"elementor-widget-container\"><h4>\u00a0<\/h4><h4 class=\"elementor-heading-title elementor-size-default\">Raymond Burgy<\/h4><\/div><\/div><div class=\"elementor-element elementor-element-13beb66 elementor-widget__width-initial elementor-widget-mobile__width-initial elementor-widget elementor-widget-text-editor\" data-id=\"13beb66\" data-element_type=\"widget\" data-widget_type=\"text-editor.default\"><div class=\"elementor-widget-container\"><p>Ausbildung zum Yogalehrer. Meditierende.<\/p><p>Ausbildung zum Begleiter in Mittelgebirgen.<\/p><\/div><\/div><\/div><\/div><\/div>\t\t\t\t\t\t\t\t<\/div>\n\t\t\t\t<\/div>\n\t\t\t\t\t<\/div>\n\t\t<\/div>\n\t\t\t\t\t<\/div>\n\t\t<\/section>\n\t\t\t\t<section class=\"elementor-section elementor-top-section elementor-element elementor-element-49a8769 elementor-section-boxed elementor-section-height-default elementor-section-height-default\" data-id=\"49a8769\" data-element_type=\"section\" data-e-type=\"section\">\n\t\t\t\t\t\t<div class=\"elementor-container elementor-column-gap-default\">\n\t\t\t\t\t<div class=\"elementor-column elementor-col-100 elementor-top-column elementor-element elementor-element-b832f5d\" data-id=\"b832f5d\" data-element_type=\"column\" data-e-type=\"column\">\n\t\t\t<div class=\"elementor-widget-wrap elementor-element-populated\">\n\t\t\t\t\t\t<div class=\"elementor-element elementor-element-d7d395e elementor-widget elementor-widget-text-editor\" data-id=\"d7d395e\" data-element_type=\"widget\" data-e-type=\"widget\" data-widget_type=\"text-editor.default\">\n\t\t\t\t<div class=\"elementor-widget-container\">\n\t\t\t\t\t\t\t\t\t<div class=\"elementor-element elementor-element-42b2a601 elementor-widget elementor-widget-heading\" data-id=\"42b2a601\" data-element_type=\"widget\" data-widget_type=\"heading.default\"><div class=\"elementor-widget-container\"><h4 class=\"elementor-heading-title elementor-size-default\">Achtsamkeit und Schmerzen<\/h4><p>\u00a0<\/p><\/div><\/div><div class=\"elementor-element elementor-element-f8d7fef elementor-widget elementor-widget-heading\" data-id=\"f8d7fef\" data-element_type=\"widget\" data-widget_type=\"heading.default\"><div class=\"elementor-widget-container\"><h5 class=\"elementor-heading-title elementor-size-default\">Individuelle Aktivit\u00e4t<\/h5><p>\u00a0<\/p><p>Wenn sich die Schmerzen festsetzen und l\u00e4nger andauern, wie kann man sich dann nicht in seinen Schmerzen gefangen, eingesperrt und isoliert f\u00fchlen? Wie kann man anderen dieses Eingesperrtsein vermitteln, wenn die Welt des Alltags immer kleiner wird, wenn die verf\u00fcgbare Energie vor allem f\u00fcr die Organisation der Pflege und die Verwaltung aufgewendet wird?<\/p><\/div><\/div>\t\t\t\t\t\t\t\t<\/div>\n\t\t\t\t<\/div>\n\t\t\t\t\t<\/div>\n\t\t<\/div>\n\t\t\t\t\t<\/div>\n\t\t<\/section>\n\t\t\t\t<section class=\"elementor-section elementor-top-section elementor-element elementor-element-fce1291 elementor-section-boxed elementor-section-height-default elementor-section-height-default\" data-id=\"fce1291\" data-element_type=\"section\" data-e-type=\"section\">\n\t\t\t\t\t\t<div class=\"elementor-container elementor-column-gap-default\">\n\t\t\t\t\t<div class=\"elementor-column elementor-col-50 elementor-top-column elementor-element elementor-element-3eb25a5\" data-id=\"3eb25a5\" data-element_type=\"column\" data-e-type=\"column\">\n\t\t\t<div class=\"elementor-widget-wrap elementor-element-populated\">\n\t\t\t\t\t\t<div class=\"elementor-element elementor-element-7b832d7 elementor-widget elementor-widget-text-editor\" data-id=\"7b832d7\" data-element_type=\"widget\" data-e-type=\"widget\" data-widget_type=\"text-editor.default\">\n\t\t\t\t<div class=\"elementor-widget-container\">\n\t\t\t\t\t\t\t\t\t<div id=\"bgLayers_comp-ljcvm8ir\" class=\"MW5IWV\" data-hook=\"bgLayers\" data-motion-part=\"BG_LAYER\"><div id=\"bgMedia_comp-ljcvm8ir\" class=\"VgO9Yg\" data-motion-part=\"BG_MEDIA\">Befindet sich in Yverdon-les-Bains,\u00a0<\/div><\/div>\t\t\t\t\t\t\t\t<\/div>\n\t\t\t\t<\/div>\n\t\t\t\t\t<\/div>\n\t\t<\/div>\n\t\t\t\t<div class=\"elementor-column elementor-col-50 elementor-top-column elementor-element elementor-element-dd614b0\" data-id=\"dd614b0\" data-element_type=\"column\" data-e-type=\"column\">\n\t\t\t<div class=\"elementor-widget-wrap elementor-element-populated\">\n\t\t\t\t\t\t<div class=\"elementor-element elementor-element-3570715 elementor-widget elementor-widget-text-editor\" data-id=\"3570715\" data-element_type=\"widget\" data-e-type=\"widget\" data-widget_type=\"text-editor.default\">\n\t\t\t\t<div class=\"elementor-widget-container\">\n\t\t\t\t\t\t\t\t\t<p><a href=\"https:\/\/pleineconscienceyverdon.ch\/pleine-conscience-et-douleurs\/\" target=\"_blank\" rel=\"noopener\">Weitere Informationen finden Sie unter diesem Link<\/a><\/p>\t\t\t\t\t\t\t\t<\/div>\n\t\t\t\t<\/div>\n\t\t\t\t\t<\/div>\n\t\t<\/div>\n\t\t\t\t\t<\/div>\n\t\t<\/section>\n\t\t\t\t<\/div>","protected":false},"excerpt":{"rendered":"<p>Brigitte Zellner Keller Brigitte Zellner Keller, PhD. Ancienne MER Institut de Psychologie, Universit\u00e9 Lausanne. Membre de la\u00a0Soci\u00e9t\u00e9 Suisse de G\u00e9rontologie Membre de\u00a0Mindfulness Suisse\u00a0et de l\u2019ADM Membre du registre international d\u2019instructeurs\u00a0MBCT [&hellip;]<\/p>\n","protected":false},"author":1,"featured_media":0,"parent":0,"menu_order":0,"comment_status":"closed","ping_status":"closed","template":"","meta":{"footnotes":""},"class_list":["post-8451","page","type-page","status-publish","hentry"],"publishpress_future_action":{"enabled":false,"date":"2026-04-15 06:26:14","action":"change-status","newStatus":"draft","terms":[],"taxonomy":"","extraData":[]},"publishpress_future_workflow_manual_trigger":{"enabledWorkflows":[]},"_links":{"self":[{"href":"http:\/\/suisse-fibromyalgie.ch\/de\/wp-json\/wp\/v2\/pages\/8451","targetHints":{"allow":["GET"]}}],"collection":[{"href":"http:\/\/suisse-fibromyalgie.ch\/de\/wp-json\/wp\/v2\/pages"}],"about":[{"href":"http:\/\/suisse-fibromyalgie.ch\/de\/wp-json\/wp\/v2\/types\/page"}],"author":[{"embeddable":true,"href":"http:\/\/suisse-fibromyalgie.ch\/de\/wp-json\/wp\/v2\/users\/1"}],"replies":[{"embeddable":true,"href":"http:\/\/suisse-fibromyalgie.ch\/de\/wp-json\/wp\/v2\/comments?post=8451"}],"version-history":[{"count":6,"href":"http:\/\/suisse-fibromyalgie.ch\/de\/wp-json\/wp\/v2\/pages\/8451\/revisions"}],"predecessor-version":[{"id":8458,"href":"http:\/\/suisse-fibromyalgie.ch\/de\/wp-json\/wp\/v2\/pages\/8451\/revisions\/8458"}],"wp:attachment":[{"href":"http:\/\/suisse-fibromyalgie.ch\/de\/wp-json\/wp\/v2\/media?parent=8451"}],"curies":[{"name":"wp","href":"https:\/\/api.w.org\/{rel}","templated":true}]}}