{"id":7492,"date":"2025-01-11T14:39:53","date_gmt":"2025-01-11T13:39:53","guid":{"rendered":"https:\/\/suisse-fibromyalgie.ch\/?page_id=7492"},"modified":"2025-01-12T18:18:35","modified_gmt":"2025-01-12T17:18:35","slug":"partenaires","status":"publish","type":"page","link":"http:\/\/suisse-fibromyalgie.ch\/de\/partenaires\/","title":{"rendered":"Partner"},"content":{"rendered":"<div data-elementor-type=\"wp-page\" data-elementor-id=\"7492\" class=\"elementor elementor-7492\" data-elementor-post-type=\"page\">\n\t\t\t\t\t\t<section class=\"elementor-section elementor-top-section elementor-element elementor-element-291e6e9 elementor-section-boxed elementor-section-height-default elementor-section-height-default\" data-id=\"291e6e9\" data-element_type=\"section\" data-e-type=\"section\">\n\t\t\t\t\t\t<div class=\"elementor-container elementor-column-gap-default\">\n\t\t\t\t\t<div class=\"elementor-column elementor-col-100 elementor-top-column elementor-element elementor-element-15d44db\" data-id=\"15d44db\" data-element_type=\"column\" data-e-type=\"column\">\n\t\t\t<div class=\"elementor-widget-wrap elementor-element-populated\">\n\t\t\t\t\t\t<div class=\"elementor-element elementor-element-a5fa7ed elementor-widget elementor-widget-heading\" data-id=\"a5fa7ed\" data-element_type=\"widget\" data-e-type=\"widget\" data-widget_type=\"heading.default\">\n\t\t\t\t<div class=\"elementor-widget-container\">\n\t\t\t\t\t<h1 class=\"elementor-heading-title elementor-size-default\">Vereinigungen<\/h1>\t\t\t\t<\/div>\n\t\t\t\t<\/div>\n\t\t\t\t\t<\/div>\n\t\t<\/div>\n\t\t\t\t\t<\/div>\n\t\t<\/section>\n\t\t\t\t<section class=\"elementor-section elementor-top-section elementor-element elementor-element-a4da278 elementor-section-boxed elementor-section-height-default elementor-section-height-default\" data-id=\"a4da278\" data-element_type=\"section\" data-e-type=\"section\">\n\t\t\t\t\t\t<div class=\"elementor-container elementor-column-gap-default\">\n\t\t\t\t\t<div class=\"elementor-column elementor-col-100 elementor-top-column elementor-element elementor-element-46e1057\" data-id=\"46e1057\" data-element_type=\"column\" data-e-type=\"column\">\n\t\t\t<div class=\"elementor-widget-wrap elementor-element-populated\">\n\t\t\t\t\t\t<div class=\"elementor-element elementor-element-eda041b elementor-widget elementor-widget-spacer\" data-id=\"eda041b\" data-element_type=\"widget\" data-e-type=\"widget\" data-widget_type=\"spacer.default\">\n\t\t\t\t<div class=\"elementor-widget-container\">\n\t\t\t\t\t\t\t<div class=\"elementor-spacer\">\n\t\t\t<div class=\"elementor-spacer-inner\"><\/div>\n\t\t<\/div>\n\t\t\t\t\t\t<\/div>\n\t\t\t\t<\/div>\n\t\t\t\t\t<\/div>\n\t\t<\/div>\n\t\t\t\t\t<\/div>\n\t\t<\/section>\n\t\t\t\t<section class=\"elementor-section elementor-top-section elementor-element elementor-element-c8d5898 elementor-section-boxed elementor-section-height-default elementor-section-height-default\" data-id=\"c8d5898\" data-element_type=\"section\" data-e-type=\"section\">\n\t\t\t\t\t\t<div class=\"elementor-container elementor-column-gap-default\">\n\t\t\t\t\t<div class=\"elementor-column elementor-col-33 elementor-top-column elementor-element elementor-element-f0febd0\" data-id=\"f0febd0\" data-element_type=\"column\" data-e-type=\"column\">\n\t\t\t<div class=\"elementor-widget-wrap elementor-element-populated\">\n\t\t\t\t\t\t<div class=\"elementor-element elementor-element-8754d3a elementor-widget elementor-widget-heading\" data-id=\"8754d3a\" data-element_type=\"widget\" data-e-type=\"widget\" data-widget_type=\"heading.default\">\n\t\t\t\t<div class=\"elementor-widget-container\">\n\t\t\t\t\t<h2 class=\"elementor-heading-title elementor-size-default\">Kantonale Ligen und Verb\u00e4nde<\/h2>\t\t\t\t<\/div>\n\t\t\t\t<\/div>\n\t\t\t\t\t<\/div>\n\t\t<\/div>\n\t\t\t\t<div class=\"elementor-column elementor-col-33 elementor-top-column elementor-element elementor-element-bacc202\" data-id=\"bacc202\" data-element_type=\"column\" data-e-type=\"column\">\n\t\t\t<div class=\"elementor-widget-wrap elementor-element-populated\">\n\t\t\t\t\t\t<div class=\"elementor-element elementor-element-9aa3fb1 elementor-widget elementor-widget-heading\" data-id=\"9aa3fb1\" data-element_type=\"widget\" data-e-type=\"widget\" data-widget_type=\"heading.default\">\n\t\t\t\t<div class=\"elementor-widget-container\">\n\t\t\t\t\t<h2 class=\"elementor-heading-title elementor-size-default\">Schweizerische Polyarthritiker-Vereinigung<\/h2>\t\t\t\t<\/div>\n\t\t\t\t<\/div>\n\t\t\t\t\t<\/div>\n\t\t<\/div>\n\t\t\t\t<div class=\"elementor-column elementor-col-33 elementor-top-column elementor-element elementor-element-cec0a88\" data-id=\"cec0a88\" data-element_type=\"column\" data-e-type=\"column\">\n\t\t\t<div class=\"elementor-widget-wrap elementor-element-populated\">\n\t\t\t\t\t\t<div class=\"elementor-element elementor-element-80a3411 elementor-widget elementor-widget-heading\" data-id=\"80a3411\" data-element_type=\"widget\" data-e-type=\"widget\" data-widget_type=\"heading.default\">\n\t\t\t\t<div class=\"elementor-widget-container\">\n\t\t\t\t\t<h2 class=\"elementor-heading-title elementor-size-default\">Schweizerische Vereinigung der Sklerodermie-Betroffenen<\/h2>\t\t\t\t<\/div>\n\t\t\t\t<\/div>\n\t\t\t\t\t<\/div>\n\t\t<\/div>\n\t\t\t\t\t<\/div>\n\t\t<\/section>\n\t\t\t\t<section class=\"elementor-section elementor-top-section elementor-element elementor-element-2661fcb elementor-section-boxed elementor-section-height-default elementor-section-height-default\" data-id=\"2661fcb\" data-element_type=\"section\" data-e-type=\"section\">\n\t\t\t\t\t\t<div class=\"elementor-container elementor-column-gap-default\">\n\t\t\t\t\t<div class=\"elementor-column elementor-col-33 elementor-top-column elementor-element elementor-element-7cf53df\" data-id=\"7cf53df\" data-element_type=\"column\" data-e-type=\"column\">\n\t\t\t<div class=\"elementor-widget-wrap elementor-element-populated\">\n\t\t\t\t\t\t<div class=\"elementor-element elementor-element-e30cbc0 elementor-widget elementor-widget-text-editor\" data-id=\"e30cbc0\" data-element_type=\"widget\" data-e-type=\"widget\" data-widget_type=\"text-editor.default\">\n\t\t\t\t<div class=\"elementor-widget-container\">\n\t\t\t\t\t\t\t\t\t<h3 class=\"elementor-heading-title elementor-size-default\">\u00a0<\/h3><p>Der SVRM hat beschlossen, den kantonalen Rheumaligen, Krankenvereinigungen und anderen Vereinigungen die M\u00f6glichkeit zu bieten, Partnervereinigungen des SVRM zu werden, indem sie den Jahresbeitrag von 60 CHF bezahlen.<\/p><p><strong><u>Tarife 2024 :<\/u><\/strong><\/p><p><strong>Workshops - Kurse - Ausgehen<\/strong><\/p><ul><li>SFMV-Mitglieder = 10.- CHF<\/li><li>Mitglied von Partnerverb\u00e4nden = 20.- CHF<\/li><li>Nichtmitglieder = 45.- CHF<\/li><\/ul><p><strong>Seminare<\/strong><\/p><ul><li>SFMV-Mitglieder = 35.- CHF<\/li><li>Mitglied von Partnerverb\u00e4nden = 70.- CHF<\/li><li>Nichtmitglieder = 120.- CHF<\/li><\/ul><p>Dies wird es uns erm\u00f6glichen, Synergien zwischen den verschiedenen Ligen und Verb\u00e4nden zu finden, gemeinsame Veranstaltungen zu organisieren und sogar noch mehr.<\/p>\t\t\t\t\t\t\t\t<\/div>\n\t\t\t\t<\/div>\n\t\t\t\t\t<\/div>\n\t\t<\/div>\n\t\t\t\t<div class=\"elementor-column elementor-col-33 elementor-top-column elementor-element elementor-element-b183888\" data-id=\"b183888\" data-element_type=\"column\" data-e-type=\"column\">\n\t\t\t<div class=\"elementor-widget-wrap elementor-element-populated\">\n\t\t\t\t\t\t<div class=\"elementor-element elementor-element-b242566 elementor-widget elementor-widget-text-editor\" data-id=\"b242566\" data-element_type=\"widget\" data-e-type=\"widget\" data-widget_type=\"text-editor.default\">\n\t\t\t\t<div class=\"elementor-widget-container\">\n\t\t\t\t\t\t\t\t\t<h3 class=\"elementor-heading-title elementor-size-default\">\u00a0<\/h3><p>Die Schweizerische Polyarthritiker-Vereinigung - hat beschlossen, die Partnerschaft mit uns einzugehen.<\/p><p>Dies wird es uns erm\u00f6glichen, Synergien zwischen unseren beiden Vereinigungen zu finden, gemeinsame Veranstaltungen zu organisieren und vielleicht sogar noch mehr.<\/p><p>F\u00fcr weitere Informationen \u00fcber ihren Verein lade ich Sie ein, ihre Website mit dem folgenden Link zu besuchen:<\/p><p><a href=\"https:\/\/arthritis.ch\/leitbild\" target=\"_blank\" rel=\"noopener\">https:\/\/arthritis.ch\/<\/a><\/p>\t\t\t\t\t\t\t\t<\/div>\n\t\t\t\t<\/div>\n\t\t\t\t\t<\/div>\n\t\t<\/div>\n\t\t\t\t<div class=\"elementor-column elementor-col-33 elementor-top-column elementor-element elementor-element-1933f49\" data-id=\"1933f49\" data-element_type=\"column\" data-e-type=\"column\">\n\t\t\t<div class=\"elementor-widget-wrap elementor-element-populated\">\n\t\t\t\t\t\t<div class=\"elementor-element elementor-element-ebbbc37 elementor-widget elementor-widget-text-editor\" data-id=\"ebbbc37\" data-element_type=\"widget\" data-e-type=\"widget\" data-widget_type=\"text-editor.default\">\n\t\t\t\t<div class=\"elementor-widget-container\">\n\t\t\t\t\t\t\t\t\t<h3 class=\"elementor-heading-title elementor-size-default\">\u00a0<\/h3><p>Die SVMB war im Mai 2024 eingeladen, unseren Verband und auch den Vorschlag f\u00fcr eine Partnerschaft mit Verb\u00e4nden bei der letzten Vorstandssitzung der Schweizerischen Vereinigung f\u00fcr Sklerodermie - SVS vorzustellen, die daraufhin beschloss, die Partnerschaft mit uns einzugehen.<\/p><p>Dies wird es uns erm\u00f6glichen, Synergien zwischen unseren beiden Vereinigungen zu finden, gemeinsame Veranstaltungen zu organisieren und vielleicht sogar noch mehr.<\/p><p>F\u00fcr weitere Informationen \u00fcber ihren Verein lade ich Sie ein, ihre Website mit dem folgenden Link zu besuchen:<\/p><p><a href=\"https:\/\/sclerodermie.ch\/\" target=\"_blank\" rel=\"noopener\">https:\/\/sclerodermie.ch\/<\/a><\/p>\t\t\t\t\t\t\t\t<\/div>\n\t\t\t\t<\/div>\n\t\t\t\t\t<\/div>\n\t\t<\/div>\n\t\t\t\t\t<\/div>\n\t\t<\/section>\n\t\t\t\t<section class=\"elementor-section elementor-top-section elementor-element elementor-element-f55c76d elementor-section-boxed elementor-section-height-default elementor-section-height-default\" data-id=\"f55c76d\" data-element_type=\"section\" data-e-type=\"section\">\n\t\t\t\t\t\t<div class=\"elementor-container elementor-column-gap-default\">\n\t\t\t\t\t<div class=\"elementor-column elementor-col-100 elementor-top-column elementor-element elementor-element-73829ad\" data-id=\"73829ad\" data-element_type=\"column\" data-e-type=\"column\">\n\t\t\t<div class=\"elementor-widget-wrap elementor-element-populated\">\n\t\t\t\t\t\t<div class=\"elementor-element elementor-element-5abc2f0 elementor-widget elementor-widget-spacer\" data-id=\"5abc2f0\" data-element_type=\"widget\" data-e-type=\"widget\" data-widget_type=\"spacer.default\">\n\t\t\t\t<div class=\"elementor-widget-container\">\n\t\t\t\t\t\t\t<div class=\"elementor-spacer\">\n\t\t\t<div class=\"elementor-spacer-inner\"><\/div>\n\t\t<\/div>\n\t\t\t\t\t\t<\/div>\n\t\t\t\t<\/div>\n\t\t\t\t\t<\/div>\n\t\t<\/div>\n\t\t\t\t\t<\/div>\n\t\t<\/section>\n\t\t\t\t<section class=\"elementor-section elementor-top-section elementor-element elementor-element-1e85d4b elementor-section-boxed elementor-section-height-default elementor-section-height-default\" data-id=\"1e85d4b\" data-element_type=\"section\" data-e-type=\"section\">\n\t\t\t\t\t\t<div class=\"elementor-container elementor-column-gap-default\">\n\t\t\t\t\t<div class=\"elementor-column elementor-col-100 elementor-top-column elementor-element elementor-element-b119497\" data-id=\"b119497\" data-element_type=\"column\" data-e-type=\"column\">\n\t\t\t<div class=\"elementor-widget-wrap elementor-element-populated\">\n\t\t\t\t\t\t<div class=\"elementor-element elementor-element-597337a elementor-widget elementor-widget-heading\" data-id=\"597337a\" data-element_type=\"widget\" data-e-type=\"widget\" data-widget_type=\"heading.default\">\n\t\t\t\t<div class=\"elementor-widget-container\">\n\t\t\t\t\t<h1 class=\"elementor-heading-title elementor-size-default\">Artikel<\/h1>\t\t\t\t<\/div>\n\t\t\t\t<\/div>\n\t\t\t\t\t<\/div>\n\t\t<\/div>\n\t\t\t\t\t<\/div>\n\t\t<\/section>\n\t\t\t\t<section class=\"elementor-section elementor-top-section elementor-element elementor-element-ba07a92 elementor-section-boxed elementor-section-height-default elementor-section-height-default\" data-id=\"ba07a92\" data-element_type=\"section\" data-e-type=\"section\">\n\t\t\t\t\t\t<div class=\"elementor-container elementor-column-gap-default\">\n\t\t\t\t\t<div class=\"elementor-column elementor-col-100 elementor-top-column elementor-element elementor-element-415705e\" data-id=\"415705e\" data-element_type=\"column\" data-e-type=\"column\">\n\t\t\t<div class=\"elementor-widget-wrap elementor-element-populated\">\n\t\t\t\t\t\t\t<\/div>\n\t\t<\/div>\n\t\t\t\t\t<\/div>\n\t\t<\/section>\n\t\t\t\t<section class=\"elementor-section elementor-top-section elementor-element elementor-element-3d65bcb elementor-section-boxed elementor-section-height-default elementor-section-height-default\" data-id=\"3d65bcb\" data-element_type=\"section\" data-e-type=\"section\">\n\t\t\t\t\t\t<div class=\"elementor-container elementor-column-gap-default\">\n\t\t\t\t\t<div class=\"elementor-column elementor-col-100 elementor-top-column elementor-element elementor-element-cf61c24\" data-id=\"cf61c24\" data-element_type=\"column\" data-e-type=\"column\">\n\t\t\t<div class=\"elementor-widget-wrap elementor-element-populated\">\n\t\t\t\t\t\t<div class=\"elementor-element elementor-element-b6c5926 elementor-widget elementor-widget-heading\" data-id=\"b6c5926\" data-element_type=\"widget\" data-e-type=\"widget\" data-widget_type=\"heading.default\">\n\t\t\t\t<div class=\"elementor-widget-container\">\n\t\t\t\t\t<h1 class=\"elementor-heading-title elementor-size-default\">Rheumatologie-Sprechstunden Aargau<\/h1>\t\t\t\t<\/div>\n\t\t\t\t<\/div>\n\t\t\t\t\t<\/div>\n\t\t<\/div>\n\t\t\t\t\t<\/div>\n\t\t<\/section>\n\t\t\t\t<section class=\"elementor-section elementor-top-section elementor-element elementor-element-2ecb9ba elementor-section-boxed elementor-section-height-default elementor-section-height-default\" data-id=\"2ecb9ba\" data-element_type=\"section\" data-e-type=\"section\">\n\t\t\t\t\t\t<div class=\"elementor-container elementor-column-gap-default\">\n\t\t\t\t\t<div class=\"elementor-column elementor-col-100 elementor-top-column elementor-element elementor-element-be53a04\" data-id=\"be53a04\" data-element_type=\"column\" data-e-type=\"column\">\n\t\t\t<div class=\"elementor-widget-wrap elementor-element-populated\">\n\t\t\t\t\t\t<div class=\"elementor-element elementor-element-39a6ec1 elementor-widget elementor-widget-text-editor\" data-id=\"39a6ec1\" data-element_type=\"widget\" data-e-type=\"widget\" data-widget_type=\"text-editor.default\">\n\t\t\t\t<div class=\"elementor-widget-container\">\n\t\t\t\t\t\t\t\t\t<h3 class=\"elementor-heading-title elementor-size-default\">Zusammenarbeit mit ZURZACH Care Rehaklinik Baden im Bereich Rheumatologie<\/h3><p>\u00a0<\/p><p>Zuk\u00fcnftig profitieren Sie von einer neuen Zusammenarbeit mit ZURZACH Care Rehaklinik Baden im Bereich Rheumatologie. Ab sofort ist jeweils ein Konsultationstermin im Monat (evtl. sp\u00e4ter in der Woche) exklusiv f\u00fcr den SVFM zur Diagnoseabkl\u00e4rung von Fibromyalgie reserviert. Eine ordentliche \u00dcberweisung im Rahmen des Hausarztmodells sowie die normale Abrechnung \u00fcber die Krankenkasse sind weiterhin notwendig. Diese Zusammenarbeit erm\u00f6glicht eine deutliche Verk\u00fcrzung der Wartezeiten.<\/p><p>Gespannt blicken wir auf k\u00fcnftige gemeinsame Projekte.<\/p><p>Bei Fragen oder f\u00fcr die Koordination eines Termins steht Ihnen Jeannette Rechsteiner<br \/>Vorstandsmitglied der Schweizerischen Fibromyalgie-Vereinigung<br \/>Zust\u00e4ndig f\u00fcr die Koordination Deutschsprachige Schweiz<br \/>unter\u00a0<a href=\"mailto:jeannette.rechsteiner@suisse-fibromyalgie.ch\" data-linkindex=\"0\">jeannette.rechsteiner@suisse-fibromyalgie.ch<\/a>\u00a0gerne zur Verf\u00fcgung.<\/p>\t\t\t\t\t\t\t\t<\/div>\n\t\t\t\t<\/div>\n\t\t\t\t\t<\/div>\n\t\t<\/div>\n\t\t\t\t\t<\/div>\n\t\t<\/section>\n\t\t\t\t<\/div>","protected":false},"excerpt":{"rendered":"<p>Associations Ligues cantonales et associations Association Suisse des Polyarthritiques Association Suisse des Scl\u00e9rodermiques \u00a0 L\u2019ASFM a d\u00e9cid\u00e9 d\u2019offrir la possibilit\u00e9 aux ligues cantonales contre le rhumatisme, aux associations de malades [&hellip;]<\/p>\n","protected":false},"author":569,"featured_media":0,"parent":0,"menu_order":0,"comment_status":"closed","ping_status":"closed","template":"","meta":{"footnotes":""},"class_list":["post-7492","page","type-page","status-publish","hentry"],"publishpress_future_action":{"enabled":false,"date":"2026-04-20 14:06:29","action":"change-status","newStatus":"draft","terms":[],"taxonomy":"","extraData":[]},"publishpress_future_workflow_manual_trigger":{"enabledWorkflows":[]},"_links":{"self":[{"href":"http:\/\/suisse-fibromyalgie.ch\/de\/wp-json\/wp\/v2\/pages\/7492","targetHints":{"allow":["GET"]}}],"collection":[{"href":"http:\/\/suisse-fibromyalgie.ch\/de\/wp-json\/wp\/v2\/pages"}],"about":[{"href":"http:\/\/suisse-fibromyalgie.ch\/de\/wp-json\/wp\/v2\/types\/page"}],"author":[{"embeddable":true,"href":"http:\/\/suisse-fibromyalgie.ch\/de\/wp-json\/wp\/v2\/users\/569"}],"replies":[{"embeddable":true,"href":"http:\/\/suisse-fibromyalgie.ch\/de\/wp-json\/wp\/v2\/comments?post=7492"}],"version-history":[{"count":16,"href":"http:\/\/suisse-fibromyalgie.ch\/de\/wp-json\/wp\/v2\/pages\/7492\/revisions"}],"predecessor-version":[{"id":7798,"href":"http:\/\/suisse-fibromyalgie.ch\/de\/wp-json\/wp\/v2\/pages\/7492\/revisions\/7798"}],"wp:attachment":[{"href":"http:\/\/suisse-fibromyalgie.ch\/de\/wp-json\/wp\/v2\/media?parent=7492"}],"curies":[{"name":"wp","href":"https:\/\/api.w.org\/{rel}","templated":true}]}}