{"id":6861,"date":"2024-11-12T11:24:19","date_gmt":"2024-11-12T10:24:19","guid":{"rendered":"https:\/\/suisse-fibromyalgie.ch\/?page_id=6861"},"modified":"2024-11-12T14:12:38","modified_gmt":"2024-11-12T13:12:38","slug":"petrovic-giada-psychologue-fsp-specialiste-en-sante-c","status":"publish","type":"page","link":"http:\/\/suisse-fibromyalgie.ch\/de\/petrovic-giada-psychologue-fsp-specialiste-en-sante-c\/","title":{"rendered":"Petrovic Giada - Psychologin FSP Spezialistin f\u00fcr Gesundheit C"},"content":{"rendered":"<div data-elementor-type=\"wp-page\" data-elementor-id=\"6861\" class=\"elementor elementor-6861\" data-elementor-post-type=\"page\">\n\t\t\t\t\t\t<section class=\"elementor-section elementor-top-section elementor-element elementor-element-5643a8c elementor-section-boxed elementor-section-height-default elementor-section-height-default\" data-id=\"5643a8c\" data-element_type=\"section\" data-e-type=\"section\">\n\t\t\t\t\t\t<div class=\"elementor-container elementor-column-gap-default\">\n\t\t\t\t\t<div class=\"elementor-column elementor-col-50 elementor-top-column elementor-element elementor-element-c953588\" data-id=\"c953588\" data-element_type=\"column\" data-e-type=\"column\">\n\t\t\t<div class=\"elementor-widget-wrap elementor-element-populated\">\n\t\t\t\t\t\t<div class=\"elementor-element elementor-element-68ab1cb elementor-widget elementor-widget-image\" data-id=\"68ab1cb\" data-element_type=\"widget\" data-e-type=\"widget\" data-widget_type=\"image.default\">\n\t\t\t\t<div class=\"elementor-widget-container\">\n\t\t\t\t\t\t\t\t\t\t\t\t\t\t\t<img fetchpriority=\"high\" decoding=\"async\" width=\"503\" height=\"420\" src=\"https:\/\/suisse-fibromyalgie.ch\/wp-content\/uploads\/Petrovic-Giada.jpg\" class=\"attachment-medium_large size-medium_large wp-image-6862\" alt=\"\" srcset=\"https:\/\/suisse-fibromyalgie.ch\/wp-content\/uploads\/Petrovic-Giada.jpg 503w, https:\/\/suisse-fibromyalgie.ch\/wp-content\/uploads\/Petrovic-Giada-300x250.jpg 300w, https:\/\/suisse-fibromyalgie.ch\/wp-content\/uploads\/Petrovic-Giada-14x12.jpg 14w\" sizes=\"(max-width: 503px) 100vw, 503px\" \/>\t\t\t\t\t\t\t\t\t\t\t\t\t\t\t<\/div>\n\t\t\t\t<\/div>\n\t\t\t\t\t<\/div>\n\t\t<\/div>\n\t\t\t\t<div class=\"elementor-column elementor-col-50 elementor-top-column elementor-element elementor-element-d7d3abd\" data-id=\"d7d3abd\" data-element_type=\"column\" data-e-type=\"column\">\n\t\t\t<div class=\"elementor-widget-wrap elementor-element-populated\">\n\t\t\t\t\t\t<div class=\"elementor-element elementor-element-cdd1fa2 elementor-widget elementor-widget-text-editor\" data-id=\"cdd1fa2\" data-element_type=\"widget\" data-e-type=\"widget\" data-widget_type=\"text-editor.default\">\n\t\t\t\t<div class=\"elementor-widget-container\">\n\t\t\t\t\t\t\t\t\t<p class=\"font_8 wixui-rich-text__text\"><span class=\"wixui-rich-text__text\">ch hei\u00dfe Giada, freut mich sehr \ud83d\ude09\ud83d\ude42.<\/span><\/p><p class=\"font_8 wixui-rich-text__text\"><span class=\"wixui-rich-text__text\">Ich habe meinen Master in klinischer Psychologie f\u00fcr Person, Familie und Gemeinschaft gemacht. \ud83d\udc69\u200d\ud83c\udf93<\/span><\/p><p class=\"font_8 wixui-rich-text__text\"><span class=\"wixui-rich-text__text\">Ich setze meine MAS-Ausbildung in Psychotherapie mit systemisch-relationaler Ausrichtung fort \ud83e\udd13.<\/span><\/p><p class=\"font_8 wixui-rich-text__text\"><span class=\"wixui-rich-text__text\">Ich arbeite in einem Krankenhaus \ud83d\udc69\ud83c\udffb\u200d\ud83d\udd27en als Vertretungspsychologin im Bereich der Palliativmedizin.\u00a0<\/span><\/p><p class=\"font_8 wixui-rich-text__text\"><span class=\"wixui-rich-text__text\">Ich bin aufmerksam gegen\u00fcber den Bed\u00fcrfnissen der Bewohner und ihrer Familien.\ud83d\udc65.<\/span><\/p><p class=\"font_8 wixui-rich-text__text\"><span class=\"wixui-rich-text__text\">Die Familie steht seit dem Ende meiner Schulzeit im Mittelpunkt meines Interesses.\u00a0<\/span><\/p><p class=\"font_8 wixui-rich-text__text\"><span class=\"wixui-rich-text__text\">Es ist unsere erste Lebensschule \ud83e\ude82\ud83e\ude82.\u00a0<\/span><\/p><p class=\"font_8 wixui-rich-text__text\"><span class=\"wixui-rich-text__text\">Sie ist wichtig f\u00fcr die Entwicklung des Kindes.<\/span><\/p><p class=\"font_8 wixui-rich-text__text\"><span class=\"wixui-rich-text__text\">Das ist ein Reichtum, aber auch eine Last!<\/span><\/p><p class=\"font_8 wixui-rich-text__text\"><span class=\"wixui-rich-text__text\">Vater, Mutter oder Gro\u00dfeltern zu sein ist nicht immer einfach! \ud83e\uddd7\ud83c\udfff\u200d\u2642\ufe0f<\/span><\/p><p class=\"font_8 wixui-rich-text__text\"><span class=\"wixui-rich-text__text\">Die gesellschaftlichen Verpflichtungen und Erwartungen nehmen zu.\u00a0<\/span><\/p><p class=\"font_8 wixui-rich-text__text\"><span class=\"wixui-rich-text__text\">Die psychische Belastung von Kindern, Eltern und Gro\u00dfeltern nimmt zu. \ud83c\udfcb\ufe0f\u200d\u2640\ufe0f<\/span><\/p><p class=\"font_8 wixui-rich-text__text\"><span class=\"wixui-rich-text__text\">Gerne begleite ich Sie Ihr ganzes Leben lang bei Traumata \ud83e\udd15 Krankheitsdiagnose chronique\ud83d\udecf\ufe0f, Depressionen, Angstzust\u00e4nden \ud83c\udfaf, Umgang mit \u00e9motions\ud83d\udcaa\ud83c\udffb,\u00a0<\/span><\/p><p class=\"font_8 wixui-rich-text__text\"><span class=\"wixui-rich-text__text\">\u00a0aktives Altern\ud83d\udd7a elterliche Ersch\u00f6pfung \ud83d\udde3\ufe0fet beruflich\ud83e\ude9c\ud83d\udc69\u200d\ud83e\uddaf<\/span><\/p><p class=\"font_8 wixui-rich-text__text\"><span class=\"wixui-rich-text__text\">Ich besch\u00e4ftige mich auch mit verschiedenen Problemen im Zusammenhang mit sozialen Netzwerken (z. B. Cybermobbing, Revenge Porn oder Deepfake).\u00a0<\/span><\/p><p class=\"font_8 wixui-rich-text__text\"><span class=\"wixui-rich-text__text\">Ich organisiere Eins\u00e4tze bei Bildungseinrichtungen\ud83c\udfe2, conf\u00e9rences\ud83c\udf99\ufe0f Workshops \ud83d\udcdaum Jugendliche und Eltern zu unterst\u00fctzen.<\/span><\/p><p class=\"font_8 wixui-rich-text__text\"><span class=\"wixui-rich-text__text\">Ich lade Sie ein, meine Instagram-Seite \"Connected Families\" (@c0nnecteddfamilies) zu durchst\u00f6bern.<\/span><\/p><p class=\"font_8 wixui-rich-text__text\"><span class=\"wixui-rich-text__text\">Ich freue mich darauf, Sie kennenzulernen und mit Ihnen ins Gespr\u00e4ch zu kommen! Bis bald! \ud83d\ude4b\u200d\u2640\ufe0f<\/span><\/p>\t\t\t\t\t\t\t\t<\/div>\n\t\t\t\t<\/div>\n\t\t\t\t\t<\/div>\n\t\t<\/div>\n\t\t\t\t\t<\/div>\n\t\t<\/section>\n\t\t\t\t<section class=\"elementor-section elementor-top-section elementor-element elementor-element-fce1291 elementor-section-boxed elementor-section-height-default elementor-section-height-default\" data-id=\"fce1291\" data-element_type=\"section\" data-e-type=\"section\">\n\t\t\t\t\t\t<div class=\"elementor-container elementor-column-gap-default\">\n\t\t\t\t\t<div class=\"elementor-column elementor-col-50 elementor-top-column elementor-element elementor-element-3eb25a5\" data-id=\"3eb25a5\" data-element_type=\"column\" data-e-type=\"column\">\n\t\t\t<div class=\"elementor-widget-wrap elementor-element-populated\">\n\t\t\t\t\t\t<div class=\"elementor-element elementor-element-7b832d7 elementor-widget elementor-widget-text-editor\" data-id=\"7b832d7\" data-element_type=\"widget\" data-e-type=\"widget\" data-widget_type=\"text-editor.default\">\n\t\t\t\t<div class=\"elementor-widget-container\">\n\t\t\t\t\t\t\t\t\t<p>Psychologin FSP Spezialistin f\u00fcr Gesundheit C, ich bin ausgebildet, um Patienten mit chronischen Krankheiten zu begleiten und als Psychologische Psychotherapeutin in Ausbildung<\/p>\t\t\t\t\t\t\t\t<\/div>\n\t\t\t\t<\/div>\n\t\t\t\t\t<\/div>\n\t\t<\/div>\n\t\t\t\t<div class=\"elementor-column elementor-col-50 elementor-top-column elementor-element elementor-element-dd614b0\" data-id=\"dd614b0\" data-element_type=\"column\" data-e-type=\"column\">\n\t\t\t<div class=\"elementor-widget-wrap elementor-element-populated\">\n\t\t\t\t\t\t<div class=\"elementor-element elementor-element-3570715 elementor-widget elementor-widget-text-editor\" data-id=\"3570715\" data-element_type=\"widget\" data-e-type=\"widget\" data-widget_type=\"text-editor.default\">\n\t\t\t\t<div class=\"elementor-widget-container\">\n\t\t\t\t\t\t\t\t\t<p><a href=\"https:\/\/www.psy-n-co.ch\/l-equipe-de-nyon\" target=\"_blank\" rel=\"noopener\">Weitere Informationen finden Sie unter diesem Link<\/a><\/p>\t\t\t\t\t\t\t\t<\/div>\n\t\t\t\t<\/div>\n\t\t\t\t\t<\/div>\n\t\t<\/div>\n\t\t\t\t\t<\/div>\n\t\t<\/section>\n\t\t\t\t<\/div>","protected":false},"excerpt":{"rendered":"<p>e m\u2019appelle Giada, enchant\u00e9e \ud83d\ude09\ud83d\ude42 J\u2019ai d\u00e9croch\u00e9 mon Master en psychologie clinique de la personne, famille et communaut\u00e9. \ud83d\udc69\u200d\ud83c\udf93 Je poursuis ma formation MAS en psychoth\u00e9rapie d\u2019orientation syst\u00e9mique relationnelle \ud83e\udd13 [&hellip;]<\/p>\n","protected":false},"author":1,"featured_media":0,"parent":0,"menu_order":0,"comment_status":"closed","ping_status":"closed","template":"","meta":{"footnotes":""},"class_list":["post-6861","page","type-page","status-publish","hentry"],"publishpress_future_action":{"enabled":false,"date":"2026-04-25 11:42:24","action":"change-status","newStatus":"draft","terms":[],"taxonomy":"","extraData":[]},"publishpress_future_workflow_manual_trigger":{"enabledWorkflows":[]},"_links":{"self":[{"href":"http:\/\/suisse-fibromyalgie.ch\/de\/wp-json\/wp\/v2\/pages\/6861","targetHints":{"allow":["GET"]}}],"collection":[{"href":"http:\/\/suisse-fibromyalgie.ch\/de\/wp-json\/wp\/v2\/pages"}],"about":[{"href":"http:\/\/suisse-fibromyalgie.ch\/de\/wp-json\/wp\/v2\/types\/page"}],"author":[{"embeddable":true,"href":"http:\/\/suisse-fibromyalgie.ch\/de\/wp-json\/wp\/v2\/users\/1"}],"replies":[{"embeddable":true,"href":"http:\/\/suisse-fibromyalgie.ch\/de\/wp-json\/wp\/v2\/comments?post=6861"}],"version-history":[{"count":3,"href":"http:\/\/suisse-fibromyalgie.ch\/de\/wp-json\/wp\/v2\/pages\/6861\/revisions"}],"predecessor-version":[{"id":6865,"href":"http:\/\/suisse-fibromyalgie.ch\/de\/wp-json\/wp\/v2\/pages\/6861\/revisions\/6865"}],"wp:attachment":[{"href":"http:\/\/suisse-fibromyalgie.ch\/de\/wp-json\/wp\/v2\/media?parent=6861"}],"curies":[{"name":"wp","href":"https:\/\/api.w.org\/{rel}","templated":true}]}}