{"id":6707,"date":"2024-11-11T15:06:26","date_gmt":"2024-11-11T14:06:26","guid":{"rendered":"https:\/\/suisse-fibromyalgie.ch\/?page_id=6707"},"modified":"2025-08-23T10:55:00","modified_gmt":"2025-08-23T08:55:00","slug":"pour-notre-repas-de-soutien-qui-aura-lieu-samedi-22-novembre-2025","status":"publish","type":"page","link":"http:\/\/suisse-fibromyalgie.ch\/de\/pour-notre-repas-de-soutien-qui-aura-lieu-samedi-22-novembre-2025\/","title":{"rendered":"Unterst\u00fctzungsmahlzeit (Samstag, 22. November 2025)"},"content":{"rendered":"<div data-elementor-type=\"wp-page\" data-elementor-id=\"6707\" class=\"elementor elementor-6707\" data-elementor-post-type=\"page\">\n\t\t\t\t\t\t<section class=\"elementor-section elementor-top-section elementor-element elementor-element-77abeb1 elementor-section-boxed elementor-section-height-default elementor-section-height-default\" data-id=\"77abeb1\" data-element_type=\"section\" data-e-type=\"section\">\n\t\t\t\t\t\t<div class=\"elementor-container elementor-column-gap-default\">\n\t\t\t\t\t<div class=\"elementor-column elementor-col-100 elementor-top-column elementor-element elementor-element-27210bc\" data-id=\"27210bc\" data-element_type=\"column\" data-e-type=\"column\">\n\t\t\t<div class=\"elementor-widget-wrap elementor-element-populated\">\n\t\t\t\t\t\t<div class=\"elementor-element elementor-element-de2fdf8 elementor-widget elementor-widget-heading\" data-id=\"de2fdf8\" data-element_type=\"widget\" data-e-type=\"widget\" data-widget_type=\"heading.default\">\n\t\t\t\t<div class=\"elementor-widget-container\">\n\t\t\t\t\t<h2 class=\"elementor-heading-title elementor-size-default\">Wir suchen Freiwillige f\u00fcr unser Unterst\u00fctzungsessen, das in Champagne\/VD stattfinden wird.\n<\/h2>\t\t\t\t<\/div>\n\t\t\t\t<\/div>\n\t\t\t\t\t<\/div>\n\t\t<\/div>\n\t\t\t\t\t<\/div>\n\t\t<\/section>\n\t\t\t\t<section class=\"elementor-section elementor-top-section elementor-element elementor-element-8f2783b elementor-section-boxed elementor-section-height-default elementor-section-height-default\" data-id=\"8f2783b\" data-element_type=\"section\" data-e-type=\"section\">\n\t\t\t\t\t\t<div class=\"elementor-container elementor-column-gap-default\">\n\t\t\t\t\t<div class=\"elementor-column elementor-col-100 elementor-top-column elementor-element elementor-element-52fee29\" data-id=\"52fee29\" data-element_type=\"column\" data-e-type=\"column\">\n\t\t\t<div class=\"elementor-widget-wrap elementor-element-populated\">\n\t\t\t\t\t\t<div class=\"elementor-element elementor-element-b574a0e elementor-widget elementor-widget-image\" data-id=\"b574a0e\" data-element_type=\"widget\" data-e-type=\"widget\" data-widget_type=\"image.default\">\n\t\t\t\t<div class=\"elementor-widget-container\">\n\t\t\t\t\t\t\t\t\t\t\t\t\t\t\t<img decoding=\"async\" src=\"https:\/\/suisse-fibromyalgie.ch\/wp-content\/uploads\/Annonce-du-2025.08.22.jpg\" title=\"\" alt=\"\" loading=\"lazy\" \/>\t\t\t\t\t\t\t\t\t\t\t\t\t\t\t<\/div>\n\t\t\t\t<\/div>\n\t\t\t\t\t<\/div>\n\t\t<\/div>\n\t\t\t\t\t<\/div>\n\t\t<\/section>\n\t\t\t\t<section class=\"elementor-section elementor-top-section elementor-element elementor-element-ecac868 elementor-section-boxed elementor-section-height-default elementor-section-height-default\" data-id=\"ecac868\" data-element_type=\"section\" data-e-type=\"section\">\n\t\t\t\t\t\t<div class=\"elementor-container elementor-column-gap-default\">\n\t\t\t\t\t<div class=\"elementor-column elementor-col-100 elementor-top-column elementor-element elementor-element-f8f4559\" data-id=\"f8f4559\" data-element_type=\"column\" data-e-type=\"column\">\n\t\t\t<div class=\"elementor-widget-wrap elementor-element-populated\">\n\t\t\t\t\t\t<div class=\"elementor-element elementor-element-deab1bc elementor-widget elementor-widget-text-editor\" data-id=\"deab1bc\" data-element_type=\"widget\" data-e-type=\"widget\" data-widget_type=\"text-editor.default\">\n\t\t\t\t<div class=\"elementor-widget-container\">\n\t\t\t\t\t\t\t\t\t<h4>Wir bieten:<\/h4><ul><li>F\u00fcr Personen, die weniger als 3 Stunden arbeiten, ein alkoholfreies Getr\u00e4nk (warm oder kalt) pro Stunde Freiwilligenarbeit<\/li><li>F\u00fcr Personen, die mehr als 3 Stunden leisten, das Essen der Freiwilligen sowie ein alkoholfreies Getr\u00e4nk (warm oder kalt) pro Stunde Freiwilligenarbeit.<\/li><\/ul>\t\t\t\t\t\t\t\t<\/div>\n\t\t\t\t<\/div>\n\t\t\t\t\t<\/div>\n\t\t<\/div>\n\t\t\t\t\t<\/div>\n\t\t<\/section>\n\t\t\t\t<section class=\"elementor-section elementor-top-section elementor-element elementor-element-7db217f elementor-section-boxed elementor-section-height-default elementor-section-height-default\" data-id=\"7db217f\" data-element_type=\"section\" data-e-type=\"section\">\n\t\t\t\t\t\t<div class=\"elementor-container elementor-column-gap-default\">\n\t\t\t\t\t<div class=\"elementor-column elementor-col-100 elementor-top-column elementor-element elementor-element-2ca5fd1\" data-id=\"2ca5fd1\" data-element_type=\"column\" data-e-type=\"column\">\n\t\t\t<div class=\"elementor-widget-wrap elementor-element-populated\">\n\t\t\t\t\t\t<div class=\"elementor-element elementor-element-d3eae4d elementor-widget elementor-widget-text-editor\" data-id=\"d3eae4d\" data-element_type=\"widget\" data-e-type=\"widget\" data-widget_type=\"text-editor.default\">\n\t\t\t\t<div class=\"elementor-widget-container\">\n\t\t\t\t\t\t\t\t\t<h4><strong>Bei Fragen k\u00f6nnen Sie sich an den Pr\u00e4sidenten, Herrn Philippe Sch\u00fcpbach, wenden.<\/strong><\/h4><p><strong>Telefon:<\/strong> 076 322 33 16<\/p><p><strong>E-Mail:<\/strong> <a href=\"mailto:philippe.schupbach@suisse-fibromyalgie.ch\" target=\"_blank\" rel=\"noopener\">philippe.schupbach@suisse-fibromyalgie.ch<\/a><\/p><p>Um sich als Freiwillige\/r anzumelden, klicken Sie bitte auf den unten stehenden Link:<\/p><p><a href=\"https:\/\/super.ehro.app\/o\/association-suisse-des-fibromyalgiques\/e\/vM4JwRilRcKD3xf9ihKMOw==\" target=\"_blank\" rel=\"noopener\">super.ehro<\/a><\/p><p>Oder Sie k\u00f6nnen das PDF unten herunterladen, es ausf\u00fcllen und mir entweder per E-Mail oder per Post zusenden.<\/p><p><a href=\"https:\/\/suisse-fibromyalgie.ch\/wp-content\/uploads\/Formulaire-benevole-du-2025.08.23.pdf\" target=\"_blank\" rel=\"noopener\">Anmeldeformular f\u00fcr Freiwillige<\/a><\/p><p><span style=\"text-decoration: underline;\"><strong>An die untenstehende Adresse:<\/strong><\/span><\/p><p>SVFM - Schweizerische Fibromyalgie-Vereinigung,<\/p><p>Philippe Sch\u00fcpbach<\/p><p>Rue du Village 13<\/p><p>1424 Champagne<\/p>\t\t\t\t\t\t\t\t<\/div>\n\t\t\t\t<\/div>\n\t\t\t\t\t<\/div>\n\t\t<\/div>\n\t\t\t\t\t<\/div>\n\t\t<\/section>\n\t\t\t\t<\/div>","protected":false},"excerpt":{"rendered":"<p>- Aufbau der Infrastruktur (B\u00fchne, Tische, St\u00fchle, Geschirr usw.) (von 9.00 bis 11.00 Uhr)<br \/>\n- Tischservice des Essens und der Getr\u00e4nke (von 11:00 bis 16:00 Uhr)<br \/>\n- Aufr\u00e4umen und Saubermachen nach der Veranstaltung (von 16:00 bis 19:00 Uhr)<\/p>","protected":false},"author":1,"featured_media":0,"parent":0,"menu_order":0,"comment_status":"closed","ping_status":"closed","template":"","meta":{"footnotes":""},"class_list":["post-6707","page","type-page","status-publish","hentry"],"publishpress_future_action":{"enabled":false,"date":"2026-05-15 08:30:06","action":"change-status","newStatus":"draft","terms":[],"taxonomy":"","extraData":[]},"publishpress_future_workflow_manual_trigger":{"enabledWorkflows":[]},"_links":{"self":[{"href":"http:\/\/suisse-fibromyalgie.ch\/de\/wp-json\/wp\/v2\/pages\/6707","targetHints":{"allow":["GET"]}}],"collection":[{"href":"http:\/\/suisse-fibromyalgie.ch\/de\/wp-json\/wp\/v2\/pages"}],"about":[{"href":"http:\/\/suisse-fibromyalgie.ch\/de\/wp-json\/wp\/v2\/types\/page"}],"author":[{"embeddable":true,"href":"http:\/\/suisse-fibromyalgie.ch\/de\/wp-json\/wp\/v2\/users\/1"}],"replies":[{"embeddable":true,"href":"http:\/\/suisse-fibromyalgie.ch\/de\/wp-json\/wp\/v2\/comments?post=6707"}],"version-history":[{"count":25,"href":"http:\/\/suisse-fibromyalgie.ch\/de\/wp-json\/wp\/v2\/pages\/6707\/revisions"}],"predecessor-version":[{"id":8725,"href":"http:\/\/suisse-fibromyalgie.ch\/de\/wp-json\/wp\/v2\/pages\/6707\/revisions\/8725"}],"wp:attachment":[{"href":"http:\/\/suisse-fibromyalgie.ch\/de\/wp-json\/wp\/v2\/media?parent=6707"}],"curies":[{"name":"wp","href":"https:\/\/api.w.org\/{rel}","templated":true}]}}