{"id":6632,"date":"2024-10-15T16:11:03","date_gmt":"2024-10-15T14:11:03","guid":{"rendered":"https:\/\/suisse-fibromyalgie.ch\/?page_id=6632"},"modified":"2026-03-05T12:02:00","modified_gmt":"2026-03-05T11:02:00","slug":"asfm","status":"publish","type":"page","link":"http:\/\/suisse-fibromyalgie.ch\/de\/asfm\/","title":{"rendered":"ASFM"},"content":{"rendered":"<div data-elementor-type=\"wp-page\" data-elementor-id=\"6632\" class=\"elementor elementor-6632\" data-elementor-post-type=\"page\">\n\t\t\t\t\t\t<section class=\"elementor-section elementor-top-section elementor-element elementor-element-b9f6361 elementor-section-boxed elementor-section-height-default elementor-section-height-default\" data-id=\"b9f6361\" data-element_type=\"section\" data-e-type=\"section\">\n\t\t\t\t\t\t<div class=\"elementor-container elementor-column-gap-default\">\n\t\t\t\t\t<div class=\"elementor-column elementor-col-25 elementor-top-column elementor-element elementor-element-4482416\" data-id=\"4482416\" data-element_type=\"column\" data-e-type=\"column\">\n\t\t\t<div class=\"elementor-widget-wrap elementor-element-populated\">\n\t\t\t\t\t\t<div class=\"elementor-element elementor-element-837a726 elementor-widget elementor-widget-image\" data-id=\"837a726\" data-element_type=\"widget\" data-e-type=\"widget\" data-widget_type=\"image.default\">\n\t\t\t\t<div class=\"elementor-widget-container\">\n\t\t\t\t\t\t\t\t\t\t\t\t\t\t\t<img fetchpriority=\"high\" decoding=\"async\" width=\"800\" height=\"657\" src=\"https:\/\/suisse-fibromyalgie.ch\/wp-content\/uploads\/Logo-2025-1024x841.jpg\" class=\"attachment-large size-large wp-image-7056\" alt=\"\" srcset=\"https:\/\/suisse-fibromyalgie.ch\/wp-content\/uploads\/Logo-2025-1024x841.jpg 1024w, https:\/\/suisse-fibromyalgie.ch\/wp-content\/uploads\/Logo-2025-300x246.jpg 300w, https:\/\/suisse-fibromyalgie.ch\/wp-content\/uploads\/Logo-2025-768x631.jpg 768w, https:\/\/suisse-fibromyalgie.ch\/wp-content\/uploads\/Logo-2025-1536x1261.jpg 1536w, https:\/\/suisse-fibromyalgie.ch\/wp-content\/uploads\/Logo-2025-15x12.jpg 15w, https:\/\/suisse-fibromyalgie.ch\/wp-content\/uploads\/Logo-2025.jpg 1600w\" sizes=\"(max-width: 800px) 100vw, 800px\" \/>\t\t\t\t\t\t\t\t\t\t\t\t\t\t\t<\/div>\n\t\t\t\t<\/div>\n\t\t\t\t\t<\/div>\n\t\t<\/div>\n\t\t\t\t<div class=\"elementor-column elementor-col-50 elementor-top-column elementor-element elementor-element-8b75e6b\" data-id=\"8b75e6b\" data-element_type=\"column\" data-e-type=\"column\">\n\t\t\t<div class=\"elementor-widget-wrap elementor-element-populated\">\n\t\t\t\t\t\t<div class=\"elementor-element elementor-element-c24f621 elementor-widget elementor-widget-text-editor\" data-id=\"c24f621\" data-element_type=\"widget\" data-e-type=\"widget\" data-widget_type=\"text-editor.default\">\n\t\t\t\t<div class=\"elementor-widget-container\">\n\t\t\t\t\t\t\t\t\t<h1>Schweizerische Fibromyalgie-Vereinigung<\/h1><p>Die Schweizerische Fibromyalgie-Vereinigung (SFMV) wurde 1997 von Fibromyalgie-Betroffenen gegr\u00fcndet. Ihr Ziel ist es, die Bekanntheit und Anerkennung von Fibromyalgie zu f\u00f6rdern und ihre Mitglieder in der \u00d6ffentlichkeit sowie bei medizinischen, sozialen und politischen Instanzen zu unterst\u00fctzen.<\/p><p>Ihr Verwaltungssitz befindet sich in Champagne, und sie ist seit 1999 Mitglied der Rheumaliga Schweiz (RLS).<\/p><p>\u00a0 \u00a0 \u00a0 \u00a0 \u00a0\u00a0<\/p>\t\t\t\t\t\t\t\t<\/div>\n\t\t\t\t<\/div>\n\t\t\t\t\t<\/div>\n\t\t<\/div>\n\t\t\t\t<div class=\"elementor-column elementor-col-25 elementor-top-column elementor-element elementor-element-ab41c46\" data-id=\"ab41c46\" data-element_type=\"column\" data-e-type=\"column\">\n\t\t\t<div class=\"elementor-widget-wrap elementor-element-populated\">\n\t\t\t\t\t\t<div class=\"elementor-element elementor-element-449fbdb elementor-widget elementor-widget-text-editor\" data-id=\"449fbdb\" data-element_type=\"widget\" data-e-type=\"widget\" data-widget_type=\"text-editor.default\">\n\t\t\t\t<div class=\"elementor-widget-container\">\n\t\t\t\t\t\t\t\t\t<h2>ASFM<\/h2><h6>E-Mail:<\/h6><p><a href=\"mailto:info@suisse-fibromyalgie.ch\" target=\"_blank\" rel=\"noopener\">info@suisse-fibromyalgie.ch<\/a><\/p><h6>Standort:<\/h6><p><a href=\"https:\/\/suisse-fibromyalgie.ch\/de\/\" target=\"_blank\" rel=\"noopener\">www.suisse-fibromyalgie.ch<\/a><\/p><h6>Ausk\u00fcnfte :<\/h6><p>Montag bis Donnerstag von 8.30 bis 11.30 Uhr: Tel. +41 77 409 92 28<\/p><p>Montag bis Donnerstag von 18.00 bis 21.00 Uhr: Tel. +41 76 585 20 54<\/p>\t\t\t\t\t\t\t\t<\/div>\n\t\t\t\t<\/div>\n\t\t\t\t\t<\/div>\n\t\t<\/div>\n\t\t\t\t\t<\/div>\n\t\t<\/section>\n\t\t\t\t<section class=\"elementor-section elementor-top-section elementor-element elementor-element-034928d elementor-section-boxed elementor-section-height-default elementor-section-height-default\" data-id=\"034928d\" data-element_type=\"section\" data-e-type=\"section\">\n\t\t\t\t\t\t<div class=\"elementor-container elementor-column-gap-default\">\n\t\t\t\t\t<div class=\"elementor-column elementor-col-66 elementor-top-column elementor-element elementor-element-f3c0ed0\" data-id=\"f3c0ed0\" data-element_type=\"column\" data-e-type=\"column\">\n\t\t\t<div class=\"elementor-widget-wrap elementor-element-populated\">\n\t\t\t\t\t\t<div class=\"elementor-element elementor-element-4c333b6 elementor-widget__width-initial elementor-widget elementor-widget-text-editor\" data-id=\"4c333b6\" data-element_type=\"widget\" data-e-type=\"widget\" data-widget_type=\"text-editor.default\">\n\t\t\t\t<div class=\"elementor-widget-container\">\n\t\t\t\t\t\t\t\t\t<h2>Ziele<\/h2><p>Die SVFM hat sich der Unterst\u00fctzung von Menschen mit Fibromyalgie verschrieben, indem sie Informationen austauscht, Fragen beantwortet und eine unterst\u00fctzende Gemeinschaft anbietet. Mithilfe seines Vorstands, seiner Mitarbeiter, seiner Selbsthilfegruppen und seiner professionellen Unterst\u00fctzung verfolgt der Verband mehrere Ziele:<\/p><ul><li><strong>Fibromyalgie anerkennen lassen<\/strong> im medizinischen, sozialen, rechtlichen, pharmazeutischen und politischen Bereich.<\/li><li><strong>Informieren und ein wichtiger Ansprechpartner sein<\/strong> f\u00fcr die Wissenschaftsgemeinde, die Medien und die Studierenden.<\/li><li><strong>Medizinische Fortschritte verbreiten<\/strong> und das Bewusstsein der \u00d6ffentlichkeit sch\u00e4rfen.<\/li><li><strong>Gespr\u00e4chs- und Selbsthilfegruppen koordinieren<\/strong>.<\/li><li><strong>Patienten und ihre Familien unterst\u00fctzen<\/strong> indem sie ihnen therapeutische Hilfsmittel zur Verf\u00fcgung stellen.<\/li><li><strong>Workshops zur Schmerzbew\u00e4ltigung organisieren<\/strong> und Schulungen f\u00fcr Fachkr\u00e4fte, die mit der Behandlung von Fibromyalgie befasst sind.<\/li><\/ul><p>Die ASFM setzt sich daf\u00fcr ein, die Lebensqualit\u00e4t der Patienten zu verbessern und ein besseres Verst\u00e4ndnis dieser Krankheit zu f\u00f6rdern.<\/p><h2>Aktionen\u00a0<\/h2><p>Der SVFM bietet eine Plattform f\u00fcr Informationen und Unterst\u00fctzung durch verschiedene Initiativen, wie z. B. :<\/p><ul><li>Konferenzen und Seminare,<\/li><li>Selbsthilfe- und Gespr\u00e4chsgruppen,<\/li><li>Welttag der Fibromyalgie,<\/li><li>Aktivit\u00e4ten und Kurse f\u00fcr Patienten.<\/li><li><a href=\"https:\/\/suisse-fibromyalgie.ch\/de\/journal-lenvol\/\">Ver\u00f6ffentlichung der Zeitung l'envol (hier)<\/a><\/li><li><a href=\"https:\/\/suisse-fibromyalgie.ch\/de\/brochure-asfm\/\">Ausgabe der SVFM-Brosch\u00fcre (hier)<\/a><\/li><\/ul><p>Sie setzt sich f\u00fcr die Anerkennung der Fibromyalgie in der Schweiz ein. Diese Krankheit wird von der Invalidenversicherung (IV) oft nur unzureichend unterst\u00fctzt, obwohl sie 1992 von der WHO als Krankheit anerkannt wurde. Im Jahr 2022 wurde die Fibromyalgie im ICD-11 in die Gruppe der chronischen generalisierten Schmerzen eingeordnet, was eine Weiterentwicklung des medizinischen Wissens widerspiegelt.<\/p>\t\t\t\t\t\t\t\t<\/div>\n\t\t\t\t<\/div>\n\t\t\t\t\t<\/div>\n\t\t<\/div>\n\t\t\t\t<div class=\"elementor-column elementor-col-33 elementor-top-column elementor-element elementor-element-345c983\" data-id=\"345c983\" data-element_type=\"column\" data-e-type=\"column\">\n\t\t\t<div class=\"elementor-widget-wrap elementor-element-populated\">\n\t\t\t\t\t\t\t<\/div>\n\t\t<\/div>\n\t\t\t\t\t<\/div>\n\t\t<\/section>\n\t\t\t\t<section class=\"elementor-section elementor-top-section elementor-element elementor-element-91bdf88 elementor-section-boxed elementor-section-height-default elementor-section-height-default\" data-id=\"91bdf88\" data-element_type=\"section\" data-e-type=\"section\">\n\t\t\t\t\t\t<div class=\"elementor-container elementor-column-gap-default\">\n\t\t\t\t\t<div class=\"elementor-column elementor-col-66 elementor-top-column elementor-element elementor-element-fac5846\" data-id=\"fac5846\" data-element_type=\"column\" data-e-type=\"column\">\n\t\t\t<div class=\"elementor-widget-wrap elementor-element-populated\">\n\t\t\t\t\t\t<div class=\"elementor-element elementor-element-90c3561 elementor-widget elementor-widget-text-editor\" data-id=\"90c3561\" data-element_type=\"widget\" data-e-type=\"widget\" data-widget_type=\"text-editor.default\">\n\t\t\t\t<div class=\"elementor-widget-container\">\n\t\t\t\t\t\t\t\t\t<h2>Medizinischer und sozialer Kontext<\/h2><p>Fibromyalgie, von der \u00fcber 3% der Schweizer Bev\u00f6lkerung betroffen sind, tritt h\u00e4ufiger bei Frauen auf, kann aber auch M\u00e4nner und Jugendliche betreffen. Zu den Symptomen geh\u00f6ren chronische, behindernde Schmerzen, die die Betroffenen h\u00e4ufig dazu zwingen, ihre berufliche T\u00e4tigkeit einzuschr\u00e4nken oder aufzugeben. Dies f\u00fchrt zu finanziellen Schwierigkeiten, sozialer Isolation und einem Gef\u00fchl der Ablehnung.<\/p><h2>Priorit\u00e4ten des SVFM<\/h2><ul><li>F\u00f6rderung der medizinischen Forschung zur Entwicklung wirksamer Behandlungsmethoden.<\/li><li>Anerkennung der Fibromyalgie durch die staatlichen Beh\u00f6rden und bessere Unterst\u00fctzung f\u00fcr die Patienten.<\/li><li>Sensibilisierung der Gesellschaft f\u00fcr die Auswirkungen dieses Syndroms, um die Stigmatisierung zu verringern.<\/li><\/ul><h2>Organisation und Finanzierung<\/h2><p>Der als gemeinn\u00fctzig anerkannte SVFM funktioniert dank der Beitr\u00e4ge seiner Mitglieder, Spenden und Teilsubventionen des Bundesamts f\u00fcr Gesundheit (BAG) und des Bundesamts f\u00fcr Sozialversicherungen (BSV) \u00fcber das RAG.<\/p><h2>Die angebotenen Leistungen<\/h2><p>Die ASFM bietet verschiedene Dienste zur Unterst\u00fctzung von Menschen mit Fibromyalgie an:<\/p><ul><li><strong>Telefonische Antworten<\/strong> : Montag- bis Donnerstagmorgen unter 077 409 92 28 und abends (18.00-21.00 Uhr) eine Telefonbereitschaft unter 076 585 20 54.<\/li><li><strong>Kontakt per E-Mail<\/strong> : <a rel=\"noopener\">info@suisse-fibromyalgie.ch<\/a><\/li><li><strong>Unterst\u00fctzung<\/strong> Sozial und rechtlich f\u00fcr die Mitglieder.<\/li><li><strong>Veranstaltungen<\/strong> : Workshops, Kurse, Konferenzen und Ausfl\u00fcge, die in der ganzen Schweiz organisiert werden.<\/li><li><strong>St\u00e4nde<\/strong> : Pr\u00e4senz bei Veranstaltungen, um zu informieren und zu sensibilisieren.<\/li><li><strong>Unterst\u00fctzung f\u00fcr Sch\u00fcler<\/strong> : Am Ende der Ausbildung, um sie bei ihren (TPA-, Bachelor- und Master-) Arbeiten zu unterst\u00fctzen.<\/li><li><strong>Selbsthilfegruppen<\/strong> : In der ganzen Schweiz verf\u00fcgbar, um sich auszutauschen und gegenseitig zu unterst\u00fctzen.<\/li><li><strong>Ver\u00f6ffentlichungen<\/strong> : Die j\u00e4hrliche Zeitung <em>Der Flug<\/em> auf Franz\u00f6sisch, Deutsch und Italienisch.<\/li><li><strong>Website<\/strong> : Die Website des SVFM (<a href=\"http:\/\/suisse-fibromyalgie.ch\/de\/\" target=\"_new\" rel=\"noopener\">www.suisse-fibromyalgie.ch<\/a>) wird regelm\u00e4\u00dfig aktualisiert, um Informationen bereitzustellen.<\/li><\/ul><p>Diese Ressourcen sollen den Mitgliedern des SVFM eine umfassende, informative und praktische Unterst\u00fctzung bieten.<\/p>\t\t\t\t\t\t\t\t<\/div>\n\t\t\t\t<\/div>\n\t\t\t\t\t<\/div>\n\t\t<\/div>\n\t\t\t\t<div class=\"elementor-column elementor-col-33 elementor-top-column elementor-element elementor-element-6755233\" data-id=\"6755233\" data-element_type=\"column\" data-e-type=\"column\">\n\t\t\t<div class=\"elementor-widget-wrap elementor-element-populated\">\n\t\t\t\t\t\t<div class=\"elementor-element elementor-element-9ff3137 elementor-widget elementor-widget-text-editor\" data-id=\"9ff3137\" data-element_type=\"widget\" data-e-type=\"widget\" data-widget_type=\"text-editor.default\">\n\t\t\t\t<div class=\"elementor-widget-container\">\n\t\t\t\t\t\t\t\t\t<h3><a href=\"https:\/\/suisse-fibromyalgie.ch\/de\/naissance-de-lassociation-suisse-des-fibromyalgiques-asfm\/\">Geschichte<\/a><\/h3><p>__________________________<\/p><h3><a href=\"https:\/\/suisse-fibromyalgie.ch\/wp-content\/uploads\/Statuts_francais.pdf\" target=\"_blank\" rel=\"noopener\">Satzung<\/a><\/h3><p>__________________________<\/p><h3><a href=\"https:\/\/suisse-fibromyalgie.ch\/de\/charte-reseaux-sociaux\/\">Charta f\u00fcr soziale Netzwerke<\/a><\/h3><p>__________________________<\/p><h3 class=\"elementor-heading-title elementor-size-default\"><a href=\"https:\/\/suisse-fibromyalgie.ch\/de\/charte-dentraide\/\">Charta der gegenseitigen Unterst\u00fctzung<\/a><\/h3><p>__________________________<\/p><h3><a href=\"https:\/\/suisse-fibromyalgie.ch\/de\/confidentialite\/\">Schutz der Daten<\/a><\/h3><p>__________________________<\/p><h3><a href=\"https:\/\/suisse-fibromyalgie.ch\/de\/rapport-annuel-2020\/\">Jahresberichte<\/a><\/h3><p>__________________________<\/p><h3><a href=\"https:\/\/suisse-fibromyalgie.ch\/de\/pv-de-l-assemblee-generale-2022\/\">GV-Protokoll<\/a><\/h3><p>__________________________<\/p><h3><a href=\"https:\/\/suisse-fibromyalgie.ch\/de\/administration\/\">Verwaltung\/Komitee<\/a><\/h3><p>__________________________<\/p><h3><a href=\"https:\/\/suisse-fibromyalgie.ch\/de\/membres\/\">Mitglied werden<\/a><\/h3><p>__________________________<\/p><h3><a href=\"https:\/\/suisse-fibromyalgie.ch\/de\/campagne-1-pour-1\/\">Kampagne 1 f\u00fcr 1<\/a><\/h3>\t\t\t\t\t\t\t\t<\/div>\n\t\t\t\t<\/div>\n\t\t\t\t\t<\/div>\n\t\t<\/div>\n\t\t\t\t\t<\/div>\n\t\t<\/section>\n\t\t\t\t<\/div>","protected":false},"excerpt":{"rendered":"<p>Association Suisse des Fibromyalgiques Fond\u00e9e en 1997 par des personnes atteintes de fibromyalgie, l\u2019Association Suisse des Fibromyalgiques (ASFM) a pour mission de faire conna\u00eetre et reconna\u00eetre la fibromyalgie, tout en [&hellip;]<\/p>\n","protected":false},"author":1,"featured_media":0,"parent":0,"menu_order":0,"comment_status":"closed","ping_status":"closed","template":"","meta":{"footnotes":""},"class_list":["post-6632","page","type-page","status-publish","hentry"],"publishpress_future_action":{"enabled":false,"date":"2026-04-20 14:09:30","action":"change-status","newStatus":"draft","terms":[],"taxonomy":"","extraData":[]},"publishpress_future_workflow_manual_trigger":{"enabledWorkflows":[]},"_links":{"self":[{"href":"http:\/\/suisse-fibromyalgie.ch\/de\/wp-json\/wp\/v2\/pages\/6632","targetHints":{"allow":["GET"]}}],"collection":[{"href":"http:\/\/suisse-fibromyalgie.ch\/de\/wp-json\/wp\/v2\/pages"}],"about":[{"href":"http:\/\/suisse-fibromyalgie.ch\/de\/wp-json\/wp\/v2\/types\/page"}],"author":[{"embeddable":true,"href":"http:\/\/suisse-fibromyalgie.ch\/de\/wp-json\/wp\/v2\/users\/1"}],"replies":[{"embeddable":true,"href":"http:\/\/suisse-fibromyalgie.ch\/de\/wp-json\/wp\/v2\/comments?post=6632"}],"version-history":[{"count":58,"href":"http:\/\/suisse-fibromyalgie.ch\/de\/wp-json\/wp\/v2\/pages\/6632\/revisions"}],"predecessor-version":[{"id":9235,"href":"http:\/\/suisse-fibromyalgie.ch\/de\/wp-json\/wp\/v2\/pages\/6632\/revisions\/9235"}],"wp:attachment":[{"href":"http:\/\/suisse-fibromyalgie.ch\/de\/wp-json\/wp\/v2\/media?parent=6632"}],"curies":[{"name":"wp","href":"https:\/\/api.w.org\/{rel}","templated":true}]}}