{"id":6535,"date":"2024-10-08T10:23:31","date_gmt":"2024-10-08T08:23:31","guid":{"rendered":"https:\/\/suisse-fibromyalgie.ch\/?page_id=6535"},"modified":"2024-10-08T10:27:49","modified_gmt":"2024-10-08T08:27:49","slug":"jeantet-christine-coach-holistique-et-hypno-praticienne","status":"publish","type":"page","link":"http:\/\/suisse-fibromyalgie.ch\/de\/jeantet-christine-coach-holistique-et-hypno-praticienne\/","title":{"rendered":"Jeantet Christine - Holistischer Coach und Hypno-Praktikerin"},"content":{"rendered":"<div data-elementor-type=\"wp-page\" data-elementor-id=\"6535\" class=\"elementor elementor-6535\" data-elementor-post-type=\"page\">\n\t\t\t\t\t\t<section class=\"elementor-section elementor-top-section elementor-element elementor-element-5643a8c elementor-section-boxed elementor-section-height-default elementor-section-height-default\" data-id=\"5643a8c\" data-element_type=\"section\" data-e-type=\"section\">\n\t\t\t\t\t\t<div class=\"elementor-container elementor-column-gap-default\">\n\t\t\t\t\t<div class=\"elementor-column elementor-col-50 elementor-top-column elementor-element elementor-element-c953588\" data-id=\"c953588\" data-element_type=\"column\" data-e-type=\"column\">\n\t\t\t<div class=\"elementor-widget-wrap elementor-element-populated\">\n\t\t\t\t\t\t<div class=\"elementor-element elementor-element-68ab1cb elementor-widget elementor-widget-image\" data-id=\"68ab1cb\" data-element_type=\"widget\" data-e-type=\"widget\" data-widget_type=\"image.default\">\n\t\t\t\t<div class=\"elementor-widget-container\">\n\t\t\t\t\t\t\t\t\t\t\t\t\t\t\t<img fetchpriority=\"high\" decoding=\"async\" width=\"250\" height=\"300\" src=\"https:\/\/suisse-fibromyalgie.ch\/wp-content\/uploads\/Jeantet-Christine-250x300.jpg\" class=\"attachment-medium size-medium wp-image-6536\" alt=\"\" srcset=\"https:\/\/suisse-fibromyalgie.ch\/wp-content\/uploads\/Jeantet-Christine-250x300.jpg 250w, https:\/\/suisse-fibromyalgie.ch\/wp-content\/uploads\/Jeantet-Christine-10x12.jpg 10w, https:\/\/suisse-fibromyalgie.ch\/wp-content\/uploads\/Jeantet-Christine.jpg 267w\" sizes=\"(max-width: 250px) 100vw, 250px\" \/>\t\t\t\t\t\t\t\t\t\t\t\t\t\t\t<\/div>\n\t\t\t\t<\/div>\n\t\t\t\t\t<\/div>\n\t\t<\/div>\n\t\t\t\t<div class=\"elementor-column elementor-col-50 elementor-top-column elementor-element elementor-element-d7d3abd\" data-id=\"d7d3abd\" data-element_type=\"column\" data-e-type=\"column\">\n\t\t\t<div class=\"elementor-widget-wrap elementor-element-populated\">\n\t\t\t\t\t\t<div class=\"elementor-element elementor-element-cdd1fa2 elementor-widget elementor-widget-text-editor\" data-id=\"cdd1fa2\" data-element_type=\"widget\" data-e-type=\"widget\" data-widget_type=\"text-editor.default\">\n\t\t\t\t<div class=\"elementor-widget-container\">\n\t\t\t\t\t\t\t\t\t<p>Hallo,<\/p><p class=\"font_8 wixui-rich-text__text\">Da meiner Meinung nach eine gute Begleitung auf dem Vertrauen zwischen der Begleitperson und dem Klienten beruht, schien es mir wichtig, Ihnen von meinem Werdegang zu berichten.<\/p><p class=\"font_8 wixui-rich-text__text\">Da ich ein Zebra bin, ist es f\u00fcr mich unm\u00f6glich, eine kurze Vorstellung davon zu geben, wer ich bin, was f\u00fcr einen einseitig denkenden Menschen seltsam erscheinen mag, also kann ich Sie auch vorher warnen \ud83d\ude42.<\/p><p class=\"font_8 wixui-rich-text__text\"><span class=\"wixui-rich-text__text\">Ich bin hypersensibel und habe mich schon immer von zwischenmenschlichen Beziehungen angezogen gef\u00fchlt.<\/span><\/p><p class=\"font_8 wixui-rich-text__text\"><span class=\"wixui-rich-text__text\">Ich hatte lange das Gef\u00fchl, nicht der Norm zu entsprechen. Ausgestattet mit einer sehr starken\u00a0<\/span><span class=\"wixui-rich-text__text\">Intuition<\/span><span class=\"wixui-rich-text__text\">Ich wusste damals nicht, dass ich ein Zebra bin und was das f\u00fcr eine Arbeitsweise und Besonderheiten mit sich bringt.<\/span><\/p><p class=\"font_8 wixui-rich-text__text\"><span class=\"wixui-rich-text__text\">Mein mangelndes Selbstvertrauen, der schlechte Umgang mit meiner \u00dcberempfindlichkeit, falsche \u00dcberzeugungen und Verletzungen aus meiner Kindheit haben sich negativ auf den ersten Teil meines Lebens ausgewirkt.<\/span><\/p><p class=\"font_8 wixui-rich-text__text\"><span class=\"wixui-rich-text__text\">Ich habe also pers\u00f6nliche Situationen auf mich gezogen, die dem entsprachen, was ich f\u00fchlte, und den Masken, die ich damals trug: unbewusster Opferstatus in allen Bereichen meines Lebens, Ern\u00e4hrungsarbeit, in der ich mich selbst verleugnete, und das alles in einer Art und Weise, die mir nicht bewusst war.<\/span>l\u00f6schte<span class=\"wixui-rich-text__text\">Erkrankungen, darunter Fibromyalgie.<\/span><\/p><p class=\"font_8 wixui-rich-text__text\"><span class=\"wixui-rich-text__text\">Wie viele von uns w\u00fcnschte ich mir das Gl\u00fcck, konnte es aber nicht erreichen.<\/span><\/p><p class=\"font_8 wixui-rich-text__text\"><span class=\"wixui-rich-text__text\">Ich habe also eine enorme Arbeit an mir selbst unternommen, meine falschen \u00dcberzeugungen St\u00fcck f\u00fcr St\u00fcck bereinigt, meine emotionalen Wunden geheilt, \u00c4ngste und einschr\u00e4nkende \u00dcberzeugungen \u00fcberwunden, die mich in meinem Leben behindert haben.<\/span><span class=\"wixui-rich-text__text\">Sie waren nicht in der Lage, sich von der v\u00f6llig ausgel\u00f6schten Person, der es an Selbstbewusstsein fehlte, zu l\u00f6sen.\u00a0<\/span><span class=\"wixui-rich-text__text\">Selbstvertrauen, Opfer und Unterw\u00fcrfigkeit gegen\u00fcber der Zebrafrau (das erspart die Etiketten hypersensibel, hpe, hypersensitiv), die ich bin, \u00a0<\/span><span class=\"wixui-rich-text__text\">auto<\/span><span class=\"wixui-rich-text__text\">\u00a0Unternehmerin, fr\u00f6hlich, selbstbewusst und endlich Herr \u00fcber ihr Leben.<\/span><\/p><p class=\"font_8 wixui-rich-text__text\"><span class=\"wixui-rich-text__text\">Ich habe alles verlassen, was nicht mehr zu mir passte ( Nahrungsarbeit, Ehepartner ), um mich endlich auszurichten\u00a0<\/span><span class=\"wixui-rich-text__text\">mit<\/span><span class=\"wixui-rich-text__text\">\u00a0meine tiefen Sehns\u00fcchte und mein Gleichgewicht finden und vor allem meine Macht, Leben zu erschaffen, wiedererlangen.<\/span><\/p><p class=\"font_8 wixui-rich-text__text\"><span class=\"wixui-rich-text__text\">Ich habe 15 Jahre lang Klarinette gespielt, teilweise am Konservatorium in Lyon, Musik studiert, dann in Abendkursen ein BTS (BTS = Bachelor of Science) in Managementassistentin f\u00fcr KMU absolviert und schlie\u00dflich \u00fcber 20 Jahre lang in der Buchhaltung gearbeitet, aber gesp\u00fcrt, dass mein Platz woanders war.<\/span><\/p><p class=\"font_8 wixui-rich-text__text\"><span class=\"wixui-rich-text__text\">Meine berufliche Umstellung war f\u00fcr mich eine Selbstverst\u00e4ndlichkeit und erfolgte \u00fcber mehrere Jahre, wobei ich pers\u00f6nliche Verpflichtungen unter einen Hut bringen konnte und\u00a0<\/span>finanziell<span class=\"wixui-rich-text__text\">.<\/span><\/p><p class=\"font_8 wixui-rich-text__text\"><span class=\"wixui-rich-text__text\">Zun\u00e4chst wollte ich Menschen auf der energetischen Ebene begleiten, da ich dieses Potenzial von Natur aus besa\u00df. Ich habe meine F\u00e4higkeiten durch Ausbildungen erg\u00e4nzt (Reiki Stufe 1 und 2).<\/span><\/p><p class=\"font_8 wixui-rich-text__text\"><span class=\"wixui-rich-text__text\">Als ich dann die Verbindung zwischen K\u00f6rper und Geist erkannte, absolvierte ich eine 96-st\u00fcndige Akupressurausbildung bei Myriam Mass\u00e9 Yang am Institut f\u00fcr Naturmedizin in Genf, die mir ein tieferes Verst\u00e4ndnis meines K\u00f6rpers, meiner Emotionen und der Steuerung des gesamten K\u00f6rpers und Geistes vermittelte.<\/span><\/p><p class=\"font_8 wixui-rich-text__text\"><span class=\"wixui-rich-text__text\">Ich habe an Seminaren zur Pers\u00f6nlichkeitsentwicklung teilgenommen, unter anderem bei Arnaud Riou, und dabei meine Kenntnisse \u00fcber mich selbst und durch den Spiegeleffekt auch \u00fcber andere verst\u00e4rkt.<\/span><\/p><p class=\"font_8 wixui-rich-text__text\"><span class=\"wixui-rich-text__text\">Ich habe an Vortr\u00e4gen von Personen wie Gregory Mutombo und Sylv\u00e8re Caron teilgenommen.<\/span><\/p><p class=\"font_8 wixui-rich-text__text\"><span class=\"wixui-rich-text__text\">Dann in\u00a0<\/span><span class=\"wixui-rich-text__text\">parallel<\/span><span class=\"wixui-rich-text__text\">\u00a0von meiner damaligen Ern\u00e4hrungsarbeit habe ich Energiebehandlungen praktiziert (Rebalancing, Warzensperren, Sylvotherapie-Workshop).<\/span><\/p><p class=\"font_8 wixui-rich-text__text\"><span class=\"wixui-rich-text__text\">Aber mit der Zeit und indem ich aufrichtig auf meinen\u00a0<\/span><span class=\"wixui-rich-text__text\">Herz<\/span><span class=\"wixui-rich-text__text\">In meinem ersten Jahr als Heilpraktikerin wurde mir bewusst, dass ich mich viel mehr zum Coaching und zur Begleitung der gesamten Person hingezogen f\u00fchlte als zur reinen Energiebehandlung.<\/span><\/p><p class=\"font_8 wixui-rich-text__text\"><span class=\"wixui-rich-text__text\">Es war mir klar, dass es nicht ausreichte, nur auf der energetischen Ebene zu arbeiten, um weiterzukommen, sondern dass man in sich selbst eintauchen und tiefgreifende Ver\u00e4nderungen und Umprogrammierungen vornehmen musste.<\/span><\/p><p class=\"font_8 wixui-rich-text__text\"><span class=\"wixui-rich-text__text\">Dass mein Energiepotenzial ein Werkzeug ist, mit dem ich Sie begleiten kann, aber nicht das einzige Werkzeug.<\/span><\/p><p class=\"font_8 wixui-rich-text__text\"><span class=\"wixui-rich-text__text\">Daher habe ich mich entschieden, holistischer Coach zu werden, mich weiterzubilden und mich der Hypnose zuzuwenden, um Sie auf Ihrem eigenen Entwicklungsweg bestm\u00f6glich zu begleiten.<\/span><\/p><p class=\"font_8 wixui-rich-text__text\"><span class=\"wixui-rich-text__text\">Ich erhielt also mein\u00a0<\/span>Zertifikat<span class=\"wixui-rich-text__text\"> der Ausbildung zum Hypnosepraktiker bei Lionel Tomasenski.<\/span><\/p><p class=\"font_8 wixui-rich-text__text\"><span class=\"wixui-rich-text__text\">Da ich immer lernbegierig bin, um Sie besser begleiten zu k\u00f6nnen, bilde ich mich regelm\u00e4\u00dfig weiter.<\/span><\/p><p class=\"font_8 wixui-rich-text__text\"><span class=\"wixui-rich-text__text\">Au\u00dferdem habe ich meine Spezialisierung in Natal Hypno bei Lise Bartoli und Anne Marie Lajeunesse erworben.<\/span><\/p><p class=\"font_8 wixui-rich-text__text\"><span class=\"wixui-rich-text__text\">Ich habe mich auch f\u00fcr die Begleitung von erwachsenen HP beim Institut Cogito'z ausbilden lassen.<\/span><\/p><p class=\"font_8 wixui-rich-text__text\"><span class=\"wixui-rich-text__text\">Au\u00dferdem habe ich meine Spezialisierung in Kinderhypnose bei Lise Bartoli erworben.<\/span><\/p><p class=\"font_8 wixui-rich-text__text\"><span class=\"wixui-rich-text__text\">Meine Lebenserfahrung ist ein zus\u00e4tzlicher Reichtum meiner\u00a0<\/span>Koffer<span class=\"wixui-rich-text__text\"> Dazu kommen mein Zuh\u00f6ren, mein Hellsehen, mein Hellh\u00f6ren, mein Einf\u00fchlungsverm\u00f6gen, meine Sanftheit, meine analytischen F\u00e4higkeiten und Werkzeuge zur emotionalen Befreiung.<\/span><\/p><p class=\"font_8 wixui-rich-text__text\"><span class=\"wixui-rich-text__text\">Als ganzheitlicher Coach und Hypnosetherapeutin m\u00f6chte ich Ihnen helfen, sich bewusst zu werden, dass Sie der Sch\u00f6pfer Ihres Lebens sind und dass Sie Ihre Souver\u00e4nit\u00e4t wiedererlangen k\u00f6nnen. Da alles Energie ist, ziehen wir an, was wir schwingen, und wir schwingen, was wir glauben. Ich f\u00fchre meine Klienten zu ihrer wahren Natur und helfe ihnen, ihr emotionales Gep\u00e4ck, ihre Blockaden und \u00c4ngste abzulegen, die sie daran hindern, gl\u00fccklich zu sein und voranzukommen.<\/span><\/p><p class=\"font_8 wixui-rich-text__text\"><span class=\"wixui-rich-text__text\">Diese Blockaden und emotionalen M\u00fclleimer setzen sich schlie\u00dflich im K\u00f6rper fest und f\u00fchren zu Krankheiten, wenn sie nicht bewusst wahrgenommen werden.<\/span><\/p><p class=\"font_8 wixui-rich-text__text\"><span class=\"wixui-rich-text__text\">Ich meinerseits wurde damals diagnostiziert mit \u00a0<\/span><span class=\"wixui-rich-text__text\">Fibromyalgie<\/span>und darauf folgend\u00a0<span class=\"wixui-rich-text__text\">ein Burnout<\/span>\u00a0\u00a0<span class=\"wixui-rich-text__text\">\u00a0und ich habe meine Heilung nat\u00fcrlich ganzheitlich angegangen und es geschafft, diese Krankheit zu heilen, indem ich den Schleier \u00fcber bestimmten Funktionsweisen gel\u00fcftet habe.\u00a0<\/span>unangemessen<span class=\"wixui-rich-text__text\">Ich habe mich von falschen \u00dcberzeugungen befreit, meine Ern\u00e4hrung und meine Arbeit ge\u00e4ndert und mich von emotionalen Schocks befreit, die bis in die Teenagerjahre zur\u00fcckreichen. (siehe den Vortrag auf You Tube, den ich zusammen mit Cedric Dupont \u00fcber Fibromyalgie gehalten habe).<\/span><\/p><p class=\"font_8 wixui-rich-text__text\"><span class=\"wixui-rich-text__text\">Nach mehreren Monaten, in denen ich meine Klienten bei verschiedenen Problemen begleitet habe, habe ich die bewusste und richtige Entscheidung getroffen, mich nun ausschlie\u00dflich dem zu widmen, was ich am besten vermitteln kann: dem Weg zu sich selbst, um aus der Fibromyalgie herauszukommen und sich aus dem Burnout zu erholen.<\/span><\/p>\t\t\t\t\t\t\t\t<\/div>\n\t\t\t\t<\/div>\n\t\t\t\t\t<\/div>\n\t\t<\/div>\n\t\t\t\t\t<\/div>\n\t\t<\/section>\n\t\t\t\t<section class=\"elementor-section elementor-top-section elementor-element elementor-element-fce1291 elementor-section-boxed elementor-section-height-default elementor-section-height-default\" data-id=\"fce1291\" data-element_type=\"section\" data-e-type=\"section\">\n\t\t\t\t\t\t<div class=\"elementor-container elementor-column-gap-default\">\n\t\t\t\t\t<div class=\"elementor-column elementor-col-50 elementor-top-column elementor-element elementor-element-3eb25a5\" data-id=\"3eb25a5\" data-element_type=\"column\" data-e-type=\"column\">\n\t\t\t<div class=\"elementor-widget-wrap elementor-element-populated\">\n\t\t\t\t\t\t<div class=\"elementor-element elementor-element-7b832d7 elementor-widget elementor-widget-text-editor\" data-id=\"7b832d7\" data-element_type=\"widget\" data-e-type=\"widget\" data-widget_type=\"text-editor.default\">\n\t\t\t\t<div class=\"elementor-widget-container\">\n\t\t\t\t\t\t\t\t\t<div id=\"bgLayers_comp-ljcvm8ir\" class=\"MW5IWV\" data-hook=\"bgLayers\" data-motion-part=\"BG_LAYER\"><div id=\"bgMedia_comp-ljcvm8ir\" class=\"VgO9Yg\" data-motion-part=\"BG_MEDIA\">Sie befindet sich im benachbarten Frankreich und begleitet Menschen, die an Fibromyalgie leiden, mit einer Begleitung von 12 Sitzungen, die Coaching, Hypnose, Energetik und 2 Sitzungen in der Natur verbinden.<\/div><\/div>\t\t\t\t\t\t\t\t<\/div>\n\t\t\t\t<\/div>\n\t\t\t\t\t<\/div>\n\t\t<\/div>\n\t\t\t\t<div class=\"elementor-column elementor-col-50 elementor-top-column elementor-element elementor-element-dd614b0\" data-id=\"dd614b0\" data-element_type=\"column\" data-e-type=\"column\">\n\t\t\t<div class=\"elementor-widget-wrap elementor-element-populated\">\n\t\t\t\t\t\t<div class=\"elementor-element elementor-element-3570715 elementor-widget elementor-widget-text-editor\" data-id=\"3570715\" data-element_type=\"widget\" data-e-type=\"widget\" data-widget_type=\"text-editor.default\">\n\t\t\t\t<div class=\"elementor-widget-container\">\n\t\t\t\t\t\t\t\t\t<p><a href=\"https:\/\/www.christine-jeantet.com\/\" target=\"_blank\" rel=\"noopener\">Weitere Informationen finden Sie unter diesem Link<\/a><\/p>\t\t\t\t\t\t\t\t<\/div>\n\t\t\t\t<\/div>\n\t\t\t\t\t<\/div>\n\t\t<\/div>\n\t\t\t\t\t<\/div>\n\t\t<\/section>\n\t\t\t\t<\/div>","protected":false},"excerpt":{"rendered":"<p>Bonjour, Parce qu&rsquo;\u00e0 mon sens un bon accompagnement est bas\u00e9 sur la confiance entre l&rsquo;accompagnant et le client, il me semblait important de vous relater mon parcours. Etant z\u00e8bre, il [&hellip;]<\/p>\n","protected":false},"author":1,"featured_media":0,"parent":0,"menu_order":0,"comment_status":"closed","ping_status":"closed","template":"","meta":{"footnotes":""},"class_list":["post-6535","page","type-page","status-publish","hentry"],"publishpress_future_action":{"enabled":false,"date":"2026-04-22 14:22:19","action":"change-status","newStatus":"draft","terms":[],"taxonomy":"","extraData":[]},"publishpress_future_workflow_manual_trigger":{"enabledWorkflows":[]},"_links":{"self":[{"href":"http:\/\/suisse-fibromyalgie.ch\/de\/wp-json\/wp\/v2\/pages\/6535","targetHints":{"allow":["GET"]}}],"collection":[{"href":"http:\/\/suisse-fibromyalgie.ch\/de\/wp-json\/wp\/v2\/pages"}],"about":[{"href":"http:\/\/suisse-fibromyalgie.ch\/de\/wp-json\/wp\/v2\/types\/page"}],"author":[{"embeddable":true,"href":"http:\/\/suisse-fibromyalgie.ch\/de\/wp-json\/wp\/v2\/users\/1"}],"replies":[{"embeddable":true,"href":"http:\/\/suisse-fibromyalgie.ch\/de\/wp-json\/wp\/v2\/comments?post=6535"}],"version-history":[{"count":3,"href":"http:\/\/suisse-fibromyalgie.ch\/de\/wp-json\/wp\/v2\/pages\/6535\/revisions"}],"predecessor-version":[{"id":6539,"href":"http:\/\/suisse-fibromyalgie.ch\/de\/wp-json\/wp\/v2\/pages\/6535\/revisions\/6539"}],"wp:attachment":[{"href":"http:\/\/suisse-fibromyalgie.ch\/de\/wp-json\/wp\/v2\/media?parent=6535"}],"curies":[{"name":"wp","href":"https:\/\/api.w.org\/{rel}","templated":true}]}}