{"id":6454,"date":"2024-09-30T13:49:01","date_gmt":"2024-09-30T11:49:01","guid":{"rendered":"https:\/\/suisse-fibromyalgie.ch\/?page_id=6454"},"modified":"2024-09-30T14:54:25","modified_gmt":"2024-09-30T12:54:25","slug":"hulya-surmeli-budak-reflexologue-faciale-plantaire","status":"publish","type":"page","link":"http:\/\/suisse-fibromyalgie.ch\/de\/hulya-surmeli-budak-reflexologue-faciale-plantaire\/","title":{"rendered":"Surmeli Budak Hulya - Gesichts- &amp; Fu\u00dfreflexzonenmassage"},"content":{"rendered":"<div data-elementor-type=\"wp-page\" data-elementor-id=\"6454\" class=\"elementor elementor-6454\" data-elementor-post-type=\"page\">\n\t\t\t\t\t\t<section class=\"elementor-section elementor-top-section elementor-element elementor-element-5643a8c elementor-section-boxed elementor-section-height-default elementor-section-height-default\" data-id=\"5643a8c\" data-element_type=\"section\" data-e-type=\"section\">\n\t\t\t\t\t\t<div class=\"elementor-container elementor-column-gap-default\">\n\t\t\t\t\t<div class=\"elementor-column elementor-col-50 elementor-top-column elementor-element elementor-element-c953588\" data-id=\"c953588\" data-element_type=\"column\" data-e-type=\"column\">\n\t\t\t<div class=\"elementor-widget-wrap elementor-element-populated\">\n\t\t\t\t\t\t<div class=\"elementor-element elementor-element-68ab1cb elementor-widget elementor-widget-image\" data-id=\"68ab1cb\" data-element_type=\"widget\" data-e-type=\"widget\" data-widget_type=\"image.default\">\n\t\t\t\t<div class=\"elementor-widget-container\">\n\t\t\t\t\t\t\t\t\t\t\t\t\t\t\t<img fetchpriority=\"high\" decoding=\"async\" width=\"300\" height=\"300\" src=\"https:\/\/suisse-fibromyalgie.ch\/wp-content\/uploads\/Hulya-Surmeli-Budak-300x300.jpg\" class=\"attachment-medium size-medium wp-image-6455\" alt=\"\" srcset=\"https:\/\/suisse-fibromyalgie.ch\/wp-content\/uploads\/Hulya-Surmeli-Budak-300x300.jpg 300w, https:\/\/suisse-fibromyalgie.ch\/wp-content\/uploads\/Hulya-Surmeli-Budak-150x150.jpg 150w, https:\/\/suisse-fibromyalgie.ch\/wp-content\/uploads\/Hulya-Surmeli-Budak-12x12.jpg 12w, https:\/\/suisse-fibromyalgie.ch\/wp-content\/uploads\/Hulya-Surmeli-Budak.jpg 400w\" sizes=\"(max-width: 300px) 100vw, 300px\" \/>\t\t\t\t\t\t\t\t\t\t\t\t\t\t\t<\/div>\n\t\t\t\t<\/div>\n\t\t\t\t\t<\/div>\n\t\t<\/div>\n\t\t\t\t<div class=\"elementor-column elementor-col-50 elementor-top-column elementor-element elementor-element-d7d3abd\" data-id=\"d7d3abd\" data-element_type=\"column\" data-e-type=\"column\">\n\t\t\t<div class=\"elementor-widget-wrap elementor-element-populated\">\n\t\t\t\t\t\t<div class=\"elementor-element elementor-element-cdd1fa2 elementor-widget elementor-widget-text-editor\" data-id=\"cdd1fa2\" data-element_type=\"widget\" data-e-type=\"widget\" data-widget_type=\"text-editor.default\">\n\t\t\t\t<div class=\"elementor-widget-container\">\n\t\t\t\t\t\t\t\t\t<div id=\"comp-l220jsmo1\" class=\"HcOXKn c9GqVL QxJLC3 comp-l220jsmo1 wixui-rich-text\" data-testid=\"richTextElement\"><h3 class=\"font_0 wixui-rich-text__text\">Surmeli Budak Hulya<\/h3><p>Schon in jungen Jahren hatte ich mit gesundheitlichen Problemen zu k\u00e4mpfen, die mich dazu veranlassten, nach M\u00f6glichkeiten zur Linderung meiner Symptome zu suchen. Im Alter von 12 Jahren entdeckte ich Meditation und Entspannung, die schnell zu meinen Hauptmethoden wurden.<\/p><p>Ich wollte noch weiter gehen und mir fortgeschrittenere F\u00e4higkeiten aneignen. Deshalb entschied ich mich f\u00fcr qualifizierende Ausbildungen und nahm an Intensivkursen teil, die von Experten geleitet wurden. 2018 entdeckte ich Di\u00ean Ch\u00e2n, eine Faszienreflexzonenmassage, die K\u00f6rper und Geist beruhigt und entlastet, 2020 die Faszientherapie.<\/p><\/div>\t\t\t\t\t\t\t\t<\/div>\n\t\t\t\t<\/div>\n\t\t\t\t\t<\/div>\n\t\t<\/div>\n\t\t\t\t\t<\/div>\n\t\t<\/section>\n\t\t\t\t<section class=\"elementor-section elementor-top-section elementor-element elementor-element-a132b37 elementor-section-boxed elementor-section-height-default elementor-section-height-default\" data-id=\"a132b37\" data-element_type=\"section\" data-e-type=\"section\">\n\t\t\t\t\t\t<div class=\"elementor-container elementor-column-gap-default\">\n\t\t\t\t\t<div class=\"elementor-column elementor-col-50 elementor-top-column elementor-element elementor-element-c22d6a6\" data-id=\"c22d6a6\" data-element_type=\"column\" data-e-type=\"column\">\n\t\t\t<div class=\"elementor-widget-wrap elementor-element-populated\">\n\t\t\t\t\t\t<div class=\"elementor-element elementor-element-b89b5c2 elementor-widget elementor-widget-text-editor\" data-id=\"b89b5c2\" data-element_type=\"widget\" data-e-type=\"widget\" data-widget_type=\"text-editor.default\">\n\t\t\t\t<div class=\"elementor-widget-container\">\n\t\t\t\t\t\t\t\t\t<h6 style=\"text-align: right;\">Weitere Informationen:<\/h6>\t\t\t\t\t\t\t\t<\/div>\n\t\t\t\t<\/div>\n\t\t\t\t\t<\/div>\n\t\t<\/div>\n\t\t\t\t<div class=\"elementor-column elementor-col-50 elementor-top-column elementor-element elementor-element-8e68406\" data-id=\"8e68406\" data-element_type=\"column\" data-e-type=\"column\">\n\t\t\t<div class=\"elementor-widget-wrap elementor-element-populated\">\n\t\t\t\t\t\t<div class=\"elementor-element elementor-element-b757500 elementor-widget elementor-widget-text-editor\" data-id=\"b757500\" data-element_type=\"widget\" data-e-type=\"widget\" data-widget_type=\"text-editor.default\">\n\t\t\t\t<div class=\"elementor-widget-container\">\n\t\t\t\t\t\t\t\t\t<p>Rue du Concert 6, 2000 Neuch\u00e2tel<\/p><p>hulya.therapie@gmail.com<\/p><p>+41 (0)79 740 19 41<\/p>\t\t\t\t\t\t\t\t<\/div>\n\t\t\t\t<\/div>\n\t\t\t\t\t<\/div>\n\t\t<\/div>\n\t\t\t\t\t<\/div>\n\t\t<\/section>\n\t\t\t\t<\/div>","protected":false},"excerpt":{"rendered":"<p>Surmeli Budak Hulya Depuis mon plus jeune \u00e2ge, j&rsquo;ai \u00e9t\u00e9 confront\u00e9e \u00e0 des probl\u00e8mes de sant\u00e9 qui m&rsquo;ont pouss\u00e9 \u00e0 chercher des solutions pour soulager mes sympt\u00f4mes. \u00c0 l&rsquo;\u00e2ge de [&hellip;]<\/p>\n","protected":false},"author":1,"featured_media":0,"parent":0,"menu_order":0,"comment_status":"closed","ping_status":"closed","template":"","meta":{"footnotes":""},"class_list":["post-6454","page","type-page","status-publish","hentry"],"publishpress_future_action":{"enabled":false,"date":"2026-04-20 11:28:35","action":"change-status","newStatus":"draft","terms":[],"taxonomy":"","extraData":[]},"publishpress_future_workflow_manual_trigger":{"enabledWorkflows":[]},"_links":{"self":[{"href":"http:\/\/suisse-fibromyalgie.ch\/de\/wp-json\/wp\/v2\/pages\/6454","targetHints":{"allow":["GET"]}}],"collection":[{"href":"http:\/\/suisse-fibromyalgie.ch\/de\/wp-json\/wp\/v2\/pages"}],"about":[{"href":"http:\/\/suisse-fibromyalgie.ch\/de\/wp-json\/wp\/v2\/types\/page"}],"author":[{"embeddable":true,"href":"http:\/\/suisse-fibromyalgie.ch\/de\/wp-json\/wp\/v2\/users\/1"}],"replies":[{"embeddable":true,"href":"http:\/\/suisse-fibromyalgie.ch\/de\/wp-json\/wp\/v2\/comments?post=6454"}],"version-history":[{"count":9,"href":"http:\/\/suisse-fibromyalgie.ch\/de\/wp-json\/wp\/v2\/pages\/6454\/revisions"}],"predecessor-version":[{"id":6467,"href":"http:\/\/suisse-fibromyalgie.ch\/de\/wp-json\/wp\/v2\/pages\/6454\/revisions\/6467"}],"wp:attachment":[{"href":"http:\/\/suisse-fibromyalgie.ch\/de\/wp-json\/wp\/v2\/media?parent=6454"}],"curies":[{"name":"wp","href":"https:\/\/api.w.org\/{rel}","templated":true}]}}