{"id":6406,"date":"2024-09-27T15:09:23","date_gmt":"2024-09-27T13:09:23","guid":{"rendered":"https:\/\/suisse-fibromyalgie.ch\/?page_id=6406"},"modified":"2024-09-27T15:21:09","modified_gmt":"2024-09-27T13:21:09","slug":"douleur-chronique-primaire-le-manque-de-reconnaissance-dun-handicap-invisible","status":"publish","type":"page","link":"http:\/\/suisse-fibromyalgie.ch\/de\/douleur-chronique-primaire-le-manque-de-reconnaissance-dun-handicap-invisible\/","title":{"rendered":"Prim\u00e4r chronische Schmerzen: Die fehlende Anerkennung einer unsichtbaren Behinderung"},"content":{"rendered":"<div data-elementor-type=\"wp-page\" data-elementor-id=\"6406\" class=\"elementor elementor-6406\" data-elementor-post-type=\"page\">\n\t\t\t\t\t\t<section class=\"elementor-section elementor-top-section elementor-element elementor-element-deae11b elementor-section-boxed elementor-section-height-default elementor-section-height-default\" data-id=\"deae11b\" data-element_type=\"section\" data-e-type=\"section\">\n\t\t\t\t\t\t<div class=\"elementor-container elementor-column-gap-default\">\n\t\t\t\t\t<div class=\"elementor-column elementor-col-100 elementor-top-column elementor-element elementor-element-b5d783b\" data-id=\"b5d783b\" data-element_type=\"column\" data-e-type=\"column\">\n\t\t\t<div class=\"elementor-widget-wrap elementor-element-populated\">\n\t\t\t\t\t\t<div class=\"elementor-element elementor-element-7253295 elementor-widget elementor-widget-heading\" data-id=\"7253295\" data-element_type=\"widget\" data-e-type=\"widget\" data-widget_type=\"heading.default\">\n\t\t\t\t<div class=\"elementor-widget-container\">\n\t\t\t\t\t<h2 class=\"elementor-heading-title elementor-size-default\">Artikel von Frau Aimie Chiron, Dr. Aurore Fernandez, Dr. Carlo Delli Noci und Pre Chantal Berna, erschienen in \"Die Schweizer \u00c4rztezeitung\" vom 19. Juni 2024.<\/h2>\t\t\t\t<\/div>\n\t\t\t\t<\/div>\n\t\t\t\t\t<\/div>\n\t\t<\/div>\n\t\t\t\t\t<\/div>\n\t\t<\/section>\n\t\t\t\t<section class=\"elementor-section elementor-top-section elementor-element elementor-element-497ceef elementor-section-boxed elementor-section-height-default elementor-section-height-default\" data-id=\"497ceef\" data-element_type=\"section\" data-e-type=\"section\">\n\t\t\t\t\t\t<div class=\"elementor-container elementor-column-gap-default\">\n\t\t\t\t\t<div class=\"elementor-column elementor-col-100 elementor-top-column elementor-element elementor-element-8eb5239\" data-id=\"8eb5239\" data-element_type=\"column\" data-e-type=\"column\">\n\t\t\t<div class=\"elementor-widget-wrap elementor-element-populated\">\n\t\t\t\t\t\t<div class=\"elementor-element elementor-element-f4079ec elementor-widget elementor-widget-text-editor\" data-id=\"f4079ec\" data-element_type=\"widget\" data-e-type=\"widget\" data-widget_type=\"text-editor.default\">\n\t\t\t\t<div class=\"elementor-widget-container\">\n\t\t\t\t\t\t\t\t\t<p>Trotz der Anerkennung des prim\u00e4r chronischen Schmerzes als eigenst\u00e4ndige Krankheit in der 11. Revision der Internationalen Klassifikation der Krankheiten (ICD) sto\u00dfen Patienten, die darunter leiden, immer noch allzu h\u00e4ufig auf Skepsis.<\/p><p>Dies kann sie in ihrem Behandlungsweg, ihrem sozialen Leben und ihrer wirtschaftlichen Stabilit\u00e4t beeintr\u00e4chtigen.<\/p><p>Dieser Artikel zeichnet einen Teil der rechtlichen Entwicklung der Anerkennung von chronischen Schmerzen sowie der in der Schweiz geltenden versicherungsmedizinischen Bestimmungen nach.<\/p><p>Eine gute Kenntnis dieses Systems seitens der \u00c4rzte kann die Frustration der Patienten, die Zahl der Rechtsstreitigkeiten und die Dauer der Entscheidungen verringern. Der Artikel schlie\u00dft mit Tipps und Hilfsmitteln f\u00fcr \u00c4rzte, wie sie ihre Patienten am besten durch die versicherungsrechtlichen Verfahren begleiten k\u00f6nnen.<\/p>\t\t\t\t\t\t\t\t<\/div>\n\t\t\t\t<\/div>\n\t\t\t\t\t<\/div>\n\t\t<\/div>\n\t\t\t\t\t<\/div>\n\t\t<\/section>\n\t\t\t\t<section class=\"elementor-section elementor-top-section elementor-element elementor-element-958e6ec elementor-section-boxed elementor-section-height-default elementor-section-height-default\" data-id=\"958e6ec\" data-element_type=\"section\" data-e-type=\"section\">\n\t\t\t\t\t\t<div class=\"elementor-container elementor-column-gap-default\">\n\t\t\t\t\t<div class=\"elementor-column elementor-col-100 elementor-top-column elementor-element elementor-element-afefd1e\" data-id=\"afefd1e\" data-element_type=\"column\" data-e-type=\"column\">\n\t\t\t<div class=\"elementor-widget-wrap elementor-element-populated\">\n\t\t\t\t\t\t<div class=\"elementor-element elementor-element-5f0ab28 elementor-widget elementor-widget-text-editor\" data-id=\"5f0ab28\" data-element_type=\"widget\" data-e-type=\"widget\" data-widget_type=\"text-editor.default\">\n\t\t\t\t<div class=\"elementor-widget-container\">\n\t\t\t\t\t\t\t\t\t<h5 style=\"text-align: center;\"><strong>Zum Herunterladen des Artikels<\/strong><strong>Klicken Sie auf den unten stehenden Link:<\/strong><\/h5><h5 style=\"text-align: center;\"><a href=\"https:\/\/suisse-fibromyalgie.ch\/wp-content\/uploads\/RMS_Douleur-chronique-primaire.pdf\" target=\"_blank\" rel=\"noopener\">RMS_Prim\u00e4r chronischer Schmerz<\/a><\/h5>\t\t\t\t\t\t\t\t<\/div>\n\t\t\t\t<\/div>\n\t\t\t\t\t<\/div>\n\t\t<\/div>\n\t\t\t\t\t<\/div>\n\t\t<\/section>\n\t\t\t\t<\/div>","protected":false},"excerpt":{"rendered":"<p>Article publi\u00e9 par Mme Aimie Chiron, Dre Aurore Fernandez, Dr Carlo Delli Noci et Pre Chantal Berna parus dans \u00ab\u00a0La revu m\u00e9dical Suisse\u00a0\u00bb du 19 juin 2024. Malgr\u00e9 une reconnaissance [&hellip;]<\/p>\n","protected":false},"author":1,"featured_media":0,"parent":0,"menu_order":0,"comment_status":"closed","ping_status":"closed","template":"","meta":{"footnotes":""},"class_list":["post-6406","page","type-page","status-publish","hentry"],"publishpress_future_action":{"enabled":false,"date":"2026-05-23 15:16:24","action":"change-status","newStatus":"draft","terms":[],"taxonomy":"","extraData":[]},"publishpress_future_workflow_manual_trigger":{"enabledWorkflows":[]},"_links":{"self":[{"href":"http:\/\/suisse-fibromyalgie.ch\/de\/wp-json\/wp\/v2\/pages\/6406","targetHints":{"allow":["GET"]}}],"collection":[{"href":"http:\/\/suisse-fibromyalgie.ch\/de\/wp-json\/wp\/v2\/pages"}],"about":[{"href":"http:\/\/suisse-fibromyalgie.ch\/de\/wp-json\/wp\/v2\/types\/page"}],"author":[{"embeddable":true,"href":"http:\/\/suisse-fibromyalgie.ch\/de\/wp-json\/wp\/v2\/users\/1"}],"replies":[{"embeddable":true,"href":"http:\/\/suisse-fibromyalgie.ch\/de\/wp-json\/wp\/v2\/comments?post=6406"}],"version-history":[{"count":12,"href":"http:\/\/suisse-fibromyalgie.ch\/de\/wp-json\/wp\/v2\/pages\/6406\/revisions"}],"predecessor-version":[{"id":6420,"href":"http:\/\/suisse-fibromyalgie.ch\/de\/wp-json\/wp\/v2\/pages\/6406\/revisions\/6420"}],"wp:attachment":[{"href":"http:\/\/suisse-fibromyalgie.ch\/de\/wp-json\/wp\/v2\/media?parent=6406"}],"curies":[{"name":"wp","href":"https:\/\/api.w.org\/{rel}","templated":true}]}}