{"id":6199,"date":"2024-08-22T15:05:33","date_gmt":"2024-08-22T13:05:33","guid":{"rendered":"https:\/\/suisse-fibromyalgie.ch\/?page_id=6199"},"modified":"2024-08-22T15:18:28","modified_gmt":"2024-08-22T13:18:28","slug":"noir-fabien-les-emotions-nos-amies","status":"publish","type":"page","link":"http:\/\/suisse-fibromyalgie.ch\/de\/noir-fabien-les-emotions-nos-amies\/","title":{"rendered":"Noir Fabien - Emotionen, unsere Freunde"},"content":{"rendered":"<div data-elementor-type=\"wp-page\" data-elementor-id=\"6199\" class=\"elementor elementor-6199\" data-elementor-post-type=\"page\">\n\t\t\t\t\t\t<section class=\"elementor-section elementor-top-section elementor-element elementor-element-5643a8c elementor-section-boxed elementor-section-height-default elementor-section-height-default\" data-id=\"5643a8c\" data-element_type=\"section\" data-e-type=\"section\">\n\t\t\t\t\t\t<div class=\"elementor-container elementor-column-gap-default\">\n\t\t\t\t\t<div class=\"elementor-column elementor-col-50 elementor-top-column elementor-element elementor-element-c953588\" data-id=\"c953588\" data-element_type=\"column\" data-e-type=\"column\">\n\t\t\t<div class=\"elementor-widget-wrap elementor-element-populated\">\n\t\t\t\t\t\t<div class=\"elementor-element elementor-element-68ab1cb elementor-widget elementor-widget-image\" data-id=\"68ab1cb\" data-element_type=\"widget\" data-e-type=\"widget\" data-widget_type=\"image.default\">\n\t\t\t\t<div class=\"elementor-widget-container\">\n\t\t\t\t\t\t\t\t\t\t\t\t\t\t\t<img fetchpriority=\"high\" decoding=\"async\" width=\"189\" height=\"285\" src=\"https:\/\/suisse-fibromyalgie.ch\/wp-content\/uploads\/Noir-Fabien.jpg\" class=\"attachment-medium size-medium wp-image-6200\" alt=\"\" srcset=\"https:\/\/suisse-fibromyalgie.ch\/wp-content\/uploads\/Noir-Fabien.jpg 189w, https:\/\/suisse-fibromyalgie.ch\/wp-content\/uploads\/Noir-Fabien-8x12.jpg 8w\" sizes=\"(max-width: 189px) 100vw, 189px\" \/>\t\t\t\t\t\t\t\t\t\t\t\t\t\t\t<\/div>\n\t\t\t\t<\/div>\n\t\t\t\t\t<\/div>\n\t\t<\/div>\n\t\t\t\t<div class=\"elementor-column elementor-col-50 elementor-top-column elementor-element elementor-element-d7d3abd\" data-id=\"d7d3abd\" data-element_type=\"column\" data-e-type=\"column\">\n\t\t\t<div class=\"elementor-widget-wrap elementor-element-populated\">\n\t\t\t\t\t\t<div class=\"elementor-element elementor-element-cdd1fa2 elementor-widget elementor-widget-text-editor\" data-id=\"cdd1fa2\" data-element_type=\"widget\" data-e-type=\"widget\" data-widget_type=\"text-editor.default\">\n\t\t\t\t<div class=\"elementor-widget-container\">\n\t\t\t\t\t\t\t\t\t<div id=\"ultimate-heading-289966c7389ee9c2c\" class=\"uvc-heading ult-adjust-bottom-margin ultimate-heading-289966c7389ee9c2c uvc-185\" data-hspacer=\"no_spacer\" data-halign=\"left\"><h4 class=\"uvc-sub-heading ult-responsive\" data-ultimate-target=\".uvc-heading.ultimate-heading-289966c7389ee9c2c .uvc-sub-heading \" data-responsive-json-new=\"{&quot;font-size&quot;:&quot;&quot;,&quot;line-height&quot;:&quot;&quot;}\"><span style=\"color: #000000;\"><strong>Z\u00e4hmen Sie Ihre Emotionen f\u00fcr ein gelasseneres Leben!<\/strong><\/span><\/h4><div data-ultimate-target=\".uvc-heading.ultimate-heading-289966c7389ee9c2c .uvc-sub-heading \" data-responsive-json-new=\"{&quot;font-size&quot;:&quot;&quot;,&quot;line-height&quot;:&quot;&quot;}\">\u00a0<\/div><\/div><div class=\"wpb_text_column wpb_content_element\"><div class=\"wpb_wrapper\"><p><span style=\"color: #000000;\">Haben Sie das Gef\u00fchl, dass Ihre Gef\u00fchle mit Ihnen sprechen, aber Sie verstehen nicht immer, was sie Ihnen sagen? Sie haben das Gef\u00fchl, dass Sie nicht genug emotionale Zur\u00fcckhaltung \u00fcben, oder m\u00f6chten im Gegenteil anderen gegen\u00fcber verbalisieren, was Sie f\u00fchlen? In diesem Workshop lernen Sie, Ihre Gef\u00fchle zu verstehen, zu regulieren und bewusst zu handeln.<\/span><\/p><p>\u00a0<\/p><\/div><div id=\"ultimate-heading-309666c7389ee9e2f\" class=\"uvc-heading ult-adjust-bottom-margin ultimate-heading-309666c7389ee9e2f uvc-5653\" data-hspacer=\"no_spacer\" data-halign=\"left\"><h4 class=\"uvc-main-heading ult-responsive\" data-ultimate-target=\".uvc-heading.ultimate-heading-309666c7389ee9e2f h4\" data-responsive-json-new=\"{&quot;font-size&quot;:&quot;&quot;,&quot;line-height&quot;:&quot;&quot;}\"><strong><span style=\"color: #000000;\">Welche Ziele?<\/span><\/strong><\/h4><\/div><div class=\"wpb_text_column wpb_content_element\"><div class=\"wpb_wrapper\"><ul><li><span style=\"color: #000000;\">Das Konzept der emotionalen Intelligenz verstehen<\/span><\/li><li><span style=\"color: #000000;\">Die eigenen Emotionen und die der anderen erkennen k\u00f6nnen<\/span><\/li><li><span style=\"color: #000000;\">Seine Emotionen regulieren k\u00f6nnen<\/span><\/li><\/ul><\/div><\/div><\/div>\t\t\t\t\t\t\t\t<\/div>\n\t\t\t\t<\/div>\n\t\t\t\t\t<\/div>\n\t\t<\/div>\n\t\t\t\t\t<\/div>\n\t\t<\/section>\n\t\t\t\t<section class=\"elementor-section elementor-top-section elementor-element elementor-element-085dee4 elementor-section-boxed elementor-section-height-default elementor-section-height-default\" data-id=\"085dee4\" data-element_type=\"section\" data-e-type=\"section\">\n\t\t\t\t\t\t<div class=\"elementor-container elementor-column-gap-default\">\n\t\t\t\t\t<div class=\"elementor-column elementor-col-50 elementor-top-column elementor-element elementor-element-fd354a9\" data-id=\"fd354a9\" data-element_type=\"column\" data-e-type=\"column\">\n\t\t\t<div class=\"elementor-widget-wrap elementor-element-populated\">\n\t\t\t\t\t\t<div class=\"elementor-element elementor-element-056f65c elementor-widget elementor-widget-text-editor\" data-id=\"056f65c\" data-element_type=\"widget\" data-e-type=\"widget\" data-widget_type=\"text-editor.default\">\n\t\t\t\t<div class=\"elementor-widget-container\">\n\t\t\t\t\t\t\t\t\t<p>Emotionen sind ein weites Feld, das unser Verhalten und unsere sozialen Beziehungen beeinflusst. Manchmal ignorieren wir sie, k\u00f6nnen sie nicht erkennen oder wissen nicht, was wir mit ihnen anfangen sollen. Gehen wir auf Entdeckungsreise zu ihnen!<\/p>\t\t\t\t\t\t\t\t<\/div>\n\t\t\t\t<\/div>\n\t\t\t\t\t<\/div>\n\t\t<\/div>\n\t\t\t\t<div class=\"elementor-column elementor-col-50 elementor-top-column elementor-element elementor-element-f2fd1cd\" data-id=\"f2fd1cd\" data-element_type=\"column\" data-e-type=\"column\">\n\t\t\t<div class=\"elementor-widget-wrap elementor-element-populated\">\n\t\t\t\t\t\t<div class=\"elementor-element elementor-element-eb4a11b elementor-widget elementor-widget-text-editor\" data-id=\"eb4a11b\" data-element_type=\"widget\" data-e-type=\"widget\" data-widget_type=\"text-editor.default\">\n\t\t\t\t<div class=\"elementor-widget-container\">\n\t\t\t\t\t\t\t\t\t<p><a href=\"https:\/\/ekima.ch\/\" target=\"_blank\" rel=\"noopener\">Weitere Informationen finden Sie unter diesem Link<\/a><\/p>\t\t\t\t\t\t\t\t<\/div>\n\t\t\t\t<\/div>\n\t\t\t\t\t<\/div>\n\t\t<\/div>\n\t\t\t\t\t<\/div>\n\t\t<\/section>\n\t\t\t\t<\/div>","protected":false},"excerpt":{"rendered":"<p>Domptez vos \u00e9motions pour une vie plus sereine ! \u00a0 Vous sentez que vos \u00e9motions vous parlent et vous ne comprenez pas toujours ce qu\u2019elles vous disent ? Vous estimez [&hellip;]<\/p>\n","protected":false},"author":1,"featured_media":0,"parent":0,"menu_order":0,"comment_status":"closed","ping_status":"closed","template":"","meta":{"footnotes":""},"class_list":["post-6199","page","type-page","status-publish","hentry"],"publishpress_future_action":{"enabled":false,"date":"2026-04-20 14:30:11","action":"change-status","newStatus":"draft","terms":[],"taxonomy":"","extraData":[]},"publishpress_future_workflow_manual_trigger":{"enabledWorkflows":[]},"_links":{"self":[{"href":"http:\/\/suisse-fibromyalgie.ch\/de\/wp-json\/wp\/v2\/pages\/6199","targetHints":{"allow":["GET"]}}],"collection":[{"href":"http:\/\/suisse-fibromyalgie.ch\/de\/wp-json\/wp\/v2\/pages"}],"about":[{"href":"http:\/\/suisse-fibromyalgie.ch\/de\/wp-json\/wp\/v2\/types\/page"}],"author":[{"embeddable":true,"href":"http:\/\/suisse-fibromyalgie.ch\/de\/wp-json\/wp\/v2\/users\/1"}],"replies":[{"embeddable":true,"href":"http:\/\/suisse-fibromyalgie.ch\/de\/wp-json\/wp\/v2\/comments?post=6199"}],"version-history":[{"count":0,"href":"http:\/\/suisse-fibromyalgie.ch\/de\/wp-json\/wp\/v2\/pages\/6199\/revisions"}],"wp:attachment":[{"href":"http:\/\/suisse-fibromyalgie.ch\/de\/wp-json\/wp\/v2\/media?parent=6199"}],"curies":[{"name":"wp","href":"https:\/\/api.w.org\/{rel}","templated":true}]}}